{"id":2837,"date":"2019-10-18T20:37:31","date_gmt":"2019-10-18T20:37:31","guid":{"rendered":"https:\/\/blogsaverroes.juntadeandalucia.es\/ceipsanfernandocordoba\/?page_id=2837"},"modified":"2019-10-19T17:25:01","modified_gmt":"2019-10-19T17:25:01","slug":"politicas-de-uso-de-g-suite-for-education","status":"publish","type":"page","link":"https:\/\/blogsaverroes.juntadeandalucia.es\/ceipsanfernandocordoba\/politicas-de-uso-de-g-suite-for-education\/","title":{"rendered":"Pol\u00edticas de uso de G suite for Education"},"content":{"rendered":"<p><img loading=\"lazy\" decoding=\"async\" class=\"alignnone wp-image-2809 size-full\" src=\"https:\/\/blogsaverroes.juntadeandalucia.es\/ceipsanfernandocordoba\/files\/2019\/10\/Gsuite1.jpg\" alt=\"\" width=\"1187\" height=\"360\" srcset=\"https:\/\/blogsaverroes.juntadeandalucia.es\/ceipsanfernandocordoba\/files\/2019\/10\/Gsuite1.jpg 1187w, https:\/\/blogsaverroes.juntadeandalucia.es\/ceipsanfernandocordoba\/files\/2019\/10\/Gsuite1-300x91.jpg 300w, https:\/\/blogsaverroes.juntadeandalucia.es\/ceipsanfernandocordoba\/files\/2019\/10\/Gsuite1-768x233.jpg 768w, https:\/\/blogsaverroes.juntadeandalucia.es\/ceipsanfernandocordoba\/files\/2019\/10\/Gsuite1-1024x311.jpg 1024w, https:\/\/blogsaverroes.juntadeandalucia.es\/ceipsanfernandocordoba\/files\/2019\/10\/Gsuite1-700x212.jpg 700w, https:\/\/blogsaverroes.juntadeandalucia.es\/ceipsanfernandocordoba\/files\/2019\/10\/Gsuite1-24x7.jpg 24w, https:\/\/blogsaverroes.juntadeandalucia.es\/ceipsanfernandocordoba\/files\/2019\/10\/Gsuite1-36x11.jpg 36w, https:\/\/blogsaverroes.juntadeandalucia.es\/ceipsanfernandocordoba\/files\/2019\/10\/Gsuite1-48x15.jpg 48w\" sizes=\"(max-width: 1187px) 100vw, 1187px\" \/><\/p>\n<p><strong>POL\u00cdTICA DE USO DE CUENTAS \u201cG SUITE FOR EDUCATION\u201d &nbsp;EN EL CEIP SAN FERNANDO<\/strong><\/p>\n<p><span style=\"color: #3366ff\">1. Descripci\u00f3n del Servicio<\/span><\/p>\n<p style=\"padding-left: 40px;text-align: justify\">Las cuentas de G Suite para Educaci\u00f3n son proporcionadas con el objeto de apoyar las funciones de comunicaci\u00f3n y trabajo de todo el personal, alumnado y familiares en el <em>CEIP San Fernando<\/em> &nbsp;<u>conforme<\/u> <u>al<\/u> <u>acuerdo<\/u> <u>con<\/u> <u>Google<\/u> al activar el dominio en G Suite Education, que es un conjunto de soluciones de software de Google ofrece gratuitamente a los centros educativos bajo el modelo de computaci\u00f3n en la nube \u201cSoftware as a Service\u201d (Software como Servicio).<\/p>\n<p style=\"padding-left: 40px;text-align: justify\">El acceso a estos recursos est\u00e1 condicionado a la aceptaci\u00f3n de la Pol\u00edtica de Uso por parte del usuario, en caso de personal del propio centro y en el caso del alumnado de los tutores legales del mismo al tratarse de menores de 18 a\u00f1os, a los que se les proporcione la cuenta.<\/p>\n<p style=\"padding-left: 40px;text-align: justify\">Las cuentas institucionales se encuentran bajo la plataforma dotada por <u>G<\/u> <u>Suite<\/u>, e incluye los siguientes servicios integrados: Gmail, Google Calendar (calendarios compartidos), Google Drive (alojamiento de documentos, hojas de c\u00e1lculo y colaboraci\u00f3n online), Google Sites (dise\u00f1o y publicaci\u00f3n de sitios en equipo), Hangouts (sistema de mensajer\u00eda y videoconferencia) y Classroom (entorno virtual de aprendizaje).<\/p>\n<p style=\"padding-left: 40px;text-align: justify\">A diferencia de las cuentas que ofrece Google, los servicios bajo el dominio <em>colesanfernando.es<\/em> y los subdominios correspondientes, son servicios administrados por el <em>CEIP San Fernando<\/em>. Se ha elegido esta plataforma de comunicaci\u00f3n y trabajo colaborativo por varias razones entre las que destacamos:<\/p>\n<ol>\n<li style=\"list-style-type: none\">\n<ol>\n<li style=\"list-style-type: none\">\n<ul style=\"list-style-type: circle\">\n<li><u>Alta disponibilidad del servicio 99%<\/u><\/li>\n<li>Integraci\u00f3n de aplicaciones de productividad y colaboraci\u00f3n con e-mail proporcionando un ecosistema de trabajo corporativo.<\/li>\n<li><u>Gratuidad<\/u> a\u00fan contando con las mismas <u>condiciones de servicio G Suite<\/u>.<\/li>\n<li><u>Elevada<\/u> operatividad al ser una soluci\u00f3n de uso a dispositivos m\u00f3viles.<\/li>\n<li><u>Accesibilidad<\/u> desde navegador web, sin necesidad de instalar software extra.<\/li>\n<li><u>Disponer<\/u> de una herramienta (Classroom) para la gesti\u00f3n del aprendizaje.<\/li>\n<li><u>Ofrecer<\/u> un sistema de mensajer\u00eda y videoconferencia multiusuario para reuniones <u>telem\u00e1ticas<\/u> integrado con el resto de aplicaciones de comunicaci\u00f3n y productividad.<\/li>\n<li>Espacio ilimitado de almacenamiento para todas las aplicaciones.<\/li>\n<\/ul>\n<\/li>\n<\/ol>\n<\/li>\n<\/ol>\n<p style=\"text-align: justify;padding-left: 40px\">El administrador del dominio es la persona del <em>CEIP San Fernando<\/em> que administra G Suite. Ser\u00e1 el \u00faltimo responsable en la administraci\u00f3n y gesti\u00f3n de cuentas y aplicaciones en el <u>Panel de Control<\/u>.<\/p>\n<p style=\"text-align: justify;padding-left: 40px\">El conjunto de aplicaciones principales de G Suite se describe en&nbsp; <a href=\"http:\/\/www.google.com\/enterprise\/apps\/education\/products.html\">http:\/\/www.google.com\/enterprise\/apps\/education\/products.html<\/a><\/p>\n<p style=\"text-align: justify;padding-left: 40px\">El acceso de las cuentas de G Suite institucionales se realiza de forma unificada en:<\/p>\n<p style=\"text-align: justify;padding-left: 40px\"><a href=\"http:\/\/accounts.google.com\">http:\/\/accounts.google.com<\/a><\/p>\n<p><span style=\"color: #3366ff\">2. Condiciones del Servicio<\/span><\/p>\n<p><em>Condiciones generales<\/em>.<\/p>\n<ul>\n<li style=\"text-align: justify\">Las cuentas de G Suite del <em>CEIP San Fernando<\/em> constituyen un servicio a docentes y personal de administraci\u00f3n y servicios que trabajan en ellos, y a los alumnos y sus familias que cursan sus ense\u00f1anzas regladas.<\/li>\n<li style=\"text-align: justify\">Las cuentas de G Suite del <em>CEIP San Fernando<\/em> ser\u00e1n creadas y utilizadas de acuerdo con las condiciones establecidas en el acuerdo suscrito entre el <em>CEIP San Fernando<\/em> y Google. Los t\u00e9rminos del acuerdo gen\u00e9rico \u201cG Suite\u201d pueden consultarse en el sitio web de G Suite, en la p\u00e1gina: <a href=\"http:\/\/www.google.com\/apps\/intl\/es\/terms\/education_terms.html\">http:\/\/www.google.com\/apps\/intl\/es\/terms\/education_terms.html<\/a><\/li>\n<li style=\"text-align: justify\">Las cuentas de G Suite del <em>CEIP San Fernando<\/em> s\u00f3lo podr\u00e1n ser utilizadas por los docentes y personal de administraci\u00f3n y servicios que trabaja en ellos, y los alumnos y sus familias que cursan sus ense\u00f1anzas regladas, en tareas relacionadas con su actividad educativa.<\/li>\n<li style=\"text-align: justify\">La publicaci\u00f3n y distribuci\u00f3n de cualquier tipo de contenido mediante los servicios y aplicaciones vinculados a las cuentas de G Suite del <em>CEIP San Fernando<\/em> deber\u00e1 realizarse de acuerdo con la legislaci\u00f3n vigente sobre protecci\u00f3n de datos y car\u00e1cter personal.<\/li>\n<li style=\"text-align: justify\">Queda estrictamente prohibido el uso de las cuentas de G Suite del <em>CEIP San Fernando<\/em> y de todos los servicios y aplicaciones vinculados a ellas, para actividades comerciales o publicitarias.<\/li>\n<li style=\"text-align: justify\">Las cuentas de G Suite ser\u00e1n, salvo excepciones, nominales, y responder\u00e1n siempre a una persona f\u00edsica, pudiendo gestionarse \u201cAlias\u201d para asignar otras direcciones por cargo o grupo.<\/li>\n<li style=\"text-align: justify\">Todo oficio, invitaci\u00f3n o tr\u00e1mite que no requiera firma y sello institucional, se podr\u00e1 encaminar v\u00eda correo electr\u00f3nico institucional.<\/li>\n<li style=\"text-align: justify\">Los Usuarios o representantes legales son responsables de todas las actividades realizadas con sus cuentas de acceso y su buz\u00f3n asociado al <em>CEIP San Fernando<\/em>.<\/li>\n<li style=\"text-align: justify\">Es una falta grave facilitar y ofrecer acceso a la propia cuenta a personas no autorizadas; la cuenta es personal e intransferible.<\/li>\n<li style=\"text-align: justify\">Es responsabilidad de cada usuario procurar la salvaguarda de los datos contenidos en las aplicaciones de G Suite. Para ello podr\u00e1 hacer uso peri\u00f3dico de la aplicaci\u00f3n <u>Google Takeout<\/u> ofrecido por el programa <u>Data Liberation.<\/u><\/li>\n<li style=\"text-align: justify\">El <em>CEIP San Fernando<\/em> podr\u00e1 crear cuentas para la administraci\u00f3n de backups, as\u00ed como habilitar <u>LDAP<\/u> y <u>Single Sign On<\/u> para la autenticaci\u00f3n con terceros servicios.<\/li>\n<\/ul>\n<p><em>Condiciones de las cuentas de alumnos<\/em><\/p>\n<ul>\n<li style=\"list-style-type: none\">\n<ul>\n<li style=\"text-align: justify\">El <em>CEIP San Fernando<\/em> podr\u00e1 dar de alta cuentas para sus alumnos, para lo cual deber\u00e1n seguir el procedimiento que en su momento se determine.<\/li>\n<li style=\"text-align: justify\">El uso de las cuentas por parte de los alumnos requiere manifestar la conformidad con la Pol\u00edtica de Uso de Cuentas G Suite del <em>CEIP San Fernando<\/em> por parte de los padres o responsables legales del alumno al ser menor de 18 a\u00f1os.<\/li>\n<li style=\"text-align: justify\">Cada alumno solo podr\u00e1 tener una \u00fanica cuenta de G Suite del <em>CEIP San Fernando<\/em> y su uso es exclusivo para el \u00e1mbito escolar y educativo.<\/li>\n<li style=\"text-align: justify\">Cuando un alumno deje de estar matriculado en el <em>CEIP San Fernando<\/em>, se proceder\u00e1 a suspender y\/o eliminar su cuenta.<\/li>\n<li style=\"text-align: justify\">El uso de la cuenta deber\u00e1 respetar, en todo momento, las normas de convivencia del centro y su incumplimiento puede llevar aparejado la limitaci\u00f3n de acceso a la misma.<\/li>\n<li style=\"text-align: justify\">El CEIP San Fernando se reserva el derecho a condicionar el despliegue de las aplicaciones seg\u00fan criterios pedag\u00f3gicos y la edad de los alumnos.<\/li>\n<li style=\"text-align: justify\">En el caso de que haya indicios de que la cuenta de un alumno pueda verse involucrada en casos graves de disciplina como ciberacoso, podr\u00e1n ser intervenidas, suspendidas y\/o supervisadas por la Direcci\u00f3n General del centro.<\/li>\n<\/ul>\n<\/li>\n<\/ul>\n<p><em>Condiciones de las cuentas para docentes y personal<\/em><\/p>\n<ul>\n<li style=\"list-style-type: none\">\n<ul>\n<li style=\"text-align: justify\">Las cuentas G Suite del <em>CEIP San Fernando<\/em> se conceden a todo el personal Docentes y personal de administraci\u00f3n y servicios en activo que trabajan en nuestro centro. Estas cuentas tienen consideraci\u00f3n de \u201ccuentas de trabajo\u201d.<\/li>\n<li style=\"text-align: justify\">Cuando un docente o persona de administraci\u00f3n y servicios deje de cumplir su condici\u00f3n de trabajador en activo del centro se suspender\u00e1 o dar\u00e1 de baja su cuenta del <em>CEIP San Fernando<\/em> El contenido de lo almacenado en G. Drive ser\u00e1 transferido a otra cuenta relacionada con el \u00e1mbito (Ciclo, \u00c1rea\u2026)<\/li>\n<li style=\"text-align: justify\">El centro no reconoce y no se hace responsable del uso de cuentas personales o no institucionales por parte del profesorado y personal de administraci\u00f3n y servicios en el desempe\u00f1o de las tareas y funciones que le son asignadas y en la comunicaci\u00f3n interna y externa.<\/li>\n<li style=\"text-align: justify\">Cada maestro o maestra y personal del centro s\u00f3lo dispondr\u00e1 de una \u00fanica cuenta de G Suite del <em>CEIP San Fernando<\/em> que revisar\u00e1 peri\u00f3dicamente.<\/li>\n<li style=\"text-align: justify\">En caso de indicios de faltas graves, el centro se reserva el derecho a suspender y\/o intervenir la cuenta del docente o personal de administraci\u00f3n y servicios. En caso de intervenci\u00f3n de la cuentas, se realizar\u00e1 con la presencia de la Direcci\u00f3n del centro (o integrante del equipo directivo) y se levantar\u00e1 acta.<\/li>\n<\/ul>\n<\/li>\n<\/ul>\n<p><em>Cl\u00e1usula:<\/em><\/p>\n<p style=\"text-align: justify;padding-left: 40px\">Todos los empleados con cuenta y los padres, tutores o representantes legales de los alumnos con cuenta, deber\u00e1n manifestar su conformidad con la presente Pol\u00edtica de Uso de las Cuentas de G Suite del <em>CEIP San Fernando<\/em>.<\/p>\n<p style=\"text-align: justify;padding-left: 40px\">En caso de que se advierta un incumplimiento de las condiciones antedichas sobre prestaci\u00f3n del servicio, el <em>CEIP San Fernando<\/em> se reserva la potestad de desactivar o dar de baja cualquier cuenta de G Suite de <em>CEIP San Fernando<\/em> incluso sin previo aviso.<\/p>\n<p><span style=\"color: #3366ff\">Privacidad, Seguridad y Tratamiento de Datos<\/span><\/p>\n<p style=\"padding-left: 40px\">G&nbsp;Suite&nbsp;for&nbsp;Education es compatible con el cumplimiento de rigurosos est\u00e1ndares:<\/p>\n<ul>\n<li style=\"list-style-type: none\">\n<ul>\n<li>FERPA (Ley de Derechos Educativos y de Confidencialidad de la Familia).<\/li>\n<li>Asociaci\u00f3n de la Industria del Software y la Informaci\u00f3n.<\/li>\n<li>COPPA (Ley de Protecci\u00f3n de la Privacidad Infantil en Internet de 1998).<\/li>\n<li>Promesa de Privacidad de los Alumnos presentada por el Foro sobre el Futuro de la Privacidad (FPF).<\/li>\n<li>ISO\/IEC 27018:2014 (est\u00e1ndares de datos)<\/li>\n<\/ul>\n<\/li>\n<\/ul>\n<p style=\"padding-left: 40px;text-align: justify\">Google ofrece una Enmienda para el Procesamiento de Datos y las Cl\u00e1usulas del Contrato Modelo (<a href=\"https:\/\/gsuite.google.com\/terms\/dpa_terms.html\">https:\/\/gsuite.google.com\/terms\/dpa_terms.html<\/a>) como un m\u00e9todo adicional de seguridad y protecci\u00f3n de datos que permite cumplir los requisitos de idoneidad y seguridad de la Directiva de Protecci\u00f3n de Datos del Parlamento Europeo y del Consejo de la Uni\u00f3n Europea.<\/p>\n<p style=\"padding-left: 40px;text-align: justify\">*Informaci\u00f3n adicional en la p\u00e1gina web del centro, \u201ccolesanfernando.es\u201d.<\/p>\n<p>&nbsp;<\/p>\n<p><em><span style=\"color: #3366ff\"><a style=\"color: #3366ff\" href=\"https:\/\/blogsaverroes.juntadeandalucia.es\/ceipsanfernandocordoba\/files\/2019\/10\/Pol\u00edtica-de-uso-de-cuentas-G-SuiteDefinitivo.pdf\" target=\"_blank\" rel=\"noopener noreferrer\">Documento en PDF<\/a><\/span><\/em><\/p>\n","protected":false},"excerpt":{"rendered":"<p>POL\u00cdTICA DE USO DE CUENTAS \u201cG SUITE FOR EDUCATION\u201d &nbsp;EN EL CEIP SAN FERNANDO 1. Descripci\u00f3n del Servicio Las cuentas de G Suite para Educaci\u00f3n son proporcionadas con el objeto de apoyar las funciones&#46;&#46;&#46;<\/p>\n","protected":false},"author":7337,"featured_media":0,"parent":0,"menu_order":0,"comment_status":"closed","ping_status":"closed","template":"","meta":{"ngg_post_thumbnail":0,"footnotes":"","_mc_calendar":[]},"aioseo_notices":[],"_links":{"self":[{"href":"https:\/\/blogsaverroes.juntadeandalucia.es\/ceipsanfernandocordoba\/wp-json\/wp\/v2\/pages\/2837"}],"collection":[{"href":"https:\/\/blogsaverroes.juntadeandalucia.es\/ceipsanfernandocordoba\/wp-json\/wp\/v2\/pages"}],"about":[{"href":"https:\/\/blogsaverroes.juntadeandalucia.es\/ceipsanfernandocordoba\/wp-json\/wp\/v2\/types\/page"}],"author":[{"embeddable":true,"href":"https:\/\/blogsaverroes.juntadeandalucia.es\/ceipsanfernandocordoba\/wp-json\/wp\/v2\/users\/7337"}],"replies":[{"embeddable":true,"href":"https:\/\/blogsaverroes.juntadeandalucia.es\/ceipsanfernandocordoba\/wp-json\/wp\/v2\/comments?post=2837"}],"version-history":[{"count":8,"href":"https:\/\/blogsaverroes.juntadeandalucia.es\/ceipsanfernandocordoba\/wp-json\/wp\/v2\/pages\/2837\/revisions"}],"predecessor-version":[{"id":2852,"href":"https:\/\/blogsaverroes.juntadeandalucia.es\/ceipsanfernandocordoba\/wp-json\/wp\/v2\/pages\/2837\/revisions\/2852"}],"wp:attachment":[{"href":"https:\/\/blogsaverroes.juntadeandalucia.es\/ceipsanfernandocordoba\/wp-json\/wp\/v2\/media?parent=2837"}],"curies":[{"name":"wp","href":"https:\/\/api.w.org\/{rel}","templated":true}]}}