{"id":2185,"date":"2018-07-20T16:48:09","date_gmt":"2018-07-20T16:48:09","guid":{"rendered":"https:\/\/blogsaverroes.juntadeandalucia.es\/ceipsanfrancisco\/?page_id=2185"},"modified":"2023-10-04T17:22:36","modified_gmt":"2023-10-04T17:22:36","slug":"plan-de-centro","status":"publish","type":"page","link":"https:\/\/blogsaverroes.juntadeandalucia.es\/ceipsanfrancisco\/proyecto-educativo\/plan-de-centro\/","title":{"rendered":"Proyecto educativo"},"content":{"rendered":"<p style=\"text-align: justify\">El <strong>PROYECTO EDUCATIVO<\/strong> constituye las se\u00f1as de identidad del centro docente y expresa la educaci\u00f3n que desea y va a desarrollar en unas condiciones concretas, por lo que contempla&nbsp;los valores, los objetivos y las prioridades de actuaci\u00f3n, no limit\u00e1ndose s\u00f3lo a los aspectos curriculares, sino tambi\u00e9n a aquellos otros que, desde un punto de vista cultural, hacen del centro un elemento dinamizador de la zona donde est\u00e1 ubicado.<\/p>\n<p style=\"text-align: justify\">A continuaci\u00f3n se detallan las partes de las que consta nuestro Proyecto Educativo.<\/p>\n<p style=\"text-align: justify\">Muchos de los documentos se pueden consultar pinchado sobre los enlaces.<\/p>\n<p style=\"text-align: justify\">Todos los documentos se encuentran a disposici\u00f3n de los miembros de la Comunidad Educativa en la Secretaria del Centro.<\/p>\n<ol>\n<li style=\"text-align: justify\">Introducci\u00f3n.<\/li>\n<li style=\"text-align: justify\"><a href=\"https:\/\/drive.google.com\/file\/d\/1kGD4nJ82iL1yuWxlJnld5tgh0kXAR4q5\/view?usp=sharing\">Contextualizaci\u00f3n.<\/a><\/li>\n<li style=\"text-align: justify\"><a href=\"https:\/\/drive.google.com\/open?id=1W_L4znklsjItVCYVojm7q9XMH5Fr0EoW\" target=\"_blank\" rel=\"noopener noreferrer\">Objetivos propios para la mejora del rendimiento escolar.<\/a><\/li>\n<li style=\"text-align: justify\"><a href=\"https:\/\/drive.google.com\/open?id=1EeZ9dVzpzGtkmBJfS1S4ocXwBlOaeQhf\" target=\"_blank\" rel=\"noopener noreferrer\">L\u00edneas generales de actuaci\u00f3n pedag\u00f3gica.<\/a><\/li>\n<li style=\"text-align: justify\">Coordinaci\u00f3n y concreci\u00f3n de los contenidos curriculares y de la educaci\u00f3n en valores. (De este apartado, debido a su gran extensi\u00f3n, s\u00f3lo incluimos la introducci\u00f3n. El resto de los subapartados podr\u00e1n consultarse en la secretar\u00eda del centro).\n<ol>\n<li><a href=\"https:\/\/drive.google.com\/open?id=1pT5WeNU83mlMoxL7LpHt4GTDj2MBXC7E\" target=\"_blank\" rel=\"noopener noreferrer\">Introducci\u00f3n.<\/a><\/li>\n<li>Educaci\u00f3n Infantil.<\/li>\n<li>educaci\u00f3n Primaria.\n<ol>\n<li><a href=\"https:\/\/drive.google.com\/file\/d\/1qWYQ6i27yNahldF1qUkUrTsjcgvwNWb3\/view?usp=sharing\" target=\"_blank\" rel=\"noopener noreferrer\">Objetivos de la Etapa.<\/a><\/li>\n<li><a href=\"https:\/\/drive.google.com\/file\/d\/19fdr2NZFpH2BK3w4XTmtCWOU8wPu1-ET\/view?usp=sharing\" target=\"_blank\" rel=\"noopener noreferrer\">Lengua Castellana y Literatura.<\/a><\/li>\n<li><a href=\"https:\/\/drive.google.com\/file\/d\/1sNfz1WFRcrSYBqTtD5FATRfR9B-vP4LZ\/view?usp=sharing\" target=\"_blank\" rel=\"noopener noreferrer\">Matem\u00e1ticas.<\/a><\/li>\n<li><a href=\"https:\/\/drive.google.com\/file\/d\/1XlX-wJMsQ3C5XdY1DfmVvraFsKYHWo6d\/view?usp=sharing\" target=\"_blank\" rel=\"noopener noreferrer\">Lengua Extranjera (Ingl\u00e9s).<\/a><\/li>\n<li><a href=\"https:\/\/drive.google.com\/file\/d\/1vhIp6QleNKgknJf6g3d5KVCKsbbqYU1I\/view?usp=sharing\" target=\"_blank\" rel=\"noopener noreferrer\">Ciencias de la Naturaleza.<\/a><\/li>\n<li><a href=\"https:\/\/drive.google.com\/file\/d\/1lJhQ0dyWsW6LCU1mzmKCa9p3GHltPLJb\/view?usp=sharing\" target=\"_blank\" rel=\"noopener noreferrer\">Ciencias Sociales.<\/a><\/li>\n<li><a href=\"https:\/\/drive.google.com\/file\/d\/1AHcBedeXwLOla1trDiQt8xFjfSPTRkj5\/view?usp=sharing\" target=\"_blank\" rel=\"noopener noreferrer\">Educaci\u00f3n F\u00edsica.<\/a><\/li>\n<li><a href=\"https:\/\/drive.google.com\/file\/d\/1a0ZSsfShmLewP_cZFRctLpkbZwSeJJG7\/view?usp=sharing\" target=\"_blank\" rel=\"noopener noreferrer\">Educaci\u00f3n Art\u00edstica.<\/a><\/li>\n<li><a href=\"https:\/\/drive.google.com\/file\/d\/14Qx4rCFMhleiKYCW2_EBucAjT9kyScuO\/view?usp=sharing\" target=\"_blank\" rel=\"noopener noreferrer\">Segunda Lengua Extranjera (Franc\u00e9s).<\/a><\/li>\n<li><a href=\"https:\/\/drive.google.com\/file\/d\/1e3RbBEfKI-l6GNg0LwOTwxSPj0_qpm95\/view?usp=sharing\" target=\"_blank\" rel=\"noopener noreferrer\">Educaci\u00f3n para la Ciudadan\u00eda y los Derechos Humanos.<\/a><\/li>\n<li><a href=\"https:\/\/drive.google.com\/file\/d\/1B7c_uDqYch76O-2pFrJjkrIjB_43VOVC\/view?usp=sharing\" target=\"_blank\" rel=\"noopener noreferrer\">Cultura y Pr\u00e1ctica Digital.<\/a><\/li>\n<li><a href=\"https:\/\/drive.google.com\/open?id=1H9f6ZcAx_C0_2NOc6bpgdcQjgZ_61PQy\" target=\"_blank\" rel=\"noopener noreferrer\">Valores Sociales y C\u00edvicos.<\/a><\/li>\n<li><a href=\"https:\/\/drive.google.com\/open?id=1drmcXmrBiaXxDp2crnlCce8feXUOgcZj\" target=\"_blank\" rel=\"noopener noreferrer\">Religi\u00f3n y Moral Cat\u00f3lica.<\/a><\/li>\n<\/ol>\n<\/li>\n<\/ol>\n<\/li>\n<li style=\"text-align: justify\"><a href=\"https:\/\/drive.google.com\/open?id=1UPiwqtgaAsjKwy4KQ2mjpVTZTrXKu2gU\" target=\"_blank\" rel=\"noopener noreferrer\">Criterios pedag\u00f3gicos para la determinaci\u00f3n del horario de dedicaci\u00f3n de las personas responsables de los \u00f3rganos de coordinaci\u00f3n docente.<\/a><\/li>\n<li><a href=\"https:\/\/drive.google.com\/open?id=1zsUSQLFIMzKMfdV4MZMJVdJmrriM7m80\" target=\"_blank\" rel=\"noopener noreferrer\">Procedimientos y criterios de evaluaci\u00f3n, calificaci\u00f3n y promoci\u00f3n del alumnado.<\/a><\/li>\n<li><a href=\"https:\/\/drive.google.com\/open?id=1yTwboI7d6KmQRvxYYuBh_8f18NjJXKcL\" target=\"_blank\" rel=\"noopener noreferrer\">Atenci\u00f3n a la diversidad del alumnado, organizaci\u00f3n de las actividades de refuerzo y recuperaci\u00f3n.<\/a>\n<ol>\n<li><a href=\"https:\/\/drive.google.com\/open?id=1jteUJVRT9bWMMGiwkYrzcvERjIVbxT24\" target=\"_blank\" rel=\"noopener noreferrer\">Protocolo y actuaciones.<\/a><\/li>\n<li><a href=\"https:\/\/drive.google.com\/open?id=1l6sTPbjVchiQ_qY4dKfLhWxODGWtomM4\" target=\"_blank\" rel=\"noopener noreferrer\">Plan de Refuerzo.<\/a><\/li>\n<\/ol>\n<\/li>\n<li><a href=\"https:\/\/drive.google.com\/open?id=1tm64p1KDd-5l9XgVTRtw_Gr4qPRTYIIT\" target=\"_blank\" rel=\"noopener noreferrer\">Plan de Orientaci\u00f3n y Acci\u00f3n Tutorial.<\/a><\/li>\n<li><a href=\"https:\/\/drive.google.com\/open?id=1_5JVqNWqjCHnaEk6W8zmIjHxJImDbQd1\" target=\"_blank\" rel=\"noopener noreferrer\">Procedimientos para suscribir compromisos educativos y de convivencia con las familias.<\/a><\/li>\n<li><a href=\"https:\/\/drive.google.com\/open?id=1TATtfG7AQaNUil3c49rNQVNYerHwXuV2\" target=\"_blank\" rel=\"noopener noreferrer\">Plan de Convivencia.<\/a><\/li>\n<li><a href=\"https:\/\/drive.google.com\/open?id=1k-YfpwdjvaCeot5n4qc4d2KgmH9Vd_m6\" target=\"_blank\" rel=\"noopener noreferrer\">Plan de formaci\u00f3n del profesorado.<\/a><\/li>\n<li><a href=\"https:\/\/drive.google.com\/open?id=1HJ-u5iqKVjZhkTG53nrWyuYvn2TDUTJk\" target=\"_blank\" rel=\"noopener noreferrer\">Criterios para organizar y distribuir el tiempo escolar.<\/a><\/li>\n<li><a href=\"https:\/\/drive.google.com\/open?id=1LoUsxYky79exUFr9DSFANpAOuUxWTPUx\" target=\"_blank\" rel=\"noopener noreferrer\">Procedimientos de evaluaci\u00f3n interna.<\/a><\/li>\n<li><a href=\"https:\/\/drive.google.com\/open?id=1ks0_-qOMDQ9xEQjo_3qYoxcYIGtTxxAE\" target=\"_blank\" rel=\"noopener noreferrer\">Criterios para establecer los agrupamientos del alumnado y la asignaci\u00f3n de tutor\u00edas.<\/a><\/li>\n<li><a href=\"https:\/\/drive.google.com\/open?id=1r60NWPOHbvli6890UsV2qVDjL4v8Lwye\" target=\"_blank\" rel=\"noopener noreferrer\">Criterios generales para la elaboraci\u00f3n de Programaciones Did\u00e1cticas y Propuestas Pedag\u00f3gicas.<\/a><\/li>\n<li><a href=\"https:\/\/drive.google.com\/open?id=1h2uc2sybgEXu8tnTz4_e7frX3gaAOpPE\" target=\"_blank\" rel=\"noopener noreferrer\">Planes estrat\u00e9gicos que se desarrollan en el centro.<\/a><\/li>\n<\/ol>\n","protected":false},"excerpt":{"rendered":"<p>El PROYECTO EDUCATIVO constituye las se\u00f1as de identidad del centro docente y expresa la educaci\u00f3n que desea y va a desarrollar en unas condiciones concretas, por lo que contempla&nbsp;los valores, los objetivos y las&#46;&#46;&#46;<\/p>\n","protected":false},"author":1497,"featured_media":0,"parent":49,"menu_order":0,"comment_status":"closed","ping_status":"closed","template":"page-c.php","meta":{"ngg_post_thumbnail":0,"footnotes":"","_mc_calendar":[]},"aioseo_notices":[],"_links":{"self":[{"href":"https:\/\/blogsaverroes.juntadeandalucia.es\/ceipsanfrancisco\/wp-json\/wp\/v2\/pages\/2185"}],"collection":[{"href":"https:\/\/blogsaverroes.juntadeandalucia.es\/ceipsanfrancisco\/wp-json\/wp\/v2\/pages"}],"about":[{"href":"https:\/\/blogsaverroes.juntadeandalucia.es\/ceipsanfrancisco\/wp-json\/wp\/v2\/types\/page"}],"author":[{"embeddable":true,"href":"https:\/\/blogsaverroes.juntadeandalucia.es\/ceipsanfrancisco\/wp-json\/wp\/v2\/users\/1497"}],"replies":[{"embeddable":true,"href":"https:\/\/blogsaverroes.juntadeandalucia.es\/ceipsanfrancisco\/wp-json\/wp\/v2\/comments?post=2185"}],"version-history":[{"count":13,"href":"https:\/\/blogsaverroes.juntadeandalucia.es\/ceipsanfrancisco\/wp-json\/wp\/v2\/pages\/2185\/revisions"}],"predecessor-version":[{"id":2648,"href":"https:\/\/blogsaverroes.juntadeandalucia.es\/ceipsanfrancisco\/wp-json\/wp\/v2\/pages\/2185\/revisions\/2648"}],"up":[{"embeddable":true,"href":"https:\/\/blogsaverroes.juntadeandalucia.es\/ceipsanfrancisco\/wp-json\/wp\/v2\/pages\/49"}],"wp:attachment":[{"href":"https:\/\/blogsaverroes.juntadeandalucia.es\/ceipsanfrancisco\/wp-json\/wp\/v2\/media?parent=2185"}],"curies":[{"name":"wp","href":"https:\/\/api.w.org\/{rel}","templated":true}]}}