{"id":2189,"date":"2018-07-20T16:54:16","date_gmt":"2018-07-20T16:54:16","guid":{"rendered":"https:\/\/blogsaverroes.juntadeandalucia.es\/ceipsanfrancisco\/?page_id=2189"},"modified":"2018-07-25T16:52:37","modified_gmt":"2018-07-25T16:52:37","slug":"proyecto-de-gestion","status":"publish","type":"page","link":"https:\/\/blogsaverroes.juntadeandalucia.es\/ceipsanfrancisco\/proyecto-de-gestion\/","title":{"rendered":"Proyecto de Gesti\u00f3n"},"content":{"rendered":"<p style=\"text-align: justify\">&nbsp;<\/p>\n<table style=\"width: 878px\">\n<tbody>\n<tr>\n<td style=\"width: 576px\">El <a href=\"https:\/\/drive.google.com\/open?id=1awXneREbnn2mss8YGanu285ng6G1ZmR-\" target=\"_blank\" rel=\"noopener\"><strong>PROYECTO DE GESTI\u00d3N<\/strong><\/a> de las escuelas infantiles de segundo ciclo, de los colegios de educaci\u00f3n primaria, de los colegios de educaci\u00f3n infantil y primaria y de los centros p\u00fablicos espec\u00edficos de educaci\u00f3n especial recoge la ordenaci\u00f3n y utilizaci\u00f3n de los recursos del centro, tanto materiales como humanos.<\/td>\n<td style=\"width: 271px\"><a href=\"https:\/\/drive.google.com\/open?id=1awXneREbnn2mss8YGanu285ng6G1ZmR-\" target=\"_blank\" rel=\"noopener\"><img loading=\"lazy\" decoding=\"async\" class=\"size-thumbnail wp-image-2223 aligncenter\" src=\"https:\/\/blogsaverroes.juntadeandalucia.es\/ceipsanfrancisco\/files\/2018\/07\/Proyecto-de-gesti\u00f3n-150x150.png\" alt=\"\" width=\"150\" height=\"150\" srcset=\"https:\/\/blogsaverroes.juntadeandalucia.es\/ceipsanfrancisco\/files\/2018\/07\/Proyecto-de-gesti\u00f3n-150x150.png 150w, https:\/\/blogsaverroes.juntadeandalucia.es\/ceipsanfrancisco\/files\/2018\/07\/Proyecto-de-gesti\u00f3n-100x100.png 100w\" sizes=\"(max-width: 150px) 100vw, 150px\" \/><\/a><\/td>\n<\/tr>\n<\/tbody>\n<\/table>\n<p>&nbsp;<\/p>\n","protected":false},"excerpt":{"rendered":"<p>&nbsp; El PROYECTO DE GESTI\u00d3N de las escuelas infantiles de segundo ciclo, de los colegios de educaci\u00f3n primaria, de los colegios de educaci\u00f3n infantil y primaria y de los centros p\u00fablicos espec\u00edficos de educaci\u00f3n&#46;&#46;&#46;<\/p>\n","protected":false},"author":1497,"featured_media":0,"parent":0,"menu_order":0,"comment_status":"closed","ping_status":"closed","template":"page-c.php","meta":{"ngg_post_thumbnail":0,"footnotes":"","_mc_calendar":[]},"aioseo_notices":[],"_links":{"self":[{"href":"https:\/\/blogsaverroes.juntadeandalucia.es\/ceipsanfrancisco\/wp-json\/wp\/v2\/pages\/2189"}],"collection":[{"href":"https:\/\/blogsaverroes.juntadeandalucia.es\/ceipsanfrancisco\/wp-json\/wp\/v2\/pages"}],"about":[{"href":"https:\/\/blogsaverroes.juntadeandalucia.es\/ceipsanfrancisco\/wp-json\/wp\/v2\/types\/page"}],"author":[{"embeddable":true,"href":"https:\/\/blogsaverroes.juntadeandalucia.es\/ceipsanfrancisco\/wp-json\/wp\/v2\/users\/1497"}],"replies":[{"embeddable":true,"href":"https:\/\/blogsaverroes.juntadeandalucia.es\/ceipsanfrancisco\/wp-json\/wp\/v2\/comments?post=2189"}],"version-history":[{"count":10,"href":"https:\/\/blogsaverroes.juntadeandalucia.es\/ceipsanfrancisco\/wp-json\/wp\/v2\/pages\/2189\/revisions"}],"predecessor-version":[{"id":2233,"href":"https:\/\/blogsaverroes.juntadeandalucia.es\/ceipsanfrancisco\/wp-json\/wp\/v2\/pages\/2189\/revisions\/2233"}],"wp:attachment":[{"href":"https:\/\/blogsaverroes.juntadeandalucia.es\/ceipsanfrancisco\/wp-json\/wp\/v2\/media?parent=2189"}],"curies":[{"name":"wp","href":"https:\/\/api.w.org\/{rel}","templated":true}]}}