{"id":2485,"date":"2019-03-05T12:07:08","date_gmt":"2019-03-05T12:07:08","guid":{"rendered":"https:\/\/blogsaverroes.juntadeandalucia.es\/ceipsanfrancisco\/?page_id=2485"},"modified":"2019-03-05T12:07:08","modified_gmt":"2019-03-05T12:07:08","slug":"creciendo-en-salud","status":"publish","type":"page","link":"https:\/\/blogsaverroes.juntadeandalucia.es\/ceipsanfrancisco\/creciendo-en-salud\/","title":{"rendered":"Creciendo en Salud"},"content":{"rendered":"<p>Este curso tambi\u00e9n participamos en el Plan de Consumo de Frutas y Hortalizas.<\/p>\n<p>La empresa distribuidora nos ha facilitado los d\u00edas de entrega de la misma. que son las siguientes:<\/p>\n<ul>\n<li><a href=\"https:\/\/drive.google.com\/open?id=1qC65KdKQ_61g-b_naM3XG7VbSBxdSoKL\" target=\"_blank\" rel=\"noopener\">1\u00aa Entrega: 20\/03\/2019.<\/a><\/li>\n<li><a href=\"https:\/\/drive.google.com\/open?id=1vnwjc48Y4eQfbKv-wjmzkWzDxfMRvkwp\" target=\"_blank\" rel=\"noopener\">2\u00aa Entrega: 08\/04\/2019.<\/a><\/li>\n<li><a href=\"https:\/\/drive.google.com\/open?id=1FvjEzTJt4jROstT5d1KX37LBlECNcmg0\" target=\"_blank\" rel=\"noopener\">3\u00aa Entrega: 07\/05\/2019.<\/a><\/li>\n<li><a href=\"https:\/\/drive.google.com\/open?id=1MGke-4uWhk-RGKEvF08TGYJLjkly5Rd3\" target=\"_blank\" rel=\"noopener\">4\u00aa Entrega: 27\/05\/2019.<\/a><\/li>\n<li><a href=\"https:\/\/drive.google.com\/open?id=1IjBc4I-IUNs7SDM41O2V4U9tm6ofjnW8\" target=\"_blank\" rel=\"noopener\">5\u00aa Entrega: 12\/06\/2019.<\/a><\/li>\n<\/ul>\n<p>La distribuci\u00f3n de fruta a los ni\u00f1o comenzar\u00e1, como norma general, al d\u00eda siguiente de su llegada al centro, porque no se nos proporciona el horario de llegada de la misma.<\/p>\n<p>&nbsp;<\/p>\n","protected":false},"excerpt":{"rendered":"<p>Este curso tambi\u00e9n participamos en el Plan de Consumo de Frutas y Hortalizas. La empresa distribuidora nos ha facilitado los d\u00edas de entrega de la misma. que son las siguientes: 1\u00aa Entrega: 20\/03\/2019. 2\u00aa&#46;&#46;&#46;<\/p>\n","protected":false},"author":1497,"featured_media":0,"parent":0,"menu_order":0,"comment_status":"closed","ping_status":"closed","template":"","meta":{"ngg_post_thumbnail":0,"footnotes":"","_mc_calendar":[]},"aioseo_notices":[],"_links":{"self":[{"href":"https:\/\/blogsaverroes.juntadeandalucia.es\/ceipsanfrancisco\/wp-json\/wp\/v2\/pages\/2485"}],"collection":[{"href":"https:\/\/blogsaverroes.juntadeandalucia.es\/ceipsanfrancisco\/wp-json\/wp\/v2\/pages"}],"about":[{"href":"https:\/\/blogsaverroes.juntadeandalucia.es\/ceipsanfrancisco\/wp-json\/wp\/v2\/types\/page"}],"author":[{"embeddable":true,"href":"https:\/\/blogsaverroes.juntadeandalucia.es\/ceipsanfrancisco\/wp-json\/wp\/v2\/users\/1497"}],"replies":[{"embeddable":true,"href":"https:\/\/blogsaverroes.juntadeandalucia.es\/ceipsanfrancisco\/wp-json\/wp\/v2\/comments?post=2485"}],"version-history":[{"count":1,"href":"https:\/\/blogsaverroes.juntadeandalucia.es\/ceipsanfrancisco\/wp-json\/wp\/v2\/pages\/2485\/revisions"}],"predecessor-version":[{"id":2490,"href":"https:\/\/blogsaverroes.juntadeandalucia.es\/ceipsanfrancisco\/wp-json\/wp\/v2\/pages\/2485\/revisions\/2490"}],"wp:attachment":[{"href":"https:\/\/blogsaverroes.juntadeandalucia.es\/ceipsanfrancisco\/wp-json\/wp\/v2\/media?parent=2485"}],"curies":[{"name":"wp","href":"https:\/\/api.w.org\/{rel}","templated":true}]}}