{"id":49,"date":"2015-03-13T08:47:05","date_gmt":"2015-03-13T08:47:05","guid":{"rendered":"http:\/\/blogsaverroes.juntadeandalucia.es\/pre\/ceip\/?page_id=49"},"modified":"2018-07-30T17:01:12","modified_gmt":"2018-07-30T17:01:12","slug":"proyecto-educativo","status":"publish","type":"page","link":"https:\/\/blogsaverroes.juntadeandalucia.es\/ceipsanfrancisco\/proyecto-educativo\/","title":{"rendered":"Plan de Centro"},"content":{"rendered":"<p>El Plan de Centro.<br \/>\n<a href=\"https:\/\/blogsaverroes.juntadeandalucia.es\/ceipsanfrancisco\/proyecto-educativo\/plan-de-centro\/\">El Proyecto Educativo<\/a>, el <a href=\"https:\/\/blogsaverroes.juntadeandalucia.es\/ceipsanfrancisco\/rof\/\">Reglamento de Organizaci\u00f3n y Funcionamiento<\/a> y el <a href=\"https:\/\/blogsaverroes.juntadeandalucia.es\/ceipsanfrancisco\/proyecto-de-gestion\/\">Proyecto de Gesti\u00f3n<\/a> constituyen el Plan de Centro.<br \/>\nEl Plan de Centro es elaborado por el equipo directivo y aprobado por el Consejo Escolar.<\/p>\n<p>En su elaboraci\u00f3n el equipo directivo necesita la colaboraci\u00f3n e implicaci\u00f3n del equipo t\u00e9cnico de coordinaci\u00f3n pedag\u00f3gica y de otros \u00f3rganos de coordinaci\u00f3n docente.<\/p>\n","protected":false},"excerpt":{"rendered":"<p>El Plan de Centro. El Proyecto Educativo, el Reglamento de Organizaci\u00f3n y Funcionamiento y el Proyecto de Gesti\u00f3n constituyen el Plan de Centro. El Plan de Centro es elaborado por el equipo directivo y&#46;&#46;&#46;<\/p>\n","protected":false},"author":1,"featured_media":0,"parent":0,"menu_order":0,"comment_status":"closed","ping_status":"open","template":"page-cs.php","meta":{"ngg_post_thumbnail":0,"footnotes":"","_mc_calendar":[]},"aioseo_notices":[],"_links":{"self":[{"href":"https:\/\/blogsaverroes.juntadeandalucia.es\/ceipsanfrancisco\/wp-json\/wp\/v2\/pages\/49"}],"collection":[{"href":"https:\/\/blogsaverroes.juntadeandalucia.es\/ceipsanfrancisco\/wp-json\/wp\/v2\/pages"}],"about":[{"href":"https:\/\/blogsaverroes.juntadeandalucia.es\/ceipsanfrancisco\/wp-json\/wp\/v2\/types\/page"}],"author":[{"embeddable":true,"href":"https:\/\/blogsaverroes.juntadeandalucia.es\/ceipsanfrancisco\/wp-json\/wp\/v2\/users\/1"}],"replies":[{"embeddable":true,"href":"https:\/\/blogsaverroes.juntadeandalucia.es\/ceipsanfrancisco\/wp-json\/wp\/v2\/comments?post=49"}],"version-history":[{"count":11,"href":"https:\/\/blogsaverroes.juntadeandalucia.es\/ceipsanfrancisco\/wp-json\/wp\/v2\/pages\/49\/revisions"}],"predecessor-version":[{"id":2256,"href":"https:\/\/blogsaverroes.juntadeandalucia.es\/ceipsanfrancisco\/wp-json\/wp\/v2\/pages\/49\/revisions\/2256"}],"wp:attachment":[{"href":"https:\/\/blogsaverroes.juntadeandalucia.es\/ceipsanfrancisco\/wp-json\/wp\/v2\/media?parent=49"}],"curies":[{"name":"wp","href":"https:\/\/api.w.org\/{rel}","templated":true}]}}