{"id":77,"date":"2015-03-16T06:54:56","date_gmt":"2015-03-16T06:54:56","guid":{"rendered":"http:\/\/blogsaverroes.juntadeandalucia.es\/pre\/ceip\/?page_id=77"},"modified":"2023-10-04T17:16:27","modified_gmt":"2023-10-04T17:16:27","slug":"secretaria","status":"publish","type":"page","link":"https:\/\/blogsaverroes.juntadeandalucia.es\/ceipsanfrancisco\/secretaria\/","title":{"rendered":"Secretar\u00eda"},"content":{"rendered":"<p>Si se quiere realizar cualquier tr\u00e1mite o solicitar cita previa para ser atendido en el centro, debe hacerlo telef\u00f3nicamente&nbsp; o mediante e-mail.<\/p>\n<p>Tel\u00e9fonos del centro: 953366819 &#8211; 671566504<\/p>\n<p>email del centro: 23004631.dir@g.educaand.es<\/p>\n<p>En esta p\u00e1gina os iremos informando de los diversos tr\u00e1mites que sean necesarios a lo largo del curso.<\/p>\n<p>&nbsp;<\/p>\n","protected":false},"excerpt":{"rendered":"<p>Si se quiere realizar cualquier tr\u00e1mite o solicitar cita previa para ser atendido en el centro, debe hacerlo telef\u00f3nicamente&nbsp; o mediante e-mail. Tel\u00e9fonos del centro: 953366819 &#8211; 671566504 email del centro: 23004631.dir@g.educaand.es En esta&#46;&#46;&#46;<\/p>\n","protected":false},"author":1,"featured_media":0,"parent":0,"menu_order":0,"comment_status":"closed","ping_status":"open","template":"","meta":{"ngg_post_thumbnail":0,"footnotes":"","_mc_calendar":[]},"aioseo_notices":[],"_links":{"self":[{"href":"https:\/\/blogsaverroes.juntadeandalucia.es\/ceipsanfrancisco\/wp-json\/wp\/v2\/pages\/77"}],"collection":[{"href":"https:\/\/blogsaverroes.juntadeandalucia.es\/ceipsanfrancisco\/wp-json\/wp\/v2\/pages"}],"about":[{"href":"https:\/\/blogsaverroes.juntadeandalucia.es\/ceipsanfrancisco\/wp-json\/wp\/v2\/types\/page"}],"author":[{"embeddable":true,"href":"https:\/\/blogsaverroes.juntadeandalucia.es\/ceipsanfrancisco\/wp-json\/wp\/v2\/users\/1"}],"replies":[{"embeddable":true,"href":"https:\/\/blogsaverroes.juntadeandalucia.es\/ceipsanfrancisco\/wp-json\/wp\/v2\/comments?post=77"}],"version-history":[{"count":8,"href":"https:\/\/blogsaverroes.juntadeandalucia.es\/ceipsanfrancisco\/wp-json\/wp\/v2\/pages\/77\/revisions"}],"predecessor-version":[{"id":2647,"href":"https:\/\/blogsaverroes.juntadeandalucia.es\/ceipsanfrancisco\/wp-json\/wp\/v2\/pages\/77\/revisions\/2647"}],"wp:attachment":[{"href":"https:\/\/blogsaverroes.juntadeandalucia.es\/ceipsanfrancisco\/wp-json\/wp\/v2\/media?parent=77"}],"curies":[{"name":"wp","href":"https:\/\/api.w.org\/{rel}","templated":true}]}}