{"id":198,"date":"2015-03-17T09:55:36","date_gmt":"2015-03-17T09:55:36","guid":{"rendered":"http:\/\/blogsaverroes.juntadeandalucia.es\/pre\/ceip\/?page_id=198"},"modified":"2020-11-11T09:14:34","modified_gmt":"2020-11-11T09:14:34","slug":"que-es-el-ampa","status":"publish","type":"page","link":"https:\/\/blogsaverroes.juntadeandalucia.es\/ceipsanfranciscoloja\/que-es-el-ampa\/","title":{"rendered":"AMPA HACHO"},"content":{"rendered":"<p style=\"text-align: left\"><a href=\"https:\/\/blogsaverroes.juntadeandalucia.es\/ceipsanfranciscoloja\/files\/2015\/03\/familia.png\"><img loading=\"lazy\" decoding=\"async\" class=\"aligncenter wp-image-243 size-medium\" src=\"https:\/\/blogsaverroes.juntadeandalucia.es\/ceipsanfranciscoloja\/files\/2015\/03\/familia-300x193.png\" alt=\"\" width=\"300\" height=\"193\" srcset=\"https:\/\/blogsaverroes.juntadeandalucia.es\/ceipsanfranciscoloja\/files\/2015\/03\/familia-300x193.png 300w, https:\/\/blogsaverroes.juntadeandalucia.es\/ceipsanfranciscoloja\/files\/2015\/03\/familia-1024x661.png 1024w, https:\/\/blogsaverroes.juntadeandalucia.es\/ceipsanfranciscoloja\/files\/2015\/03\/familia.png 1280w\" sizes=\"(max-width: 300px) 100vw, 300px\" \/><\/a>El <strong>AMPA<\/strong> es una asociaci\u00f3n sin \u00e1nimo de lucro que formada por los padres y madres de todo el alumnado del Colegio. Nuestra Ampa Hacho Fu\u00e9 fundada en 1982, viene realizando una labor imprescindible para nuestro centro educativo, contribuyendo a la mejora de la calidad de la educaci\u00f3n, la convivencia del centro y de las instalaciones as\u00ed como enriqueciendonos a todos y todas con la participaci\u00f3n de las familias en numerosas actividades.&nbsp;<\/p>\n<h3>\u00bfPor qu\u00e9 es importante vuestra participaci\u00f3n?<\/h3>\n<p>En el colegio existen espacios de participaci\u00f3n, siendo el AMPA &nbsp;el \u00fanico espacio de participaci\u00f3n aut\u00f3nomo de padres y madres. El AMPA es importante porque:<\/p>\n<ul>\n<li>Somos corresponsables de la educaci\u00f3n que nuestros hijos\/as reciben en el colegio.<\/li>\n<li>Es un espacio para aportar iniciativas y trabajar con la direcci\u00f3n del Centro, sin depender de esta.<\/li>\n<\/ul>\n<h3>\u00bfc\u00f3mo puedes participar?<\/h3>\n<p>Participar en el AMPA es muy f\u00e1cil y cada uno decide el nivel de implicaci\u00f3n.<\/p>\n<ul>\n<li>Podemos asociarnos en cualquier momento, aunque se entrega a las familias una ficha de inscripci\u00f3n con la matr\u00edcula en la que se indica la cuota anual por cada familia (la cuota es por familia no por ni\u00f1o\/a) de 10\u20ac al a\u00f1o.<\/li>\n<li>Podemos tambi\u00e9n participar a trav\u00e9s de las asambleas, incorpor\u00e1ndote a las reuniones abiertas que se convoquen y participando en su funcionamiento<\/li>\n<li>Podemos colaborar en los diferentes grupos de trabajo o en actividades puntuales que se organizan desde el AMPA a lo largo del curso como la gymkana de Andaluc\u00eda, los Intertalleres mensuales, Halloween, D\u00eda de Andaluc\u00eda, fiesta fin de curso, organizaci\u00f3n de actividades extraescolares, &#8230;<\/li>\n<li>Podemos proponer iniciativas, plantear temas de debate, organizar actividades, etc., &nbsp;dirigi\u00e9ndote a cualquier miembro de la junta directiva o a trav\u00e9s del blog.<\/li>\n<\/ul>\n<h3>\u00bfQui\u00e9n conforma nuestra Junta Directiva actualmente?<\/h3>\n<p>PRESIDENTA: Teresa Sol\u00eds Jim\u00e9nez<\/p>\n<p>SECRETARia: Bel\u00e9n Garc\u00eda Llamas<\/p>\n<p>TESORERA: To\u00f1i Guerrero Jim\u00e9nez<\/p>\n<p>VOCALES: M. Carmen Mart\u00edn Montero<\/p>\n<p>&nbsp; &nbsp; &nbsp; &nbsp; &nbsp; &nbsp; &nbsp; &nbsp; &nbsp; &nbsp; &nbsp;Rosa M\u00aa C\u00e1ceres G\u00e1miz<\/p>\n<p>&nbsp; &nbsp; &nbsp; &nbsp; &nbsp; &nbsp; &nbsp; &nbsp; &nbsp; &nbsp; &nbsp;Mariam Matas Martos<\/p>\n<p>&nbsp; &nbsp; &nbsp; &nbsp; &nbsp; &nbsp; &nbsp; &nbsp; &nbsp; &nbsp; &nbsp;Clara Isabel Arco G\u00fazman<\/p>\n<p>&nbsp; &nbsp; &nbsp; &nbsp; &nbsp; &nbsp; &nbsp; &nbsp; &nbsp; &nbsp; M Carmen Jim\u00e9nez Fern\u00e1ndez<\/p>\n<p>&nbsp; &nbsp; &nbsp; &nbsp; &nbsp; &nbsp; &nbsp; &nbsp; &nbsp; &nbsp; Elena Jim\u00e9nez Fern\u00e1ndez<\/p>\n<p>&nbsp; &nbsp; &nbsp; &nbsp; &nbsp; &nbsp; &nbsp; &nbsp; &nbsp; &nbsp; Luc\u00eda Castro Campillo<\/p>\n<p>&nbsp; &nbsp; &nbsp; &nbsp; &nbsp; &nbsp; &nbsp; &nbsp; &nbsp; &nbsp; Susana Rosales Guill\u00e9n<\/p>\n<p>&nbsp; &nbsp; &nbsp; &nbsp; &nbsp; &nbsp; &nbsp; &nbsp; &nbsp; &nbsp; Nuria San Juan Villareal<\/p>\n<p>&nbsp;<\/p>\n<p><strong>\u00abDesde el Ampa hay madres y padres que trabajamos activamente y comprometidamente por la educaci\u00f3n de nuestros hijos e hijas. \u00danete y participa, porque un poquito de cada un@ ser\u00e1 un mucho para tod@s\u00bb<\/strong><\/p>\n<p>&nbsp;<\/p>\n","protected":false},"excerpt":{"rendered":"<p>El AMPA es una asociaci\u00f3n sin \u00e1nimo de lucro que formada por los padres y madres de todo el alumnado del Colegio. Nuestra Ampa Hacho&hellip;<\/p>\n","protected":false},"author":1,"featured_media":0,"parent":0,"menu_order":0,"comment_status":"closed","ping_status":"open","template":"","meta":{"ngg_post_thumbnail":0,"footnotes":"","_mc_calendar":[]},"aioseo_notices":[],"_links":{"self":[{"href":"https:\/\/blogsaverroes.juntadeandalucia.es\/ceipsanfranciscoloja\/wp-json\/wp\/v2\/pages\/198"}],"collection":[{"href":"https:\/\/blogsaverroes.juntadeandalucia.es\/ceipsanfranciscoloja\/wp-json\/wp\/v2\/pages"}],"about":[{"href":"https:\/\/blogsaverroes.juntadeandalucia.es\/ceipsanfranciscoloja\/wp-json\/wp\/v2\/types\/page"}],"author":[{"embeddable":true,"href":"https:\/\/blogsaverroes.juntadeandalucia.es\/ceipsanfranciscoloja\/wp-json\/wp\/v2\/users\/1"}],"replies":[{"embeddable":true,"href":"https:\/\/blogsaverroes.juntadeandalucia.es\/ceipsanfranciscoloja\/wp-json\/wp\/v2\/comments?post=198"}],"version-history":[{"count":4,"href":"https:\/\/blogsaverroes.juntadeandalucia.es\/ceipsanfranciscoloja\/wp-json\/wp\/v2\/pages\/198\/revisions"}],"predecessor-version":[{"id":2304,"href":"https:\/\/blogsaverroes.juntadeandalucia.es\/ceipsanfranciscoloja\/wp-json\/wp\/v2\/pages\/198\/revisions\/2304"}],"wp:attachment":[{"href":"https:\/\/blogsaverroes.juntadeandalucia.es\/ceipsanfranciscoloja\/wp-json\/wp\/v2\/media?parent=198"}],"curies":[{"name":"wp","href":"https:\/\/api.w.org\/{rel}","templated":true}]}}