{"id":2368,"date":"2021-02-25T12:39:06","date_gmt":"2021-02-25T12:39:06","guid":{"rendered":"https:\/\/blogsaverroes.juntadeandalucia.es\/ceipsanfranciscoloja\/?page_id=2368"},"modified":"2021-03-07T12:09:00","modified_gmt":"2021-03-07T12:09:00","slug":"escolarizacion","status":"publish","type":"page","link":"https:\/\/blogsaverroes.juntadeandalucia.es\/ceipsanfranciscoloja\/escolarizacion\/","title":{"rendered":"ESCOLARIZACI\u00d3N"},"content":{"rendered":"<p>El periodo de escolarizaci\u00f3n comprende del 1 al 31 de Marzo de 2021.<\/p>\n<p>Para m\u00e1s informaci\u00f3n pinche en la siguiente imagen.<\/p>\n<p><a href=\"http:\/\/https:\/\/portals.ced.junta-andalucia.es\/educacion\/portals\/web\/escolarizacion\/aviso33\"><img loading=\"lazy\" decoding=\"async\" class=\"alignnone size-medium wp-image-2369\" src=\"https:\/\/blogsaverroes.juntadeandalucia.es\/ceipsanfranciscoloja\/files\/2021\/02\/layout_set_logo-300x90.png\" alt=\"\" width=\"300\" height=\"90\" srcset=\"https:\/\/blogsaverroes.juntadeandalucia.es\/ceipsanfranciscoloja\/files\/2021\/02\/layout_set_logo-300x90.png 300w, https:\/\/blogsaverroes.juntadeandalucia.es\/ceipsanfranciscoloja\/files\/2021\/02\/layout_set_logo.png 395w\" sizes=\"(max-width: 300px) 100vw, 300px\" \/><\/a><\/p>\n<p>&nbsp;<\/p>\n<p>Para descargar los impresos pinchar en el siguiente documento e imprimir:<\/p>\n<p>&nbsp;<\/p>\n<p><a href=\"https:\/\/drive.google.com\/file\/d\/1SPWCMj8eQA_tLezAQK2_Gl9XnEsdjR0k\/view?usp=sharing\"><img loading=\"lazy\" decoding=\"async\" class=\"aligncenter wp-image-2379 size-medium\" src=\"https:\/\/blogsaverroes.juntadeandalucia.es\/ceipsanfranciscoloja\/files\/2021\/02\/Documentaci\u00f3n-escolarizaci\u00f3n-300x214.png\" alt=\"Documentos Escolarizaci\u00f3n 2021\" width=\"300\" height=\"214\" srcset=\"https:\/\/blogsaverroes.juntadeandalucia.es\/ceipsanfranciscoloja\/files\/2021\/02\/Documentaci\u00f3n-escolarizaci\u00f3n-300x214.png 300w, https:\/\/blogsaverroes.juntadeandalucia.es\/ceipsanfranciscoloja\/files\/2021\/02\/Documentaci\u00f3n-escolarizaci\u00f3n-768x548.png 768w, https:\/\/blogsaverroes.juntadeandalucia.es\/ceipsanfranciscoloja\/files\/2021\/02\/Documentaci\u00f3n-escolarizaci\u00f3n.png 799w\" sizes=\"(max-width: 300px) 100vw, 300px\" \/><\/a><\/p>\n<p>&nbsp;<\/p>\n<p>Oferta Educativa del Ceip San Francisco:<\/p>\n<p><img loading=\"lazy\" decoding=\"async\" class=\" wp-image-2385 aligncenter\" src=\"https:\/\/blogsaverroes.juntadeandalucia.es\/ceipsanfranciscoloja\/files\/2021\/02\/Oferta-educativa-Ceip-San-Francisco-300x266.png\" alt=\"\" width=\"432\" height=\"383\" srcset=\"https:\/\/blogsaverroes.juntadeandalucia.es\/ceipsanfranciscoloja\/files\/2021\/02\/Oferta-educativa-Ceip-San-Francisco-300x266.png 300w, https:\/\/blogsaverroes.juntadeandalucia.es\/ceipsanfranciscoloja\/files\/2021\/02\/Oferta-educativa-Ceip-San-Francisco.png 671w\" sizes=\"(max-width: 432px) 100vw, 432px\" \/><\/p>\n<p>&nbsp;<\/p>\n<p>Se publica igualmente en nuestro tabl\u00f3n de anuncios y aqu\u00ed el mapa de influencia y el callejero de nuestro centro educativo:<\/p>\n<p>&nbsp;<\/p>\n<p><img loading=\"lazy\" decoding=\"async\" class=\"alignnone size-medium wp-image-2395\" src=\"https:\/\/blogsaverroes.juntadeandalucia.es\/ceipsanfranciscoloja\/files\/2021\/03\/callejero-escolarizaci\u00f3n-zona-Ceip-San-Francisco-300x190.png\" alt=\"\" width=\"300\" height=\"190\" srcset=\"https:\/\/blogsaverroes.juntadeandalucia.es\/ceipsanfranciscoloja\/files\/2021\/03\/callejero-escolarizaci\u00f3n-zona-Ceip-San-Francisco-300x190.png 300w, https:\/\/blogsaverroes.juntadeandalucia.es\/ceipsanfranciscoloja\/files\/2021\/03\/callejero-escolarizaci\u00f3n-zona-Ceip-San-Francisco-1024x647.png 1024w, https:\/\/blogsaverroes.juntadeandalucia.es\/ceipsanfranciscoloja\/files\/2021\/03\/callejero-escolarizaci\u00f3n-zona-Ceip-San-Francisco-768x485.png 768w, https:\/\/blogsaverroes.juntadeandalucia.es\/ceipsanfranciscoloja\/files\/2021\/03\/callejero-escolarizaci\u00f3n-zona-Ceip-San-Francisco.png 1136w\" sizes=\"(max-width: 300px) 100vw, 300px\" \/><\/p>\n<p>Para comprobar las calles concretas pincha en el siguiente enlace<\/p>\n<p><a title=\"Viales zona Escolarizaci\u00f3n\" href=\"https:\/\/drive.google.com\/drive\/u\/2\/folders\/1VKXAjPpKMY6X6nsVkfoZcBDNMvwCqAYm\" target=\"_blank\" rel=\"noopener noreferrer\">Viales zona Escolarizaci\u00f3n Ceip San Francisco<\/a><\/p>\n<p>&nbsp;<\/p>\n","protected":false},"excerpt":{"rendered":"<p>El periodo de escolarizaci\u00f3n comprende del 1 al 31 de Marzo de 2021. Para m\u00e1s informaci\u00f3n pinche en la siguiente imagen. &nbsp; Para descargar los&hellip;<\/p>\n","protected":false},"author":10328,"featured_media":2365,"parent":0,"menu_order":0,"comment_status":"closed","ping_status":"closed","template":"","meta":{"ngg_post_thumbnail":0,"footnotes":"","_mc_calendar":[]},"aioseo_notices":[],"_links":{"self":[{"href":"https:\/\/blogsaverroes.juntadeandalucia.es\/ceipsanfranciscoloja\/wp-json\/wp\/v2\/pages\/2368"}],"collection":[{"href":"https:\/\/blogsaverroes.juntadeandalucia.es\/ceipsanfranciscoloja\/wp-json\/wp\/v2\/pages"}],"about":[{"href":"https:\/\/blogsaverroes.juntadeandalucia.es\/ceipsanfranciscoloja\/wp-json\/wp\/v2\/types\/page"}],"author":[{"embeddable":true,"href":"https:\/\/blogsaverroes.juntadeandalucia.es\/ceipsanfranciscoloja\/wp-json\/wp\/v2\/users\/10328"}],"replies":[{"embeddable":true,"href":"https:\/\/blogsaverroes.juntadeandalucia.es\/ceipsanfranciscoloja\/wp-json\/wp\/v2\/comments?post=2368"}],"version-history":[{"count":6,"href":"https:\/\/blogsaverroes.juntadeandalucia.es\/ceipsanfranciscoloja\/wp-json\/wp\/v2\/pages\/2368\/revisions"}],"predecessor-version":[{"id":2398,"href":"https:\/\/blogsaverroes.juntadeandalucia.es\/ceipsanfranciscoloja\/wp-json\/wp\/v2\/pages\/2368\/revisions\/2398"}],"wp:featuredmedia":[{"embeddable":true,"href":"https:\/\/blogsaverroes.juntadeandalucia.es\/ceipsanfranciscoloja\/wp-json\/wp\/v2\/media\/2365"}],"wp:attachment":[{"href":"https:\/\/blogsaverroes.juntadeandalucia.es\/ceipsanfranciscoloja\/wp-json\/wp\/v2\/media?parent=2368"}],"curies":[{"name":"wp","href":"https:\/\/api.w.org\/{rel}","templated":true}]}}