{"id":35,"date":"2015-03-13T08:21:43","date_gmt":"2015-03-13T08:21:43","guid":{"rendered":"http:\/\/blogsaverroes.juntadeandalucia.es\/pre\/ceip\/?page_id=35"},"modified":"2023-09-29T07:20:20","modified_gmt":"2023-09-29T07:20:20","slug":"el-centro-2","status":"publish","type":"page","link":"https:\/\/blogsaverroes.juntadeandalucia.es\/ceipsanfranciscoloja\/el-centro-2\/","title":{"rendered":"Datos del centro"},"content":{"rendered":"<p style=\"text-align: center\"><a href=\"https:\/\/blogsaverroes.juntadeandalucia.es\/ceipsanfranciscoloja\/files\/2020\/11\/portada-cole.jpg\"><img loading=\"lazy\" decoding=\"async\" class=\"alignnone size-medium wp-image-2284\" src=\"https:\/\/blogsaverroes.juntadeandalucia.es\/ceipsanfranciscoloja\/files\/2020\/11\/portada-cole-300x225.jpg\" alt=\"\" width=\"300\" height=\"225\" srcset=\"https:\/\/blogsaverroes.juntadeandalucia.es\/ceipsanfranciscoloja\/files\/2020\/11\/portada-cole-300x225.jpg 300w, https:\/\/blogsaverroes.juntadeandalucia.es\/ceipsanfranciscoloja\/files\/2020\/11\/portada-cole-24x18.jpg 24w, https:\/\/blogsaverroes.juntadeandalucia.es\/ceipsanfranciscoloja\/files\/2020\/11\/portada-cole-36x27.jpg 36w, https:\/\/blogsaverroes.juntadeandalucia.es\/ceipsanfranciscoloja\/files\/2020\/11\/portada-cole-48x36.jpg 48w, https:\/\/blogsaverroes.juntadeandalucia.es\/ceipsanfranciscoloja\/files\/2020\/11\/portada-cole.jpg 580w\" sizes=\"(max-width: 300px) 100vw, 300px\" \/><\/a><\/p>\n<h4>Datos de contacto<\/h4>\n<p>18005891 Ceip San Francisco&nbsp;<\/p>\n<p><strong>Direcci\u00f3n: <\/strong>Av. Estaci\u00f3n, 4, 18300 Loja, Granada<\/p>\n<p><strong>Tel\u00e9fono \/ FAX: 958338586<\/strong><br \/>\n<strong>Email:<\/strong> 18005981.edu@juntadeandalucia.es<\/p>\n<h4><strong>Horarios<\/strong><\/h4>\n<p>Apertura del centro:&nbsp; 9.00h<\/p>\n<p>Actividades lectivas: 9.00h a 14.00 h<\/p>\n<p>Secretar\u00eda: Lunes a viernes de 9.00 a 11.00<\/p>\n<p>Plan de Acompa\u00f1amiento: Lunes y Mi\u00e9rcoles de 16.00h a 18.00 h<\/p>\n<p>Talleres extraescolares organizados desde el AMPA: multideporte.<\/p>\n","protected":false},"excerpt":{"rendered":"<p>Datos de contacto 18005891 Ceip San Francisco&nbsp; Direcci\u00f3n: Av. Estaci\u00f3n, 4, 18300 Loja, Granada Tel\u00e9fono \/ FAX: 958338586 Email: 18005981.edu@juntadeandalucia.es Horarios Apertura del centro:&nbsp; 9.00h&hellip;<\/p>\n","protected":false},"author":1,"featured_media":0,"parent":0,"menu_order":0,"comment_status":"closed","ping_status":"open","template":"","meta":{"ngg_post_thumbnail":0,"footnotes":"","_mc_calendar":[]},"aioseo_notices":[],"_links":{"self":[{"href":"https:\/\/blogsaverroes.juntadeandalucia.es\/ceipsanfranciscoloja\/wp-json\/wp\/v2\/pages\/35"}],"collection":[{"href":"https:\/\/blogsaverroes.juntadeandalucia.es\/ceipsanfranciscoloja\/wp-json\/wp\/v2\/pages"}],"about":[{"href":"https:\/\/blogsaverroes.juntadeandalucia.es\/ceipsanfranciscoloja\/wp-json\/wp\/v2\/types\/page"}],"author":[{"embeddable":true,"href":"https:\/\/blogsaverroes.juntadeandalucia.es\/ceipsanfranciscoloja\/wp-json\/wp\/v2\/users\/1"}],"replies":[{"embeddable":true,"href":"https:\/\/blogsaverroes.juntadeandalucia.es\/ceipsanfranciscoloja\/wp-json\/wp\/v2\/comments?post=35"}],"version-history":[{"count":27,"href":"https:\/\/blogsaverroes.juntadeandalucia.es\/ceipsanfranciscoloja\/wp-json\/wp\/v2\/pages\/35\/revisions"}],"predecessor-version":[{"id":2494,"href":"https:\/\/blogsaverroes.juntadeandalucia.es\/ceipsanfranciscoloja\/wp-json\/wp\/v2\/pages\/35\/revisions\/2494"}],"wp:attachment":[{"href":"https:\/\/blogsaverroes.juntadeandalucia.es\/ceipsanfranciscoloja\/wp-json\/wp\/v2\/media?parent=35"}],"curies":[{"name":"wp","href":"https:\/\/api.w.org\/{rel}","templated":true}]}}