{"id":42,"date":"2015-03-13T08:40:47","date_gmt":"2015-03-13T08:40:47","guid":{"rendered":"http:\/\/blogsaverroes.juntadeandalucia.es\/pre\/ceip\/?page_id=42"},"modified":"2023-09-29T07:39:05","modified_gmt":"2023-09-29T07:39:05","slug":"equipo-directivo","status":"publish","type":"page","link":"https:\/\/blogsaverroes.juntadeandalucia.es\/ceipsanfranciscoloja\/equipo-directivo\/","title":{"rendered":"Equipo directivo"},"content":{"rendered":"<p>&nbsp;<\/p>\n<p><strong>Direcci\u00f3n: Nuria Ortiz Guerrero&nbsp; &nbsp; &nbsp; Jefatura de estudios: Jos\u00e9 Miguel Garc\u00eda&nbsp; &nbsp; &nbsp; &nbsp; Secretar\u00eda: Margarita Ropero&nbsp;<\/strong><\/p>\n<p><strong><a href=\"https:\/\/blogsaverroes.juntadeandalucia.es\/ceipsanfranciscoloja\/files\/2020\/08\/WhatsApp-Image-2020-08-03-at-18.06.16.jpeg\"><img loading=\"lazy\" decoding=\"async\" class=\"alignnone wp-image-2265\" src=\"https:\/\/blogsaverroes.juntadeandalucia.es\/ceipsanfranciscoloja\/files\/2020\/08\/WhatsApp-Image-2020-08-03-at-18.06.16-225x300.jpeg\" alt=\"\" width=\"187\" height=\"249\" srcset=\"https:\/\/blogsaverroes.juntadeandalucia.es\/ceipsanfranciscoloja\/files\/2020\/08\/WhatsApp-Image-2020-08-03-at-18.06.16-225x300.jpeg 225w, https:\/\/blogsaverroes.juntadeandalucia.es\/ceipsanfranciscoloja\/files\/2020\/08\/WhatsApp-Image-2020-08-03-at-18.06.16-768x1024.jpeg 768w, https:\/\/blogsaverroes.juntadeandalucia.es\/ceipsanfranciscoloja\/files\/2020\/08\/WhatsApp-Image-2020-08-03-at-18.06.16-18x24.jpeg 18w, https:\/\/blogsaverroes.juntadeandalucia.es\/ceipsanfranciscoloja\/files\/2020\/08\/WhatsApp-Image-2020-08-03-at-18.06.16-27x36.jpeg 27w, https:\/\/blogsaverroes.juntadeandalucia.es\/ceipsanfranciscoloja\/files\/2020\/08\/WhatsApp-Image-2020-08-03-at-18.06.16-36x48.jpeg 36w, https:\/\/blogsaverroes.juntadeandalucia.es\/ceipsanfranciscoloja\/files\/2020\/08\/WhatsApp-Image-2020-08-03-at-18.06.16.jpeg 1200w\" sizes=\"(max-width: 187px) 100vw, 187px\" \/>&nbsp; &nbsp; &nbsp; &nbsp; &nbsp; &nbsp; &nbsp; &nbsp; &nbsp; &nbsp; &nbsp;<\/a> <img loading=\"lazy\" decoding=\"async\" class=\"alignnone wp-image-2498\" src=\"https:\/\/blogsaverroes.juntadeandalucia.es\/ceipsanfranciscoloja\/files\/2023\/09\/WhatsApp-Image-2023-09-29-at-09.25.34-1d-1-150x150.jpeg\" alt=\"\" width=\"247\" height=\"247\" srcset=\"https:\/\/blogsaverroes.juntadeandalucia.es\/ceipsanfranciscoloja\/files\/2023\/09\/WhatsApp-Image-2023-09-29-at-09.25.34-1d-1-150x150.jpeg 150w, https:\/\/blogsaverroes.juntadeandalucia.es\/ceipsanfranciscoloja\/files\/2023\/09\/WhatsApp-Image-2023-09-29-at-09.25.34-1d-1-300x300.jpeg 300w, https:\/\/blogsaverroes.juntadeandalucia.es\/ceipsanfranciscoloja\/files\/2023\/09\/WhatsApp-Image-2023-09-29-at-09.25.34-1d-1.jpeg 757w\" sizes=\"(max-width: 247px) 100vw, 247px\" \/><a href=\"https:\/\/blogsaverroes.juntadeandalucia.es\/ceipsanfranciscoloja\/files\/2020\/08\/WhatsApp-Image-2020-08-03-at-18.06.16-1.jpeg\">&nbsp; &nbsp; &nbsp; &nbsp; &nbsp; &nbsp; &nbsp; &nbsp; &nbsp; &nbsp; &nbsp; &nbsp; &nbsp;<\/a><a href=\"https:\/\/blogsaverroes.juntadeandalucia.es\/ceipsanfranciscoloja\/files\/2020\/08\/WhatsApp-Image-2020-08-03-at-18.06.15.jpeg\"><img loading=\"lazy\" decoding=\"async\" class=\"alignnone wp-image-2263\" src=\"https:\/\/blogsaverroes.juntadeandalucia.es\/ceipsanfranciscoloja\/files\/2020\/08\/WhatsApp-Image-2020-08-03-at-18.06.15-225x300.jpeg\" alt=\"\" width=\"186\" height=\"248\"><\/a><\/strong><\/p>\n<p>&nbsp;<\/p>\n<p><strong>&nbsp;&nbsp;<\/strong><\/p>\n<p>&nbsp;<\/p>\n<p>&nbsp;<\/p>\n","protected":false},"excerpt":{"rendered":"<p>&nbsp; Direcci\u00f3n: Nuria Ortiz Guerrero&nbsp; &nbsp; &nbsp; Jefatura de estudios: Jos\u00e9 Miguel Garc\u00eda&nbsp; &nbsp; &nbsp; &nbsp; Secretar\u00eda: Margarita Ropero&nbsp; &nbsp; &nbsp; &nbsp; &nbsp; &nbsp; &nbsp;&hellip;<\/p>\n","protected":false},"author":1,"featured_media":0,"parent":0,"menu_order":0,"comment_status":"closed","ping_status":"open","template":"","meta":{"ngg_post_thumbnail":0,"footnotes":"","_mc_calendar":[]},"aioseo_notices":[],"_links":{"self":[{"href":"https:\/\/blogsaverroes.juntadeandalucia.es\/ceipsanfranciscoloja\/wp-json\/wp\/v2\/pages\/42"}],"collection":[{"href":"https:\/\/blogsaverroes.juntadeandalucia.es\/ceipsanfranciscoloja\/wp-json\/wp\/v2\/pages"}],"about":[{"href":"https:\/\/blogsaverroes.juntadeandalucia.es\/ceipsanfranciscoloja\/wp-json\/wp\/v2\/types\/page"}],"author":[{"embeddable":true,"href":"https:\/\/blogsaverroes.juntadeandalucia.es\/ceipsanfranciscoloja\/wp-json\/wp\/v2\/users\/1"}],"replies":[{"embeddable":true,"href":"https:\/\/blogsaverroes.juntadeandalucia.es\/ceipsanfranciscoloja\/wp-json\/wp\/v2\/comments?post=42"}],"version-history":[{"count":13,"href":"https:\/\/blogsaverroes.juntadeandalucia.es\/ceipsanfranciscoloja\/wp-json\/wp\/v2\/pages\/42\/revisions"}],"predecessor-version":[{"id":2499,"href":"https:\/\/blogsaverroes.juntadeandalucia.es\/ceipsanfranciscoloja\/wp-json\/wp\/v2\/pages\/42\/revisions\/2499"}],"wp:attachment":[{"href":"https:\/\/blogsaverroes.juntadeandalucia.es\/ceipsanfranciscoloja\/wp-json\/wp\/v2\/media?parent=42"}],"curies":[{"name":"wp","href":"https:\/\/api.w.org\/{rel}","templated":true}]}}