{"id":49,"date":"2015-03-13T08:47:05","date_gmt":"2015-03-13T08:47:05","guid":{"rendered":"http:\/\/blogsaverroes.juntadeandalucia.es\/pre\/ceip\/?page_id=49"},"modified":"2025-01-29T10:48:06","modified_gmt":"2025-01-29T10:48:06","slug":"proyecto-educativo","status":"publish","type":"page","link":"https:\/\/blogsaverroes.juntadeandalucia.es\/ceipsanfranciscoloja\/proyecto-educativo\/","title":{"rendered":"Plan de centro: Proyecto Educativo Proyecto Gesti\u00f3n y ROF"},"content":{"rendered":"<figure id=\"attachment_2323\" aria-describedby=\"caption-attachment-2323\" style=\"width: 249px\" class=\"wp-caption alignright\"><a href=\"https:\/\/drive.google.com\/file\/d\/1ZgSDAoTbaJcPghPJJ41nLUj_NXFdyUxD\/view?usp=sharing\"><img loading=\"lazy\" decoding=\"async\" class=\"wp-image-2323 size-full\" src=\"https:\/\/blogsaverroes.juntadeandalucia.es\/ceipsanfranciscoloja\/files\/2020\/11\/proyecto-antiguo.jpg\" alt=\"Proyecto educativo Antiguo 2011\" width=\"249\" height=\"202\" srcset=\"https:\/\/blogsaverroes.juntadeandalucia.es\/ceipsanfranciscoloja\/files\/2020\/11\/proyecto-antiguo.jpg 249w, https:\/\/blogsaverroes.juntadeandalucia.es\/ceipsanfranciscoloja\/files\/2020\/11\/proyecto-antiguo-24x19.jpg 24w, https:\/\/blogsaverroes.juntadeandalucia.es\/ceipsanfranciscoloja\/files\/2020\/11\/proyecto-antiguo-36x29.jpg 36w, https:\/\/blogsaverroes.juntadeandalucia.es\/ceipsanfranciscoloja\/files\/2020\/11\/proyecto-antiguo-48x39.jpg 48w\" sizes=\"(max-width: 249px) 100vw, 249px\" \/><\/a><figcaption id=\"caption-attachment-2323\" class=\"wp-caption-text\">Vigentes algunos apartados. V\u00e9ase Nuevo Proyecto<\/figcaption><\/figure>\n<figure id=\"attachment_2325\" aria-describedby=\"caption-attachment-2325\" style=\"width: 300px\" class=\"wp-caption alignright\"><a href=\"https:\/\/drive.google.com\/file\/d\/1tLJIfj_anBm7mXouKKZStb_YQuFVQIEM\/view?usp=sharing\" target=\"_blank\" rel=\"noopener noreferrer\"><img loading=\"lazy\" decoding=\"async\" class=\"wp-image-2325 size-medium\" title=\"Proyecto Gesti\u00f3n actualizado\" src=\"https:\/\/blogsaverroes.juntadeandalucia.es\/ceipsanfranciscoloja\/files\/2020\/11\/proyecto-gestion-300x105.jpg\" alt=\"Proyecto de Gesti\u00f3n\" width=\"300\" height=\"105\" srcset=\"https:\/\/blogsaverroes.juntadeandalucia.es\/ceipsanfranciscoloja\/files\/2020\/11\/proyecto-gestion-300x105.jpg 300w, https:\/\/blogsaverroes.juntadeandalucia.es\/ceipsanfranciscoloja\/files\/2020\/11\/proyecto-gestion-24x8.jpg 24w, https:\/\/blogsaverroes.juntadeandalucia.es\/ceipsanfranciscoloja\/files\/2020\/11\/proyecto-gestion-36x13.jpg 36w, https:\/\/blogsaverroes.juntadeandalucia.es\/ceipsanfranciscoloja\/files\/2020\/11\/proyecto-gestion-48x17.jpg 48w, https:\/\/blogsaverroes.juntadeandalucia.es\/ceipsanfranciscoloja\/files\/2020\/11\/proyecto-gestion.jpg 379w\" sizes=\"(max-width: 300px) 100vw, 300px\" \/><\/a><figcaption id=\"caption-attachment-2325\" class=\"wp-caption-text\">Proyecto de Gesti\u00f3n. Actualizado en 2019<\/figcaption><\/figure>\n<figure id=\"attachment_2415\" aria-describedby=\"caption-attachment-2415\" style=\"width: 150px\" class=\"wp-caption alignnone\"><a href=\"https:\/\/drive.google.com\/file\/d\/1eoA3zlkInueusEsQpTgebAANPMV0hSES\/view?usp=sharing\"><img loading=\"lazy\" decoding=\"async\" class=\"wp-image-2415 size-thumbnail\" src=\"https:\/\/blogsaverroes.juntadeandalucia.es\/ceipsanfranciscoloja\/files\/2021\/11\/rof-150x150.jpg\" alt=\"Reglamento Organizaci\u00f3n y Funcionamiento\" width=\"150\" height=\"150\"><\/a><figcaption id=\"caption-attachment-2415\" class=\"wp-caption-text\"><a href=\"https:\/\/drive.google.com\/file\/d\/12fxc-Pitvq0-hL0yviLtOyjJ5IMyzhw5\/view?usp=share_link\">Actualizado 2022<\/a><\/figcaption><\/figure>\n<p><span style=\"color: #000000\">NUESTRO PROYECTO EDUCATIVO 2022 <\/span>(POR APARTADOS <span style=\"color: #00ff00\">ACTUALIZADOS 2024<\/span>)<\/p>\n<ol>\n<li><span style=\"color: #00ff00\"><a style=\"color: #00ff00\" href=\"https:\/\/drive.google.com\/file\/d\/1BCCydyUlIvXUPfDP18fofMbD8SW8htDO\/view?usp=drive_link\" target=\"_blank\" rel=\"noopener noreferrer\">NUESTRO CENTRO: CARACTER\u00cdSTICAS, HORIZONTE Y FINALIDADES EDUCATIVAS<\/a><\/span><\/li>\n<li><span style=\"color: #00ff00\"><a style=\"color: #00ff00\" href=\"https:\/\/docs.google.com\/document\/d\/1Lf0GkjiPvuR8lkqputZcJfiSUriOmH3BzTaNQCZjFoA\/edit?usp=sharing\" target=\"_blank\" rel=\"noopener noreferrer\">OBJETIVOS PROPIOS PARA LA MEJORA DEL RENDIMIENTO ESCOLAR<\/a><\/span><\/li>\n<li><span style=\"color: #00ff00\"><a style=\"color: #00ff00\" href=\"https:\/\/docs.google.com\/document\/d\/1dFoYNkJoSiimqpqs3dWPSV1Cg5t65P5RzNVPOL6SNUs\/edit?usp=sharing\">L\u00cdNEAS DE ACTUACI\u00d3N PEDAG\u00d3GICA<\/a><\/span><\/li>\n<li><a href=\"https:\/\/docs.google.com\/document\/d\/1BEr1J76wZopwz6g7aquyToOS-WMou6-JZ0Q5kcja7S0\/edit?usp=sharing\"><span style=\"color: #00ff00\">COORDINACI\u00d3N Y CONCRECI\u00d3N CURRICULAR<\/span><\/a><\/li>\n<li><span style=\"color: #00ff00\"><a style=\"color: #00ff00\" href=\"https:\/\/drive.google.com\/file\/d\/1JqZBNjZYrspOZRG83FdnZYHvXtF5EnEI\/view?usp=share_link\" target=\"_blank\" rel=\"noopener noreferrer\">CRITERIOS PEDAG\u00d3GICOS PARA LA DETERMINACI\u00d3N DEL HORARIO DE DEDICACI\u00d3N DE LAS PERSONAS RESPONSABLES DE LOS \u00d3RGANOS DE COORDINACI\u00d3N DOCENTE.<\/a><\/span><\/li>\n<li><a href=\"https:\/\/docs.google.com\/document\/d\/1ASvpvhGFJ6pHoSTKmBhX9P6Hc_dRCeOFQcEzf4lwhtc\/edit?usp=sharing\" target=\"_blank\" rel=\"noopener noreferrer\"><span style=\"color: #00ff00\">PROCEDIMIENTOS Y CRITERIOS DE EVALUACI\u00d3N Y PROMOCI\u00d3N DEL ALUMNADO<\/span><\/a><\/li>\n<li><a href=\"https:\/\/drive.google.com\/file\/d\/1uuzWj47Si6tnvKWfUIqgWBkdqtFXiKgy\/view?usp=share_link\">PLAN DE ATENCI\u00d3N A LA DIVERSIDAD<\/a>.<\/li>\n<li><span style=\"color: #00ff00\"><a style=\"color: #00ff00\" href=\"https:\/\/drive.google.com\/file\/d\/1rhqGxjm3-KVqlFLyEpQLQr-wzWt2K0dF\/view?usp=share_link\" target=\"_blank\" rel=\"noopener noreferrer\">LA ORGANIZACI\u00d3N DE LAS ACTIVIDADES DE REFUERZO Y RECUPERACI\u00d3N.<\/a><\/span><\/li>\n<li><span style=\"color: #00ff00\"><a style=\"color: #00ff00\" href=\"https:\/\/docs.google.com\/document\/d\/1LtdbyPcRaua3dJ_4SHbPLQ9En_APMTv0R9rIglScRMo\/edit?usp=sharing\">POAT : PALN DE ORIENTACI\u00d3N Y ACCI\u00d3N TUTORIAL<\/a><\/span><\/li>\n<li><span style=\"color: #00ff00\"><a style=\"color: #00ff00\" href=\"https:\/\/docs.google.com\/document\/d\/1cAYAzfldGAg3cu6VZ6fPxPcCHD6s5jMWgiiG-YFL9Pg\/edit?usp=sharing\" target=\"_blank\" rel=\"noopener noreferrer\">EL PROCEDIMIENTO PARA SUSCRIBIR COMPROMISOS EDUCATIVOS Y DE CONVIVENCIA CON LAS FAMILIAS <\/a><\/span><\/li>\n<li><span style=\"color: #00ff00\"><a style=\"color: #00ff00\" href=\"https:\/\/docs.google.com\/document\/d\/1lNE3BIFoSpuTVDUK1U4RoWCbkfk5O1jTqOCyAy2Jh8s\/edit?usp=sharing\" target=\"_blank\" rel=\"noopener noreferrer\">EL PLAN DE CONVIVENCIA<\/a><\/span><\/li>\n<li><a href=\"https:\/\/docs.google.com\/document\/d\/13ML-o6DBqtrSHeRQz4kuBoY666wGEHVg3A0028Tf74E\/edit?usp=sharing\" target=\"_blank\" rel=\"noopener noreferrer\"><span style=\"color: #00ff00\">PLAN DE FORMACI\u00d3N DEL PROFESORADO<\/span>.<\/a><\/li>\n<li><a href=\"https:\/\/drive.google.com\/file\/d\/1dbzINTe3I1AUr9rjYWeg_rl62D73SRxN\/view?usp=share_link\">LOS CRITERIOS PARA ORGANIZAR Y DISTRIBUIR EL TIEMPO ESCOALR, AS\u00cd COMO LOS OBJETIVOS Y PROGRAMAS DE INTERVENCI\u00d3N EN EL TIEMPO EXTRAESCOLAR.<\/a><\/li>\n<li><span style=\"color: #00ff00\"><a style=\"color: #00ff00\" href=\"https:\/\/docs.google.com\/document\/d\/14E7XzM_ZiBNj8EGazPnu1FrAieVh2hU4y4OrLDC1q-Q\/edit?usp=sharing\">LOS PROCEDIMIENTOS DE EVALUACI\u00d3N INTERNA.<\/a><\/span><\/li>\n<li><span style=\"color: #00ff00\"><a style=\"color: #00ff00\" href=\"https:\/\/docs.google.com\/document\/d\/1rLwg0HJnRwJwUpuD5UpWVyEpY3_8HEU6fKXNmrzz0hA\/edit?usp=sharing\">CRITERIOS PARA ESTABLECER LOS AGRUPAMIENTOS DEL ALUMNADO Y LA ASIGNACI\u00d3N DE TUTOR\u00cdAS<\/a><\/span><\/li>\n<li><span style=\"color: #00ff00\"><a style=\"color: #00ff00\" href=\"https:\/\/docs.google.com\/document\/d\/1BvYcCPiGE1uC8QkJ02EasPOunXUSlmb2EqhquQMnwdY\/edit?usp=sharing\">LOS CRITERIOS GENERALES PARA ELABORAR LAS PROGRAMACIONES DID\u00c1CTICAS DE CADA UNA DE LAS \u00c1REAS DE E.PRIMARIA Y DE LA EDUCACI\u00d3N ESPECIAL Y LAS PROPUESTAS PEDAG\u00d3GICAS DE LA E. INFANTIL<\/a><\/span><\/li>\n<li>V\u00e9ase Proyecto Educativo anterior (Los siguientes planes actualizados):&nbsp;<\/li>\n<\/ol>\n<p><span style=\"color: #00ff00\"><a style=\"color: #00ff00\" href=\"https:\/\/docs.google.com\/document\/d\/14rC1bZLVbGJtIIwrzk_yVeRb8D20fMnUN3CjfU80KO8\/edit?usp=sharing\" target=\"_blank\" rel=\"noopener noreferrer\">17.2. Plan de Transformaci\u00f3n Digital<\/a><\/span><\/p>\n<p><a href=\"https:\/\/drive.google.com\/file\/d\/1H6uTBgh_NviIpr6wH3JMopDPK7TaX4QB\/view?usp=sharing\" target=\"_blank\" rel=\"noopener noreferrer\">17.8. Plan de Enfermedades Cr\u00f3nicas<\/a><\/p>\n<p><a href=\"https:\/\/drive.google.com\/file\/d\/1Kmi_WB2k3CGpNjvNmYwHh-ZR2TMW1bkw\/view?usp=sharing\">18.- PROTOCOLO DE BIENESTAR EMOCIONAL<\/a><\/p>\n<p>19.<a href=\"https:\/\/drive.google.com\/file\/d\/1EABtDBbBOSkfTqH0OD7AX2LTMQPSNWl1\/view?usp=drive_link\">-PLAN DE ACTUACI\u00d3N PARA LA LECTURA<\/a><\/p>\n<p>20.- Legislaci\u00f3n (pendiente actualizar completamente)<\/p>\n<p>&nbsp;<\/p>\n<p style=\"text-align: right\"><span style=\"color: #339966\">Aprobado en Consejo Escolar el 30\/11\/2020<\/span><\/p>\n","protected":false},"excerpt":{"rendered":"<p>NUESTRO PROYECTO EDUCATIVO 2022 (POR APARTADOS ACTUALIZADOS 2024) NUESTRO CENTRO: CARACTER\u00cdSTICAS, HORIZONTE Y FINALIDADES EDUCATIVAS OBJETIVOS PROPIOS PARA LA MEJORA DEL RENDIMIENTO ESCOLAR L\u00cdNEAS DE&hellip;<\/p>\n","protected":false},"author":1,"featured_media":0,"parent":0,"menu_order":0,"comment_status":"closed","ping_status":"open","template":"","meta":{"ngg_post_thumbnail":0,"footnotes":"","_mc_calendar":[]},"aioseo_notices":[],"_links":{"self":[{"href":"https:\/\/blogsaverroes.juntadeandalucia.es\/ceipsanfranciscoloja\/wp-json\/wp\/v2\/pages\/49"}],"collection":[{"href":"https:\/\/blogsaverroes.juntadeandalucia.es\/ceipsanfranciscoloja\/wp-json\/wp\/v2\/pages"}],"about":[{"href":"https:\/\/blogsaverroes.juntadeandalucia.es\/ceipsanfranciscoloja\/wp-json\/wp\/v2\/types\/page"}],"author":[{"embeddable":true,"href":"https:\/\/blogsaverroes.juntadeandalucia.es\/ceipsanfranciscoloja\/wp-json\/wp\/v2\/users\/1"}],"replies":[{"embeddable":true,"href":"https:\/\/blogsaverroes.juntadeandalucia.es\/ceipsanfranciscoloja\/wp-json\/wp\/v2\/comments?post=49"}],"version-history":[{"count":43,"href":"https:\/\/blogsaverroes.juntadeandalucia.es\/ceipsanfranciscoloja\/wp-json\/wp\/v2\/pages\/49\/revisions"}],"predecessor-version":[{"id":2687,"href":"https:\/\/blogsaverroes.juntadeandalucia.es\/ceipsanfranciscoloja\/wp-json\/wp\/v2\/pages\/49\/revisions\/2687"}],"wp:attachment":[{"href":"https:\/\/blogsaverroes.juntadeandalucia.es\/ceipsanfranciscoloja\/wp-json\/wp\/v2\/media?parent=49"}],"curies":[{"name":"wp","href":"https:\/\/api.w.org\/{rel}","templated":true}]}}