{"id":871,"date":"2015-03-16T07:25:46","date_gmt":"2015-03-16T07:25:46","guid":{"rendered":"http:\/\/blogsaverroes.juntadeandalucia.es\/pre\/ceip\/?page_id=106"},"modified":"2020-11-11T09:24:34","modified_gmt":"2020-11-11T09:24:34","slug":"actividades-extraescolares","status":"publish","type":"page","link":"https:\/\/blogsaverroes.juntadeandalucia.es\/ceipsanfranciscoloja\/actividades-extraescolares\/","title":{"rendered":"Actividades extraescolares y complementarias"},"content":{"rendered":"<p>En el Ceip San Francisco entendemos las actividades complementarias ( en horario lectivo) y las extraescolares (actividades fuera de horario lectivo) como oportunidades brindadas al alumnado de aprender con actividades distendidas, fuera de rutina, pero que a fin de cuentas complementan y dan sentido a lo aprendido.<\/p>\n<p>Es por ello que la apuesta por ampliar y complentar la educaci\u00f3n es firme.<\/p>\n<p>En este camino el Ampa del centro tambin comparte esta forma de entender esta modalidad de actividades y por esto organiza en el centro por las tardes actividades de este tipo.<\/p>\n<p>\u00b4Desde el centro se apuesta por acercar a nuestro alumnado al entorno mas cercano en los primeros a\u00f1os y as\u00ed ir viajando a contextos diversos en etapas superiores.&nbsp;<\/p>\n<p>Se muestra una programaci\u00f3n de actividades complementarias y extraescolares a continuaci\u00f3n:<\/p>\n<p>&nbsp;<\/p>\n<p><span style=\"color: #ff0000\">POR MOTIVOS DE LA&nbsp; SITUACI\u00d3N SANITARIA ACTUAL EN CONSEJO ESCOLAR SE APRUEBA QUE AL MENOS DURANTE EL PRIMER TRIMESTRE NO SE LLEVAR\u00c1N A CABO ESTE TIPO DE ACTIVIDADES. PUDIENDO INICIARLAS TRAS ESTE TIEMPO SI LA SITUACI\u00d3N SANITARIA LO RECOMIENDA.<\/span><\/p>\n<p>Gracias<\/p>\n","protected":false},"excerpt":{"rendered":"<p>En el Ceip San Francisco entendemos las actividades complementarias ( en horario lectivo) y las extraescolares (actividades fuera de horario lectivo) como oportunidades brindadas al&hellip;<\/p>\n","protected":false},"author":1,"featured_media":0,"parent":0,"menu_order":0,"comment_status":"closed","ping_status":"open","template":"","meta":{"ngg_post_thumbnail":0,"footnotes":"","_mc_calendar":[]},"aioseo_notices":[],"_links":{"self":[{"href":"https:\/\/blogsaverroes.juntadeandalucia.es\/ceipsanfranciscoloja\/wp-json\/wp\/v2\/pages\/871"}],"collection":[{"href":"https:\/\/blogsaverroes.juntadeandalucia.es\/ceipsanfranciscoloja\/wp-json\/wp\/v2\/pages"}],"about":[{"href":"https:\/\/blogsaverroes.juntadeandalucia.es\/ceipsanfranciscoloja\/wp-json\/wp\/v2\/types\/page"}],"author":[{"embeddable":true,"href":"https:\/\/blogsaverroes.juntadeandalucia.es\/ceipsanfranciscoloja\/wp-json\/wp\/v2\/users\/1"}],"replies":[{"embeddable":true,"href":"https:\/\/blogsaverroes.juntadeandalucia.es\/ceipsanfranciscoloja\/wp-json\/wp\/v2\/comments?post=871"}],"version-history":[{"count":8,"href":"https:\/\/blogsaverroes.juntadeandalucia.es\/ceipsanfranciscoloja\/wp-json\/wp\/v2\/pages\/871\/revisions"}],"predecessor-version":[{"id":2306,"href":"https:\/\/blogsaverroes.juntadeandalucia.es\/ceipsanfranciscoloja\/wp-json\/wp\/v2\/pages\/871\/revisions\/2306"}],"wp:attachment":[{"href":"https:\/\/blogsaverroes.juntadeandalucia.es\/ceipsanfranciscoloja\/wp-json\/wp\/v2\/media?parent=871"}],"curies":[{"name":"wp","href":"https:\/\/api.w.org\/{rel}","templated":true}]}}