{"id":872,"date":"2015-03-16T12:50:42","date_gmt":"2015-03-16T12:50:42","guid":{"rendered":"http:\/\/blogsaverroes.juntadeandalucia.es\/pre\/ceip\/?page_id=120"},"modified":"2021-02-25T12:50:12","modified_gmt":"2021-02-25T12:50:12","slug":"contactar","status":"publish","type":"page","link":"https:\/\/blogsaverroes.juntadeandalucia.es\/ceipsanfranciscoloja\/contactar\/","title":{"rendered":"Secretar\u00eda virtual Impresos"},"content":{"rendered":"<p>Existen diversos tr\u00e1mites a realizar de forma telem\u00e1tica.&nbsp;<\/p>\n<p>&nbsp;<\/p>\n<p><span style=\"color: #008000\"><strong>&nbsp;&nbsp; &nbsp; &nbsp; &nbsp; Enlace a la secretaria virtual de la Junta de Andaluc\u00eda:<\/strong><\/span><\/p>\n<p><a href=\"https:\/\/blogsaverroes.juntadeandalucia.es\/ceipsanfranciscoloja\/files\/2020\/11\/imagen-secretaria-virtual.png\" target=\"_blank\" rel=\"https:\/\/www.juntadeandalucia.es\/educacion\/secretariavirtual\/ noopener noreferrer\"><img loading=\"lazy\" decoding=\"async\" class=\"alignnone wp-image-2288 size-medium\" src=\"https:\/\/blogsaverroes.juntadeandalucia.es\/ceipsanfranciscoloja\/files\/2020\/11\/imagen-secretaria-virtual-300x68.png\" alt=\"https:\/\/www.juntadeandalucia.es\/educacion\/secretariavirtual\/\" width=\"300\" height=\"68\" srcset=\"https:\/\/blogsaverroes.juntadeandalucia.es\/ceipsanfranciscoloja\/files\/2020\/11\/imagen-secretaria-virtual-300x68.png 300w, https:\/\/blogsaverroes.juntadeandalucia.es\/ceipsanfranciscoloja\/files\/2020\/11\/imagen-secretaria-virtual-24x5.png 24w, https:\/\/blogsaverroes.juntadeandalucia.es\/ceipsanfranciscoloja\/files\/2020\/11\/imagen-secretaria-virtual-36x8.png 36w, https:\/\/blogsaverroes.juntadeandalucia.es\/ceipsanfranciscoloja\/files\/2020\/11\/imagen-secretaria-virtual-48x11.png 48w, https:\/\/blogsaverroes.juntadeandalucia.es\/ceipsanfranciscoloja\/files\/2020\/11\/imagen-secretaria-virtual.png 472w\" sizes=\"(max-width: 300px) 100vw, 300px\" \/><\/a><\/p>\n<p>&nbsp;<\/p>\n<figure id=\"attachment_2365\" aria-describedby=\"caption-attachment-2365\" style=\"width: 300px\" class=\"wp-caption alignnone\"><a href=\"https:\/\/www.juntadeandalucia.es\/educacion\/portals\/web\/escolarizacion\/novedades\/-\/normativas\/detalle\/decreto-21-2020-de-17-de-febrero-por-el-que-se-regulan-los-criterios-y-el-procedimiento-de-admision-del-alumnado-en-los\" target=\"_blank\" rel=\"https:\/\/www.juntadeandalucia.es\/educacion\/portals\/web\/escolarizacion\/novedades\/-\/normativas\/detalle\/decreto-21-2020-de-17-de-febrero-por-el-que-se-regulan-los-criterios-y-el-procedimiento-de-admision-del-alumnado-en-los noopener noreferrer\"><img loading=\"lazy\" decoding=\"async\" class=\"wp-image-2365 size-full\" src=\"https:\/\/blogsaverroes.juntadeandalucia.es\/ceipsanfranciscoloja\/files\/2021\/02\/ESCOLARIZACI\u00d3N.jpg\" alt=\"\" width=\"300\" height=\"168\"><\/a><figcaption id=\"caption-attachment-2365\" class=\"wp-caption-text\">Decreto 21\/2020, de 17 de febrero, por el que se regulan los criterios y el procedimiento de admisi\u00f3n del alumnado en los centros docentes p\u00fablicos y privados concertados para cursar las ense\u00f1anzas de segundo ciclo de educaci\u00f3n infantil, educaci\u00f3n primaria, educaci\u00f3n especial, educaci\u00f3n secundaria obligatoria y bachillerato.<\/figcaption><\/figure>\n<p>&nbsp;<\/p>\n","protected":false},"excerpt":{"rendered":"<p>Existen diversos tr\u00e1mites a realizar de forma telem\u00e1tica.&nbsp; &nbsp; &nbsp;&nbsp; &nbsp; &nbsp; &nbsp; Enlace a la secretaria virtual de la Junta de Andaluc\u00eda: &nbsp; &nbsp;<\/p>\n","protected":false},"author":1,"featured_media":0,"parent":0,"menu_order":0,"comment_status":"closed","ping_status":"open","template":"","meta":{"ngg_post_thumbnail":0,"footnotes":"","_mc_calendar":[]},"aioseo_notices":[],"_links":{"self":[{"href":"https:\/\/blogsaverroes.juntadeandalucia.es\/ceipsanfranciscoloja\/wp-json\/wp\/v2\/pages\/872"}],"collection":[{"href":"https:\/\/blogsaverroes.juntadeandalucia.es\/ceipsanfranciscoloja\/wp-json\/wp\/v2\/pages"}],"about":[{"href":"https:\/\/blogsaverroes.juntadeandalucia.es\/ceipsanfranciscoloja\/wp-json\/wp\/v2\/types\/page"}],"author":[{"embeddable":true,"href":"https:\/\/blogsaverroes.juntadeandalucia.es\/ceipsanfranciscoloja\/wp-json\/wp\/v2\/users\/1"}],"replies":[{"embeddable":true,"href":"https:\/\/blogsaverroes.juntadeandalucia.es\/ceipsanfranciscoloja\/wp-json\/wp\/v2\/comments?post=872"}],"version-history":[{"count":16,"href":"https:\/\/blogsaverroes.juntadeandalucia.es\/ceipsanfranciscoloja\/wp-json\/wp\/v2\/pages\/872\/revisions"}],"predecessor-version":[{"id":2375,"href":"https:\/\/blogsaverroes.juntadeandalucia.es\/ceipsanfranciscoloja\/wp-json\/wp\/v2\/pages\/872\/revisions\/2375"}],"wp:attachment":[{"href":"https:\/\/blogsaverroes.juntadeandalucia.es\/ceipsanfranciscoloja\/wp-json\/wp\/v2\/media?parent=872"}],"curies":[{"name":"wp","href":"https:\/\/api.w.org\/{rel}","templated":true}]}}