{"id":141,"date":"2015-03-17T07:13:24","date_gmt":"2015-03-17T07:13:24","guid":{"rendered":"http:\/\/blogsaverroes.juntadeandalucia.es\/pre\/ceip\/?page_id=141"},"modified":"2023-03-01T09:16:47","modified_gmt":"2023-03-01T09:16:47","slug":"escolarizacion","status":"publish","type":"page","link":"https:\/\/blogsaverroes.juntadeandalucia.es\/ceipsanginesdelajara\/escolarizacion\/","title":{"rendered":"Escolarizaci\u00f3n"},"content":{"rendered":"<p><a href=\"https:\/\/blogsaverroes.juntadeandalucia.es\/ceipsanginesdelajara\/files\/2021\/03\/Escolarizacion-2021.jpg\"><img loading=\"lazy\" decoding=\"async\" class=\"alignnone wp-image-2675\" src=\"https:\/\/blogsaverroes.juntadeandalucia.es\/ceipsanginesdelajara\/files\/2021\/03\/Escolarizacion-2021-300x100.jpg\" alt=\"\" width=\"384\" height=\"128\" srcset=\"https:\/\/blogsaverroes.juntadeandalucia.es\/ceipsanginesdelajara\/files\/2021\/03\/Escolarizacion-2021-300x100.jpg 300w, https:\/\/blogsaverroes.juntadeandalucia.es\/ceipsanginesdelajara\/files\/2021\/03\/Escolarizacion-2021-1024x342.jpg 1024w, https:\/\/blogsaverroes.juntadeandalucia.es\/ceipsanginesdelajara\/files\/2021\/03\/Escolarizacion-2021-768x256.jpg 768w, https:\/\/blogsaverroes.juntadeandalucia.es\/ceipsanginesdelajara\/files\/2021\/03\/Escolarizacion-2021.jpg 1501w\" sizes=\"(max-width: 384px) 100vw, 384px\" \/><\/a><\/p>\n<p>El colegio informa que <strong>Entre los d\u00edas 1 y 31 de marzo<\/strong>, ambos inclusive, permanecer\u00e1 abierto en Andaluc\u00eda el plazo para la presentaci\u00f3n de solicitudes de admisi\u00f3n correspondientes al curso escolar 2023\/24.&nbsp; Se inicia de este modo el proceso de escolarizaci\u00f3n en el que participan todos los ni\u00f1os y ni\u00f1as que se incorporan por primera vez al sistema educativo, tanto en centros p\u00fablicos como privados concertados, as\u00ed como el alumnado que cambie de centro escolar.<\/p>\n<p>El modelo de solicitud lo puede recoger en la Secretar\u00eda del Centro, en el apartado de secretar\u00eda del blog del centro o bien lo puede descargar de la p\u00e1gina web de la Consejer\u00eda de Educaci\u00f3n (tienen los enlaces debajo).<\/p>\n<p>Junto al impreso de solicitud deber\u00e1 traer una fotocopia de la hoja de inscripci\u00f3n en el libro de familia donde aparezca el ni\u00f1o o la ni\u00f1a, una fotocopia del DNI del padre y la madre.<\/p>\n<p>El horario de atenci\u00f3n en Secretar\u00eda es de 9:15 a 13:30 horas, de lunes a viernes.<\/p>\n<p><a title=\"Solicitud\" href=\"https:\/\/www.juntadeandalucia.es\/educacion\/portals\/delegate\/content\/7e1d7b27-eaa4-42e7-bfa3-ac436db80ed6\/ANEXO%20III\" target=\"_blank\" rel=\"noopener noreferrer\">Modelo de Solicitud<\/a><\/p>\n<p><a title=\"Portal escolarizaci\u00f3n\" href=\"https:\/\/www.juntadeandalucia.es\/educacion\/portals\/web\/escolarizacion\/infantil-a-bachillerato\" target=\"_blank\" rel=\"noopener noreferrer\">Enlace al portal de escolarizaci\u00f3n.<\/a><\/p>\n<p><a title=\"San Gin\u00e9s de la Jara\" href=\"https:\/\/blogsaverroes.juntadeandalucia.es\/ceipsanginesdelajara\/\" target=\"_blank\" rel=\"noopener noreferrer\">Blog C.E.I.P. San Gin\u00e9s de la Jara<\/a><\/p>\n","protected":false},"excerpt":{"rendered":"<p>El colegio informa que Entre los d\u00edas 1 y 31 de marzo, ambos inclusive, permanecer\u00e1 abierto en Andaluc\u00eda el plazo para la presentaci\u00f3n de solicitudes de admisi\u00f3n correspondientes al curso escolar 2023\/24.&nbsp; Se inicia&#46;&#46;&#46;<\/p>\n","protected":false},"author":1,"featured_media":0,"parent":0,"menu_order":0,"comment_status":"closed","ping_status":"open","template":"page-cs.php","meta":{"ngg_post_thumbnail":0,"footnotes":"","_mc_calendar":[]},"aioseo_notices":[],"_links":{"self":[{"href":"https:\/\/blogsaverroes.juntadeandalucia.es\/ceipsanginesdelajara\/wp-json\/wp\/v2\/pages\/141"}],"collection":[{"href":"https:\/\/blogsaverroes.juntadeandalucia.es\/ceipsanginesdelajara\/wp-json\/wp\/v2\/pages"}],"about":[{"href":"https:\/\/blogsaverroes.juntadeandalucia.es\/ceipsanginesdelajara\/wp-json\/wp\/v2\/types\/page"}],"author":[{"embeddable":true,"href":"https:\/\/blogsaverroes.juntadeandalucia.es\/ceipsanginesdelajara\/wp-json\/wp\/v2\/users\/1"}],"replies":[{"embeddable":true,"href":"https:\/\/blogsaverroes.juntadeandalucia.es\/ceipsanginesdelajara\/wp-json\/wp\/v2\/comments?post=141"}],"version-history":[{"count":11,"href":"https:\/\/blogsaverroes.juntadeandalucia.es\/ceipsanginesdelajara\/wp-json\/wp\/v2\/pages\/141\/revisions"}],"predecessor-version":[{"id":5135,"href":"https:\/\/blogsaverroes.juntadeandalucia.es\/ceipsanginesdelajara\/wp-json\/wp\/v2\/pages\/141\/revisions\/5135"}],"wp:attachment":[{"href":"https:\/\/blogsaverroes.juntadeandalucia.es\/ceipsanginesdelajara\/wp-json\/wp\/v2\/media?parent=141"}],"curies":[{"name":"wp","href":"https:\/\/api.w.org\/{rel}","templated":true}]}}