{"id":3324,"date":"2022-02-23T13:22:45","date_gmt":"2022-02-23T13:22:45","guid":{"rendered":"https:\/\/blogsaverroes.juntadeandalucia.es\/ceipsanginesdelajara\/?page_id=3324"},"modified":"2022-11-07T08:59:10","modified_gmt":"2022-11-07T08:59:10","slug":"septiembre","status":"publish","type":"page","link":"https:\/\/blogsaverroes.juntadeandalucia.es\/ceipsanginesdelajara\/planes-y-proyectos\/septiembre\/","title":{"rendered":"Septiembre"},"content":{"rendered":"<p><a href=\"https:\/\/blogsaverroes.juntadeandalucia.es\/ceipsanginesdelajara\/files\/2022\/02\/Banner-tres-logos.jpg\"><img loading=\"lazy\" decoding=\"async\" class=\"alignnone wp-image-3325\" src=\"https:\/\/blogsaverroes.juntadeandalucia.es\/ceipsanginesdelajara\/files\/2022\/02\/Banner-tres-logos-300x51.jpg\" alt=\"\" width=\"800\" height=\"136\" srcset=\"https:\/\/blogsaverroes.juntadeandalucia.es\/ceipsanginesdelajara\/files\/2022\/02\/Banner-tres-logos-300x51.jpg 300w, https:\/\/blogsaverroes.juntadeandalucia.es\/ceipsanginesdelajara\/files\/2022\/02\/Banner-tres-logos-1024x173.jpg 1024w, https:\/\/blogsaverroes.juntadeandalucia.es\/ceipsanginesdelajara\/files\/2022\/02\/Banner-tres-logos.jpg 1175w\" sizes=\"(max-width: 800px) 100vw, 800px\" \/><\/a><\/p>\n<p>Aqu\u00ed encontrar\u00e9is los documentos y actividades que podemos trabajar durante el mes de septiembre.<\/p>\n<h4><strong>Mensualmente y durante todo el curso llevaremos a cabo<\/strong><strong>&nbsp;un tabl\u00f3n de igualdad en el aula con los siguientes apartados:<\/strong><\/h4>\n<ul>\n<li style=\"list-style-type: none\">\n<ul>\n<li><strong>Personaje femenino protagonista.<\/strong> Cada mes se trabajar\u00e1 una de las mujeres recogidas en el calendario coeducativo: <a href=\"https:\/\/drive.google.com\/file\/d\/1ghr2dqU6EXDUP_UhYu0GOExjVNxETnCq\/view?usp=sharing\">\u201cCreciendo sin l\u00edmites. De ni\u00f1a a mujer\u201d<\/a>. Se leer\u00e1n sus biograf\u00edas, se investigar\u00e1 acerca de otras mujeres con trabajos similares y se pondr\u00e1n en com\u00fan los resultados. Os dejo tambi\u00e9n la <a href=\"https:\/\/drive.google.com\/file\/d\/1U6fMkBufy5e7FW9gCu1kaOUg_8IlE7cs\/view?usp=sharing\">Gu\u00eda Did\u00e1ctica completa.<\/a>\n<ul>\n<li>Este mes: <a href=\"https:\/\/drive.google.com\/file\/d\/1xdhmMbmetg81c4pqm0E81BT0Lws7_2TV\/view?usp=sharing\">Luc\u00eda Espejo Pedrosa<\/a>.\n<ul>\n<li><a href=\"https:\/\/drive.google.com\/file\/d\/1L_3ru4ng7H0n6sMVj7mNNCT-DgXkAOzx\/view?usp=sharing\">Actividades 1 y 2.<\/a><\/li>\n<li><a href=\"https:\/\/drive.google.com\/file\/d\/1Ub9IuCjMBGshDxAh_SluJN-iFuUiWEfh\/view?usp=sharing\">Actividad 2 y 3.<\/a><\/li>\n<li>Enlaces:\n<ul>\n<li><a href=\"https:\/\/www.youtube.com\/watch?v=0c02vcV4-_0\">Presentaci\u00f3n Luc\u00eda Espejo.<\/a><\/li>\n<li><a href=\"https:\/\/www.youtube.com\/watch?v=1l2jTFq4nd8\">Luc\u00eda Espejo, 1\u00aa alumna en presentar un TFM en lengua de signos.<\/a><\/li>\n<li><a href=\"https:\/\/www.youtube.com\/watch?v=H_yaK_O6LDg\">Luc\u00eda Espejo, 1\u00aa alumna en presentar un TFM en lengua de signos 2.<\/a><\/li>\n<li><a href=\"https:\/\/www.youtube.com\/watch?v=bjK26x0e3Z8\">Cortometraje \u00abEl circo de la Mariposa\u00bb. (Audio latino)<\/a><\/li>\n<li><a href=\"https:\/\/www.youtube.com\/watch?v=od2lg1ZC20s\">Cortometraje \u00abEl circo de la Mariposa\u00bb (Versi\u00f3n original subtitulada en espa\u00f1ol).<\/a><\/li>\n<\/ul>\n<\/li>\n<\/ul>\n<\/li>\n<\/ul>\n<\/li>\n<\/ul>\n<\/li>\n<\/ul>\n<p>&nbsp;<\/p>\n<p>A\u00d1O 2021-22<\/p>\n<p>Aqu\u00ed encontrar\u00e9is los documentos y actividades que podemos trabajar durante el mes de septiembre.<\/p>\n<h4><strong>Mensualmente y durante todo el curso llevaremos a cabo<\/strong><strong>&nbsp;un tabl\u00f3n de igualdad en el aula con los siguientes apartados:<\/strong><\/h4>\n<ul>\n<li style=\"list-style-type: none\">\n<ul>\n<li><strong>Peque\u00f1o diccionario coeducativo en Ed. Primaria.<\/strong> Cada mes se trabajar\u00e1 un t\u00e9rmino. Se puede incluir en el \u00e1rea de Lengua, Sociales, asamblea de clase\u2026 Se pueden ir anotando en un mural en clase a modo de diccionario coeducativo colectivo.\n<ul>\n<li>Este mes:&nbsp;<\/li>\n<\/ul>\n<\/li>\n<li><strong>Personaje femenino protagonista.<\/strong> Cada mes se trabajar\u00e1 una de las mujeres recogidas en el calendario coeducativo: <a href=\"https:\/\/drive.google.com\/file\/d\/1Nb2Hwq0DwUF0SgHjpUUd_GEtWU59Stb-\/view?usp=sharing\">\u201cViviendo su sue\u00f1o. El valor de ser mujer\u201d<\/a>. Se leer\u00e1n sus biograf\u00edas, se investigar\u00e1 acerca de otras mujeres con trabajos similares y se pondr\u00e1n en com\u00fan los resultados. Os dejo tambi\u00e9n la <a href=\"https:\/\/drive.google.com\/file\/d\/1AoBRCb1ablTUOtcqz67KDjRNFOr3NfVh\/view?usp=sharing\">Gu\u00eda Did\u00e1ctica completa<\/a>.\n<ul>\n<li>Este mes: <a href=\"https:\/\/drive.google.com\/file\/d\/19lIntfBSPpK3rur9hokJtfaF1oGyquHN\/view?usp=sharing\">Inmaculada Id\u00e1\u00f1ez Vargas<\/a>.\n<ul>\n<li><a href=\"https:\/\/drive.google.com\/file\/d\/1nMpD0Azc-XR1gMGKj8p3BMBcAz9xannb\/view?usp=sharing\">Actividad 1.<\/a><\/li>\n<li><a href=\"https:\/\/drive.google.com\/file\/d\/1Z31i7xVuetWTGeHrfxOEk7x-nY53h3s4\/view?usp=sharing\">Actividad 2 y 3. Enlaces.<\/a><\/li>\n<\/ul>\n<\/li>\n<\/ul>\n<\/li>\n<\/ul>\n<\/li>\n<\/ul>\n","protected":false},"excerpt":{"rendered":"<p>Aqu\u00ed encontrar\u00e9is los documentos y actividades que podemos trabajar durante el mes de septiembre. Mensualmente y durante todo el curso llevaremos a cabo&nbsp;un tabl\u00f3n de igualdad en el aula con los siguientes apartados: Personaje&#46;&#46;&#46;<\/p>\n","protected":false},"author":10716,"featured_media":0,"parent":44,"menu_order":1,"comment_status":"closed","ping_status":"closed","template":"","meta":{"ngg_post_thumbnail":0,"footnotes":"","_mc_calendar":[]},"aioseo_notices":[],"_links":{"self":[{"href":"https:\/\/blogsaverroes.juntadeandalucia.es\/ceipsanginesdelajara\/wp-json\/wp\/v2\/pages\/3324"}],"collection":[{"href":"https:\/\/blogsaverroes.juntadeandalucia.es\/ceipsanginesdelajara\/wp-json\/wp\/v2\/pages"}],"about":[{"href":"https:\/\/blogsaverroes.juntadeandalucia.es\/ceipsanginesdelajara\/wp-json\/wp\/v2\/types\/page"}],"author":[{"embeddable":true,"href":"https:\/\/blogsaverroes.juntadeandalucia.es\/ceipsanginesdelajara\/wp-json\/wp\/v2\/users\/10716"}],"replies":[{"embeddable":true,"href":"https:\/\/blogsaverroes.juntadeandalucia.es\/ceipsanginesdelajara\/wp-json\/wp\/v2\/comments?post=3324"}],"version-history":[{"count":6,"href":"https:\/\/blogsaverroes.juntadeandalucia.es\/ceipsanginesdelajara\/wp-json\/wp\/v2\/pages\/3324\/revisions"}],"predecessor-version":[{"id":4485,"href":"https:\/\/blogsaverroes.juntadeandalucia.es\/ceipsanginesdelajara\/wp-json\/wp\/v2\/pages\/3324\/revisions\/4485"}],"up":[{"embeddable":true,"href":"https:\/\/blogsaverroes.juntadeandalucia.es\/ceipsanginesdelajara\/wp-json\/wp\/v2\/pages\/44"}],"wp:attachment":[{"href":"https:\/\/blogsaverroes.juntadeandalucia.es\/ceipsanginesdelajara\/wp-json\/wp\/v2\/media?parent=3324"}],"curies":[{"name":"wp","href":"https:\/\/api.w.org\/{rel}","templated":true}]}}