{"id":3335,"date":"2022-02-23T13:29:19","date_gmt":"2022-02-23T13:29:19","guid":{"rendered":"https:\/\/blogsaverroes.juntadeandalucia.es\/ceipsanginesdelajara\/?page_id=3335"},"modified":"2022-11-07T17:11:00","modified_gmt":"2022-11-07T17:11:00","slug":"enero","status":"publish","type":"page","link":"https:\/\/blogsaverroes.juntadeandalucia.es\/ceipsanginesdelajara\/planes-y-proyectos\/enero\/","title":{"rendered":"Enero"},"content":{"rendered":"<p><a href=\"https:\/\/blogsaverroes.juntadeandalucia.es\/ceipsanginesdelajara\/files\/2022\/02\/Banner-tres-logos.jpg\"><img loading=\"lazy\" decoding=\"async\" class=\"alignnone wp-image-3325\" src=\"https:\/\/blogsaverroes.juntadeandalucia.es\/ceipsanginesdelajara\/files\/2022\/02\/Banner-tres-logos-300x51.jpg\" alt=\"\" width=\"812\" height=\"138\" srcset=\"https:\/\/blogsaverroes.juntadeandalucia.es\/ceipsanginesdelajara\/files\/2022\/02\/Banner-tres-logos-300x51.jpg 300w, https:\/\/blogsaverroes.juntadeandalucia.es\/ceipsanginesdelajara\/files\/2022\/02\/Banner-tres-logos-1024x173.jpg 1024w, https:\/\/blogsaverroes.juntadeandalucia.es\/ceipsanginesdelajara\/files\/2022\/02\/Banner-tres-logos.jpg 1175w\" sizes=\"(max-width: 812px) 100vw, 812px\" \/><\/a><\/p>\n<p>Aqu\u00ed encontrar\u00e9is los documentos y actividades que podemos trabajar durante el mes de octubre.<\/p>\n<h4><strong>Mensualmente y durante todo el curso llevaremos a cabo<\/strong><strong>&nbsp;un tabl\u00f3n de igualdad en el aula con los siguientes apartados:<\/strong><\/h4>\n<ul>\n<li style=\"list-style-type: none\">\n<ul>\n<li><strong>Personaje femenino protagonista.<\/strong>&nbsp;Cada mes se trabajar\u00e1 una de las mujeres recogidas en el calendario coeducativo:&nbsp;<a href=\"https:\/\/drive.google.com\/file\/d\/1ghr2dqU6EXDUP_UhYu0GOExjVNxETnCq\/view?usp=sharing\">\u201cCreciendo sin l\u00edmites: De ni\u00f1a a mujer\u201d<\/a>. Se leer\u00e1n sus biograf\u00edas, se investigar\u00e1 acerca de otras mujeres con trabajos similares y se pondr\u00e1n en com\u00fan los resultados. Os dejo tambi\u00e9n la&nbsp;<a href=\"https:\/\/drive.google.com\/file\/d\/1U6fMkBufy5e7FW9gCu1kaOUg_8IlE7cs\/view?usp=sharing\">Gu\u00eda Did\u00e1ctica completa.<\/a><\/li>\n<li><a href=\"https:\/\/drive.google.com\/file\/d\/1glSszk_BF39wHDoQl1BWeTtIgU-bxJFx\/view?usp=sharing\">Este mes: Lourdes Jim\u00e9nez Garc\u00eda.<\/a>\n<ul>\n<li><a href=\"https:\/\/drive.google.com\/file\/d\/1jLykjp4VpGVujQFoJkiKBHiPZU0xNm-z\/view?usp=sharing\">Actividades 1 y 2.<\/a><\/li>\n<li><a href=\"https:\/\/drive.google.com\/file\/d\/1dQaNZoGU3QW4CZo1XkMaIfLkGdMt-zd4\/view?usp=sharing\">Actividad 3.<\/a><\/li>\n<li>Enlaces:\n<ul>\n<li><a href=\"https:\/\/www.youtube.com\/watch?v=dofQhnG2oCs\">V\u00eddeo de presentaci\u00f3n de Lourdes.<\/a><\/li>\n<li><a href=\"https:\/\/www.juntadeandalucia.es\/institutodelamujer\/files\/Coeducacion\/GUIA%20DIDACTICA%20imprenta%20FINAL.indd.pdf\">Gu\u00eda did\u00e1ctica prevenci\u00f3n de g\u00e9nero (PDF).<\/a><\/li>\n<li><a href=\"https:\/\/www.juntadeandalucia.es\/ institutodelamujer\/files\/Coeducacion\/ Material%20complementario%20de%20 la%20guia%20IAM%20actualizado%20 noviembre%202021%20ULTIMO%20 DEFINITIVO.indd.pdf\">Material complementario para el alumando (PDF).<\/a><\/li>\n<\/ul>\n<\/li>\n<\/ul>\n<\/li>\n<\/ul>\n<\/li>\n<\/ul>\n<p>&nbsp;<\/p>\n<p>&nbsp;<\/p>\n<p>&nbsp;<\/p>\n<p>CURSO 2021-22<\/p>\n<p>Aqu\u00ed encontrar\u00e9is los documentos y actividades que podemos trabajar durante el mes de enero.<\/p>\n<h4><strong>Mensualmente y durante todo el curso llevaremos a cabo<\/strong><strong>&nbsp;un tabl\u00f3n de igualdad en el aula con los siguientes apartados:<\/strong><\/h4>\n<ul>\n<li style=\"list-style-type: none\">\n<ul>\n<li><strong>Peque\u00f1o diccionario coeducativo en Ed. Primaria.<\/strong> Cada mes se trabajar\u00e1 un t\u00e9rmino. Se puede incluir en el \u00e1rea de Lengua, Sociales, asamblea de clase\u2026 Se pueden ir anotando en un mural en clase a modo de diccionario coeducativo colectivo.\n<ul>\n<li>Este mes: <strong>PAZ.<\/strong><\/li>\n<\/ul>\n<\/li>\n<li><strong>Personaje femenino protagonista.<\/strong> Cada mes se trabajar\u00e1 una de las mujeres recogidas en el calendario coeducativo: <a href=\"https:\/\/drive.google.com\/file\/d\/1Nb2Hwq0DwUF0SgHjpUUd_GEtWU59Stb-\/view?usp=sharing\">\u201cViviendo su sue\u00f1o. El valor de ser mujer\u201d<\/a>. Se leer\u00e1n sus biograf\u00edas, se investigar\u00e1 acerca de otras mujeres con trabajos similares y se pondr\u00e1n en com\u00fan los resultados. Os dejo tambi\u00e9n la <a href=\"https:\/\/drive.google.com\/file\/d\/1AoBRCb1ablTUOtcqz67KDjRNFOr3NfVh\/view?usp=sharing\">Gu\u00eda Did\u00e1ctica completa<\/a>.\n<ul>\n<li>Este mes: <a href=\"https:\/\/drive.google.com\/file\/d\/14jnP3JgfcRj9JEa_zVCioqR1DO_WnTIT\/view?usp=sharing\">Hiba Malek<\/a>.\n<ul>\n<li><a href=\"https:\/\/drive.google.com\/file\/d\/10CnS87fhf_gC-rBL4ed0WcSWhdP5Bj0b\/view?usp=sharing\">Actividad 1.<\/a><\/li>\n<li><a href=\"https:\/\/drive.google.com\/file\/d\/1Iqz5WqvrqY5-nqdpxE_pRx-v_rs-lmK0\/view?usp=sharing\">Actividad 2 y enlaces.<\/a><\/li>\n<\/ul>\n<\/li>\n<\/ul>\n<\/li>\n<\/ul>\n<\/li>\n<\/ul>\n<p><strong>ACTIVIDADES DEL MES<\/strong><\/p>\n<p>Este mes celebramos el D\u00eda Escolar de la No Violencia y la Paz (30 de enero).<\/p>\n<p>Se realizar\u00e1n las actividades a lo largo de todo el mes para que est\u00e9n listas para la exposici\u00f3n que se llamar\u00e1 <strong>\u00abMujeres de Paz\u00bb.&nbsp;<\/strong>Los carteles ser\u00e1n colocados en las puertas de cada clase y podr\u00e1n ser visitados el d\u00eda 28.<\/p>\n<ul>\n<li>Cada clase trabajar\u00e1 una de las siguientes mujeres que contribuyeron y contribuyen a crear un mundo mejor desde diferente \u00e1mbitos. Se elaborar\u00e1 un cartel utilizando una cartulina grande incluyendo los<br \/>\nsiguientes datos:<\/p>\n<ul>\n<li style=\"list-style-type: none\">\n<ul>\n<li>Nombre en grande y foto.<\/li>\n<li>Lugar y fecha de nacimiento.<\/li>\n<li>Breve rese\u00f1a sobre su persona.<\/li>\n<li>Una oraci\u00f3n en may\u00fascula que la defina.<\/li>\n<\/ul>\n<\/li>\n<li>Infantil: <a href=\"https:\/\/youtu.be\/YLfg7ZCQK6c\">Frida Khalo.<\/a><\/li>\n<li>1\u00ba A: <a href=\"https:\/\/youtu.be\/JvaJuqu0ORA\">Teresa de Calculta.<\/a><\/li>\n<li>1\u00ba B: <a href=\"https:\/\/youtu.be\/19JqZbvIQc4\">Jane Goodall.<\/a><\/li>\n<li>2\u00ba A: <a href=\"https:\/\/youtu.be\/8zTSkHax_ms\">Malala Yousafzai.<\/a><\/li>\n<li>2\u00ba B: <a href=\"https:\/\/youtu.be\/mRh1qoxcVlo\">Mar\u00eda Montesori.<\/a><\/li>\n<li>3\u00ba A: <a href=\"https:\/\/youtu.be\/jM-eWamEu_0\">Clara Campoamor.<\/a><\/li>\n<li>3\u00ba B: <a href=\"https:\/\/youtu.be\/kcOtYWYwgNE\">Wangari Maathai<\/a><\/li>\n<li>4\u00ba A: <a href=\"https:\/\/www.europafm.com\/noticias\/musica\/rozalen-premio-nacional-musicas-actuales-2021_2021102161714a677125d00001adcae8.html\">Rozal\u00e9n<\/a>. Se puede elegir una canci\u00f3n y trabajarla en clase.<\/li>\n<li>4\u00ba B: <a href=\"https:\/\/blog.oxfamintermon.org\/conoce-a-las-mujeres-mas-influyentes-en-la-lucha-por-los-derechos-de-las-mujeres\/#Tawakkul_Karman\">Tawakkul Karmanl<\/a>.<\/li>\n<li>5\u00ba A: <a href=\"https:\/\/youtu.be\/uMvz-6Saplg\">Leymah Gbowee<\/a>.<\/li>\n<li>5\u00ba B: <a href=\"https:\/\/youtu.be\/AR1kwx8b0ms\">Berta C\u00e1ceres.<\/a><\/li>\n<li>6\u00ba A: <a href=\"https:\/\/youtu.be\/wVWDTcTTIrs\">Greta Thunberg.<\/a><\/li>\n<li>6\u00ba B: <a href=\"https:\/\/youtu.be\/dZIb9Go_skc\">Rigoberta Mench\u00fa.<\/a><\/li>\n<\/ul>\n<\/li>\n<\/ul>\n","protected":false},"excerpt":{"rendered":"<p>Aqu\u00ed encontrar\u00e9is los documentos y actividades que podemos trabajar durante el mes de octubre. Mensualmente y durante todo el curso llevaremos a cabo&nbsp;un tabl\u00f3n de igualdad en el aula con los siguientes apartados: Personaje&#46;&#46;&#46;<\/p>\n","protected":false},"author":10716,"featured_media":0,"parent":44,"menu_order":5,"comment_status":"closed","ping_status":"closed","template":"","meta":{"ngg_post_thumbnail":0,"footnotes":"","_mc_calendar":[]},"aioseo_notices":[],"_links":{"self":[{"href":"https:\/\/blogsaverroes.juntadeandalucia.es\/ceipsanginesdelajara\/wp-json\/wp\/v2\/pages\/3335"}],"collection":[{"href":"https:\/\/blogsaverroes.juntadeandalucia.es\/ceipsanginesdelajara\/wp-json\/wp\/v2\/pages"}],"about":[{"href":"https:\/\/blogsaverroes.juntadeandalucia.es\/ceipsanginesdelajara\/wp-json\/wp\/v2\/types\/page"}],"author":[{"embeddable":true,"href":"https:\/\/blogsaverroes.juntadeandalucia.es\/ceipsanginesdelajara\/wp-json\/wp\/v2\/users\/10716"}],"replies":[{"embeddable":true,"href":"https:\/\/blogsaverroes.juntadeandalucia.es\/ceipsanginesdelajara\/wp-json\/wp\/v2\/comments?post=3335"}],"version-history":[{"count":6,"href":"https:\/\/blogsaverroes.juntadeandalucia.es\/ceipsanginesdelajara\/wp-json\/wp\/v2\/pages\/3335\/revisions"}],"predecessor-version":[{"id":3377,"href":"https:\/\/blogsaverroes.juntadeandalucia.es\/ceipsanginesdelajara\/wp-json\/wp\/v2\/pages\/3335\/revisions\/3377"}],"up":[{"embeddable":true,"href":"https:\/\/blogsaverroes.juntadeandalucia.es\/ceipsanginesdelajara\/wp-json\/wp\/v2\/pages\/44"}],"wp:attachment":[{"href":"https:\/\/blogsaverroes.juntadeandalucia.es\/ceipsanginesdelajara\/wp-json\/wp\/v2\/media?parent=3335"}],"curies":[{"name":"wp","href":"https:\/\/api.w.org\/{rel}","templated":true}]}}