{"id":3337,"date":"2022-02-23T13:29:54","date_gmt":"2022-02-23T13:29:54","guid":{"rendered":"https:\/\/blogsaverroes.juntadeandalucia.es\/ceipsanginesdelajara\/?page_id=3337"},"modified":"2023-03-01T09:36:16","modified_gmt":"2023-03-01T09:36:16","slug":"febrero","status":"publish","type":"page","link":"https:\/\/blogsaverroes.juntadeandalucia.es\/ceipsanginesdelajara\/planes-y-proyectos\/febrero\/","title":{"rendered":"Febrero"},"content":{"rendered":"<p><a href=\"https:\/\/blogsaverroes.juntadeandalucia.es\/ceipsanginesdelajara\/files\/2022\/02\/Banner-tres-logos.jpg\"><img loading=\"lazy\" decoding=\"async\" class=\"alignnone wp-image-3325\" src=\"https:\/\/blogsaverroes.juntadeandalucia.es\/ceipsanginesdelajara\/files\/2022\/02\/Banner-tres-logos-300x51.jpg\" alt=\"\" width=\"824\" height=\"140\" srcset=\"https:\/\/blogsaverroes.juntadeandalucia.es\/ceipsanginesdelajara\/files\/2022\/02\/Banner-tres-logos-300x51.jpg 300w, https:\/\/blogsaverroes.juntadeandalucia.es\/ceipsanginesdelajara\/files\/2022\/02\/Banner-tres-logos-1024x173.jpg 1024w, https:\/\/blogsaverroes.juntadeandalucia.es\/ceipsanginesdelajara\/files\/2022\/02\/Banner-tres-logos-768x129.jpg 768w, https:\/\/blogsaverroes.juntadeandalucia.es\/ceipsanginesdelajara\/files\/2022\/02\/Banner-tres-logos.jpg 1175w\" sizes=\"(max-width: 824px) 100vw, 824px\" \/><\/a><\/p>\n<h4>NOVIEMBRE<\/h4>\n<p><strong>\u00abFeminista es cualquiera que reconozca la igualdad y la plena humanidad en mujeres y hombres\u00bb (<\/strong><a href=\"https:\/\/www.elle.com\/es\/living\/ocio-cultura\/a34997291\/gloria-steinem-feminismo-perfil\/\">Gloria Steinem<\/a><strong>).<\/strong><\/p>\n<p><strong>PALABRA:<\/strong> &nbsp;&nbsp;&nbsp;&nbsp;&nbsp;&nbsp;&nbsp;&nbsp;&nbsp;&nbsp;&nbsp;&nbsp;&nbsp;&nbsp;&nbsp;&nbsp;&nbsp;&nbsp;<strong>FEMINISMO<\/strong><\/p>\n<p><strong>PERSONAJE DEL MES:&nbsp; &nbsp; <\/strong><strong>M\u00aa \u00c1NGELES MART\u00cdN PRATS<\/strong><\/p>\n<p><strong>CANCI\u00d3N:<\/strong>&nbsp; &nbsp; &nbsp; <strong>SE ACABARON LAS L\u00c1GRIMAS<\/strong><\/p>\n<p>&nbsp;<a href=\"https:\/\/www.youtube.com\/watch?v=br1greLZ0qk\">https:\/\/www.youtube.com\/watch?v=br1greLZ0qk<\/a><\/p>\n<p><strong>LIBRO\/CUENTO:<\/strong> <strong>LA CENICIENTA QUE NO QUER\u00cdA COMER PERDICES<\/strong><\/p>\n<p><a href=\"https:\/\/www.youtube.com\/watch?v=LYGZ_OFt0d8\">https:\/\/www.youtube.com\/watch?v=LYGZ_OFt0d8<\/a><\/p>\n<p>El cuento f\u00edsico se pasar\u00e1 de&nbsp; una clase a otra..<\/p>\n<p><strong>ACTIVIDADES AULA:<\/strong><\/p>\n<p>Infantil: <strong>&nbsp;<\/strong><a href=\"https:\/\/www.lapizdeele.com\/feminismo\/#989898\">MEMORY &#8216;DILO EN FEMENINO&#8217;<\/a><\/p>\n<p>Primer ciclo: MEMORY &#8216;MUJERES\u201d<\/p>\n<p>Segundo ciclo: <a href=\"https:\/\/www.lapizdeele.com\/feminismo\/#309997\">M\u00d3VIL BIOGRAF\u00cdAS<\/a><\/p>\n<p>Tercer ciclo: <a href=\"https:\/\/www.lapizdeele.com\/feminismo\/#708881\">QUI\u00c9N ES QUI\u00c9N<\/a><\/p>\n<h4><strong>Mensualmente y durante todo el curso llevaremos a cabo<\/strong><strong>&nbsp;un tabl\u00f3n de igualdad en el aula con los siguientes apartados:<\/strong><\/h4>\n<ul>\n<li>\n<ul>\n<li><strong>Personaje femenino protagonista.<\/strong>&nbsp;Cada mes se trabajar\u00e1 una de las mujeres recogidas en el calendario coeducativo:&nbsp;<a href=\"https:\/\/drive.google.com\/file\/d\/1ghr2dqU6EXDUP_UhYu0GOExjVNxETnCq\/view?usp=sharing\">\u201cCreciendo sin l\u00edmites: De ni\u00f1a a mujer\u201d<\/a>. Se leer\u00e1n sus biograf\u00edas, se investigar\u00e1 acerca de otras mujeres con trabajos similares y se pondr\u00e1n en com\u00fan los resultados. Os dejo tambi\u00e9n la&nbsp;<a href=\"https:\/\/drive.google.com\/file\/d\/1U6fMkBufy5e7FW9gCu1kaOUg_8IlE7cs\/view?usp=sharing\">Gu\u00eda Did\u00e1ctica completa.<\/a><\/li>\n<\/ul>\n<\/li>\n<\/ul>\n<p>&nbsp;<\/p>\n<p>CURSO 2021-22<\/p>\n<p>Aqu\u00ed encontrar\u00e9is los documentos y actividades que podemos trabajar durante el mes de febrero.<\/p>\n<h4><strong>Mensualmente y durante todo el curso llevaremos a cabo<\/strong><strong>&nbsp;un tabl\u00f3n de igualdad en el aula con los siguientes apartados:<\/strong><\/h4>\n<ul>\n<li style=\"list-style-type: none\">\n<ul>\n<li><strong>Peque\u00f1o diccionario coeducativo en Ed. Primaria.<\/strong> Cada mes se trabajar\u00e1 un t\u00e9rmino. Se puede incluir en el \u00e1rea de Lengua, Sociales, asamblea de clase\u2026 Se pueden ir anotando en un mural en clase a modo de diccionario coeducativo colectivo.\n<ul>\n<li>Este mes:&nbsp;<\/li>\n<\/ul>\n<\/li>\n<li><strong>Personaje femenino protagonista.<\/strong> Cada mes se trabajar\u00e1 una de las mujeres recogidas en el calendario coeducativo: <a href=\"https:\/\/drive.google.com\/file\/d\/1Nb2Hwq0DwUF0SgHjpUUd_GEtWU59Stb-\/view?usp=sharing\">\u201cViviendo su sue\u00f1o. El valor de ser mujer\u201d<\/a>. Se leer\u00e1n sus biograf\u00edas, se investigar\u00e1 acerca de otras mujeres con trabajos similares y se pondr\u00e1n en com\u00fan los resultados. Os dejo tambi\u00e9n la <a href=\"https:\/\/drive.google.com\/file\/d\/1AoBRCb1ablTUOtcqz67KDjRNFOr3NfVh\/view?usp=sharing\">Gu\u00eda Did\u00e1ctica completa<\/a>.\n<ul>\n<li>Este mes: <a href=\"https:\/\/drive.google.com\/file\/d\/1_MdnfMYMwerUBwgRojTIcE8dmosqyk_P\/view?usp=sharing\">Marithania Silvero Casanova.<\/a>\n<ul>\n<li><a href=\"https:\/\/drive.google.com\/file\/d\/1yXSMJS4Y4dnUzoCjAd1dXdltDWs7XFlc\/view?usp=sharing\">Actividad 1.<\/a><\/li>\n<li><a href=\"https:\/\/drive.google.com\/file\/d\/1iRWkT9YTxBQoarUnLA70KX4T1PWQX__y\/view?usp=sharing\">Actividad 2 y enlaces.<\/a><\/li>\n<\/ul>\n<\/li>\n<\/ul>\n<\/li>\n<\/ul>\n<\/li>\n<\/ul>\n","protected":false},"excerpt":{"rendered":"<p>NOVIEMBRE \u00abFeminista es cualquiera que reconozca la igualdad y la plena humanidad en mujeres y hombres\u00bb (Gloria Steinem). PALABRA: &nbsp;&nbsp;&nbsp;&nbsp;&nbsp;&nbsp;&nbsp;&nbsp;&nbsp;&nbsp;&nbsp;&nbsp;&nbsp;&nbsp;&nbsp;&nbsp;&nbsp;&nbsp;FEMINISMO PERSONAJE DEL MES:&nbsp; &nbsp; M\u00aa \u00c1NGELES MART\u00cdN PRATS CANCI\u00d3N:&nbsp; &nbsp; &nbsp; SE ACABARON LAS&#46;&#46;&#46;<\/p>\n","protected":false},"author":10716,"featured_media":0,"parent":44,"menu_order":6,"comment_status":"closed","ping_status":"closed","template":"","meta":{"ngg_post_thumbnail":0,"footnotes":"","_mc_calendar":[]},"aioseo_notices":[],"_links":{"self":[{"href":"https:\/\/blogsaverroes.juntadeandalucia.es\/ceipsanginesdelajara\/wp-json\/wp\/v2\/pages\/3337"}],"collection":[{"href":"https:\/\/blogsaverroes.juntadeandalucia.es\/ceipsanginesdelajara\/wp-json\/wp\/v2\/pages"}],"about":[{"href":"https:\/\/blogsaverroes.juntadeandalucia.es\/ceipsanginesdelajara\/wp-json\/wp\/v2\/types\/page"}],"author":[{"embeddable":true,"href":"https:\/\/blogsaverroes.juntadeandalucia.es\/ceipsanginesdelajara\/wp-json\/wp\/v2\/users\/10716"}],"replies":[{"embeddable":true,"href":"https:\/\/blogsaverroes.juntadeandalucia.es\/ceipsanginesdelajara\/wp-json\/wp\/v2\/comments?post=3337"}],"version-history":[{"count":5,"href":"https:\/\/blogsaverroes.juntadeandalucia.es\/ceipsanginesdelajara\/wp-json\/wp\/v2\/pages\/3337\/revisions"}],"predecessor-version":[{"id":5136,"href":"https:\/\/blogsaverroes.juntadeandalucia.es\/ceipsanginesdelajara\/wp-json\/wp\/v2\/pages\/3337\/revisions\/5136"}],"up":[{"embeddable":true,"href":"https:\/\/blogsaverroes.juntadeandalucia.es\/ceipsanginesdelajara\/wp-json\/wp\/v2\/pages\/44"}],"wp:attachment":[{"href":"https:\/\/blogsaverroes.juntadeandalucia.es\/ceipsanginesdelajara\/wp-json\/wp\/v2\/media?parent=3337"}],"curies":[{"name":"wp","href":"https:\/\/api.w.org\/{rel}","templated":true}]}}