{"id":3341,"date":"2022-02-23T13:31:20","date_gmt":"2022-02-23T13:31:20","guid":{"rendered":"https:\/\/blogsaverroes.juntadeandalucia.es\/ceipsanginesdelajara\/?page_id=3341"},"modified":"2022-11-07T16:54:18","modified_gmt":"2022-11-07T16:54:18","slug":"abril","status":"publish","type":"page","link":"https:\/\/blogsaverroes.juntadeandalucia.es\/ceipsanginesdelajara\/planes-y-proyectos\/abril\/","title":{"rendered":"Abril"},"content":{"rendered":"<p><a href=\"https:\/\/blogsaverroes.juntadeandalucia.es\/ceipsanginesdelajara\/files\/2022\/02\/Banner-tres-logos.jpg\"><img loading=\"lazy\" decoding=\"async\" class=\"alignnone wp-image-3325\" src=\"https:\/\/blogsaverroes.juntadeandalucia.es\/ceipsanginesdelajara\/files\/2022\/02\/Banner-tres-logos-300x51.jpg\" alt=\"\" width=\"800\" height=\"136\" srcset=\"https:\/\/blogsaverroes.juntadeandalucia.es\/ceipsanginesdelajara\/files\/2022\/02\/Banner-tres-logos-300x51.jpg 300w, https:\/\/blogsaverroes.juntadeandalucia.es\/ceipsanginesdelajara\/files\/2022\/02\/Banner-tres-logos-1024x173.jpg 1024w, https:\/\/blogsaverroes.juntadeandalucia.es\/ceipsanginesdelajara\/files\/2022\/02\/Banner-tres-logos.jpg 1175w\" sizes=\"(max-width: 800px) 100vw, 800px\" \/><\/a><\/p>\n<p>Aqu\u00ed encontrar\u00e9is los documentos y actividades que podemos trabajar durante el mes de octubre.<\/p>\n<h4><strong>Mensualmente y durante todo el curso llevaremos a cabo<\/strong><strong>&nbsp;un tabl\u00f3n de igualdad en el aula con los siguientes apartados:<\/strong><\/h4>\n<ul>\n<li>\n<ul>\n<li><strong>Personaje femenino protagonista.<\/strong>&nbsp;Cada mes se trabajar\u00e1 una de las mujeres recogidas en el calendario coeducativo:&nbsp;<a href=\"https:\/\/drive.google.com\/file\/d\/1ghr2dqU6EXDUP_UhYu0GOExjVNxETnCq\/view?usp=sharing\">\u201cCreciendo sin l\u00edmites: De ni\u00f1a a mujer\u201d<\/a>. Se leer\u00e1n sus biograf\u00edas, se investigar\u00e1 acerca de otras mujeres con trabajos similares y se pondr\u00e1n en com\u00fan los resultados. Os dejo tambi\u00e9n la&nbsp;<a href=\"https:\/\/drive.google.com\/file\/d\/1U6fMkBufy5e7FW9gCu1kaOUg_8IlE7cs\/view?usp=sharing\">Gu\u00eda Did\u00e1ctica completa.<\/a><\/li>\n<\/ul>\n<\/li>\n<\/ul>\n<p>&nbsp;<\/p>\n<p>&nbsp;<\/p>\n<p>CURSO 2021-22<\/p>\n<p>Aqu\u00ed encontrar\u00e9is los documentos y actividades que podemos trabajar durante el mes de abril.<\/p>\n<h4><strong>Mensualmente y durante todo el curso llevaremos a cabo<\/strong><strong>&nbsp;un tabl\u00f3n de igualdad en el aula con los siguientes apartados:<\/strong><\/h4>\n<ul>\n<li style=\"list-style-type: none\">\n<ul>\n<li><strong>Peque\u00f1o diccionario coeducativo en Ed. Primaria.<\/strong> Cada mes se trabajar\u00e1 un t\u00e9rmino. Se puede incluir en el \u00e1rea de Lengua, Sociales, asamblea de clase\u2026 Se pueden ir anotando en un mural en clase a modo de diccionario coeducativo colectivo.\n<ul>\n<li>Este mes: <strong>Lenguaje Inclusivo = <\/strong>Se entiende la manera de expresarse oralmente y por escrito sin discriminar a un sexo, g\u00e9nero social o identidad de g\u00e9nero en particular y sin perpetuar estereotipos de g\u00e9nero.<\/li>\n<\/ul>\n<\/li>\n<li><strong>Personaje femenino protagonista.<\/strong> Cada mes se trabajar\u00e1 una de las mujeres recogidas en el calendario coeducativo: <a href=\"https:\/\/drive.google.com\/file\/d\/1Nb2Hwq0DwUF0SgHjpUUd_GEtWU59Stb-\/view?usp=sharing\">\u201cViviendo su sue\u00f1o. El valor de ser mujer\u201d<\/a>. Se leer\u00e1n sus biograf\u00edas, se investigar\u00e1 acerca de otras mujeres con trabajos similares y se pondr\u00e1n en com\u00fan los resultados. Os dejo tambi\u00e9n la <a href=\"https:\/\/drive.google.com\/file\/d\/1AoBRCb1ablTUOtcqz67KDjRNFOr3NfVh\/view?usp=sharing\">Gu\u00eda Did\u00e1ctica completa<\/a>.\n<ul>\n<li>Este mes: <a href=\"https:\/\/drive.google.com\/file\/d\/1lsjq4LjyiMhVl9uDRkejAnAfmai1VtUr\/view?usp=sharing\">Remedios Zafra Alcaraz.<\/a>\n<ul>\n<li><a href=\"https:\/\/drive.google.com\/file\/d\/1ktrJ9kwx8dP5R5ccF4tvQFRovKKqDVh_\/view?usp=sharing\">Actividad 1<\/a>.<\/li>\n<li><a href=\"https:\/\/drive.google.com\/file\/d\/1kVtTmtOvmgSfk6ooAbzQ9pBLoDZJY_vX\/view?usp=sharing\">Actividad 2 y enlaces.<\/a><\/li>\n<\/ul>\n<\/li>\n<\/ul>\n<\/li>\n<\/ul>\n<\/li>\n<\/ul>\n<p><strong>Adem\u00e1s, este mes trabajaremos el: D\u00eda Internacional del libro &#8211; 23 de abril.<\/strong><\/p>\n<ul>\n<li><strong>Actividad:<\/strong> investigaremos acerca de <strong>Carmen de Burgos y Segu\u00ed<\/strong> y elaboraremos un mural en clase que incluya las siguientes preguntas:\n<ul>\n<li>\u00bfQui\u00e9n era?<\/li>\n<li>\u00bfCu\u00e1ndo naci\u00f3?<\/li>\n<li>\u00bfD\u00f3nde vivi\u00f3?<\/li>\n<li>\u00bfPor qu\u00e9 no pod\u00eda firmar sus trabajos con su propio nombre?<\/li>\n<li>\u00bfConoces a m\u00e1s escritoras en la misma situaci\u00f3n?<\/li>\n<\/ul>\n<\/li>\n<li><strong>Terminamos escribiendo un breve texto continuando el titulo \u201cSi yo fuera Carmen de <\/strong><strong>Burgos y Segu\u00ed\u2026<\/strong>\u201d y concluirlo con un dibujo o imagen de la escritora. Pod\u00e9is incluirlo en el mural<br \/>\nde Igualdad.<\/li>\n<\/ul>\n","protected":false},"excerpt":{"rendered":"<p>Aqu\u00ed encontrar\u00e9is los documentos y actividades que podemos trabajar durante el mes de octubre. Mensualmente y durante todo el curso llevaremos a cabo&nbsp;un tabl\u00f3n de igualdad en el aula con los siguientes apartados: Personaje&#46;&#46;&#46;<\/p>\n","protected":false},"author":10716,"featured_media":0,"parent":44,"menu_order":8,"comment_status":"closed","ping_status":"closed","template":"","meta":{"ngg_post_thumbnail":0,"footnotes":"","_mc_calendar":[]},"aioseo_notices":[],"_links":{"self":[{"href":"https:\/\/blogsaverroes.juntadeandalucia.es\/ceipsanginesdelajara\/wp-json\/wp\/v2\/pages\/3341"}],"collection":[{"href":"https:\/\/blogsaverroes.juntadeandalucia.es\/ceipsanginesdelajara\/wp-json\/wp\/v2\/pages"}],"about":[{"href":"https:\/\/blogsaverroes.juntadeandalucia.es\/ceipsanginesdelajara\/wp-json\/wp\/v2\/types\/page"}],"author":[{"embeddable":true,"href":"https:\/\/blogsaverroes.juntadeandalucia.es\/ceipsanginesdelajara\/wp-json\/wp\/v2\/users\/10716"}],"replies":[{"embeddable":true,"href":"https:\/\/blogsaverroes.juntadeandalucia.es\/ceipsanginesdelajara\/wp-json\/wp\/v2\/comments?post=3341"}],"version-history":[{"count":6,"href":"https:\/\/blogsaverroes.juntadeandalucia.es\/ceipsanginesdelajara\/wp-json\/wp\/v2\/pages\/3341\/revisions"}],"predecessor-version":[{"id":4492,"href":"https:\/\/blogsaverroes.juntadeandalucia.es\/ceipsanginesdelajara\/wp-json\/wp\/v2\/pages\/3341\/revisions\/4492"}],"up":[{"embeddable":true,"href":"https:\/\/blogsaverroes.juntadeandalucia.es\/ceipsanginesdelajara\/wp-json\/wp\/v2\/pages\/44"}],"wp:attachment":[{"href":"https:\/\/blogsaverroes.juntadeandalucia.es\/ceipsanginesdelajara\/wp-json\/wp\/v2\/media?parent=3341"}],"curies":[{"name":"wp","href":"https:\/\/api.w.org\/{rel}","templated":true}]}}