{"id":3343,"date":"2022-02-23T13:32:03","date_gmt":"2022-02-23T13:32:03","guid":{"rendered":"https:\/\/blogsaverroes.juntadeandalucia.es\/ceipsanginesdelajara\/?page_id=3343"},"modified":"2022-11-07T16:55:01","modified_gmt":"2022-11-07T16:55:01","slug":"mayo","status":"publish","type":"page","link":"https:\/\/blogsaverroes.juntadeandalucia.es\/ceipsanginesdelajara\/planes-y-proyectos\/mayo\/","title":{"rendered":"Mayo"},"content":{"rendered":"<p><a href=\"https:\/\/blogsaverroes.juntadeandalucia.es\/ceipsanginesdelajara\/files\/2022\/02\/Banner-tres-logos.jpg\"><img loading=\"lazy\" decoding=\"async\" class=\"alignnone wp-image-3325\" src=\"https:\/\/blogsaverroes.juntadeandalucia.es\/ceipsanginesdelajara\/files\/2022\/02\/Banner-tres-logos-300x51.jpg\" alt=\"\" width=\"912\" height=\"155\" srcset=\"https:\/\/blogsaverroes.juntadeandalucia.es\/ceipsanginesdelajara\/files\/2022\/02\/Banner-tres-logos-300x51.jpg 300w, https:\/\/blogsaverroes.juntadeandalucia.es\/ceipsanginesdelajara\/files\/2022\/02\/Banner-tres-logos-1024x173.jpg 1024w, https:\/\/blogsaverroes.juntadeandalucia.es\/ceipsanginesdelajara\/files\/2022\/02\/Banner-tres-logos.jpg 1175w\" sizes=\"(max-width: 912px) 100vw, 912px\" \/><\/a><\/p>\n<p>Aqu\u00ed encontrar\u00e9is los documentos y actividades que podemos trabajar durante el mes de octubre.<\/p>\n<h4><strong>Mensualmente y durante todo el curso llevaremos a cabo<\/strong><strong>&nbsp;un tabl\u00f3n de igualdad en el aula con los siguientes apartados:<\/strong><\/h4>\n<ul>\n<li>\n<ul>\n<li><strong>Personaje femenino protagonista.<\/strong>&nbsp;Cada mes se trabajar\u00e1 una de las mujeres recogidas en el calendario coeducativo:&nbsp;<a href=\"https:\/\/drive.google.com\/file\/d\/1ghr2dqU6EXDUP_UhYu0GOExjVNxETnCq\/view?usp=sharing\">\u201cCreciendo sin l\u00edmites: De ni\u00f1a a mujer\u201d<\/a>. Se leer\u00e1n sus biograf\u00edas, se investigar\u00e1 acerca de otras mujeres con trabajos similares y se pondr\u00e1n en com\u00fan los resultados. Os dejo tambi\u00e9n la&nbsp;<a href=\"https:\/\/drive.google.com\/file\/d\/1U6fMkBufy5e7FW9gCu1kaOUg_8IlE7cs\/view?usp=sharing\">Gu\u00eda Did\u00e1ctica completa.<\/a><\/li>\n<\/ul>\n<\/li>\n<\/ul>\n<p>&nbsp;<\/p>\n<p>CURSO 2021-22<\/p>\n<p>Aqu\u00ed encontrar\u00e9is los documentos y actividades que podemos trabajar durante el mes de mayo.<\/p>\n<h4><strong>Mensualmente y durante todo el curso llevaremos a cabo<\/strong><strong>&nbsp;un tabl\u00f3n de igualdad en el aula con los siguientes apartados:<\/strong><\/h4>\n<ul>\n<li style=\"list-style-type: none\">\n<ul>\n<li><strong>Peque\u00f1o diccionario coeducativo en Ed. Primaria.<\/strong> Cada mes se trabajar\u00e1 un t\u00e9rmino. Se puede incluir en el \u00e1rea de Lengua, Sociales, asamblea de clase\u2026 Se pueden ir anotando en un mural en clase a modo de diccionario coeducativo colectivo.\n<ul>\n<li>Este mes:&nbsp;<\/li>\n<\/ul>\n<\/li>\n<li><strong>Personaje femenino protagonista.<\/strong> Cada mes se trabajar\u00e1 una de las mujeres recogidas en el calendario coeducativo: <a href=\"https:\/\/drive.google.com\/file\/d\/1Nb2Hwq0DwUF0SgHjpUUd_GEtWU59Stb-\/view?usp=sharing\">\u201cViviendo su sue\u00f1o. El valor de ser mujer\u201d<\/a>. Se leer\u00e1n sus biograf\u00edas, se investigar\u00e1 acerca de otras mujeres con trabajos similares y se pondr\u00e1n en com\u00fan los resultados. Os dejo tambi\u00e9n la <a href=\"https:\/\/drive.google.com\/file\/d\/1AoBRCb1ablTUOtcqz67KDjRNFOr3NfVh\/view?usp=sharing\">Gu\u00eda Did\u00e1ctica completa<\/a>.\n<ul>\n<li>Este mes: <a href=\"https:\/\/drive.google.com\/file\/d\/1YGtdMU78WuS2jMye9V6YDSElG5LRWwBl\/view?usp=sharing\">Laura Baena Fern\u00e1ndez<\/a>.\n<ul>\n<li><a href=\"https:\/\/drive.google.com\/file\/d\/1O8iXmD5-FqkkHMj_o_sVhigh1tzoqKTW\/view?usp=sharing\">Actividad 1<\/a>.<\/li>\n<li><a href=\"https:\/\/drive.google.com\/file\/d\/1E4aDNDqNL311aHzi-t-mFuCNm74pCWat\/view?usp=sharing\">Actividad 2 y 3. Enlaces.<\/a><\/li>\n<\/ul>\n<\/li>\n<\/ul>\n<\/li>\n<\/ul>\n<\/li>\n<\/ul>\n","protected":false},"excerpt":{"rendered":"<p>Aqu\u00ed encontrar\u00e9is los documentos y actividades que podemos trabajar durante el mes de octubre. Mensualmente y durante todo el curso llevaremos a cabo&nbsp;un tabl\u00f3n de igualdad en el aula con los siguientes apartados: Personaje&#46;&#46;&#46;<\/p>\n","protected":false},"author":10716,"featured_media":0,"parent":44,"menu_order":9,"comment_status":"closed","ping_status":"closed","template":"","meta":{"ngg_post_thumbnail":0,"footnotes":"","_mc_calendar":[]},"aioseo_notices":[],"_links":{"self":[{"href":"https:\/\/blogsaverroes.juntadeandalucia.es\/ceipsanginesdelajara\/wp-json\/wp\/v2\/pages\/3343"}],"collection":[{"href":"https:\/\/blogsaverroes.juntadeandalucia.es\/ceipsanginesdelajara\/wp-json\/wp\/v2\/pages"}],"about":[{"href":"https:\/\/blogsaverroes.juntadeandalucia.es\/ceipsanginesdelajara\/wp-json\/wp\/v2\/types\/page"}],"author":[{"embeddable":true,"href":"https:\/\/blogsaverroes.juntadeandalucia.es\/ceipsanginesdelajara\/wp-json\/wp\/v2\/users\/10716"}],"replies":[{"embeddable":true,"href":"https:\/\/blogsaverroes.juntadeandalucia.es\/ceipsanginesdelajara\/wp-json\/wp\/v2\/comments?post=3343"}],"version-history":[{"count":4,"href":"https:\/\/blogsaverroes.juntadeandalucia.es\/ceipsanginesdelajara\/wp-json\/wp\/v2\/pages\/3343\/revisions"}],"predecessor-version":[{"id":4493,"href":"https:\/\/blogsaverroes.juntadeandalucia.es\/ceipsanginesdelajara\/wp-json\/wp\/v2\/pages\/3343\/revisions\/4493"}],"up":[{"embeddable":true,"href":"https:\/\/blogsaverroes.juntadeandalucia.es\/ceipsanginesdelajara\/wp-json\/wp\/v2\/pages\/44"}],"wp:attachment":[{"href":"https:\/\/blogsaverroes.juntadeandalucia.es\/ceipsanginesdelajara\/wp-json\/wp\/v2\/media?parent=3343"}],"curies":[{"name":"wp","href":"https:\/\/api.w.org\/{rel}","templated":true}]}}