{"id":49,"date":"2015-03-13T08:47:05","date_gmt":"2015-03-13T08:47:05","guid":{"rendered":"http:\/\/blogsaverroes.juntadeandalucia.es\/pre\/ceip\/?page_id=49"},"modified":"2021-09-10T21:08:34","modified_gmt":"2021-09-10T21:08:34","slug":"proyecto-educativo","status":"publish","type":"page","link":"https:\/\/blogsaverroes.juntadeandalucia.es\/ceipsanginesdelajara\/proyecto-educativo\/","title":{"rendered":"Proyecto Educativo"},"content":{"rendered":"<p><img loading=\"lazy\" decoding=\"async\" class=\"alignnone size-medium wp-image-1662\" src=\"https:\/\/blogsaverroes.juntadeandalucia.es\/ceipsanginesdelajara\/files\/2015\/03\/proyecto-300x266.png\" alt=\"proyecto\" width=\"300\" height=\"266\" srcset=\"https:\/\/blogsaverroes.juntadeandalucia.es\/ceipsanginesdelajara\/files\/2015\/03\/proyecto-300x266.png 300w, https:\/\/blogsaverroes.juntadeandalucia.es\/ceipsanginesdelajara\/files\/2015\/03\/proyecto.png 640w\" sizes=\"(max-width: 300px) 100vw, 300px\" \/><\/p>\n<p>Un centro se define en gran medida por su <strong>Proyecto Educativo<\/strong>. En \u00e9l se plasma el modelo educativo y la concreci\u00f3n de la normativa que un centro realiza respecto a las ense\u00f1anzas que imparte. Aspectos tales como las finales educativas, objetivos, atenci\u00f3n a la diversidad, etc.<\/p>\n<p>Que la web de un centro informe de su Proyecto Educativo es una apuesta clara por la <strong>transparencia<\/strong>.<\/p>\n<table style=\"border-collapse: collapse;width: 100%;height: 806px\">\n<tbody>\n<tr style=\"height: 119px\">\n<td style=\"width: 25%;text-align: center;height: 119px\">\n<h5>\u00cdNDICE<\/h5>\n<\/td>\n<td style=\"width: 25%;text-align: center;height: 119px\">\n<h5>OBJETIVOS PROPIOS PARA LA MEJORA DEL RENDIMIENTO ESCOLAR<\/h5>\n<\/td>\n<td style=\"width: 25%;text-align: center;height: 119px\">\n<h5>L\u00cdNEAS GENERALES DE ACTUACI\u00d3N PEDAG\u00d3GICA<\/h5>\n<\/td>\n<td style=\"width: 25%;text-align: center;height: 119px\">\n<h5>CRITERIOS GENERALES PARA LA ELABORACI\u00d3N DE PROGR DID\u00c1CTICAS Y PROP PEDAG\u00d3GICAS<\/h5>\n<\/td>\n<\/tr>\n<tr style=\"height: 289px\">\n<td style=\"width: 25%;height: 289px\">\n<h2><a href=\"https:\/\/drive.google.com\/file\/d\/1KSV32sTaVJ1BY6M8Oa7vpGAtQHEutodR\/view?usp=sharing\"><img loading=\"lazy\" decoding=\"async\" class=\"alignnone size-medium wp-image-2305\" src=\"https:\/\/blogsaverroes.juntadeandalucia.es\/ceipsanginesdelajara\/files\/2020\/10\/Indice-plan-de-centro-212x300.jpg\" alt=\"\" width=\"212\" height=\"300\" srcset=\"https:\/\/blogsaverroes.juntadeandalucia.es\/ceipsanginesdelajara\/files\/2020\/10\/Indice-plan-de-centro-212x300.jpg 212w, https:\/\/blogsaverroes.juntadeandalucia.es\/ceipsanginesdelajara\/files\/2020\/10\/Indice-plan-de-centro-17x24.jpg 17w, https:\/\/blogsaverroes.juntadeandalucia.es\/ceipsanginesdelajara\/files\/2020\/10\/Indice-plan-de-centro-25x36.jpg 25w, https:\/\/blogsaverroes.juntadeandalucia.es\/ceipsanginesdelajara\/files\/2020\/10\/Indice-plan-de-centro-34x48.jpg 34w, https:\/\/blogsaverroes.juntadeandalucia.es\/ceipsanginesdelajara\/files\/2020\/10\/Indice-plan-de-centro.jpg 493w\" sizes=\"(max-width: 212px) 100vw, 212px\" \/><\/a><\/h2>\n<\/td>\n<td style=\"width: 25%;height: 289px\"><a href=\"https:\/\/drive.google.com\/file\/d\/1a7A92_qapLNohAKw7A04BEYFIzePm_Am\/view?usp=sharing\"><img loading=\"lazy\" decoding=\"async\" class=\"alignnone size-medium wp-image-2309\" src=\"https:\/\/blogsaverroes.juntadeandalucia.es\/ceipsanginesdelajara\/files\/2020\/10\/objetivos-para-la-mejora-212x300.jpg\" alt=\"\" width=\"212\" height=\"300\" srcset=\"https:\/\/blogsaverroes.juntadeandalucia.es\/ceipsanginesdelajara\/files\/2020\/10\/objetivos-para-la-mejora-212x300.jpg 212w, https:\/\/blogsaverroes.juntadeandalucia.es\/ceipsanginesdelajara\/files\/2020\/10\/objetivos-para-la-mejora-17x24.jpg 17w, https:\/\/blogsaverroes.juntadeandalucia.es\/ceipsanginesdelajara\/files\/2020\/10\/objetivos-para-la-mejora-25x36.jpg 25w, https:\/\/blogsaverroes.juntadeandalucia.es\/ceipsanginesdelajara\/files\/2020\/10\/objetivos-para-la-mejora-34x48.jpg 34w, https:\/\/blogsaverroes.juntadeandalucia.es\/ceipsanginesdelajara\/files\/2020\/10\/objetivos-para-la-mejora.jpg 491w\" sizes=\"(max-width: 212px) 100vw, 212px\" \/><\/a><\/td>\n<td style=\"width: 25%;height: 289px\"><a href=\"https:\/\/drive.google.com\/file\/d\/1WpZVOlvKzkJYPW260Qx8kPfY7M7IMBHW\/view?usp=sharing\"><img loading=\"lazy\" decoding=\"async\" class=\"alignnone size-medium wp-image-2310\" src=\"https:\/\/blogsaverroes.juntadeandalucia.es\/ceipsanginesdelajara\/files\/2020\/10\/L\u00edneas-de-mejora-212x300.jpg\" alt=\"\" width=\"212\" height=\"300\" srcset=\"https:\/\/blogsaverroes.juntadeandalucia.es\/ceipsanginesdelajara\/files\/2020\/10\/L\u00edneas-de-mejora-212x300.jpg 212w, https:\/\/blogsaverroes.juntadeandalucia.es\/ceipsanginesdelajara\/files\/2020\/10\/L\u00edneas-de-mejora-17x24.jpg 17w, https:\/\/blogsaverroes.juntadeandalucia.es\/ceipsanginesdelajara\/files\/2020\/10\/L\u00edneas-de-mejora-25x36.jpg 25w, https:\/\/blogsaverroes.juntadeandalucia.es\/ceipsanginesdelajara\/files\/2020\/10\/L\u00edneas-de-mejora-34x48.jpg 34w, https:\/\/blogsaverroes.juntadeandalucia.es\/ceipsanginesdelajara\/files\/2020\/10\/L\u00edneas-de-mejora.jpg 491w\" sizes=\"(max-width: 212px) 100vw, 212px\" \/><\/a><\/td>\n<td style=\"width: 25%;height: 289px\"><a href=\"https:\/\/drive.google.com\/file\/d\/1OBIvwbo9t5VQAwBZxXS84sbjyDJkA9is\/view?usp=sharing\"><img loading=\"lazy\" decoding=\"async\" class=\"alignnone size-medium wp-image-2311\" src=\"https:\/\/blogsaverroes.juntadeandalucia.es\/ceipsanginesdelajara\/files\/2020\/10\/Criterios-elaboraci\u00f3n-programaciones-212x300.jpg\" alt=\"\" width=\"212\" height=\"300\" srcset=\"https:\/\/blogsaverroes.juntadeandalucia.es\/ceipsanginesdelajara\/files\/2020\/10\/Criterios-elaboraci\u00f3n-programaciones-212x300.jpg 212w, https:\/\/blogsaverroes.juntadeandalucia.es\/ceipsanginesdelajara\/files\/2020\/10\/Criterios-elaboraci\u00f3n-programaciones-17x24.jpg 17w, https:\/\/blogsaverroes.juntadeandalucia.es\/ceipsanginesdelajara\/files\/2020\/10\/Criterios-elaboraci\u00f3n-programaciones-25x36.jpg 25w, https:\/\/blogsaverroes.juntadeandalucia.es\/ceipsanginesdelajara\/files\/2020\/10\/Criterios-elaboraci\u00f3n-programaciones-34x48.jpg 34w, https:\/\/blogsaverroes.juntadeandalucia.es\/ceipsanginesdelajara\/files\/2020\/10\/Criterios-elaboraci\u00f3n-programaciones.jpg 491w\" sizes=\"(max-width: 212px) 100vw, 212px\" \/><\/a><\/td>\n<\/tr>\n<tr style=\"height: 80px\">\n<td style=\"width: 25%;text-align: center;height: 80px\">\n<h5>EVALUACI\u00d3N EN INFANTIL<\/h5>\n<\/td>\n<td style=\"width: 25%;text-align: center;height: 80px\">\n<h5>EVALUACI\u00d3N EN PRIMARIA<\/h5>\n<\/td>\n<td style=\"width: 25%;height: 80px\">\n<h5 style=\"text-align: center\">CRITERIOS PEDAG.&nbsp; HORARIOS<\/h5>\n<\/td>\n<td style=\"width: 25%;height: 80px;text-align: center\">\n<h5>PLAN DE ATENCI\u00d3N A LA DIVERSIDAD<\/h5>\n<\/td>\n<\/tr>\n<tr style=\"height: 276px\">\n<td style=\"width: 25%;height: 276px\"><a href=\"https:\/\/drive.google.com\/file\/d\/1L8nAUlPlZ7zWsPVAMPkyo1E2Vj9sdMVH\/view?usp=sharing\"><img loading=\"lazy\" decoding=\"async\" class=\"alignnone size-medium wp-image-2313\" src=\"https:\/\/blogsaverroes.juntadeandalucia.es\/ceipsanginesdelajara\/files\/2020\/10\/Evaluaci\u00f3n-en-infantil-212x300.jpg\" alt=\"\" width=\"212\" height=\"300\" srcset=\"https:\/\/blogsaverroes.juntadeandalucia.es\/ceipsanginesdelajara\/files\/2020\/10\/Evaluaci\u00f3n-en-infantil-212x300.jpg 212w, https:\/\/blogsaverroes.juntadeandalucia.es\/ceipsanginesdelajara\/files\/2020\/10\/Evaluaci\u00f3n-en-infantil-17x24.jpg 17w, https:\/\/blogsaverroes.juntadeandalucia.es\/ceipsanginesdelajara\/files\/2020\/10\/Evaluaci\u00f3n-en-infantil-25x36.jpg 25w, https:\/\/blogsaverroes.juntadeandalucia.es\/ceipsanginesdelajara\/files\/2020\/10\/Evaluaci\u00f3n-en-infantil-34x48.jpg 34w, https:\/\/blogsaverroes.juntadeandalucia.es\/ceipsanginesdelajara\/files\/2020\/10\/Evaluaci\u00f3n-en-infantil.jpg 491w\" sizes=\"(max-width: 212px) 100vw, 212px\" \/><\/a><\/td>\n<td style=\"width: 25%;height: 276px\"><a href=\"https:\/\/drive.google.com\/file\/d\/1_Z9tp5DPgcDei4RTTjGiGqsK8mMROZ4o\/view?usp=sharing\"><img loading=\"lazy\" decoding=\"async\" class=\"alignnone size-medium wp-image-2314\" src=\"https:\/\/blogsaverroes.juntadeandalucia.es\/ceipsanginesdelajara\/files\/2020\/10\/Evaluaci\u00f3n-en-primaria-212x300.jpg\" alt=\"\" width=\"212\" height=\"300\" srcset=\"https:\/\/blogsaverroes.juntadeandalucia.es\/ceipsanginesdelajara\/files\/2020\/10\/Evaluaci\u00f3n-en-primaria-212x300.jpg 212w, https:\/\/blogsaverroes.juntadeandalucia.es\/ceipsanginesdelajara\/files\/2020\/10\/Evaluaci\u00f3n-en-primaria-17x24.jpg 17w, https:\/\/blogsaverroes.juntadeandalucia.es\/ceipsanginesdelajara\/files\/2020\/10\/Evaluaci\u00f3n-en-primaria-25x36.jpg 25w, https:\/\/blogsaverroes.juntadeandalucia.es\/ceipsanginesdelajara\/files\/2020\/10\/Evaluaci\u00f3n-en-primaria-34x48.jpg 34w, https:\/\/blogsaverroes.juntadeandalucia.es\/ceipsanginesdelajara\/files\/2020\/10\/Evaluaci\u00f3n-en-primaria.jpg 491w\" sizes=\"(max-width: 212px) 100vw, 212px\" \/><\/a><\/td>\n<td style=\"width: 25%;height: 276px\"><a href=\"https:\/\/drive.google.com\/file\/d\/1X4G2nXSaElFnUaO7npqXKvMChg4oQXlL\/view?usp=sharing\"><img loading=\"lazy\" decoding=\"async\" class=\"alignnone size-medium wp-image-2315\" src=\"https:\/\/blogsaverroes.juntadeandalucia.es\/ceipsanginesdelajara\/files\/2020\/10\/HORARIOS-212x300.jpg\" alt=\"\" width=\"212\" height=\"300\" srcset=\"https:\/\/blogsaverroes.juntadeandalucia.es\/ceipsanginesdelajara\/files\/2020\/10\/HORARIOS-212x300.jpg 212w, https:\/\/blogsaverroes.juntadeandalucia.es\/ceipsanginesdelajara\/files\/2020\/10\/HORARIOS-17x24.jpg 17w, https:\/\/blogsaverroes.juntadeandalucia.es\/ceipsanginesdelajara\/files\/2020\/10\/HORARIOS-25x36.jpg 25w, https:\/\/blogsaverroes.juntadeandalucia.es\/ceipsanginesdelajara\/files\/2020\/10\/HORARIOS-34x48.jpg 34w, https:\/\/blogsaverroes.juntadeandalucia.es\/ceipsanginesdelajara\/files\/2020\/10\/HORARIOS.jpg 491w\" sizes=\"(max-width: 212px) 100vw, 212px\" \/><\/a><\/td>\n<td style=\"width: 25%;height: 276px\"><a href=\"https:\/\/drive.google.com\/file\/d\/1_kjM3S4XKmlZZRNQGEaLazbFcvsy0oxs\/view?usp=sharing\"><img loading=\"lazy\" decoding=\"async\" class=\"alignnone size-medium wp-image-2941\" src=\"https:\/\/blogsaverroes.juntadeandalucia.es\/ceipsanginesdelajara\/files\/2021\/09\/Portada-PAD-217x300.jpg\" alt=\"\" width=\"217\" height=\"300\" srcset=\"https:\/\/blogsaverroes.juntadeandalucia.es\/ceipsanginesdelajara\/files\/2021\/09\/Portada-PAD-217x300.jpg 217w, https:\/\/blogsaverroes.juntadeandalucia.es\/ceipsanginesdelajara\/files\/2021\/09\/Portada-PAD.jpg 641w\" sizes=\"(max-width: 217px) 100vw, 217px\" \/><\/a><\/td>\n<\/tr>\n<tr style=\"height: 21px\">\n<td style=\"width: 25%;height: 21px\">\n<h5 style=\"text-align: center\">PLAN DE ORIENTACI\u00d3N Y ACCI\u00d3N TUTORIAL<\/h5>\n<\/td>\n<td style=\"width: 25%;height: 21px\">\n<h5 style=\"text-align: center\">PLAN DE CONVIENCIA<\/h5>\n<\/td>\n<td style=\"width: 25%;height: 21px\">\n<h5 style=\"text-align: center\">CRITERIOS PEDAG.&nbsp; TIEMPO ESCOLAR<\/h5>\n<\/td>\n<td style=\"width: 25%;height: 21px\">\n<h5 style=\"text-align: center\">PLAN DE FORMACI\u00d3N DEL PROFESORADO<\/h5>\n<\/td>\n<\/tr>\n<tr style=\"height: 21px\">\n<td style=\"width: 25%;height: 21px\"><a href=\"https:\/\/drive.google.com\/file\/d\/1pz2KOUodWUxhCSdjyHNJiyOVloYUs_CW\/view?usp=sharing\"><img loading=\"lazy\" decoding=\"async\" class=\"alignnone size-medium wp-image-2245\" src=\"https:\/\/blogsaverroes.juntadeandalucia.es\/ceipsanginesdelajara\/files\/2020\/09\/Portada-Plan-de-Orientaci\u00f3n-y-Acci\u00f3n-Tutorial-211x300.jpg\" alt=\"\" width=\"211\" height=\"300\" srcset=\"https:\/\/blogsaverroes.juntadeandalucia.es\/ceipsanginesdelajara\/files\/2020\/09\/Portada-Plan-de-Orientaci\u00f3n-y-Acci\u00f3n-Tutorial-211x300.jpg 211w, https:\/\/blogsaverroes.juntadeandalucia.es\/ceipsanginesdelajara\/files\/2020\/09\/Portada-Plan-de-Orientaci\u00f3n-y-Acci\u00f3n-Tutorial-17x24.jpg 17w, https:\/\/blogsaverroes.juntadeandalucia.es\/ceipsanginesdelajara\/files\/2020\/09\/Portada-Plan-de-Orientaci\u00f3n-y-Acci\u00f3n-Tutorial-25x36.jpg 25w, https:\/\/blogsaverroes.juntadeandalucia.es\/ceipsanginesdelajara\/files\/2020\/09\/Portada-Plan-de-Orientaci\u00f3n-y-Acci\u00f3n-Tutorial-34x48.jpg 34w, https:\/\/blogsaverroes.juntadeandalucia.es\/ceipsanginesdelajara\/files\/2020\/09\/Portada-Plan-de-Orientaci\u00f3n-y-Acci\u00f3n-Tutorial.jpg 498w\" sizes=\"(max-width: 211px) 100vw, 211px\" \/><\/a><\/td>\n<td style=\"width: 25%;height: 21px\"><a href=\"https:\/\/drive.google.com\/file\/d\/1nErHUuAk9ySBjLXEhFa5xIU9etoq_yC3\/view?usp=sharing\"><img loading=\"lazy\" decoding=\"async\" class=\"alignnone size-medium wp-image-2242\" src=\"https:\/\/blogsaverroes.juntadeandalucia.es\/ceipsanginesdelajara\/files\/2020\/09\/Portada-Plan-de-convivencia-211x300.jpg\" alt=\"\" width=\"211\" height=\"300\" srcset=\"https:\/\/blogsaverroes.juntadeandalucia.es\/ceipsanginesdelajara\/files\/2020\/09\/Portada-Plan-de-convivencia-211x300.jpg 211w, https:\/\/blogsaverroes.juntadeandalucia.es\/ceipsanginesdelajara\/files\/2020\/09\/Portada-Plan-de-convivencia-17x24.jpg 17w, https:\/\/blogsaverroes.juntadeandalucia.es\/ceipsanginesdelajara\/files\/2020\/09\/Portada-Plan-de-convivencia-25x36.jpg 25w, https:\/\/blogsaverroes.juntadeandalucia.es\/ceipsanginesdelajara\/files\/2020\/09\/Portada-Plan-de-convivencia-34x48.jpg 34w, https:\/\/blogsaverroes.juntadeandalucia.es\/ceipsanginesdelajara\/files\/2020\/09\/Portada-Plan-de-convivencia.jpg 498w\" sizes=\"(max-width: 211px) 100vw, 211px\" \/><\/a><\/td>\n<td style=\"width: 25%;height: 21px\"><a href=\"https:\/\/drive.google.com\/file\/d\/1LEmOXq1tqPg6xc-nthHeYkHiWIQv5A9N\/view?usp=sharing\"><img loading=\"lazy\" decoding=\"async\" class=\"alignnone size-medium wp-image-2317\" src=\"https:\/\/blogsaverroes.juntadeandalucia.es\/ceipsanginesdelajara\/files\/2020\/10\/TIEMPO-212x300.jpg\" alt=\"\" width=\"212\" height=\"300\" srcset=\"https:\/\/blogsaverroes.juntadeandalucia.es\/ceipsanginesdelajara\/files\/2020\/10\/TIEMPO-212x300.jpg 212w, https:\/\/blogsaverroes.juntadeandalucia.es\/ceipsanginesdelajara\/files\/2020\/10\/TIEMPO-17x24.jpg 17w, https:\/\/blogsaverroes.juntadeandalucia.es\/ceipsanginesdelajara\/files\/2020\/10\/TIEMPO-25x36.jpg 25w, https:\/\/blogsaverroes.juntadeandalucia.es\/ceipsanginesdelajara\/files\/2020\/10\/TIEMPO-34x48.jpg 34w, https:\/\/blogsaverroes.juntadeandalucia.es\/ceipsanginesdelajara\/files\/2020\/10\/TIEMPO.jpg 491w\" sizes=\"(max-width: 212px) 100vw, 212px\" \/><\/a><\/td>\n<td style=\"width: 25%;height: 21px\">&nbsp;<\/td>\n<\/tr>\n<\/tbody>\n<\/table>\n<h2><strong>REGLAMENTO DE ORGANIZACI\u00d3N Y FUNCIONAMIENTO.<\/strong><\/h2>\n<p style=\"text-align: justify\">Una parte de nuestro Proyecto Educativo de centro es el ROF.<\/p>\n<p style=\"text-align: justify\">Como se dice en el Pre\u00e1mbulo del mismo, el ROF tiene como finalidad establecer las normas<br \/>\nque posibiliten el alcanzar aspectos referidos a la organizaci\u00f3n y funcionamiento del C.E.I.P. \u201cSan Gin\u00e9s de la<br \/>\nJara\u201d.<\/p>\n<p style=\"text-align: justify\">En \u00e9l se definen y distribuyen las funciones y responsabilidades de los integrantes de la comunidad educativa, as\u00ed como, se aseguran las competencias de \u00f3rganos y sectores.<\/p>\n<p style=\"text-align: justify\">A trav\u00e9s del ROF se encauza y estructurar la tarea cotidiana escolar, procurando estimular la convivencia en el centro.<\/p>\n<p><a href=\"https:\/\/drive.google.com\/file\/d\/15rgTnkv5mnJzZ0DAfe4rDx0op7tBw73N\/view?usp=sharing\"><img loading=\"lazy\" decoding=\"async\" class=\"alignnone size-medium wp-image-2234\" src=\"https:\/\/blogsaverroes.juntadeandalucia.es\/ceipsanginesdelajara\/files\/2020\/09\/Portada-ROF-211x300.jpg\" alt=\"\" width=\"211\" height=\"300\" srcset=\"https:\/\/blogsaverroes.juntadeandalucia.es\/ceipsanginesdelajara\/files\/2020\/09\/Portada-ROF-211x300.jpg 211w, https:\/\/blogsaverroes.juntadeandalucia.es\/ceipsanginesdelajara\/files\/2020\/09\/Portada-ROF-17x24.jpg 17w, https:\/\/blogsaverroes.juntadeandalucia.es\/ceipsanginesdelajara\/files\/2020\/09\/Portada-ROF-25x36.jpg 25w, https:\/\/blogsaverroes.juntadeandalucia.es\/ceipsanginesdelajara\/files\/2020\/09\/Portada-ROF-34x48.jpg 34w, https:\/\/blogsaverroes.juntadeandalucia.es\/ceipsanginesdelajara\/files\/2020\/09\/Portada-ROF.jpg 494w\" sizes=\"(max-width: 211px) 100vw, 211px\" \/><\/a><\/p>\n<h2><strong>PROTOCOLO DE ACTUACI\u00d3N CO-VID 19<\/strong><\/h2>\n<p style=\"text-align: justify\">El presente Plan de Contingencia ha sido elaborado por la Comisi\u00f3n Espec\u00edfica COVID-19, regulada por las Instrucciones 6 de julio de la Viceconsejer\u00eda de Educaci\u00f3n y Deporte relativas a la organizaci\u00f3n de los centros docentes para el curso escolar 2020\/2021, motivada por la crisis sanitaria del COVID-19, del CEIP \u201cSan Gin\u00e9s de la Jara\u201d de Sabiote (Ja\u00e9n) seg\u00fan modelo homologado facilitado por la Consejer\u00eda de Educaci\u00f3n y Deporte.<br \/>\nEste documento incluye recomendaciones y directrices en relaci\u00f3n a las medidas de prevenci\u00f3n e higiene frente a la Covid-19 para las actividades e instalaciones de nuestro centro, durante el curso 2020-21, las<br \/>\ncuales podr\u00e1n ser actualizadas cuando los cambios de la situaci\u00f3n epidemiol\u00f3gica as\u00ed lo requieran.<\/p>\n<p>La adopci\u00f3n y seguimiento de las medidas contempladas tiene como objetivo contribuir a que docentes y personal del centro, alumnado y familias afronten esta apertura de los centros en el curso actual de forma<br \/>\nsegura y contribuya a reducir el riesgo de contagios, resultando fundamental la asunci\u00f3n individual y colectiva de responsabilidades.<\/p>\n<p><a href=\"https:\/\/drive.google.com\/file\/d\/1NYZKfvWntSVU19hnYYFGk69xqvRuO92y\/view?usp=sharing\"><img loading=\"lazy\" decoding=\"async\" class=\"alignnone size-medium wp-image-2238\" src=\"https:\/\/blogsaverroes.juntadeandalucia.es\/ceipsanginesdelajara\/files\/2020\/09\/Portada-Protocolo-COVID-211x300.jpg\" alt=\"\" width=\"211\" height=\"300\" srcset=\"https:\/\/blogsaverroes.juntadeandalucia.es\/ceipsanginesdelajara\/files\/2020\/09\/Portada-Protocolo-COVID-211x300.jpg 211w, https:\/\/blogsaverroes.juntadeandalucia.es\/ceipsanginesdelajara\/files\/2020\/09\/Portada-Protocolo-COVID-17x24.jpg 17w, https:\/\/blogsaverroes.juntadeandalucia.es\/ceipsanginesdelajara\/files\/2020\/09\/Portada-Protocolo-COVID-25x36.jpg 25w, https:\/\/blogsaverroes.juntadeandalucia.es\/ceipsanginesdelajara\/files\/2020\/09\/Portada-Protocolo-COVID-34x48.jpg 34w, https:\/\/blogsaverroes.juntadeandalucia.es\/ceipsanginesdelajara\/files\/2020\/09\/Portada-Protocolo-COVID.jpg 494w\" sizes=\"(max-width: 211px) 100vw, 211px\" \/><\/a><\/p>\n","protected":false},"excerpt":{"rendered":"<p>Un centro se define en gran medida por su Proyecto Educativo. En \u00e9l se plasma el modelo educativo y la concreci\u00f3n de la normativa que un centro realiza respecto a las ense\u00f1anzas que imparte.&#46;&#46;&#46;<\/p>\n","protected":false},"author":1,"featured_media":0,"parent":0,"menu_order":0,"comment_status":"closed","ping_status":"open","template":"page-cs.php","meta":{"ngg_post_thumbnail":0,"footnotes":"","_mc_calendar":[]},"aioseo_notices":[],"_links":{"self":[{"href":"https:\/\/blogsaverroes.juntadeandalucia.es\/ceipsanginesdelajara\/wp-json\/wp\/v2\/pages\/49"}],"collection":[{"href":"https:\/\/blogsaverroes.juntadeandalucia.es\/ceipsanginesdelajara\/wp-json\/wp\/v2\/pages"}],"about":[{"href":"https:\/\/blogsaverroes.juntadeandalucia.es\/ceipsanginesdelajara\/wp-json\/wp\/v2\/types\/page"}],"author":[{"embeddable":true,"href":"https:\/\/blogsaverroes.juntadeandalucia.es\/ceipsanginesdelajara\/wp-json\/wp\/v2\/users\/1"}],"replies":[{"embeddable":true,"href":"https:\/\/blogsaverroes.juntadeandalucia.es\/ceipsanginesdelajara\/wp-json\/wp\/v2\/comments?post=49"}],"version-history":[{"count":21,"href":"https:\/\/blogsaverroes.juntadeandalucia.es\/ceipsanginesdelajara\/wp-json\/wp\/v2\/pages\/49\/revisions"}],"predecessor-version":[{"id":2943,"href":"https:\/\/blogsaverroes.juntadeandalucia.es\/ceipsanginesdelajara\/wp-json\/wp\/v2\/pages\/49\/revisions\/2943"}],"wp:attachment":[{"href":"https:\/\/blogsaverroes.juntadeandalucia.es\/ceipsanginesdelajara\/wp-json\/wp\/v2\/media?parent=49"}],"curies":[{"name":"wp","href":"https:\/\/api.w.org\/{rel}","templated":true}]}}