{"id":2345,"date":"2020-09-07T12:36:06","date_gmt":"2020-09-07T10:36:06","guid":{"rendered":"https:\/\/blogsaverroes.juntadeandalucia.es\/ceipsangregoriooria\/?page_id=2345"},"modified":"2021-09-21T13:52:00","modified_gmt":"2021-09-21T11:52:00","slug":"protocolo-covid-19","status":"publish","type":"page","link":"https:\/\/blogsaverroes.juntadeandalucia.es\/ceipsangregoriooria\/protocolo-covid-19\/","title":{"rendered":"Protocolo Covid-19"},"content":{"rendered":"<p>Con el fin de garantizar la seguridad en nuestro centro y en virtud de lo establecido en las Instrucciones 13 de julio de 2021, de la Viceconsejer\u00eda de Educaci\u00f3n y Deporte, relativas a la organizaci\u00f3n de los centros docentes para el curso escolar 2021\/2022, motivada por la crisis sanitaria del Covid-19, se ha elaborado un protocolo de actuaci\u00f3n que pueden consultar a continuaci\u00f3n:<\/p>\n<p><a href=\"https:\/\/drive.google.com\/file\/d\/17WQAzbp0EuGyTeUzz1VwgJ2lowa8wkw-\/view?usp=sharing\">PROTOCOLO DE ACTUACI\u00d3N COVID-19<\/a><\/p>\n<p><img fetchpriority=\"high\" decoding=\"async\" class=\"alignnone size-full aligncenter\" src=\"https:\/\/anpecantabria.es\/image.php?link=notices\/6\/banner_protocolos_t1591621624_6_a.png\" width=\"1021\" height=\"570\"><\/p>\n<p>&nbsp;<\/p>\n","protected":false},"excerpt":{"rendered":"<p>Con el fin de garantizar la seguridad en nuestro centro y en virtud de lo establecido en las Instrucciones 13 de julio de 2021, de la Viceconsejer\u00eda de Educaci\u00f3n y Deporte, relativas a la organizaci\u00f3n&#46;&#46;&#46;<\/p>\n","protected":false},"author":8040,"featured_media":0,"parent":0,"menu_order":0,"comment_status":"closed","ping_status":"closed","template":"","meta":{"ngg_post_thumbnail":0,"footnotes":"","_mc_calendar":[]},"aioseo_notices":[],"_links":{"self":[{"href":"https:\/\/blogsaverroes.juntadeandalucia.es\/ceipsangregoriooria\/wp-json\/wp\/v2\/pages\/2345"}],"collection":[{"href":"https:\/\/blogsaverroes.juntadeandalucia.es\/ceipsangregoriooria\/wp-json\/wp\/v2\/pages"}],"about":[{"href":"https:\/\/blogsaverroes.juntadeandalucia.es\/ceipsangregoriooria\/wp-json\/wp\/v2\/types\/page"}],"author":[{"embeddable":true,"href":"https:\/\/blogsaverroes.juntadeandalucia.es\/ceipsangregoriooria\/wp-json\/wp\/v2\/users\/8040"}],"replies":[{"embeddable":true,"href":"https:\/\/blogsaverroes.juntadeandalucia.es\/ceipsangregoriooria\/wp-json\/wp\/v2\/comments?post=2345"}],"version-history":[{"count":6,"href":"https:\/\/blogsaverroes.juntadeandalucia.es\/ceipsangregoriooria\/wp-json\/wp\/v2\/pages\/2345\/revisions"}],"predecessor-version":[{"id":3390,"href":"https:\/\/blogsaverroes.juntadeandalucia.es\/ceipsangregoriooria\/wp-json\/wp\/v2\/pages\/2345\/revisions\/3390"}],"wp:attachment":[{"href":"https:\/\/blogsaverroes.juntadeandalucia.es\/ceipsangregoriooria\/wp-json\/wp\/v2\/media?parent=2345"}],"curies":[{"name":"wp","href":"https:\/\/api.w.org\/{rel}","templated":true}]}}