{"id":3195,"date":"2021-06-25T10:58:15","date_gmt":"2021-06-25T08:58:15","guid":{"rendered":"https:\/\/blogsaverroes.juntadeandalucia.es\/ceipsangregoriooria\/?page_id=3195"},"modified":"2021-06-28T10:36:42","modified_gmt":"2021-06-28T08:36:42","slug":"proyecto-etwinning-eat-well-eat-wise","status":"publish","type":"page","link":"https:\/\/blogsaverroes.juntadeandalucia.es\/ceipsangregoriooria\/proyecto-etwinning-eat-well-eat-wise\/","title":{"rendered":"Proyecto eTwinning: \u201cEat well, eat wise\u201d"},"content":{"rendered":"<p><a href=\"https:\/\/blogsaverroes.juntadeandalucia.es\/ceipsangregoriooria\/files\/2021\/06\/eTwinningLogoFlat.png\"><img fetchpriority=\"high\" decoding=\"async\" class=\"wp-image-3307 aligncenter\" src=\"https:\/\/blogsaverroes.juntadeandalucia.es\/ceipsangregoriooria\/files\/2021\/06\/eTwinningLogoFlat.png\" alt=\"\" width=\"489\" height=\"195\" srcset=\"https:\/\/blogsaverroes.juntadeandalucia.es\/ceipsangregoriooria\/files\/2021\/06\/eTwinningLogoFlat.png 1600w, https:\/\/blogsaverroes.juntadeandalucia.es\/ceipsangregoriooria\/files\/2021\/06\/eTwinningLogoFlat-300x120.png 300w, https:\/\/blogsaverroes.juntadeandalucia.es\/ceipsangregoriooria\/files\/2021\/06\/eTwinningLogoFlat-1024x408.png 1024w, https:\/\/blogsaverroes.juntadeandalucia.es\/ceipsangregoriooria\/files\/2021\/06\/eTwinningLogoFlat-768x306.png 768w, https:\/\/blogsaverroes.juntadeandalucia.es\/ceipsangregoriooria\/files\/2021\/06\/eTwinningLogoFlat-1536x612.png 1536w\" sizes=\"(max-width: 489px) 100vw, 489px\" \/><\/a><\/p>\n<p>Bienvenidos a todos\/as a nuestro<em> Proyecto eTwinning.&nbsp;<\/em><\/p>\n<p><span style=\"font-weight: 400\">El alumnado de 1\u00ba y 2\u00ba de ESO junto con la colaboraci\u00f3n de sus compa\u00f1eros\/as de primaria e infantil del CEIP San Gregorio han participado en un proyecto eTwinning, en el que hemos sido cofundadores, titulado <\/span><b>\u201cEat well, eat wise\u201d.<\/b><span style=\"font-weight: 400\"> Hemos tenido la oportunidad de trabajar y colaborar con colegios de&nbsp; F\u00e9camp y Tourcoing (Francia),&nbsp; San Francesco di Pelago y Brindisi (Italia), Nicosia (Chipre), Amatas Novads (Letonia) y Pendick, Bayeakli, Merkez e Ilkadim (Turqu\u00eda).<\/span><\/p>\n<p><span style=\"font-weight: 400\">El proyecto, muy acorde con las l\u00edneas de nuestro curr\u00edculo y nuestras UDIs, ha colaborado con los proyectos que llevamos a cabo en nuestro centro, como son Creciendo en Salud, Alimentaci\u00f3n Saludable o el Huerto Escolar.<\/span><\/p>\n<p><span style=\"font-weight: 400\">Nuestro proyecto eTwinning <em>\u00abEat well, eat wise\u00bb<\/em> est\u00e1 basado en l\u00edneas generales en aprender a cultivar nuestro propio alimento y alimentarnos de manera saludable.<\/span><\/p>\n<p><span style=\"font-weight: 400\">Durante el desarrollo del proyecto, el alumnado ha participado en equipo y trabajado activamente: ha investigado, analizado y seleccionado informaci\u00f3n para poder saber el tipo de cultivo que se pod\u00eda plantar en nuestro centro, seg\u00fan nuestro clima y nuestro entorno. Todo el centro ha colaborado en el Huerto Escolar, ha sido una gran experiencia ver como crec\u00edan nuestros cultivos y c\u00f3mo todo el alumnado los cuidaba con cari\u00f1o.<\/span><\/p>\n<p><span style=\"font-weight: 400\">Dentro del proyecto eTwinning \u201ceat well, eat wise\u201d el alumnado ha realizado diferentes actividades como son:<\/span><\/p>\n<p style=\"text-align: center\"><span style=\"font-weight: 400\">Reuniones de coordinadores para coordinar el trabajo:<\/span><\/p>\n<div id=\"attachment_3196\" style=\"width: 531px\" class=\"wp-caption aligncenter\"><a href=\"https:\/\/blogsaverroes.juntadeandalucia.es\/ceipsangregoriooria\/files\/2021\/06\/Primera-reuni\u00f3n-15.11.2020.jpg\"><img decoding=\"async\" aria-describedby=\"caption-attachment-3196\" class=\"wp-image-3196\" src=\"https:\/\/blogsaverroes.juntadeandalucia.es\/ceipsangregoriooria\/files\/2021\/06\/Primera-reuni\u00f3n-15.11.2020.jpg\" alt=\"\" width=\"521\" height=\"293\" srcset=\"https:\/\/blogsaverroes.juntadeandalucia.es\/ceipsangregoriooria\/files\/2021\/06\/Primera-reuni\u00f3n-15.11.2020.jpg 1366w, https:\/\/blogsaverroes.juntadeandalucia.es\/ceipsangregoriooria\/files\/2021\/06\/Primera-reuni\u00f3n-15.11.2020-300x169.jpg 300w, https:\/\/blogsaverroes.juntadeandalucia.es\/ceipsangregoriooria\/files\/2021\/06\/Primera-reuni\u00f3n-15.11.2020-1024x576.jpg 1024w, https:\/\/blogsaverroes.juntadeandalucia.es\/ceipsangregoriooria\/files\/2021\/06\/Primera-reuni\u00f3n-15.11.2020-768x432.jpg 768w\" sizes=\"(max-width: 521px) 100vw, 521px\" \/><\/a><p id=\"caption-attachment-3196\" class=\"wp-caption-text\"><em>Primera reuni\u00f3n &#8211; 15\/11\/2020<\/em><\/p><\/div>\n<div id=\"attachment_3197\" style=\"width: 533px\" class=\"wp-caption aligncenter\"><a href=\"https:\/\/blogsaverroes.juntadeandalucia.es\/ceipsangregoriooria\/files\/2021\/06\/30-ENERO-21-eat-well-eat-wise.png\"><img decoding=\"async\" aria-describedby=\"caption-attachment-3197\" class=\"wp-image-3197\" src=\"https:\/\/blogsaverroes.juntadeandalucia.es\/ceipsangregoriooria\/files\/2021\/06\/30-ENERO-21-eat-well-eat-wise.png\" alt=\"\" width=\"523\" height=\"294\" srcset=\"https:\/\/blogsaverroes.juntadeandalucia.es\/ceipsangregoriooria\/files\/2021\/06\/30-ENERO-21-eat-well-eat-wise.png 1600w, https:\/\/blogsaverroes.juntadeandalucia.es\/ceipsangregoriooria\/files\/2021\/06\/30-ENERO-21-eat-well-eat-wise-300x169.png 300w, https:\/\/blogsaverroes.juntadeandalucia.es\/ceipsangregoriooria\/files\/2021\/06\/30-ENERO-21-eat-well-eat-wise-1024x576.png 1024w, https:\/\/blogsaverroes.juntadeandalucia.es\/ceipsangregoriooria\/files\/2021\/06\/30-ENERO-21-eat-well-eat-wise-768x432.png 768w, https:\/\/blogsaverroes.juntadeandalucia.es\/ceipsangregoriooria\/files\/2021\/06\/30-ENERO-21-eat-well-eat-wise-1536x864.png 1536w\" sizes=\"(max-width: 523px) 100vw, 523px\" \/><\/a><p id=\"caption-attachment-3197\" class=\"wp-caption-text\"><em>Segunda reuni\u00f3n &#8211; 30\/01\/2021<\/em><\/p><\/div>\n<p style=\"text-align: center\"><span style=\"font-weight: 400\">Presentaciones de nuestro alumnado en diferentes idiomas, en ingl\u00e9s y franc\u00e9s:<\/span><\/p>\n<p>ngg_shortcode_0_placeholderngg_shortcode_1_placeholder<\/p>\n<p style=\"text-align: center\"><span style=\"font-weight: 400\">Presentaciones de compa\u00f1eros\/as tambi\u00e9n en ingl\u00e9s:<\/span><\/p>\nngg_shortcode_2_placeholder\n<p style=\"text-align: center\"><span style=\"font-weight: 400\">Hemos cuidado de nuestro huerto escolar desde el principio, arreglando la tierra y despu\u00e9s plant\u00e1ndolo:<\/span><\/p>\nngg_shortcode_3_placeholder\n<p style=\"text-align: center\"><span style=\"font-weight: 400\">Otra actividad que nos hizo volvernos creativos fue la realizaci\u00f3n de logos, todos eran muy bonitos, y el alumnado eligi\u00f3 este logo para representar a nuestro centro.<\/span><a href=\"https:\/\/blogsaverroes.juntadeandalucia.es\/ceipsangregoriooria\/files\/2021\/06\/SPAIN.-LOGO-WINNER-scaled.jpg\"><img loading=\"lazy\" decoding=\"async\" class=\"wp-image-3265 aligncenter\" src=\"https:\/\/blogsaverroes.juntadeandalucia.es\/ceipsangregoriooria\/files\/2021\/06\/SPAIN.-LOGO-WINNER-scaled.jpg\" alt=\"\" width=\"357\" height=\"288\" srcset=\"https:\/\/blogsaverroes.juntadeandalucia.es\/ceipsangregoriooria\/files\/2021\/06\/SPAIN.-LOGO-WINNER-scaled.jpg 1600w, https:\/\/blogsaverroes.juntadeandalucia.es\/ceipsangregoriooria\/files\/2021\/06\/SPAIN.-LOGO-WINNER-300x242.jpg 300w, https:\/\/blogsaverroes.juntadeandalucia.es\/ceipsangregoriooria\/files\/2021\/06\/SPAIN.-LOGO-WINNER-1024x826.jpg 1024w, https:\/\/blogsaverroes.juntadeandalucia.es\/ceipsangregoriooria\/files\/2021\/06\/SPAIN.-LOGO-WINNER-768x620.jpg 768w, https:\/\/blogsaverroes.juntadeandalucia.es\/ceipsangregoriooria\/files\/2021\/06\/SPAIN.-LOGO-WINNER-1536x1239.jpg 1536w, https:\/\/blogsaverroes.juntadeandalucia.es\/ceipsangregoriooria\/files\/2021\/06\/SPAIN.-LOGO-WINNER-2048x1652.jpg 2048w\" sizes=\"(max-width: 357px) 100vw, 357px\" \/><\/a><\/p>\nngg_shortcode_4_placeholder\n<p style=\"text-align: center\"><span style=\"font-weight: 400\">Y estos son los logos que representan a los otros colegios que participaron en la actividad.<\/span><\/p>\n<p>ngg_shortcode_5_placeholder<span style=\"font-weight: 400\">Con la ayuda de las nuevas tecnolog\u00edas hemos grabado unos peque\u00f1os v\u00eddeos ense\u00f1ando la biblioteca y el comedor de nuestro centro, tambi\u00e9n hemos realizado un CANVA presentado nuestro centro y nuestro pueblo, nos ha encantado utilizar la aplicaci\u00f3n de CANVA.<\/span><\/p>\n<p style=\"text-align: center\"><span style=\"font-weight: 400\">Biblioteca: <\/span><\/p>\n<p style=\"text-align: center\"><span style=\"font-weight: 400\"><iframe src=\"\/\/www.youtube.com\/embed\/s2eJ0t6eHZ8\" width=\"560\" height=\"315\" frameborder=\"0\"><\/iframe><\/span><\/p>\n<p style=\"text-align: center\"><span style=\"font-weight: 400\">Comedor:<\/span><\/p>\n<p style=\"text-align: center\">&nbsp; &nbsp;<iframe src=\"\/\/www.youtube.com\/embed\/42CSEKY6n2s\" width=\"560\" height=\"315\" frameborder=\"0\"><\/iframe><\/p>\n<p style=\"text-align: center\"><span style=\"font-weight: 400\">Nuestro centro y nuestro pueblo:<\/span><\/p>\n<p style=\"text-align: center\">&nbsp; &nbsp; &nbsp;&nbsp;<iframe src=\"\/\/www.youtube.com\/embed\/Z_WPQYg5Hi4\" width=\"560\" height=\"315\" frameborder=\"0\"><\/iframe><\/p>\n<p><span style=\"font-weight: 400\">Tambi\u00e9n nos han ense\u00f1ado su centro <\/span><span style=\"font-weight: 400\"><em>F\u00e9cam<\/em>, coll\u00e8ge Jules Ferry, Francia:<\/span><\/p>\n<p><span style=\"font-weight: 400\">Biblioteca: <\/span><a href=\"https:\/\/www.youtube.com\/watch?v=YHcsjSg7eQY&amp;t=17s\"><span style=\"font-weight: 400\">https:\/\/www.youtube.com\/watch?v=YHcsjSg7eQY&amp;t=17s<\/span><\/a><\/p>\n<p><span style=\"font-weight: 400\">Patio: <\/span><a href=\"https:\/\/www.youtube.com\/watch?v=xWS3CGeEhCM&amp;t=36s\"><span style=\"font-weight: 400\">https:\/\/www.youtube.com\/watch?v=xWS3CGeEhCM&amp;t=36s<\/span><\/a><\/p>\n<p><span style=\"font-weight: 400\">Aula de educaci\u00f3n pl\u00e1stica: <\/span><a href=\"https:\/\/www.youtube.com\/watch?v=_BQVySGB0ug\"><span style=\"font-weight: 400\">https:\/\/www.youtube.com\/watch?v=_BQVySGB0ug<\/span><\/a><\/p>\n<p><span style=\"font-weight: 400\">Nicosia, Chipre: <\/span><a href=\"https:\/\/www.youtube.com\/watch?v=k0Z60ljiTbo&amp;t=18s\"><span style=\"font-weight: 400\">https:\/\/www.youtube.com\/watch?v=k0Z60ljiTbo&amp;t=18s<\/span><\/a><\/p>\n<p><span style=\"font-weight: 400\">Brindisi, Italia: <\/span><a href=\"https:\/\/www.youtube.com\/watch?v=3KFZOqGY9Fs\"><span style=\"font-weight: 400\">https:\/\/www.youtube.com\/watch?v=3KFZOqGY9Fs<\/span><\/a><\/p>\n<p><span style=\"font-weight: 400\">Tuvimos una magn\u00edfica reuni\u00f3n de alumnos online en Guadalinfo d\u00f3nde nos ayudo Andr\u00e9s, \u00a1much\u00edsimas gracias por toda tu ayuda!<\/span><\/p>\n<p style=\"text-align: center\"><span style=\"font-weight: 400\">Aqu\u00ed tenemos un peque\u00f1o v\u00eddeo y unas fotos de \u00a1<\/span><span style=\"font-weight: 400\">Pupils meeting!<\/span><\/p>\n<p style=\"text-align: center\">&nbsp; &nbsp; &nbsp; &nbsp; &nbsp; &nbsp;<iframe src=\"\/\/www.youtube.com\/embed\/0NEq4uNSNbU\" width=\"560\" height=\"315\" frameborder=\"0\"><\/iframe><\/p>\nngg_shortcode_6_placeholder\n<p style=\"text-align: center\"><span style=\"font-weight: 400\">Llegaron las Navidades y todos realizamos tarjetas para desearnos un \u00a1Feliz A\u00f1o Nuevo!, \u00a1nos lo pasamos genial!<\/span><\/p>\n<p style=\"text-align: center\">&nbsp; &nbsp; &nbsp; <iframe src=\"\/\/www.youtube.com\/embed\/95z7sx4tO_c\" width=\"560\" height=\"315\" frameborder=\"0\"><\/iframe><\/p>\n<p>ngg_shortcode_7_placeholder<span style=\"font-weight: 400\">Hemos continuado trabajando y realizando recetas de cocina en colaboraci\u00f3n con nuestros amigos\/as europeos para la realizaci\u00f3n de nuestro libro de cocina PARFAITS, EUROPEAN RECIPE BOOK, eTwinning Project \u201ceat well, eat wise\u201d. Nos ha quedado genial, ha sido un gran trabajo colaborativo:<\/span><\/p>\n<p><a href=\"https:\/\/read.bookcreator.com\/ypVemV457lWeWPBsGJaz73x34Br2\/ddnOEy-cQECQeeuszb8hBA\"><img loading=\"lazy\" decoding=\"async\" class=\" wp-image-3301 aligncenter\" src=\"https:\/\/blogsaverroes.juntadeandalucia.es\/ceipsangregoriooria\/files\/2021\/06\/Portada-Parfaits.png\" alt=\"\" width=\"353\" height=\"354\" srcset=\"https:\/\/blogsaverroes.juntadeandalucia.es\/ceipsangregoriooria\/files\/2021\/06\/Portada-Parfaits.png 644w, https:\/\/blogsaverroes.juntadeandalucia.es\/ceipsangregoriooria\/files\/2021\/06\/Portada-Parfaits-300x300.png 300w, https:\/\/blogsaverroes.juntadeandalucia.es\/ceipsangregoriooria\/files\/2021\/06\/Portada-Parfaits-150x150.png 150w, https:\/\/blogsaverroes.juntadeandalucia.es\/ceipsangregoriooria\/files\/2021\/06\/Portada-Parfaits-80x80.png 80w, https:\/\/blogsaverroes.juntadeandalucia.es\/ceipsangregoriooria\/files\/2021\/06\/Portada-Parfaits-320x320.png 320w\" sizes=\"(max-width: 353px) 100vw, 353px\" \/><\/a><\/p>\n<p>Para finalizar, se ha realizado un peque\u00f1o cuestionario para comprobar lo que el alumnado ha aprendido durante este proyecto:<\/p>\n<p style=\"text-align: center\"><a href=\"https:\/\/docs.google.com\/forms\/d\/e\/1FAIpQLSc3nR0HPUzYq9tRI_G0NksNz7zidtUgYfI5fOWH1rq6YRfwEQ\/viewform\">Tell me what you know! eTwinning Project \u00abeat well, eat wise\u00bb<\/a><\/p>\n","protected":false},"excerpt":{"rendered":"<p>Bienvenidos a todos\/as a nuestro Proyecto eTwinning.&nbsp; El alumnado de 1\u00ba y 2\u00ba de ESO junto con la colaboraci\u00f3n de sus compa\u00f1eros\/as de primaria e infantil del CEIP San Gregorio han participado en un proyecto&#46;&#46;&#46;<\/p>\n","protected":false},"author":8040,"featured_media":0,"parent":0,"menu_order":0,"comment_status":"closed","ping_status":"closed","template":"","meta":{"ngg_post_thumbnail":0,"footnotes":"","_mc_calendar":[]},"aioseo_notices":[],"_links":{"self":[{"href":"https:\/\/blogsaverroes.juntadeandalucia.es\/ceipsangregoriooria\/wp-json\/wp\/v2\/pages\/3195"}],"collection":[{"href":"https:\/\/blogsaverroes.juntadeandalucia.es\/ceipsangregoriooria\/wp-json\/wp\/v2\/pages"}],"about":[{"href":"https:\/\/blogsaverroes.juntadeandalucia.es\/ceipsangregoriooria\/wp-json\/wp\/v2\/types\/page"}],"author":[{"embeddable":true,"href":"https:\/\/blogsaverroes.juntadeandalucia.es\/ceipsangregoriooria\/wp-json\/wp\/v2\/users\/8040"}],"replies":[{"embeddable":true,"href":"https:\/\/blogsaverroes.juntadeandalucia.es\/ceipsangregoriooria\/wp-json\/wp\/v2\/comments?post=3195"}],"version-history":[{"count":14,"href":"https:\/\/blogsaverroes.juntadeandalucia.es\/ceipsangregoriooria\/wp-json\/wp\/v2\/pages\/3195\/revisions"}],"predecessor-version":[{"id":3312,"href":"https:\/\/blogsaverroes.juntadeandalucia.es\/ceipsangregoriooria\/wp-json\/wp\/v2\/pages\/3195\/revisions\/3312"}],"wp:attachment":[{"href":"https:\/\/blogsaverroes.juntadeandalucia.es\/ceipsangregoriooria\/wp-json\/wp\/v2\/media?parent=3195"}],"curies":[{"name":"wp","href":"https:\/\/api.w.org\/{rel}","templated":true}]}}