{"id":35,"date":"2015-03-13T08:21:43","date_gmt":"2015-03-13T08:21:43","guid":{"rendered":"http:\/\/blogsaverroes.juntadeandalucia.es\/pre\/ceip\/?page_id=35"},"modified":"2024-10-18T12:43:58","modified_gmt":"2024-10-18T10:43:58","slug":"el-centro-2","status":"publish","type":"page","link":"https:\/\/blogsaverroes.juntadeandalucia.es\/ceipsangregoriooria\/el-centro-2\/","title":{"rendered":"Datos del centro"},"content":{"rendered":"<p><iframe src=\"https:\/\/www.google.com\/maps\/embed?pb=!1m18!1m12!1m3!1d1582.9748217115523!2d-2.289339183837884!3d37.485514675333825!2m3!1f0!2f0!3f0!3m2!1i1024!2i768!4f13.1!3m3!1m2!1s0xd654526c05d559f%3A0x1ae9d677a070ed99!2sColegio%20P%C3%BAblico%20San%20Gregorio!5e0!3m2!1ses!2ses!4v1579879785976!5m2!1ses!2ses\" width=\"800\" height=\"450\" frameborder=\"0\"><\/iframe><\/p>\n<h4>Datos de contacto<\/h4>\n<p>C.E.I.P. San Gregorio<\/p>\n<p><strong>Direcci\u00f3n:<\/strong>&nbsp; Calle Calvario, n\u00ba 2 &#8211; 04810 &#8211; Oria &#8211; Almer\u00eda<\/p>\n<p><strong>Tel\u00e9fono: <\/strong><span class=\"LrzXr zdqRlf kno-fv\"><span data-dtype=\"d3ifr\" data-local-attribute=\"d3ph\">950 63 96 82<\/span><\/span><\/p>\n<p><strong>FAX: <\/strong><span class=\"LrzXr zdqRlf kno-fv\"><span data-dtype=\"d3ifr\" data-local-attribute=\"d3ph\">950 63 96 81<\/span><\/span><\/p>\n<p><strong>M\u00f3vil: <\/strong><span class=\"LrzXr zdqRlf kno-fv\"><span data-dtype=\"d3ifr\" data-local-attribute=\"d3ph\">671 56 72 72<\/span><\/span><\/p>\n<p><strong>Email:<\/strong> 04003470.edu@juntadeandalucia.es<\/p>\n<h4><strong>Horarios<\/strong><\/h4>\n<ul>\n<li>Horario lectivo: de 8:30 a 15:00.<\/li>\n<li>Programas de Refuerzo, Orientaci\u00f3n y Apoyo (PROA):&nbsp;de&nbsp;octubre a mayo desde 3\u00ba de Primaria hasta 2\u00ba de la E.S.O. Se formar\u00e1n dos grupos:\n<ul>\n<li>Grupo 1: martes y jueves de 17:00 a 19:00.<\/li>\n<li>Grupo 2: lunes y mi\u00e9rcoles de 17:00 a 19:00.<\/li>\n<\/ul>\n<\/li>\n<li>Aula matinal: de lunes a viernes de 7:30 a 9:00&nbsp; (todo el curso).<\/li>\n<li>Comedor escolar: de lunes a viernes de 14:00 a 16:00 (todo el curso).&nbsp;<\/li>\n<li>Actividades extraescolares: de lunes a jueves de 16:00 a 17:00 (desde octubre hasta mayo).<\/li>\n<\/ul>\n<h4>Instalaciones&nbsp;<\/h4>\n<p>El centro se encuentra distribuido en torno a cuatro edificios principales. Cuenta con Aula de M\u00fasica, Aula de Inform\u00e1tica, Aula Matinal, Comedor, Pista polideportiva con gradas, patio infantil y huerto.<\/p>\n<h4><strong>Oferta educativa<\/strong><\/h4>\n<p>Nuestro centro cuenta con los niveles de Educaci\u00f3n Infantil (desde 3 a 5 a\u00f1os), Educaci\u00f3n Primaria (desde 1\u00ba a 6\u00ba) y primer Ciclo de Educaci\u00f3n Secundaria (1\u00ba y 2\u00ba de la E.S.O.). Forma parte de los proyectos de <em>Erasmus+<\/em> y <em>Comunidades de Aprendizaje, <\/em>y en \u00e9l se imparte una segunda lengua extranjera, Franc\u00e9s.<\/p>\n","protected":false},"excerpt":{"rendered":"<p>Datos de contacto C.E.I.P. San Gregorio Direcci\u00f3n:&nbsp; Calle Calvario, n\u00ba 2 &#8211; 04810 &#8211; Oria &#8211; Almer\u00eda Tel\u00e9fono: 950 63 96 82 FAX: 950 63 96 81 M\u00f3vil: 671 56 72 72 Email: 04003470.edu@juntadeandalucia.es Horarios&#46;&#46;&#46;<\/p>\n","protected":false},"author":1,"featured_media":0,"parent":0,"menu_order":0,"comment_status":"closed","ping_status":"open","template":"","meta":{"ngg_post_thumbnail":0,"footnotes":"","_mc_calendar":[]},"aioseo_notices":[],"_links":{"self":[{"href":"https:\/\/blogsaverroes.juntadeandalucia.es\/ceipsangregoriooria\/wp-json\/wp\/v2\/pages\/35"}],"collection":[{"href":"https:\/\/blogsaverroes.juntadeandalucia.es\/ceipsangregoriooria\/wp-json\/wp\/v2\/pages"}],"about":[{"href":"https:\/\/blogsaverroes.juntadeandalucia.es\/ceipsangregoriooria\/wp-json\/wp\/v2\/types\/page"}],"author":[{"embeddable":true,"href":"https:\/\/blogsaverroes.juntadeandalucia.es\/ceipsangregoriooria\/wp-json\/wp\/v2\/users\/1"}],"replies":[{"embeddable":true,"href":"https:\/\/blogsaverroes.juntadeandalucia.es\/ceipsangregoriooria\/wp-json\/wp\/v2\/comments?post=35"}],"version-history":[{"count":33,"href":"https:\/\/blogsaverroes.juntadeandalucia.es\/ceipsangregoriooria\/wp-json\/wp\/v2\/pages\/35\/revisions"}],"predecessor-version":[{"id":4465,"href":"https:\/\/blogsaverroes.juntadeandalucia.es\/ceipsangregoriooria\/wp-json\/wp\/v2\/pages\/35\/revisions\/4465"}],"wp:attachment":[{"href":"https:\/\/blogsaverroes.juntadeandalucia.es\/ceipsangregoriooria\/wp-json\/wp\/v2\/media?parent=35"}],"curies":[{"name":"wp","href":"https:\/\/api.w.org\/{rel}","templated":true}]}}