{"id":3811,"date":"2022-03-12T21:05:52","date_gmt":"2022-03-12T20:05:52","guid":{"rendered":"https:\/\/blogsaverroes.juntadeandalucia.es\/ceipsangregoriooria\/?page_id=3811"},"modified":"2022-03-12T21:13:10","modified_gmt":"2022-03-12T20:13:10","slug":"elementor-3811","status":"publish","type":"page","link":"https:\/\/blogsaverroes.juntadeandalucia.es\/ceipsangregoriooria\/elementor-3811\/","title":{"rendered":"Nuestro huerto"},"content":{"rendered":"\t\t<div data-elementor-type=\"wp-page\" data-elementor-id=\"3811\" class=\"elementor elementor-3811\">\n\t\t\t\t\t\t<section class=\"elementor-section elementor-top-section elementor-element elementor-element-885439a elementor-section-boxed elementor-section-height-default elementor-section-height-default\" data-id=\"885439a\" data-element_type=\"section\">\n\t\t\t\t\t\t<div class=\"elementor-container elementor-column-gap-default\">\n\t\t\t\t\t<div class=\"elementor-column elementor-col-100 elementor-top-column elementor-element elementor-element-d332310\" data-id=\"d332310\" data-element_type=\"column\">\n\t\t\t<div class=\"elementor-widget-wrap elementor-element-populated\">\n\t\t\t\t\t\t<div class=\"elementor-element elementor-element-aceeb71 elementor-widget elementor-widget-image\" data-id=\"aceeb71\" data-element_type=\"widget\" data-widget_type=\"image.default\">\n\t\t\t\t<div class=\"elementor-widget-container\">\n\t\t\t\t\t\t\t\t\t\t\t\t\t\t\t<img fetchpriority=\"high\" decoding=\"async\" width=\"1024\" height=\"315\" src=\"https:\/\/blogsaverroes.juntadeandalucia.es\/ceipsangregoriooria\/files\/2022\/03\/IMG_0243-1024x315.jpg\" class=\"attachment-large size-large wp-image-3808\" alt=\"\" srcset=\"https:\/\/blogsaverroes.juntadeandalucia.es\/ceipsangregoriooria\/files\/2022\/03\/IMG_0243-1024x315.jpg 1024w, https:\/\/blogsaverroes.juntadeandalucia.es\/ceipsangregoriooria\/files\/2022\/03\/IMG_0243-300x92.jpg 300w, https:\/\/blogsaverroes.juntadeandalucia.es\/ceipsangregoriooria\/files\/2022\/03\/IMG_0243-768x236.jpg 768w, https:\/\/blogsaverroes.juntadeandalucia.es\/ceipsangregoriooria\/files\/2022\/03\/IMG_0243-1536x472.jpg 1536w, https:\/\/blogsaverroes.juntadeandalucia.es\/ceipsangregoriooria\/files\/2022\/03\/IMG_0243-2048x630.jpg 2048w, https:\/\/blogsaverroes.juntadeandalucia.es\/ceipsangregoriooria\/files\/2022\/03\/IMG_0243-scaled.jpg 1600w\" sizes=\"(max-width: 1024px) 100vw, 1024px\" \/>\t\t\t\t\t\t\t\t\t\t\t\t\t\t\t<\/div>\n\t\t\t\t<\/div>\n\t\t\t\t<div class=\"elementor-element elementor-element-f651ef5 elementor-widget elementor-widget-heading\" data-id=\"f651ef5\" data-element_type=\"widget\" data-widget_type=\"heading.default\">\n\t\t\t\t<div class=\"elementor-widget-container\">\n\t\t\t\t\t<h2 class=\"elementor-heading-title elementor-size-default\">Nuestro huerto<\/h2>\t\t\t\t<\/div>\n\t\t\t\t<\/div>\n\t\t\t\t<div class=\"elementor-element elementor-element-48b4e89 elementor-widget elementor-widget-text-editor\" data-id=\"48b4e89\" data-element_type=\"widget\" data-widget_type=\"text-editor.default\">\n\t\t\t\t<div class=\"elementor-widget-container\">\n\t\t\t\t\t\t\t\t\t<p><span style=\"font-family: Roboto, sans-serif;font-size: 18px;font-style: normal;font-weight: 400\">El Huerto Escolar es una estrategia de innovaci\u00f3n para el CEIP San Gregorio por la fundamentaci\u00f3n conceptual y por la apuesta innovadora en su metodolog\u00eda. Por tanto no es una zona verde del centro educativo, sino un recurso educativo donde, a trav\u00e9s de la experimentaci\u00f3n, la exploraci\u00f3n y la convivencia, pretendemos llegar especialmente al alumnado con m\u00e1s dificultades en el aprendizaje (tambi\u00e9n podr\u00e1 beneficiare el resto de alumnado sin NEAE aunque principalmente est\u00e9 destinado para el alumnado con dificultades de aprendizaje y para la Etapa de Educaci\u00f3n Infantil y Primer ciclo de Primaria) siendo una manera de que este alumnado aplique de manera contextualizada conceptos<\/span><br \/><span style=\"font-family: Roboto, sans-serif;font-size: 18px;font-style: normal;font-weight: 400\">matem\u00e1ticos, aprenda a pensar resolviendo problemas que surgen en la situaci\u00f3n del huerto, adquiera responsabilidad y autonom\u00eda, logre el autocontrol de sus emociones, adquiera autoestima, etc., y todo ello, en un entorno no acad\u00e9mico, porque, no necesitamos nuevas generaciones solo con conocimiento que, en poco tiempo puede ser reemplazado por los avances cient\u00edficos y tecnol\u00f3gicos, sino que, puedan hacer cosas con ese conocimiento.<\/span><br \/><span style=\"font-family: Roboto, sans-serif;font-size: 18px;font-style: normal;font-weight: 400\">Por otro lado, la reducci\u00f3n, reutilizaci\u00f3n y reciclaje de elementos estar\u00e1n al servicio de nuestra producci\u00f3n ecol\u00f3gica. De esta forma damos presencia a un proyecto con dos l\u00edneas de intervenci\u00f3n ( Huerto escolar y Recapacicla) que permita trasmitir el conocimiento de su entorno concienciaci\u00f3n y amor hacia el medio ambiente.<\/span><\/p>\t\t\t\t\t\t\t\t<\/div>\n\t\t\t\t<\/div>\n\t\t\t\t\t<\/div>\n\t\t<\/div>\n\t\t\t\t\t<\/div>\n\t\t<\/section>\n\t\t\t\t<section class=\"elementor-section elementor-top-section elementor-element elementor-element-a6129ce elementor-section-boxed elementor-section-height-default elementor-section-height-default\" data-id=\"a6129ce\" data-element_type=\"section\">\n\t\t\t\t\t\t<div class=\"elementor-container elementor-column-gap-default\">\n\t\t\t\t\t<div class=\"elementor-column elementor-col-100 elementor-top-column elementor-element elementor-element-5622877\" data-id=\"5622877\" data-element_type=\"column\">\n\t\t\t<div class=\"elementor-widget-wrap elementor-element-populated\">\n\t\t\t\t\t\t<div class=\"elementor-element elementor-element-08dd39f elementor-widget elementor-widget-image\" data-id=\"08dd39f\" data-element_type=\"widget\" data-widget_type=\"image.default\">\n\t\t\t\t<div class=\"elementor-widget-container\">\n\t\t\t\t\t\t\t\t\t\t\t\t\t\t\t<img decoding=\"async\" width=\"150\" height=\"150\" src=\"https:\/\/blogsaverroes.juntadeandalucia.es\/ceipsangregoriooria\/files\/2022\/02\/logo-aldea-150x150.jpg\" class=\"attachment-thumbnail size-thumbnail wp-image-3733\" alt=\"\" srcset=\"https:\/\/blogsaverroes.juntadeandalucia.es\/ceipsangregoriooria\/files\/2022\/02\/logo-aldea-150x150.jpg 150w, https:\/\/blogsaverroes.juntadeandalucia.es\/ceipsangregoriooria\/files\/2022\/02\/logo-aldea-300x300.jpg 300w, https:\/\/blogsaverroes.juntadeandalucia.es\/ceipsangregoriooria\/files\/2022\/02\/logo-aldea-768x768.jpg 768w, https:\/\/blogsaverroes.juntadeandalucia.es\/ceipsangregoriooria\/files\/2022\/02\/logo-aldea-80x80.jpg 80w, https:\/\/blogsaverroes.juntadeandalucia.es\/ceipsangregoriooria\/files\/2022\/02\/logo-aldea-320x320.jpg 320w, https:\/\/blogsaverroes.juntadeandalucia.es\/ceipsangregoriooria\/files\/2022\/02\/logo-aldea.jpg 900w\" sizes=\"(max-width: 150px) 100vw, 150px\" \/>\t\t\t\t\t\t\t\t\t\t\t\t\t\t\t<\/div>\n\t\t\t\t<\/div>\n\t\t\t\t\t<\/div>\n\t\t<\/div>\n\t\t\t\t\t<\/div>\n\t\t<\/section>\n\t\t\t\t<section class=\"elementor-section elementor-top-section elementor-element elementor-element-e9e9992 elementor-section-boxed elementor-section-height-default elementor-section-height-default\" data-id=\"e9e9992\" data-element_type=\"section\">\n\t\t\t\t\t\t<div class=\"elementor-container elementor-column-gap-default\">\n\t\t\t\t\t<div class=\"elementor-column elementor-col-100 elementor-top-column elementor-element elementor-element-417caa8\" data-id=\"417caa8\" data-element_type=\"column\">\n\t\t\t<div class=\"elementor-widget-wrap elementor-element-populated\">\n\t\t\t\t\t\t<div class=\"elementor-element elementor-element-62960f9 elementor-widget elementor-widget-image\" data-id=\"62960f9\" data-element_type=\"widget\" data-widget_type=\"image.default\">\n\t\t\t\t<div class=\"elementor-widget-container\">\n\t\t\t\t\t\t\t\t\t\t\t\t\t\t\t<img decoding=\"async\" width=\"300\" height=\"73\" src=\"https:\/\/blogsaverroes.juntadeandalucia.es\/ceipsangregoriooria\/files\/2022\/02\/LOGO-OFICIAL-ERASMUS-300x73.png\" class=\"attachment-medium size-medium wp-image-3732\" alt=\"\" srcset=\"https:\/\/blogsaverroes.juntadeandalucia.es\/ceipsangregoriooria\/files\/2022\/02\/LOGO-OFICIAL-ERASMUS-300x73.png 300w, https:\/\/blogsaverroes.juntadeandalucia.es\/ceipsangregoriooria\/files\/2022\/02\/LOGO-OFICIAL-ERASMUS-1024x249.png 1024w, https:\/\/blogsaverroes.juntadeandalucia.es\/ceipsangregoriooria\/files\/2022\/02\/LOGO-OFICIAL-ERASMUS-768x187.png 768w, https:\/\/blogsaverroes.juntadeandalucia.es\/ceipsangregoriooria\/files\/2022\/02\/LOGO-OFICIAL-ERASMUS-1536x373.png 1536w, https:\/\/blogsaverroes.juntadeandalucia.es\/ceipsangregoriooria\/files\/2022\/02\/LOGO-OFICIAL-ERASMUS.png 1600w\" sizes=\"(max-width: 300px) 100vw, 300px\" \/>\t\t\t\t\t\t\t\t\t\t\t\t\t\t\t<\/div>\n\t\t\t\t<\/div>\n\t\t\t\t\t<\/div>\n\t\t<\/div>\n\t\t\t\t\t<\/div>\n\t\t<\/section>\n\t\t\t\t<\/div>\n\t\t","protected":false},"excerpt":{"rendered":"<p>Nuestro huerto El Huerto Escolar es una estrategia de innovaci\u00f3n para el CEIP San Gregorio por la fundamentaci\u00f3n conceptual y por la apuesta innovadora en su metodolog\u00eda. Por tanto no es una zona verde del&#46;&#46;&#46;<\/p>\n","protected":false},"author":8040,"featured_media":3808,"parent":0,"menu_order":0,"comment_status":"closed","ping_status":"closed","template":"","meta":{"ngg_post_thumbnail":0,"footnotes":"","_mc_calendar":[]},"aioseo_notices":[],"_links":{"self":[{"href":"https:\/\/blogsaverroes.juntadeandalucia.es\/ceipsangregoriooria\/wp-json\/wp\/v2\/pages\/3811"}],"collection":[{"href":"https:\/\/blogsaverroes.juntadeandalucia.es\/ceipsangregoriooria\/wp-json\/wp\/v2\/pages"}],"about":[{"href":"https:\/\/blogsaverroes.juntadeandalucia.es\/ceipsangregoriooria\/wp-json\/wp\/v2\/types\/page"}],"author":[{"embeddable":true,"href":"https:\/\/blogsaverroes.juntadeandalucia.es\/ceipsangregoriooria\/wp-json\/wp\/v2\/users\/8040"}],"replies":[{"embeddable":true,"href":"https:\/\/blogsaverroes.juntadeandalucia.es\/ceipsangregoriooria\/wp-json\/wp\/v2\/comments?post=3811"}],"version-history":[{"count":10,"href":"https:\/\/blogsaverroes.juntadeandalucia.es\/ceipsangregoriooria\/wp-json\/wp\/v2\/pages\/3811\/revisions"}],"predecessor-version":[{"id":3822,"href":"https:\/\/blogsaverroes.juntadeandalucia.es\/ceipsangregoriooria\/wp-json\/wp\/v2\/pages\/3811\/revisions\/3822"}],"wp:featuredmedia":[{"embeddable":true,"href":"https:\/\/blogsaverroes.juntadeandalucia.es\/ceipsangregoriooria\/wp-json\/wp\/v2\/media\/3808"}],"wp:attachment":[{"href":"https:\/\/blogsaverroes.juntadeandalucia.es\/ceipsangregoriooria\/wp-json\/wp\/v2\/media?parent=3811"}],"curies":[{"name":"wp","href":"https:\/\/api.w.org\/{rel}","templated":true}]}}