{"id":3845,"date":"2022-03-16T16:13:49","date_gmt":"2022-03-16T15:13:49","guid":{"rendered":"https:\/\/blogsaverroes.juntadeandalucia.es\/ceipsangregoriooria\/?page_id=3845"},"modified":"2022-03-16T16:19:09","modified_gmt":"2022-03-16T15:19:09","slug":"elementor-3845","status":"publish","type":"page","link":"https:\/\/blogsaverroes.juntadeandalucia.es\/ceipsangregoriooria\/elementor-3845\/","title":{"rendered":"Programaci\u00f3n y Rob\u00f3tica"},"content":{"rendered":"\t\t<div data-elementor-type=\"wp-page\" data-elementor-id=\"3845\" class=\"elementor elementor-3845\">\n\t\t\t\t\t\t<section class=\"elementor-section elementor-top-section elementor-element elementor-element-17490bc elementor-section-boxed elementor-section-height-default elementor-section-height-default\" data-id=\"17490bc\" data-element_type=\"section\">\n\t\t\t\t\t\t<div class=\"elementor-container elementor-column-gap-default\">\n\t\t\t\t\t<div class=\"elementor-column elementor-col-100 elementor-top-column elementor-element elementor-element-f24e3fb\" data-id=\"f24e3fb\" data-element_type=\"column\">\n\t\t\t<div class=\"elementor-widget-wrap elementor-element-populated\">\n\t\t\t\t\t\t<div class=\"elementor-element elementor-element-f6ed122 elementor-widget elementor-widget-heading\" data-id=\"f6ed122\" data-element_type=\"widget\" data-widget_type=\"heading.default\">\n\t\t\t\t<div class=\"elementor-widget-container\">\n\t\t\t\t\t<h2 class=\"elementor-heading-title elementor-size-default\">Pensamiento computacional, Programaci\u00f3n y Rob\u00f3tica.<\/h2>\t\t\t\t<\/div>\n\t\t\t\t<\/div>\n\t\t\t\t\t<\/div>\n\t\t<\/div>\n\t\t\t\t\t<\/div>\n\t\t<\/section>\n\t\t\t\t<section class=\"elementor-section elementor-top-section elementor-element elementor-element-fcfe220 elementor-section-boxed elementor-section-height-default elementor-section-height-default\" data-id=\"fcfe220\" data-element_type=\"section\">\n\t\t\t\t\t\t<div class=\"elementor-container elementor-column-gap-default\">\n\t\t\t\t\t<div class=\"elementor-column elementor-col-100 elementor-top-column elementor-element elementor-element-57d30a9\" data-id=\"57d30a9\" data-element_type=\"column\">\n\t\t\t<div class=\"elementor-widget-wrap elementor-element-populated\">\n\t\t\t\t\t\t<div class=\"elementor-element elementor-element-cba3bb2 elementor-widget elementor-widget-image\" data-id=\"cba3bb2\" data-element_type=\"widget\" data-widget_type=\"image.default\">\n\t\t\t\t<div class=\"elementor-widget-container\">\n\t\t\t\t\t\t\t\t\t\t\t\t\t\t\t<img fetchpriority=\"high\" decoding=\"async\" width=\"1020\" height=\"680\" src=\"https:\/\/blogsaverroes.juntadeandalucia.es\/ceipsangregoriooria\/files\/2022\/03\/pensamiento-computacional.png\" class=\"attachment-large size-large wp-image-3846\" alt=\"\" srcset=\"https:\/\/blogsaverroes.juntadeandalucia.es\/ceipsangregoriooria\/files\/2022\/03\/pensamiento-computacional.png 1020w, https:\/\/blogsaverroes.juntadeandalucia.es\/ceipsangregoriooria\/files\/2022\/03\/pensamiento-computacional-300x200.png 300w, https:\/\/blogsaverroes.juntadeandalucia.es\/ceipsangregoriooria\/files\/2022\/03\/pensamiento-computacional-768x512.png 768w, https:\/\/blogsaverroes.juntadeandalucia.es\/ceipsangregoriooria\/files\/2022\/03\/pensamiento-computacional-391x260.png 391w\" sizes=\"(max-width: 1020px) 100vw, 1020px\" \/>\t\t\t\t\t\t\t\t\t\t\t\t\t\t\t<\/div>\n\t\t\t\t<\/div>\n\t\t\t\t<div class=\"elementor-element elementor-element-98527ad elementor-widget elementor-widget-text-editor\" data-id=\"98527ad\" data-element_type=\"widget\" data-widget_type=\"text-editor.default\">\n\t\t\t\t<div class=\"elementor-widget-container\">\n\t\t\t\t\t\t\t\t\t<p>Cuando hablamos de las nuevas habilidades que tenemos al servicio de la Educaci\u00f3n, uno de nuestros focos se sit\u00faa en la tecnolog\u00eda y en este avance digital que estamos viviendo. Son habilidades aportadas a nuestras aulas, usando la\u00a0<strong>rob\u00f3tica, programaci\u00f3n o pensamiento computacional<\/strong>, conceptos que debemos entender bien como docentes para conocer la importancia de su integraci\u00f3n en la Educaci\u00f3n actual.<\/p><p>Pensar en rob\u00f3tica o pensamiento computacional\u00a0<strong>va mucho m\u00e1s all\u00e1 de simples robots o programar<\/strong>, y adem\u00e1s es un error pensar que \u00fanicamente est\u00e1n alojadas en el \u00e1mbito tecnol\u00f3gico; su integraci\u00f3n en las aulas debe ser vista desde una perspectiva m\u00e1s amplia y con un objetivo de aprendizaje m\u00e1s transversal.<\/p><p>La rob\u00f3tica puede ser\u00a0<strong>un pilar dentro de la Educaci\u00f3n STEAM<\/strong>\u00a0que ya es un enfoque importante en muchas escuelas de nuestro pa\u00eds. A medida que el mundo se vuelve cada vez m\u00e1s digital, la programaci\u00f3n, que es una parte integral de la rob\u00f3tica, se convertir\u00e1 cada vez m\u00e1s en elemento central del aula fomentando la creatividad, la innovaci\u00f3n y la transversalidad dentro de los centros educativos. No olvidemos que<strong>\u00a0la rob\u00f3tica tambi\u00e9n ayuda a introducir metodolog\u00edas como la<\/strong>\u00a0<strong>gamificaci\u00f3n<\/strong>, permitiendo una mayor motivaci\u00f3n y personalizaci\u00f3n en el aprendizaje de los m\u00e1s peque\u00f1os.<\/p><p><span style=\"max-height: 1e+06px\">Debemos pensar que la rob\u00f3tica en un futuro pr\u00f3ximo ser\u00e1 tan importante y omnipresente como lo est\u00e1n siendo las TIC en estos \u00faltimos a\u00f1os. Fomentar en nuestros alumnos habilidades como la\u00a0<span style=\"font-weight: bold;max-height: 1e+06px\">cooperaci\u00f3n, creaci\u00f3n e innovaci\u00f3n<\/span>\u00a0con el uso de una tecnolog\u00eda que tendr\u00e1n en su mano cuando abandonen la escuela, nos sit\u00faa en el camino de la transformaci\u00f3n digital educativa.<\/span><\/p><p><span style=\"max-height: 1e+06px\">Todas estas habilidades tienen su base en un pensamiento, en un proceso de resoluci\u00f3n de problemas, llamado\u00a0<span style=\"font-weight: bold;max-height: 1e+06px\">\u201cpensamiento computacional\u201d<\/span>. Un concepto que podemos definir como la forma de dividir los desaf\u00edos que se nos plantean, en pasos m\u00e1s manejables o sencillos, para de esta manera encontrar una soluci\u00f3n que nos permita seguir avanzando en los siguientes retos. Algo esencial para seguir avanzando y creciendo en las habilidades que nos aporta la tecnolog\u00eda en las aulas. Pero este pensamiento nos abre puertas m\u00e1s all\u00e1 de la tecnolog\u00eda, es una forma de pensar en problemas y abordar las dificultades dentro de cualquier \u00e1mbito.<\/span><\/p><p class=\"p1\"><span class=\"s1\">Ense\u00f1ar esta manera de pensar a nuestros alumnos, nos hace dotarles de unas habilidades necesarias para esta revoluci\u00f3n digital. Desarrollar el conocimiento y las habilidades para comprender y crear con el pensamiento computacional, es ahora\u00a0<strong>un imperativo del siglo XXI<\/strong>.<\/span><\/p><p class=\"p2\"><span class=\"s1\">Con grandes tecnolog\u00edas y transformaciones digitales en nuestras vidas, la Educaci\u00f3n tiene que ser un valor fundamental para nuestro futuro. Los alumnos de hoy m\u00e1s que \u201cprogramar\u201d en clase,\u00a0<strong>necesitan usar estas nuevas habilidades de manera continua para inspirar su curiosidad, imaginaci\u00f3n, juego, invenci\u00f3n y creaci\u00f3n<\/strong>.<\/span><\/p><p class=\"p2\"><span class=\"s1\">El trabajo de estas habilidades aportadas al aula\u00a0<strong>no es una idea nueva o una moda pasajera<\/strong>, sino un concepto fundamental.<\/span><\/p><p class=\"p2\"><span class=\"s1\">Como conclusi\u00f3n podemos se\u00f1alar que es muy importante que los alumnos desarrollen y perfeccionen estas habilidades fuera de sus clases de Tecnolog\u00eda o del \u00e1mbito m\u00e1s estrictamente tecnol\u00f3gico; debemos verlo como un\u00a0<strong>procedimiento o metodolog\u00eda dentro del colegio<\/strong>.<\/span><\/p><p class=\"p2\"><span class=\"s1\">Como profesores, uno de los primeros pasos que debemos seguir para su integraci\u00f3n es<strong>\u00a0revisar nuestro plan de estudios e identificar oportunidades<\/strong>\u00a0para inculcar habilidades computacionales que nos permitan mejorar el entendimiento, resoluci\u00f3n y comprensi\u00f3n de conceptos dentro de nuestras asignaturas.<\/span><\/p><p style=\"text-align: right\"><em><span class=\"s1\"><strong>Jorge Calvo Mart\u00edn.<\/strong>\u00a0<\/span><span class=\"s1\">Asesor y profesor EdTech e ICT Head del\u00a0<a href=\"https:\/\/www.colegioeuropeodemadrid.com\/\" target=\"_blank\" rel=\"noopener\">Colegio Europeo de Madrid<\/a>.<\/span><\/em><\/p>\t\t\t\t\t\t\t\t<\/div>\n\t\t\t\t<\/div>\n\t\t\t\t\t<\/div>\n\t\t<\/div>\n\t\t\t\t\t<\/div>\n\t\t<\/section>\n\t\t\t\t<section class=\"elementor-section elementor-top-section elementor-element elementor-element-7c0ad6f elementor-section-boxed elementor-section-height-default elementor-section-height-default\" data-id=\"7c0ad6f\" data-element_type=\"section\">\n\t\t\t\t\t\t<div class=\"elementor-container elementor-column-gap-default\">\n\t\t\t\t\t<div class=\"elementor-column elementor-col-100 elementor-top-column elementor-element elementor-element-019afb1\" data-id=\"019afb1\" data-element_type=\"column\">\n\t\t\t<div class=\"elementor-widget-wrap elementor-element-populated\">\n\t\t\t\t\t\t<div class=\"elementor-element elementor-element-eb7c672 elementor-widget elementor-widget-image\" data-id=\"eb7c672\" data-element_type=\"widget\" data-widget_type=\"image.default\">\n\t\t\t\t<div class=\"elementor-widget-container\">\n\t\t\t\t\t\t\t\t\t\t\t\t\t\t\t<img decoding=\"async\" width=\"300\" height=\"211\" src=\"https:\/\/blogsaverroes.juntadeandalucia.es\/ceipsangregoriooria\/files\/2021\/10\/fondo_pantalla_rob\u00f3tica-300x211-1.png\" class=\"attachment-medium size-medium wp-image-3511\" alt=\"\" \/>\t\t\t\t\t\t\t\t\t\t\t\t\t\t\t<\/div>\n\t\t\t\t<\/div>\n\t\t\t\t<div class=\"elementor-element elementor-element-5669bd0 elementor-widget elementor-widget-image\" data-id=\"5669bd0\" data-element_type=\"widget\" data-widget_type=\"image.default\">\n\t\t\t\t<div class=\"elementor-widget-container\">\n\t\t\t\t\t\t\t\t\t\t\t\t\t\t\t<img decoding=\"async\" width=\"300\" height=\"172\" src=\"https:\/\/blogsaverroes.juntadeandalucia.es\/ceipsangregoriooria\/files\/2022\/02\/logo-grande-300x172.png\" class=\"attachment-medium size-medium wp-image-3731\" alt=\"\" srcset=\"https:\/\/blogsaverroes.juntadeandalucia.es\/ceipsangregoriooria\/files\/2022\/02\/logo-grande-300x172.png 300w, https:\/\/blogsaverroes.juntadeandalucia.es\/ceipsangregoriooria\/files\/2022\/02\/logo-grande-1024x586.png 1024w, https:\/\/blogsaverroes.juntadeandalucia.es\/ceipsangregoriooria\/files\/2022\/02\/logo-grande-768x439.png 768w, https:\/\/blogsaverroes.juntadeandalucia.es\/ceipsangregoriooria\/files\/2022\/02\/logo-grande.png 1423w\" sizes=\"(max-width: 300px) 100vw, 300px\" \/>\t\t\t\t\t\t\t\t\t\t\t\t\t\t\t<\/div>\n\t\t\t\t<\/div>\n\t\t\t\t\t<\/div>\n\t\t<\/div>\n\t\t\t\t\t<\/div>\n\t\t<\/section>\n\t\t\t\t<\/div>\n\t\t","protected":false},"excerpt":{"rendered":"<p>Pensamiento computacional, Programaci\u00f3n y Rob\u00f3tica. Cuando hablamos de las nuevas habilidades que tenemos al servicio de la Educaci\u00f3n, uno de nuestros focos se sit\u00faa en la tecnolog\u00eda y en este avance digital que estamos viviendo.&#46;&#46;&#46;<\/p>\n","protected":false},"author":8040,"featured_media":3846,"parent":0,"menu_order":0,"comment_status":"closed","ping_status":"closed","template":"","meta":{"ngg_post_thumbnail":0,"footnotes":"","_mc_calendar":[]},"aioseo_notices":[],"_links":{"self":[{"href":"https:\/\/blogsaverroes.juntadeandalucia.es\/ceipsangregoriooria\/wp-json\/wp\/v2\/pages\/3845"}],"collection":[{"href":"https:\/\/blogsaverroes.juntadeandalucia.es\/ceipsangregoriooria\/wp-json\/wp\/v2\/pages"}],"about":[{"href":"https:\/\/blogsaverroes.juntadeandalucia.es\/ceipsangregoriooria\/wp-json\/wp\/v2\/types\/page"}],"author":[{"embeddable":true,"href":"https:\/\/blogsaverroes.juntadeandalucia.es\/ceipsangregoriooria\/wp-json\/wp\/v2\/users\/8040"}],"replies":[{"embeddable":true,"href":"https:\/\/blogsaverroes.juntadeandalucia.es\/ceipsangregoriooria\/wp-json\/wp\/v2\/comments?post=3845"}],"version-history":[{"count":9,"href":"https:\/\/blogsaverroes.juntadeandalucia.es\/ceipsangregoriooria\/wp-json\/wp\/v2\/pages\/3845\/revisions"}],"predecessor-version":[{"id":3856,"href":"https:\/\/blogsaverroes.juntadeandalucia.es\/ceipsangregoriooria\/wp-json\/wp\/v2\/pages\/3845\/revisions\/3856"}],"wp:featuredmedia":[{"embeddable":true,"href":"https:\/\/blogsaverroes.juntadeandalucia.es\/ceipsangregoriooria\/wp-json\/wp\/v2\/media\/3846"}],"wp:attachment":[{"href":"https:\/\/blogsaverroes.juntadeandalucia.es\/ceipsangregoriooria\/wp-json\/wp\/v2\/media?parent=3845"}],"curies":[{"name":"wp","href":"https:\/\/api.w.org\/{rel}","templated":true}]}}