{"id":42,"date":"2015-03-13T08:40:47","date_gmt":"2015-03-13T08:40:47","guid":{"rendered":"http:\/\/blogsaverroes.juntadeandalucia.es\/pre\/ceip\/?page_id=42"},"modified":"2024-10-18T12:57:26","modified_gmt":"2024-10-18T10:57:26","slug":"equipo-directivo","status":"publish","type":"page","link":"https:\/\/blogsaverroes.juntadeandalucia.es\/ceipsangregoriooria\/equipo-directivo\/","title":{"rendered":"Nuestra Plantilla"},"content":{"rendered":"<h3>Equipo Directivo:<\/h3>\n<p><strong>Directora<\/strong>: Mar\u00eda Petronila S\u00e1nchez Garc\u00eda<\/p>\n<p><strong>Jefe de estudios<\/strong>: Mart\u00edn Rodr\u00edguez Oller<\/p>\n<p><strong>Secretario<\/strong>: Jos\u00e9 P\u00e9rez P\u00e9rez.<\/p>\n<h3>Profesorado integrante para el curso 2024\/2025:<\/h3>\n<p><strong>Tutora Infantil 3\/4 a\u00f1os:<\/strong> Duelt Aparico, Emilia (Educaci\u00f3n Infantil).<\/p>\n<p><strong>Tutora Infantil 5 a\u00f1os:<\/strong>&nbsp;Moreno Ortiz, Mar\u00eda Luisa (Educaci\u00f3n Infantil).<\/p>\n<p><strong>Tutora 1\u00ba\/2\u00ba E.P.:<\/strong> Moya Hern\u00e1ndez, Alicia (Educaci\u00f3n Primaria).<\/p>\n<p><strong>Tutora 3\u00ba E.P.: <\/strong>Belchi Gamb\u00edn, Bego\u00f1a&nbsp;(Idioma Extranjero-Ingl\u00e9s Primaria).<\/p>\n<p><strong>Tutor 4\u00ba E.P.: <\/strong>Zome\u00f1o Zambudio, Adri\u00e1n Heber (M\u00fasica Secundaria).<\/p>\n<p><strong>Tutor 5\u00ba E.P<\/strong>.: Rodr\u00edguez Oller, Mart\u00edn (Educaci\u00f3n Primaria).<\/p>\n<p><strong>Tutora 6\u00ba E.P.: <\/strong>Venegas Rodr\u00edguez, Estefan\u00eda&nbsp;(Educaci\u00f3n Primaria)<\/p>\n<p><strong>Tutora 1\u00ba E.S.O.: <\/strong>Casanova Corral, Inmaculada (Idioma Extranjero-Franc\u00e9s).<\/p>\n<p><strong>Tutor 2\u00ba E.S.O.: <\/strong>Gonz\u00e1lez Garc\u00eda, Daniel (Ciencias Sociales-Geograf\u00eda e Historia).<\/p>\n<p><strong>Profesorado especialista:<\/strong><\/p>\n<p>Camacho S\u00e1nchez, Luc\u00eda (Religi\u00f3n Primaria).<\/p>\n<p>P\u00e9rez P\u00e9rez, Jos\u00e9 (Educaci\u00f3n F\u00edsica Secundaria).<\/p>\n<p>Mart\u00ednez Ruano, Juli\u00e1n Miguel (Matem\u00e1ticas Secunaria)<\/p>\n<p>Ruiz de la Fuente Garc\u00eda, Juan Ignacio (Educaci\u00f3n F\u00edsica Primaria).<\/p>\n<p>S\u00e1nchez Garc\u00eda, Mar\u00eda Petronila (F\u00edsica y Qu\u00edmica Secundaria).<\/p>\n<p>Torregrosa Mart\u00ednez, Pedro (Pedagog\u00eda Terap\u00e9utica).<\/p>\n<p>Zapata Fern\u00e1ndez, Mar\u00eda Idioma (Idioma Extranjero-Ingl\u00e9s Secundaria).<\/p>\n<p>L\u00f3pez Lao, Cristina (Audici\u00f3n y Lenguaje)<\/p>\n","protected":false},"excerpt":{"rendered":"<p>Equipo Directivo: Directora: Mar\u00eda Petronila S\u00e1nchez Garc\u00eda Jefe de estudios: Mart\u00edn Rodr\u00edguez Oller Secretario: Jos\u00e9 P\u00e9rez P\u00e9rez. Profesorado integrante para el curso 2024\/2025: Tutora Infantil 3\/4 a\u00f1os: Duelt Aparico, Emilia (Educaci\u00f3n Infantil). Tutora Infantil 5&#46;&#46;&#46;<\/p>\n","protected":false},"author":1,"featured_media":0,"parent":0,"menu_order":0,"comment_status":"closed","ping_status":"open","template":"","meta":{"ngg_post_thumbnail":0,"footnotes":"","_mc_calendar":[]},"aioseo_notices":[],"_links":{"self":[{"href":"https:\/\/blogsaverroes.juntadeandalucia.es\/ceipsangregoriooria\/wp-json\/wp\/v2\/pages\/42"}],"collection":[{"href":"https:\/\/blogsaverroes.juntadeandalucia.es\/ceipsangregoriooria\/wp-json\/wp\/v2\/pages"}],"about":[{"href":"https:\/\/blogsaverroes.juntadeandalucia.es\/ceipsangregoriooria\/wp-json\/wp\/v2\/types\/page"}],"author":[{"embeddable":true,"href":"https:\/\/blogsaverroes.juntadeandalucia.es\/ceipsangregoriooria\/wp-json\/wp\/v2\/users\/1"}],"replies":[{"embeddable":true,"href":"https:\/\/blogsaverroes.juntadeandalucia.es\/ceipsangregoriooria\/wp-json\/wp\/v2\/comments?post=42"}],"version-history":[{"count":16,"href":"https:\/\/blogsaverroes.juntadeandalucia.es\/ceipsangregoriooria\/wp-json\/wp\/v2\/pages\/42\/revisions"}],"predecessor-version":[{"id":4466,"href":"https:\/\/blogsaverroes.juntadeandalucia.es\/ceipsangregoriooria\/wp-json\/wp\/v2\/pages\/42\/revisions\/4466"}],"wp:attachment":[{"href":"https:\/\/blogsaverroes.juntadeandalucia.es\/ceipsangregoriooria\/wp-json\/wp\/v2\/media?parent=42"}],"curies":[{"name":"wp","href":"https:\/\/api.w.org\/{rel}","templated":true}]}}