{"id":4379,"date":"2023-09-13T09:54:28","date_gmt":"2023-09-13T07:54:28","guid":{"rendered":"https:\/\/blogsaverroes.juntadeandalucia.es\/ceipsangregoriooria\/?page_id=4379"},"modified":"2023-09-13T09:58:59","modified_gmt":"2023-09-13T07:58:59","slug":"nuestro-viaje-a-suceava","status":"publish","type":"page","link":"https:\/\/blogsaverroes.juntadeandalucia.es\/ceipsangregoriooria\/nuestro-viaje-a-suceava\/","title":{"rendered":"Difusi\u00f3n del proyecto \u00abERASMUS+ HAELP\u00bb: Nuestro viaje a Suceava, una experiencia inolvidable\u2026"},"content":{"rendered":"<p>Durante nuestro viaje a Suceava nuestro alumnado present\u00f3 el trabajo elaborado para esta movilidad, que consist\u00eda en la elaboraci\u00f3n de platos tradicionales de nuestra localidad y de la cultura espa\u00f1ola.<\/p>\n<p style=\"text-align: center\"><iframe src=\"\/\/www.youtube.com\/embed\/s7E54Xe6_yc?si=_7LKiRQVXdLMKzHG\" width=\"560\" height=\"315\" frameborder=\"0\"><\/iframe><\/p>\n<p>A continuaci\u00f3n, os dejamos un peque\u00f1o resumen de las experiencias vividas en nuestra tercera movilidad en Suceava, Ruman\u00eda:&nbsp;<\/p>\n<p style=\"text-align: center\"><iframe src=\"\/\/www.youtube.com\/embed\/_VwpJR_8Dsc?si=aBQ-Tgtb_c46GfFX\" width=\"560\" height=\"315\" frameborder=\"0\"><\/iframe><\/p>\n<p style=\"text-align: center\"><a href=\"https:\/\/blogsaverroes.juntadeandalucia.es\/ceipsangregoriooria\/files\/2022\/02\/LOGO-OFICIAL-ERASMUS.png\"><img fetchpriority=\"high\" decoding=\"async\" class=\"wp-image-3732 aligncenter\" src=\"https:\/\/blogsaverroes.juntadeandalucia.es\/ceipsangregoriooria\/files\/2022\/02\/LOGO-OFICIAL-ERASMUS.png\" alt=\"\" width=\"502\" height=\"122\" srcset=\"https:\/\/blogsaverroes.juntadeandalucia.es\/ceipsangregoriooria\/files\/2022\/02\/LOGO-OFICIAL-ERASMUS.png 1600w, https:\/\/blogsaverroes.juntadeandalucia.es\/ceipsangregoriooria\/files\/2022\/02\/LOGO-OFICIAL-ERASMUS-300x73.png 300w, https:\/\/blogsaverroes.juntadeandalucia.es\/ceipsangregoriooria\/files\/2022\/02\/LOGO-OFICIAL-ERASMUS-1024x249.png 1024w, https:\/\/blogsaverroes.juntadeandalucia.es\/ceipsangregoriooria\/files\/2022\/02\/LOGO-OFICIAL-ERASMUS-768x187.png 768w, https:\/\/blogsaverroes.juntadeandalucia.es\/ceipsangregoriooria\/files\/2022\/02\/LOGO-OFICIAL-ERASMUS-1536x373.png 1536w\" sizes=\"(max-width: 502px) 100vw, 502px\" \/><\/a><a href=\"https:\/\/blogsaverroes.juntadeandalucia.es\/ceipsangregoriooria\/files\/2021\/10\/SEPIE_erasmus_plus.gif\"><img decoding=\"async\" class=\" wp-image-3453 aligncenter\" src=\"https:\/\/blogsaverroes.juntadeandalucia.es\/ceipsangregoriooria\/files\/2021\/10\/SEPIE_erasmus_plus.gif\" alt=\"\" width=\"360\" height=\"133\"><\/a><\/p>\n<p>&nbsp;<\/p>\n","protected":false},"excerpt":{"rendered":"<p>Durante nuestro viaje a Suceava nuestro alumnado present\u00f3 el trabajo elaborado para esta movilidad, que consist\u00eda en la elaboraci\u00f3n de platos tradicionales de nuestra localidad y de la cultura espa\u00f1ola. A continuaci\u00f3n, os dejamos un&#46;&#46;&#46;<\/p>\n","protected":false},"author":8040,"featured_media":0,"parent":0,"menu_order":0,"comment_status":"closed","ping_status":"closed","template":"","meta":{"ngg_post_thumbnail":0,"footnotes":"","_mc_calendar":[]},"aioseo_notices":[],"_links":{"self":[{"href":"https:\/\/blogsaverroes.juntadeandalucia.es\/ceipsangregoriooria\/wp-json\/wp\/v2\/pages\/4379"}],"collection":[{"href":"https:\/\/blogsaverroes.juntadeandalucia.es\/ceipsangregoriooria\/wp-json\/wp\/v2\/pages"}],"about":[{"href":"https:\/\/blogsaverroes.juntadeandalucia.es\/ceipsangregoriooria\/wp-json\/wp\/v2\/types\/page"}],"author":[{"embeddable":true,"href":"https:\/\/blogsaverroes.juntadeandalucia.es\/ceipsangregoriooria\/wp-json\/wp\/v2\/users\/8040"}],"replies":[{"embeddable":true,"href":"https:\/\/blogsaverroes.juntadeandalucia.es\/ceipsangregoriooria\/wp-json\/wp\/v2\/comments?post=4379"}],"version-history":[{"count":2,"href":"https:\/\/blogsaverroes.juntadeandalucia.es\/ceipsangregoriooria\/wp-json\/wp\/v2\/pages\/4379\/revisions"}],"predecessor-version":[{"id":4382,"href":"https:\/\/blogsaverroes.juntadeandalucia.es\/ceipsangregoriooria\/wp-json\/wp\/v2\/pages\/4379\/revisions\/4382"}],"wp:attachment":[{"href":"https:\/\/blogsaverroes.juntadeandalucia.es\/ceipsangregoriooria\/wp-json\/wp\/v2\/media?parent=4379"}],"curies":[{"name":"wp","href":"https:\/\/api.w.org\/{rel}","templated":true}]}}