{"id":4408,"date":"2023-09-13T12:09:37","date_gmt":"2023-09-13T10:09:37","guid":{"rendered":"https:\/\/blogsaverroes.juntadeandalucia.es\/ceipsangregoriooria\/?page_id=4408"},"modified":"2023-09-13T12:16:05","modified_gmt":"2023-09-13T10:16:05","slug":"quinta-actividad-de-movilidad-de-nuestro-alumnado-en-madalena-do-pico-portugal-27-31-de-marzo-de-2022","status":"publish","type":"page","link":"https:\/\/blogsaverroes.juntadeandalucia.es\/ceipsangregoriooria\/quinta-actividad-de-movilidad-de-nuestro-alumnado-en-madalena-do-pico-portugal-27-31-de-marzo-de-2022\/","title":{"rendered":"Quinta actividad de movilidad de nuestro alumnado en Madalena do Pico, Portugal (27-31 de marzo de 2022)."},"content":{"rendered":"<p>En esta quinta movilidad del proyecto, nuestro alumnado prepara con ilusi\u00f3n un trabajo sobre el aprovechamiento de los recursos naturales de nuestra regi\u00f3n:&nbsp;<\/p>\n<p><a href=\"https:\/\/blogsaverroes.juntadeandalucia.es\/ceipsangregoriooria\/files\/2023\/09\/IMG_6639-scaled.jpeg\"><img fetchpriority=\"high\" decoding=\"async\" class=\"wp-image-4409 alignleft\" src=\"https:\/\/blogsaverroes.juntadeandalucia.es\/ceipsangregoriooria\/files\/2023\/09\/IMG_6639-scaled.jpeg\" alt=\"\" width=\"433\" height=\"325\" srcset=\"https:\/\/blogsaverroes.juntadeandalucia.es\/ceipsangregoriooria\/files\/2023\/09\/IMG_6639-scaled.jpeg 1600w, https:\/\/blogsaverroes.juntadeandalucia.es\/ceipsangregoriooria\/files\/2023\/09\/IMG_6639-300x225.jpeg 300w, https:\/\/blogsaverroes.juntadeandalucia.es\/ceipsangregoriooria\/files\/2023\/09\/IMG_6639-1024x768.jpeg 1024w, https:\/\/blogsaverroes.juntadeandalucia.es\/ceipsangregoriooria\/files\/2023\/09\/IMG_6639-768x576.jpeg 768w, https:\/\/blogsaverroes.juntadeandalucia.es\/ceipsangregoriooria\/files\/2023\/09\/IMG_6639-1536x1152.jpeg 1536w, https:\/\/blogsaverroes.juntadeandalucia.es\/ceipsangregoriooria\/files\/2023\/09\/IMG_6639-2048x1536.jpeg 2048w\" sizes=\"(max-width: 433px) 100vw, 433px\" \/><\/a><a href=\"https:\/\/blogsaverroes.juntadeandalucia.es\/ceipsangregoriooria\/files\/2023\/09\/IMG_8806.jpg\"><img decoding=\"async\" class=\"alignleft wp-image-4419\" src=\"https:\/\/blogsaverroes.juntadeandalucia.es\/ceipsangregoriooria\/files\/2023\/09\/IMG_8806.jpg\" alt=\"\" width=\"441\" height=\"324\" srcset=\"https:\/\/blogsaverroes.juntadeandalucia.es\/ceipsangregoriooria\/files\/2023\/09\/IMG_8806.jpg 1170w, https:\/\/blogsaverroes.juntadeandalucia.es\/ceipsangregoriooria\/files\/2023\/09\/IMG_8806-300x221.jpg 300w, https:\/\/blogsaverroes.juntadeandalucia.es\/ceipsangregoriooria\/files\/2023\/09\/IMG_8806-1024x753.jpg 1024w, https:\/\/blogsaverroes.juntadeandalucia.es\/ceipsangregoriooria\/files\/2023\/09\/IMG_8806-768x565.jpg 768w\" sizes=\"(max-width: 441px) 100vw, 441px\" \/><\/a><\/p>\n<p>&nbsp;<\/p>\n<p>&nbsp;<\/p>\n<p>&nbsp;<\/p>\n<p>&nbsp;<\/p>\n<p>&nbsp;<\/p>\n<p>&nbsp;<\/p>\n<p>&nbsp;<\/p>\n<p>&nbsp;<\/p>\n<p>Tambi\u00e9n dise\u00f1aron en 3D el logo de nuestro Erasmus + HAELP y unos pendientes con la imagen de una sevillana con el objetivo de imprimirlos y llevarlos como obsequio a nuestros compa\u00f1eros:&nbsp;<\/p>\n<p>ngg_shortcode_0_placeholderAqu\u00ed podemos ver el resultado del logo, impreso en 3D con PLA (material biodegradable, compostable y reutilizable) y con una base de \u00abm\u00e1rmol blanco de Macael\u00bb, producto natural que se extrae de nuestra monta\u00f1a:<\/p>\n<p><a href=\"https:\/\/blogsaverroes.juntadeandalucia.es\/ceipsangregoriooria\/files\/2023\/09\/IMG_7439-scaled.jpeg\"><img decoding=\"async\" class=\"wp-image-4417 aligncenter\" src=\"https:\/\/blogsaverroes.juntadeandalucia.es\/ceipsangregoriooria\/files\/2023\/09\/IMG_7439-scaled.jpeg\" alt=\"\" width=\"456\" height=\"342\" srcset=\"https:\/\/blogsaverroes.juntadeandalucia.es\/ceipsangregoriooria\/files\/2023\/09\/IMG_7439-scaled.jpeg 1600w, https:\/\/blogsaverroes.juntadeandalucia.es\/ceipsangregoriooria\/files\/2023\/09\/IMG_7439-300x225.jpeg 300w, https:\/\/blogsaverroes.juntadeandalucia.es\/ceipsangregoriooria\/files\/2023\/09\/IMG_7439-1024x768.jpeg 1024w, https:\/\/blogsaverroes.juntadeandalucia.es\/ceipsangregoriooria\/files\/2023\/09\/IMG_7439-768x576.jpeg 768w, https:\/\/blogsaverroes.juntadeandalucia.es\/ceipsangregoriooria\/files\/2023\/09\/IMG_7439-1536x1152.jpeg 1536w, https:\/\/blogsaverroes.juntadeandalucia.es\/ceipsangregoriooria\/files\/2023\/09\/IMG_7439-2048x1536.jpeg 2048w\" sizes=\"(max-width: 456px) 100vw, 456px\" \/><\/a><\/p>\n<p><a href=\"https:\/\/blogsaverroes.juntadeandalucia.es\/ceipsangregoriooria\/files\/2022\/02\/LOGO-OFICIAL-ERASMUS.png\"><img loading=\"lazy\" decoding=\"async\" class=\"wp-image-3732 aligncenter\" src=\"https:\/\/blogsaverroes.juntadeandalucia.es\/ceipsangregoriooria\/files\/2022\/02\/LOGO-OFICIAL-ERASMUS.png\" alt=\"\" width=\"502\" height=\"122\" srcset=\"https:\/\/blogsaverroes.juntadeandalucia.es\/ceipsangregoriooria\/files\/2022\/02\/LOGO-OFICIAL-ERASMUS.png 1600w, https:\/\/blogsaverroes.juntadeandalucia.es\/ceipsangregoriooria\/files\/2022\/02\/LOGO-OFICIAL-ERASMUS-300x73.png 300w, https:\/\/blogsaverroes.juntadeandalucia.es\/ceipsangregoriooria\/files\/2022\/02\/LOGO-OFICIAL-ERASMUS-1024x249.png 1024w, https:\/\/blogsaverroes.juntadeandalucia.es\/ceipsangregoriooria\/files\/2022\/02\/LOGO-OFICIAL-ERASMUS-768x187.png 768w, https:\/\/blogsaverroes.juntadeandalucia.es\/ceipsangregoriooria\/files\/2022\/02\/LOGO-OFICIAL-ERASMUS-1536x373.png 1536w\" sizes=\"(max-width: 502px) 100vw, 502px\" \/><\/a><a href=\"https:\/\/blogsaverroes.juntadeandalucia.es\/ceipsangregoriooria\/files\/2021\/10\/SEPIE_erasmus_plus.gif\"><img loading=\"lazy\" decoding=\"async\" class=\" wp-image-3453 aligncenter\" src=\"https:\/\/blogsaverroes.juntadeandalucia.es\/ceipsangregoriooria\/files\/2021\/10\/SEPIE_erasmus_plus.gif\" alt=\"\" width=\"360\" height=\"133\"><\/a><\/p>\n","protected":false},"excerpt":{"rendered":"<p>En esta quinta movilidad del proyecto, nuestro alumnado prepara con ilusi\u00f3n un trabajo sobre el aprovechamiento de los recursos naturales de nuestra regi\u00f3n:&nbsp; &nbsp; &nbsp; &nbsp; &nbsp; &nbsp; &nbsp; &nbsp; &nbsp; Tambi\u00e9n dise\u00f1aron en 3D&#46;&#46;&#46;<\/p>\n","protected":false},"author":8040,"featured_media":0,"parent":0,"menu_order":0,"comment_status":"closed","ping_status":"closed","template":"","meta":{"ngg_post_thumbnail":0,"footnotes":"","_mc_calendar":[]},"aioseo_notices":[],"_links":{"self":[{"href":"https:\/\/blogsaverroes.juntadeandalucia.es\/ceipsangregoriooria\/wp-json\/wp\/v2\/pages\/4408"}],"collection":[{"href":"https:\/\/blogsaverroes.juntadeandalucia.es\/ceipsangregoriooria\/wp-json\/wp\/v2\/pages"}],"about":[{"href":"https:\/\/blogsaverroes.juntadeandalucia.es\/ceipsangregoriooria\/wp-json\/wp\/v2\/types\/page"}],"author":[{"embeddable":true,"href":"https:\/\/blogsaverroes.juntadeandalucia.es\/ceipsangregoriooria\/wp-json\/wp\/v2\/users\/8040"}],"replies":[{"embeddable":true,"href":"https:\/\/blogsaverroes.juntadeandalucia.es\/ceipsangregoriooria\/wp-json\/wp\/v2\/comments?post=4408"}],"version-history":[{"count":5,"href":"https:\/\/blogsaverroes.juntadeandalucia.es\/ceipsangregoriooria\/wp-json\/wp\/v2\/pages\/4408\/revisions"}],"predecessor-version":[{"id":4427,"href":"https:\/\/blogsaverroes.juntadeandalucia.es\/ceipsangregoriooria\/wp-json\/wp\/v2\/pages\/4408\/revisions\/4427"}],"wp:attachment":[{"href":"https:\/\/blogsaverroes.juntadeandalucia.es\/ceipsangregoriooria\/wp-json\/wp\/v2\/media?parent=4408"}],"curies":[{"name":"wp","href":"https:\/\/api.w.org\/{rel}","templated":true}]}}