{"id":49,"date":"2015-03-13T08:47:05","date_gmt":"2015-03-13T08:47:05","guid":{"rendered":"http:\/\/blogsaverroes.juntadeandalucia.es\/pre\/ceip\/?page_id=49"},"modified":"2020-09-08T16:55:56","modified_gmt":"2020-09-08T14:55:56","slug":"proyecto-educativo","status":"publish","type":"page","link":"https:\/\/blogsaverroes.juntadeandalucia.es\/ceipsangregoriooria\/proyecto-educativo\/","title":{"rendered":"Proyecto comunidades de aprendizaje"},"content":{"rendered":"<h1 style=\"text-align: center\">\u00abProyecto de comunidades de aprendizaje\u00bb<br \/>\n-Ceip San Gregorio de Oria-<\/h1>\n<p><a href=\"https:\/\/blogsaverroes.juntadeandalucia.es\/ceipsangregoriooria\/files\/2020\/09\/kisspng-leadership-learning-community-leadership-learning-5c8f37b54360e2.893798941552889781276.png\"><img fetchpriority=\"high\" decoding=\"async\" class=\"alignleft  wp-image-2376\" src=\"https:\/\/blogsaverroes.juntadeandalucia.es\/ceipsangregoriooria\/files\/2020\/09\/kisspng-leadership-learning-community-leadership-learning-5c8f37b54360e2.893798941552889781276.png\" alt=\"\" width=\"479\" height=\"526\" srcset=\"https:\/\/blogsaverroes.juntadeandalucia.es\/ceipsangregoriooria\/files\/2020\/09\/kisspng-leadership-learning-community-leadership-learning-5c8f37b54360e2.893798941552889781276.png 1140w, https:\/\/blogsaverroes.juntadeandalucia.es\/ceipsangregoriooria\/files\/2020\/09\/kisspng-leadership-learning-community-leadership-learning-5c8f37b54360e2.893798941552889781276-273x300.png 273w, https:\/\/blogsaverroes.juntadeandalucia.es\/ceipsangregoriooria\/files\/2020\/09\/kisspng-leadership-learning-community-leadership-learning-5c8f37b54360e2.893798941552889781276-932x1024.png 932w, https:\/\/blogsaverroes.juntadeandalucia.es\/ceipsangregoriooria\/files\/2020\/09\/kisspng-leadership-learning-community-leadership-learning-5c8f37b54360e2.893798941552889781276-768x843.png 768w, https:\/\/blogsaverroes.juntadeandalucia.es\/ceipsangregoriooria\/files\/2020\/09\/kisspng-leadership-learning-community-leadership-learning-5c8f37b54360e2.893798941552889781276-22x24.png 22w, https:\/\/blogsaverroes.juntadeandalucia.es\/ceipsangregoriooria\/files\/2020\/09\/kisspng-leadership-learning-community-leadership-learning-5c8f37b54360e2.893798941552889781276-33x36.png 33w, https:\/\/blogsaverroes.juntadeandalucia.es\/ceipsangregoriooria\/files\/2020\/09\/kisspng-leadership-learning-community-leadership-learning-5c8f37b54360e2.893798941552889781276-44x48.png 44w\" sizes=\"(max-width: 479px) 100vw, 479px\" \/><\/a><\/p>\n<p>\u201cLas comunidades de aprendizaje tienen un claro objetivo y es conseguir que todo el alumnado aprenda y que lo haga de la manera m\u00e1s significativa posible. Para ello se debe crear una organizaci\u00f3n y un ambiente alternativo a la educaci\u00f3n tradicional, de manera que se promueva la participaci\u00f3n de la comunidad educativa.<\/p>\n<p>Esta participaci\u00f3n debe de estar basada en el aprendizaje dial\u00f3gico concretado en todos los espacios del centro. Necesitamos una escuela abierta a la participaci\u00f3n activa\u201d<\/p>\n<p>Para saber m\u00e1s conozca nuestro <a href=\"https:\/\/blogsaverroes.juntadeandalucia.es\/ceipsangregoriooria\/files\/2020\/02\/PROYECTO-DE-COMUNISADES-DE-APRENDIZAJE-CEIP-SAN-GREGORIO.pdf\">Proyecto de Comunidades de aprendizaje.<\/a><\/p>\n","protected":false},"excerpt":{"rendered":"<p>\u00abProyecto de comunidades de aprendizaje\u00bb -Ceip San Gregorio de Oria- \u201cLas comunidades de aprendizaje tienen un claro objetivo y es conseguir que todo el alumnado aprenda y que lo haga de la manera m\u00e1s significativa&#46;&#46;&#46;<\/p>\n","protected":false},"author":1,"featured_media":0,"parent":0,"menu_order":0,"comment_status":"closed","ping_status":"open","template":"","meta":{"ngg_post_thumbnail":0,"footnotes":"","_mc_calendar":[]},"aioseo_notices":[],"_links":{"self":[{"href":"https:\/\/blogsaverroes.juntadeandalucia.es\/ceipsangregoriooria\/wp-json\/wp\/v2\/pages\/49"}],"collection":[{"href":"https:\/\/blogsaverroes.juntadeandalucia.es\/ceipsangregoriooria\/wp-json\/wp\/v2\/pages"}],"about":[{"href":"https:\/\/blogsaverroes.juntadeandalucia.es\/ceipsangregoriooria\/wp-json\/wp\/v2\/types\/page"}],"author":[{"embeddable":true,"href":"https:\/\/blogsaverroes.juntadeandalucia.es\/ceipsangregoriooria\/wp-json\/wp\/v2\/users\/1"}],"replies":[{"embeddable":true,"href":"https:\/\/blogsaverroes.juntadeandalucia.es\/ceipsangregoriooria\/wp-json\/wp\/v2\/comments?post=49"}],"version-history":[{"count":12,"href":"https:\/\/blogsaverroes.juntadeandalucia.es\/ceipsangregoriooria\/wp-json\/wp\/v2\/pages\/49\/revisions"}],"predecessor-version":[{"id":2377,"href":"https:\/\/blogsaverroes.juntadeandalucia.es\/ceipsangregoriooria\/wp-json\/wp\/v2\/pages\/49\/revisions\/2377"}],"wp:attachment":[{"href":"https:\/\/blogsaverroes.juntadeandalucia.es\/ceipsangregoriooria\/wp-json\/wp\/v2\/media?parent=49"}],"curies":[{"name":"wp","href":"https:\/\/api.w.org\/{rel}","templated":true}]}}