{"id":870,"date":"2015-03-16T07:24:27","date_gmt":"2015-03-16T07:24:27","guid":{"rendered":"http:\/\/blogsaverroes.juntadeandalucia.es\/pre\/ceip\/?page_id=103"},"modified":"2024-10-18T13:14:34","modified_gmt":"2024-10-18T11:14:34","slug":"aula-matinal","status":"publish","type":"page","link":"https:\/\/blogsaverroes.juntadeandalucia.es\/ceipsangregoriooria\/aula-matinal\/","title":{"rendered":"Aula Matinal"},"content":{"rendered":"<p><span style=\"font-weight: 400\">El CEIP San Gregorio oferta los servicios del Plan Apertura de Centros: <\/span><b>AULA MATINAL&nbsp;<\/b><\/p>\n<p><span style=\"font-weight: 400\">Mediante este servicio aquellas familias que lo deseen pueden llevar a sus hijas\/os al&nbsp; Centro de lunes a viernes desde las 7:30 de la ma\u00f1ana y se les atender\u00e1 hasta la hora de comienzo de las clases. <\/span><a href=\"https:\/\/blogsaverroes.juntadeandalucia.es\/ceipsangregoriooria\/files\/2020\/09\/IMG_2687-scaled.jpg\"><img fetchpriority=\"high\" decoding=\"async\" class=\"wp-image-2418 aligncenter\" src=\"https:\/\/blogsaverroes.juntadeandalucia.es\/ceipsangregoriooria\/files\/2020\/09\/IMG_2687-scaled.jpg\" alt=\"\" width=\"1209\" height=\"806\" srcset=\"https:\/\/blogsaverroes.juntadeandalucia.es\/ceipsangregoriooria\/files\/2020\/09\/IMG_2687-scaled.jpg 1600w, https:\/\/blogsaverroes.juntadeandalucia.es\/ceipsangregoriooria\/files\/2020\/09\/IMG_2687-300x200.jpg 300w, https:\/\/blogsaverroes.juntadeandalucia.es\/ceipsangregoriooria\/files\/2020\/09\/IMG_2687-1024x683.jpg 1024w, https:\/\/blogsaverroes.juntadeandalucia.es\/ceipsangregoriooria\/files\/2020\/09\/IMG_2687-768x512.jpg 768w, https:\/\/blogsaverroes.juntadeandalucia.es\/ceipsangregoriooria\/files\/2020\/09\/IMG_2687-1536x1024.jpg 1536w, https:\/\/blogsaverroes.juntadeandalucia.es\/ceipsangregoriooria\/files\/2020\/09\/IMG_2687-2048x1365.jpg 2048w, https:\/\/blogsaverroes.juntadeandalucia.es\/ceipsangregoriooria\/files\/2020\/09\/IMG_2687-24x16.jpg 24w, https:\/\/blogsaverroes.juntadeandalucia.es\/ceipsangregoriooria\/files\/2020\/09\/IMG_2687-36x24.jpg 36w, https:\/\/blogsaverroes.juntadeandalucia.es\/ceipsangregoriooria\/files\/2020\/09\/IMG_2687-48x32.jpg 48w\" sizes=\"(max-width: 1209px) 100vw, 1209px\" \/><\/a><\/p>\n<p><span style=\"font-weight: 400\">Los precios de los distintos servicios que ofrece el centro est\u00e1n regulados por:<\/span><\/p>\n<ul class=\"lista\">\n<li><a href=\"https:\/\/www.juntadeandalucia.es\/boja\/2024\/150\/33\">Acuerdo de 30 de julio de 2024<\/a>, del Consejo de Gobierno, por el que se revisa la cuant\u00eda del precio p\u00fablico del servicio complementario de comedor escolar en los centros docentes p\u00fablicos de Andaluc\u00eda, establecido en el apartado A) del Anexo I del Acuerdo del Consejo de Gobierno, de 27 de marzo de 2018, por el que se fija la cuant\u00eda de los precios p\u00fablicos por los servicios complementarios de aula matinal, comedor escolar y actividades extraescolares en los centros docentes p\u00fablicos y por el servicio de residencia en las residencias escolares de Andaluc\u00eda (BOJA 02-08-24).&nbsp;<\/li>\n<\/ul>\n<p>&nbsp;<\/p>\n","protected":false},"excerpt":{"rendered":"<p>El CEIP San Gregorio oferta los servicios del Plan Apertura de Centros: AULA MATINAL&nbsp; Mediante este servicio aquellas familias que lo deseen pueden llevar a sus hijas\/os al&nbsp; Centro de lunes a viernes desde las&#46;&#46;&#46;<\/p>\n","protected":false},"author":1,"featured_media":0,"parent":0,"menu_order":0,"comment_status":"closed","ping_status":"open","template":"","meta":{"ngg_post_thumbnail":0,"footnotes":"","_mc_calendar":[]},"aioseo_notices":[],"_links":{"self":[{"href":"https:\/\/blogsaverroes.juntadeandalucia.es\/ceipsangregoriooria\/wp-json\/wp\/v2\/pages\/870"}],"collection":[{"href":"https:\/\/blogsaverroes.juntadeandalucia.es\/ceipsangregoriooria\/wp-json\/wp\/v2\/pages"}],"about":[{"href":"https:\/\/blogsaverroes.juntadeandalucia.es\/ceipsangregoriooria\/wp-json\/wp\/v2\/types\/page"}],"author":[{"embeddable":true,"href":"https:\/\/blogsaverroes.juntadeandalucia.es\/ceipsangregoriooria\/wp-json\/wp\/v2\/users\/1"}],"replies":[{"embeddable":true,"href":"https:\/\/blogsaverroes.juntadeandalucia.es\/ceipsangregoriooria\/wp-json\/wp\/v2\/comments?post=870"}],"version-history":[{"count":14,"href":"https:\/\/blogsaverroes.juntadeandalucia.es\/ceipsangregoriooria\/wp-json\/wp\/v2\/pages\/870\/revisions"}],"predecessor-version":[{"id":4472,"href":"https:\/\/blogsaverroes.juntadeandalucia.es\/ceipsangregoriooria\/wp-json\/wp\/v2\/pages\/870\/revisions\/4472"}],"wp:attachment":[{"href":"https:\/\/blogsaverroes.juntadeandalucia.es\/ceipsangregoriooria\/wp-json\/wp\/v2\/media?parent=870"}],"curies":[{"name":"wp","href":"https:\/\/api.w.org\/{rel}","templated":true}]}}