{"id":99,"date":"2015-03-16T07:22:54","date_gmt":"2015-03-16T07:22:54","guid":{"rendered":"http:\/\/blogsaverroes.juntadeandalucia.es\/pre\/ceip\/?page_id=99"},"modified":"2024-10-18T13:13:56","modified_gmt":"2024-10-18T11:13:56","slug":"comedor-escolar","status":"publish","type":"page","link":"https:\/\/blogsaverroes.juntadeandalucia.es\/ceipsangregoriooria\/comedor-escolar\/","title":{"rendered":"Comedor escolar"},"content":{"rendered":"<p><span style=\"font-weight: 400\">El Servicio de Comedor funciona de lunes a viernes durante todo el periodo escolar, gracias al&nbsp; Plan de Apoyo a las Familias que se desarrolla en nuestro centro educativo.<a href=\"https:\/\/blogsaverroes.juntadeandalucia.es\/ceipsangregoriooria\/files\/2020\/09\/IMG_2715-scaled.jpg\"><img fetchpriority=\"high\" decoding=\"async\" class=\"wp-image-2420 aligncenter\" src=\"https:\/\/blogsaverroes.juntadeandalucia.es\/ceipsangregoriooria\/files\/2020\/09\/IMG_2715-scaled.jpg\" alt=\"\" width=\"893\" height=\"595\" srcset=\"https:\/\/blogsaverroes.juntadeandalucia.es\/ceipsangregoriooria\/files\/2020\/09\/IMG_2715-scaled.jpg 1600w, https:\/\/blogsaverroes.juntadeandalucia.es\/ceipsangregoriooria\/files\/2020\/09\/IMG_2715-300x200.jpg 300w, https:\/\/blogsaverroes.juntadeandalucia.es\/ceipsangregoriooria\/files\/2020\/09\/IMG_2715-1024x683.jpg 1024w, https:\/\/blogsaverroes.juntadeandalucia.es\/ceipsangregoriooria\/files\/2020\/09\/IMG_2715-768x512.jpg 768w, https:\/\/blogsaverroes.juntadeandalucia.es\/ceipsangregoriooria\/files\/2020\/09\/IMG_2715-1536x1024.jpg 1536w, https:\/\/blogsaverroes.juntadeandalucia.es\/ceipsangregoriooria\/files\/2020\/09\/IMG_2715-2048x1365.jpg 2048w, https:\/\/blogsaverroes.juntadeandalucia.es\/ceipsangregoriooria\/files\/2020\/09\/IMG_2715-24x16.jpg 24w, https:\/\/blogsaverroes.juntadeandalucia.es\/ceipsangregoriooria\/files\/2020\/09\/IMG_2715-36x24.jpg 36w, https:\/\/blogsaverroes.juntadeandalucia.es\/ceipsangregoriooria\/files\/2020\/09\/IMG_2715-48x32.jpg 48w\" sizes=\"(max-width: 893px) 100vw, 893px\" \/><\/a> <\/span><\/p>\n<p><span style=\"font-weight: 400\">\u00c9ste servicio se&nbsp; puede utilizar por meses completos o por d\u00edas sueltos.<\/span><\/p>\n<p style=\"text-align: left\"><span style=\"font-weight: 400\">El precio a abonar est\u00e1 determinado por las subvenciones que se otorgan a cada familia por&nbsp; parte de la Consejer\u00eda de Educaci\u00f3n de la Junta de Andaluc\u00eda.<\/span><\/p>\n<p style=\"text-align: left\"><span style=\"font-weight: 400\">El alta o baja en este servicio se formalizar\u00e1 en la Secretaria del centro.&nbsp;<\/span><\/p>\n<h3 style=\"text-align: center\"><strong>MEN\u00daS.<\/strong><\/h3>\n<p><span style=\"font-weight: 400\">Los men\u00fas que se sirven pertenecen a la llamada \u00abDieta Mediterr\u00e1nea\u00bb. Nuestro men\u00fa est\u00e1&nbsp; dividido en cuatro semanas que se van alternando durante todo el curso escolar.&nbsp; <a href=\"https:\/\/drive.google.com\/file\/d\/1FPgs34P1GPmJxf5XScn0UhQXzPG7zGM_\/view?usp=sharing\">Consulte aqu\u00ed el <strong>MEN\u00da.<\/strong><\/a><\/span><\/p>\n<p style=\"text-align: left\">Adem\u00e1s, si desea conocer algunas recomendaciones nutricionales para el resto del d\u00eda (desayuno, merienda, cena&#8230;), puede consultar el <a href=\"https:\/\/blogsaverroes.juntadeandalucia.es\/ceipsangregoriooria\/files\/2020\/09\/INFORME-VALORACION-NUTRICIONAL-CEIP-SAN-GREGORIO-DE-ORIA.pdf\">INFORME DE VALORACON NUTRICIONAL.<\/a><\/p>\n<p><span style=\"font-weight: 400\">Los precios de los distintos servicios que ofrece el centro est\u00e1n regulados por:<\/span><\/p>\n<ul class=\"lista\">\n<li><a href=\"https:\/\/www.juntadeandalucia.es\/boja\/2024\/150\/33\">Acuerdo de 30 de julio de 2024<\/a>, del Consejo de Gobierno, por el que se revisa la cuant\u00eda del precio p\u00fablico del servicio complementario de comedor escolar en los centros docentes p\u00fablicos de Andaluc\u00eda, establecido en el apartado A) del Anexo I del Acuerdo del Consejo de Gobierno, de 27 de marzo de 2018, por el que se fija la cuant\u00eda de los precios p\u00fablicos por los servicios complementarios de aula matinal, comedor escolar y actividades extraescolares en los centros docentes p\u00fablicos y por el servicio de residencia en las residencias escolares de Andaluc\u00eda (BOJA 02-08-24).&nbsp;<\/li>\n<\/ul>\n<p>&nbsp;<\/p>\n","protected":false},"excerpt":{"rendered":"<p>El Servicio de Comedor funciona de lunes a viernes durante todo el periodo escolar, gracias al&nbsp; Plan de Apoyo a las Familias que se desarrolla en nuestro centro educativo. \u00c9ste servicio se&nbsp; puede utilizar por&#46;&#46;&#46;<\/p>\n","protected":false},"author":1,"featured_media":0,"parent":0,"menu_order":0,"comment_status":"closed","ping_status":"open","template":"","meta":{"ngg_post_thumbnail":0,"footnotes":"","_mc_calendar":[]},"aioseo_notices":[],"_links":{"self":[{"href":"https:\/\/blogsaverroes.juntadeandalucia.es\/ceipsangregoriooria\/wp-json\/wp\/v2\/pages\/99"}],"collection":[{"href":"https:\/\/blogsaverroes.juntadeandalucia.es\/ceipsangregoriooria\/wp-json\/wp\/v2\/pages"}],"about":[{"href":"https:\/\/blogsaverroes.juntadeandalucia.es\/ceipsangregoriooria\/wp-json\/wp\/v2\/types\/page"}],"author":[{"embeddable":true,"href":"https:\/\/blogsaverroes.juntadeandalucia.es\/ceipsangregoriooria\/wp-json\/wp\/v2\/users\/1"}],"replies":[{"embeddable":true,"href":"https:\/\/blogsaverroes.juntadeandalucia.es\/ceipsangregoriooria\/wp-json\/wp\/v2\/comments?post=99"}],"version-history":[{"count":12,"href":"https:\/\/blogsaverroes.juntadeandalucia.es\/ceipsangregoriooria\/wp-json\/wp\/v2\/pages\/99\/revisions"}],"predecessor-version":[{"id":4471,"href":"https:\/\/blogsaverroes.juntadeandalucia.es\/ceipsangregoriooria\/wp-json\/wp\/v2\/pages\/99\/revisions\/4471"}],"wp:attachment":[{"href":"https:\/\/blogsaverroes.juntadeandalucia.es\/ceipsangregoriooria\/wp-json\/wp\/v2\/media?parent=99"}],"curies":[{"name":"wp","href":"https:\/\/api.w.org\/{rel}","templated":true}]}}