{"id":141,"date":"2015-03-17T07:13:24","date_gmt":"2015-03-17T07:13:24","guid":{"rendered":"http:\/\/blogsaverroes.juntadeandalucia.es\/pre\/ceip\/?page_id=141"},"modified":"2026-04-17T11:19:37","modified_gmt":"2026-04-17T11:19:37","slug":"escolarizacion","status":"publish","type":"page","link":"https:\/\/blogsaverroes.juntadeandalucia.es\/ceipsanisicio\/escolarizacion\/","title":{"rendered":"Escolarizaci\u00f3n y servicios complementarios"},"content":{"rendered":"<p>&nbsp;<img loading=\"lazy\" decoding=\"async\" class=\"alignnone size-medium wp-image-2470\" src=\"https:\/\/blogsaverroes.juntadeandalucia.es\/ceipsanisicio\/files\/2021\/01\/layout_set_logo-300x90.png\" alt=\"\" width=\"300\" height=\"90\" srcset=\"https:\/\/blogsaverroes.juntadeandalucia.es\/ceipsanisicio\/files\/2021\/01\/layout_set_logo-300x90.png 300w, https:\/\/blogsaverroes.juntadeandalucia.es\/ceipsanisicio\/files\/2021\/01\/layout_set_logo-24x7.png 24w, https:\/\/blogsaverroes.juntadeandalucia.es\/ceipsanisicio\/files\/2021\/01\/layout_set_logo-36x11.png 36w, https:\/\/blogsaverroes.juntadeandalucia.es\/ceipsanisicio\/files\/2021\/01\/layout_set_logo-48x14.png 48w, https:\/\/blogsaverroes.juntadeandalucia.es\/ceipsanisicio\/files\/2021\/01\/layout_set_logo.png 395w\" sizes=\"(max-width: 300px) 100vw, 300px\" \/><\/p>\n<p style=\"text-align: center\"><span style=\"color: #008000\"><strong><a style=\"color: #008000\" title=\"P\u00c1GINA DE LA CONSEJER\u00cdA DE DESARROLLO EDUCATIVO Y FORMACI\u00d3N PROFESIONAL DE LA JUNTA DE ANDALUC\u00cdA\" href=\"https:\/\/portales.ced.junta-andalucia.es\/educacion\/portales\/web\/escolarizacion\/infantil-a-bachillerato\">P\u00c1GINA DE LA CONSEJER\u00cdA DE DESARROLLO EDUCATIVO Y FORMACI\u00d3N PROFESIONAL <\/a><\/strong><\/span><\/p>\n<p style=\"text-align: center\"><a title=\"P\u00c1GINA DE LA CONSEJER\u00cdA DE DESARROLLO EDUCATIVO Y FORMACI\u00d3N PROFESIONAL DE LA JUNTA DE ANDALUC\u00cdA\" href=\"https:\/\/www.juntadeandalucia.es\/educacion\/portales\/web\/escolarizacion\"><span style=\"color: #008000\"><strong>DE LA JUNTA DE ANDALUC\u00cdA<\/strong><\/span><\/a><\/p>\n<h5>&nbsp;<\/h5>\n<h5 style=\"text-align: left\"><strong><span style=\"color: #008000\">Novedades: 17\/04\/2026<\/span><\/strong>&nbsp; &nbsp; &nbsp; &nbsp; &nbsp; &nbsp; &nbsp; &nbsp;&nbsp;<\/h5>\n<h5 style=\"text-align: center\"><span style=\"color: #ff6600\"> <strong>AUTORIZACI\u00d3N DE LA OFERTA EDUCATIVA EN NUESTRO CENTRO<\/strong><\/span><\/h5>\n<h5 style=\"text-align: center\">&nbsp; &nbsp; &nbsp; &nbsp; &nbsp; &nbsp; &nbsp; &nbsp; &nbsp; &nbsp; &nbsp; &nbsp;AULAS AUTORIZADAS Y SERVICIOS COMPLEMENTARIOS&nbsp;<\/h5>\n<p style=\"text-align: center\">Autorizaci\u00f3n de la <a href=\"https:\/\/blogsaverroes.juntadeandalucia.es\/ceipsanisicio\/files\/2026\/02\/Oferta-educativa-2026-2027.pdf\">Oferta educativa 2026 2027<\/a><\/p>\n<p>&nbsp;<\/p>\n<h3 style=\"text-align: center\"><span style=\"color: #ff00ff\">Solicitud de admisi\u00f3n para nuevo alumnado <\/span><\/h3>\n<p style=\"text-align: center\"><span style=\"color: #800080\">Plazo del 1 al 31 de&nbsp;marzo <\/span><\/p>\n<p style=\"text-align: center\"><a href=\"https:\/\/blogsaverroes.juntadeandalucia.es\/ceipsanisicio\/files\/2026\/02\/Informacion-a-las-familias-preinscripcion-2026-2027.pdf\">Informaci\u00f3n a las familias preinscripci\u00f3n 2026 2027<\/a><\/p>\n<p style=\"text-align: center\"><a href=\"https:\/\/blogsaverroes.juntadeandalucia.es\/ceipsanisicio\/files\/2024\/02\/3_Anexo-III_002535_5.pdf\">Anexo III Solicitud de admisi\u00f3n<\/a><\/p>\n<p>&nbsp;<\/p>\n<h4 style=\"text-align: center\"><span style=\"text-decoration: underline;color: #800000\"><b>RELACI\u00d3N ALFAB\u00c9TICA DE SOLICITUDES RECIBIDAS<\/b><\/span><\/h4>\n<p style=\"text-align: justify\">Se informa de la relaci\u00f3n del alumnado por orden alfab\u00e9tico y curso que ha presentado una solicitud de admisi\u00f3n en nuestro Centro, en el archivo adjunto:<\/p>\n<p style=\"text-align: center\"><a href=\"https:\/\/blogsaverroes.juntadeandalucia.es\/ceipsanisicio\/files\/2026\/04\/Relacion-de-solicitudes-recibidas.pdf\">Relaci\u00f3n de solicitudes recibidas<\/a><\/p>\n<p style=\"text-align: center\"><a href=\"https:\/\/blogsaverroes.juntadeandalucia.es\/ceipsanisicio\/files\/2026\/04\/Relacion_baremada_de_alumnos_y_alumnas_solicitantes.pdf\">Relacion_baremada_de_alumnos_y_alumnas_solicitantes<\/a><\/p>\n<p>&nbsp;<\/p>\n<h4 style=\"text-align: center\"><span style=\"text-decoration: underline;color: #800000\"><strong>RESOLUCI\u00d3N DEL ALUMNADO ADMITIDO EN EL CENTRO<\/strong><\/span><\/h4>\n<p style=\"text-align: center\">Resoluci\u00f3n procedimiento admisi\u00f3n del alumnado 2025 2026<\/p>\n<p style=\"text-align: center\">&nbsp;<\/p>\n<p>&nbsp;<\/p>\n<h4 style=\"text-align: center\"><span style=\"text-decoration: underline;color: #000080\"><strong>MATRICULACI\u00d3N DEL ALUMNADO<\/strong><\/span><\/h4>\n<h4 style=\"text-align: center\"><span style=\"color: #ff0000\"><strong>Del 1 al 8 de JUNIO &nbsp;<\/strong><\/span><\/h4>\n<ul>\n<li>\n<p align=\"JUSTIFY\">Anexo IV<b> EDUCACI\u00d3N INFANTIL:<\/b><\/p>\n<\/li>\n<\/ul>\n<p align=\"CENTER\"><a href=\"https:\/\/www.juntadeandalucia.es\/educacion\/portales\/web\/escolarizacion\/infantil-a-bachillerato\/impresos\">https:\/\/www.juntadeandalucia.es\/educacion\/portales\/web\/escolarizacion\/infantil-a-bachillerato\/impresos<\/a><\/p>\n<ul>\n<li>\n<p align=\"JUSTIFY\">Anexo V <b>EDUCACI\u00d3N PRIMARIA:<\/b><\/p>\n<\/li>\n<\/ul>\n<p align=\"CENTER\"><a href=\"https:\/\/www.juntadeandalucia.es\/educacion\/portales\/web\/escolarizacion\/infantil-a-bachillerato\/impresos\">https:\/\/www.juntadeandalucia.es\/educacion\/portales\/web\/escolarizacion\/infantil-a-bachillerato\/impresos<\/a><\/p>\n<ul>\n<li>\n<p align=\"JUSTIFY\">Anexo VI <b>EDUCACI\u00d3N ESPECIAL: AULA ESPEC\u00cdFICA:<\/b><\/p>\n<\/li>\n<\/ul>\n<p align=\"CENTER\"><a href=\"https:\/\/www.juntadeandalucia.es\/educacion\/portales\/web\/escolarizacion\/infantil-a-bachillerato\/impresos\">https:\/\/www.juntadeandalucia.es\/educacion\/portales\/web\/escolarizacion\/infantil-a-bachillerato\/impresos<\/a><\/p>\n<ul>\n<li>\n<p align=\"JUSTIFY\"><b>SOLICITUD PARA CURSAR LA ENSE\u00d1ANZA DE RELIGI\u00d3N <\/b><\/p>\n<\/li>\n<\/ul>\n<p align=\"CENTER\"><a href=\"https:\/\/www.juntadeandalucia.es\/educacion\/portales\/web\/escolarizacion\/infantil-a-bachillerato\/impresos\">https:\/\/www.juntadeandalucia.es\/educacion\/portales\/web\/escolarizacion\/infantil-a-bachillerato\/impresos<\/a><\/p>\n<ul>\n<li>\n<p align=\"JUSTIFY\"><b>AUTORIZACI\u00d3N PARA LA PUBLICACI\u00d3N DE IM\u00c1GENES DEL ALUMNADO<\/b><\/p>\n<\/li>\n<\/ul>\n<p style=\"text-align: center\"><a href=\"https:\/\/blogsaverroes.juntadeandalucia.es\/ceipsanisicio\/files\/2024\/05\/ANEXO_ProteccionDatos.pdf\">ANEXO_Protecci\u00f3n Datos<\/a><\/p>\n<ul>\n<li>\n<p align=\"JUSTIFY\"><b>COMEDOR \/ AULA MATINAL:<\/b><\/p>\n<\/li>\n<\/ul>\n<p style=\"text-align: center\"><a href=\"https:\/\/blogsaverroes.juntadeandalucia.es\/ceipsanisicio\/files\/2024\/05\/Solicitud-comedor-aula-matinal.pdf\">Solicitud comedor aula matinal<\/a><\/p>\n<ul>\n<li>\n<p align=\"JUSTIFY\"><b>SOLICITUD DE BONIFICACI\u00d3N DE SERVICIOS:<\/b><\/p>\n<\/li>\n<\/ul>\n<p style=\"text-align: center\"><a href=\"https:\/\/blogsaverroes.juntadeandalucia.es\/ceipsanisicio\/files\/2024\/05\/Bonificacion-comedor-aula-matinal-1.pdf\">Bonificaci\u00f3n comedor aula matinal<\/a><\/p>\n<ul>\n<li>\n<p style=\"text-align: left\"><strong>CUESTIONARIO DE EJECUCI\u00d3N FONDO SOCIAL EUROPEO:<\/strong><\/p>\n<\/li>\n<\/ul>\n<p style=\"text-align: center\"><a title=\"Cuestionario fondo social europeo\" href=\"https:\/\/portales.ced.junta-andalucia.es\/educacion\/portales\/documents\/100629\/669355\/cuestionario%20de%20Fondo%20Social%20Europeo.pdf\/10e4f195-f738-3093-b621-a5e7340dde92?version=1.0\">Cuestionario fondo social europeo<\/a><\/p>\n<ul>\n<li>\n<p style=\"text-align: left\"><strong>CUESTIONARIO DE CONTEXTO<\/strong><\/p>\n<\/li>\n<\/ul>\n<p style=\"text-align: center\"><a title=\"Cuestionario de contexto\" href=\"https:\/\/portales.ced.junta-andalucia.es\/educacion\/portales\/documents\/100629\/669355\/Cuestionario%20de%20conexto.pdf\/beca22a0-c75f-e06f-5996-635f1b999e83?version=1.1\">Cuestionario de contexto<\/a><\/p>\n<p>&nbsp;<\/p>\n<h4 style=\"text-align: center\"><span style=\"text-decoration: underline\"><span style=\"color: #800000;text-decoration: underline\">&nbsp;<strong>LISTADOS PROVISIONALES DE ADMITIDOS Y SUPLENTES EN LOS SERVICIOS COMPLEMENTARIOS DE COMEDOR Y AULA MATINAL<\/strong><\/span><\/span><\/h4>\n<p style=\"text-align: center\">Listado provisional de admitidos y suplentes curso 2025 2026<\/p>\n<p align=\"CENTER\">&nbsp;<\/p>\n<h4 style=\"text-align: center\"><span style=\"text-decoration: underline\"><span style=\"color: #800000;text-decoration: underline\">&nbsp;<strong>LISTADOS DEFINITIVOS DE ADMITIDOS Y SUPLENTES EN LOS SERVICIOS COMPLEMENTARIOS DE COMEDOR Y AULA MATINAL<\/strong><\/span><\/span><\/h4>\n<p style=\"text-align: center\">&nbsp;<\/p>\n<p style=\"text-align: center\">Listados definitivos de admitidos servicios complementarios 2025 2026<\/p>\n<p>&nbsp;<\/p>\n<p>La normativa aplicable al proceso de escolarizaci\u00f3n y matr\u00edcula se encuentra en la siguiente web:<\/p>\n<p style=\"text-align: center\"><span style=\"color: #008000\"><a style=\"color: #008000\" href=\"https:\/\/www.juntadeandalucia.es\/educacion\/portals\/web\/escolarizacion\">https:\/\/www.juntadeandalucia.es<\/a><\/span><span style=\"color: #008000\"><a style=\"color: #008000\" href=\"https:\/\/portales.ced.junta-andalucia.es\/educacion\/portales\/web\/escolarizacion\/infantil-a-bachillerato\/normativa\">\/educacion\/portals\/web\/escolarizacion<\/a><\/span><\/p>\n<p>&nbsp;<\/p>\n<p>Para m\u00e1s informaci\u00f3n, llame a nuestra <span style=\"color: #003300\"><strong>secretar\u00eda<\/strong><\/span> en horario de atenci\u00f3n al p\u00fablico y se le informar\u00e1.<\/p>\n<ul>\n<li>\n<h5><strong><span style=\"color: #008000\">Tel\u00e9fono:<\/span> 953 711 906<\/strong><\/h5>\n<\/li>\n<li>\n<h5><strong><span style=\"color: #008000\">Fax:<\/span> 953 711 905<\/strong><\/h5>\n<\/li>\n<li>\n<h5><strong><span style=\"color: #008000\">Correo electr\u00f3nico: <\/span>23001408.edu@juntadeandalucia.es<\/strong><\/h5>\n<\/li>\n<\/ul>\n<p>&nbsp;<\/p>\n<h5><img loading=\"lazy\" decoding=\"async\" class=\" wp-image-2588 aligncenter\" src=\"https:\/\/blogsaverroes.juntadeandalucia.es\/ceipsanisicio\/files\/2021\/03\/EveZlzLXAAUfaiL-300x300.jpg\" alt=\"\" width=\"454\" height=\"454\" srcset=\"https:\/\/blogsaverroes.juntadeandalucia.es\/ceipsanisicio\/files\/2021\/03\/EveZlzLXAAUfaiL-300x300.jpg 300w, https:\/\/blogsaverroes.juntadeandalucia.es\/ceipsanisicio\/files\/2021\/03\/EveZlzLXAAUfaiL-1024x1024.jpg 1024w, https:\/\/blogsaverroes.juntadeandalucia.es\/ceipsanisicio\/files\/2021\/03\/EveZlzLXAAUfaiL-150x150.jpg 150w, https:\/\/blogsaverroes.juntadeandalucia.es\/ceipsanisicio\/files\/2021\/03\/EveZlzLXAAUfaiL-768x768.jpg 768w, https:\/\/blogsaverroes.juntadeandalucia.es\/ceipsanisicio\/files\/2021\/03\/EveZlzLXAAUfaiL.jpg 1081w\" sizes=\"(max-width: 454px) 100vw, 454px\" \/><\/h5>\n<h5>&nbsp;<\/h5>\n<h5>&nbsp;<\/h5>\n","protected":false},"excerpt":{"rendered":"<p>&nbsp; P\u00c1GINA DE LA CONSEJER\u00cdA DE DESARROLLO EDUCATIVO Y FORMACI\u00d3N PROFESIONAL DE LA JUNTA DE ANDALUC\u00cdA &nbsp; Novedades: 17\/04\/2026&nbsp; &nbsp; &nbsp; &nbsp; &nbsp; &nbsp; &nbsp; &nbsp;&nbsp; AUTORIZACI\u00d3N DE LA OFERTA EDUCATIVA EN NUESTRO CENTRO&#46;&#46;&#46;<\/p>\n","protected":false},"author":1,"featured_media":0,"parent":0,"menu_order":0,"comment_status":"closed","ping_status":"open","template":"","meta":{"ngg_post_thumbnail":0,"footnotes":"","_mc_calendar":[]},"aioseo_notices":[],"_links":{"self":[{"href":"https:\/\/blogsaverroes.juntadeandalucia.es\/ceipsanisicio\/wp-json\/wp\/v2\/pages\/141"}],"collection":[{"href":"https:\/\/blogsaverroes.juntadeandalucia.es\/ceipsanisicio\/wp-json\/wp\/v2\/pages"}],"about":[{"href":"https:\/\/blogsaverroes.juntadeandalucia.es\/ceipsanisicio\/wp-json\/wp\/v2\/types\/page"}],"author":[{"embeddable":true,"href":"https:\/\/blogsaverroes.juntadeandalucia.es\/ceipsanisicio\/wp-json\/wp\/v2\/users\/1"}],"replies":[{"embeddable":true,"href":"https:\/\/blogsaverroes.juntadeandalucia.es\/ceipsanisicio\/wp-json\/wp\/v2\/comments?post=141"}],"version-history":[{"count":103,"href":"https:\/\/blogsaverroes.juntadeandalucia.es\/ceipsanisicio\/wp-json\/wp\/v2\/pages\/141\/revisions"}],"predecessor-version":[{"id":6107,"href":"https:\/\/blogsaverroes.juntadeandalucia.es\/ceipsanisicio\/wp-json\/wp\/v2\/pages\/141\/revisions\/6107"}],"wp:attachment":[{"href":"https:\/\/blogsaverroes.juntadeandalucia.es\/ceipsanisicio\/wp-json\/wp\/v2\/media?parent=141"}],"curies":[{"name":"wp","href":"https:\/\/api.w.org\/{rel}","templated":true}]}}