{"id":2018,"date":"2015-06-08T12:56:23","date_gmt":"2015-06-08T12:56:23","guid":{"rendered":"https:\/\/blogsaverroes.juntadeandalucia.es\/ceipsanisicio\/?page_id=2018"},"modified":"2021-01-12T11:12:56","modified_gmt":"2021-01-12T11:12:56","slug":"calendario","status":"publish","type":"page","link":"https:\/\/blogsaverroes.juntadeandalucia.es\/ceipsanisicio\/calendario\/","title":{"rendered":"Eventos"},"content":{"rendered":"<p>Los eventos de car\u00e1cter educativo que se realizan en el centro tradicionalmente son:<img loading=\"lazy\" decoding=\"async\" class=\"size-medium wp-image-2495 alignright\" src=\"https:\/\/blogsaverroes.juntadeandalucia.es\/ceipsanisicio\/files\/2021\/01\/8b6c5620-a329-41b3-873d-6eaafd749be9-300x214.jpg\" alt=\"\" width=\"300\" height=\"214\" srcset=\"https:\/\/blogsaverroes.juntadeandalucia.es\/ceipsanisicio\/files\/2021\/01\/8b6c5620-a329-41b3-873d-6eaafd749be9-300x214.jpg 300w, https:\/\/blogsaverroes.juntadeandalucia.es\/ceipsanisicio\/files\/2021\/01\/8b6c5620-a329-41b3-873d-6eaafd749be9-24x17.jpg 24w, https:\/\/blogsaverroes.juntadeandalucia.es\/ceipsanisicio\/files\/2021\/01\/8b6c5620-a329-41b3-873d-6eaafd749be9-36x26.jpg 36w, https:\/\/blogsaverroes.juntadeandalucia.es\/ceipsanisicio\/files\/2021\/01\/8b6c5620-a329-41b3-873d-6eaafd749be9-48x34.jpg 48w, https:\/\/blogsaverroes.juntadeandalucia.es\/ceipsanisicio\/files\/2021\/01\/8b6c5620-a329-41b3-873d-6eaafd749be9.jpg 415w\" sizes=\"(max-width: 300px) 100vw, 300px\" \/><\/p>\n<ul>\n<li>D\u00eda de la Paz.<\/li>\n<li>Carnaval y pasacalles por la localidad.<\/li>\n<li>D\u00eda de Andaluc\u00eda.<\/li>\n<li>D\u00eda del patr\u00f3n San Isicio.<\/li>\n<li>Fiesta fin de curso.<\/li>\n<li>Entre otras actividades.<\/li>\n<\/ul>\n<p>&nbsp;<\/p>\n<p>&nbsp;<\/p>\n<p>&nbsp;<\/p>\n<p>&nbsp;<\/p>\n<p>&nbsp;<\/p>\n<p><img loading=\"lazy\" decoding=\"async\" class=\" wp-image-2472 aligncenter\" src=\"https:\/\/blogsaverroes.juntadeandalucia.es\/ceipsanisicio\/files\/2021\/01\/Sin-t\u00edtulo-300x260.png\" alt=\"\" width=\"231\" height=\"200\" srcset=\"https:\/\/blogsaverroes.juntadeandalucia.es\/ceipsanisicio\/files\/2021\/01\/Sin-t\u00edtulo-300x260.png 300w, https:\/\/blogsaverroes.juntadeandalucia.es\/ceipsanisicio\/files\/2021\/01\/Sin-t\u00edtulo-24x21.png 24w, https:\/\/blogsaverroes.juntadeandalucia.es\/ceipsanisicio\/files\/2021\/01\/Sin-t\u00edtulo-36x31.png 36w, https:\/\/blogsaverroes.juntadeandalucia.es\/ceipsanisicio\/files\/2021\/01\/Sin-t\u00edtulo-48x42.png 48w, https:\/\/blogsaverroes.juntadeandalucia.es\/ceipsanisicio\/files\/2021\/01\/Sin-t\u00edtulo.png 343w\" sizes=\"(max-width: 231px) 100vw, 231px\" \/><\/p>\n","protected":false},"excerpt":{"rendered":"<p>Los eventos de car\u00e1cter educativo que se realizan en el centro tradicionalmente son: D\u00eda de la Paz. Carnaval y pasacalles por la localidad. D\u00eda de Andaluc\u00eda. D\u00eda del patr\u00f3n San Isicio. Fiesta fin de&#46;&#46;&#46;<\/p>\n","protected":false},"author":1,"featured_media":0,"parent":0,"menu_order":0,"comment_status":"closed","ping_status":"closed","template":"page-cs.php","meta":{"ngg_post_thumbnail":0,"footnotes":"","_mc_calendar":[]},"aioseo_notices":[],"_links":{"self":[{"href":"https:\/\/blogsaverroes.juntadeandalucia.es\/ceipsanisicio\/wp-json\/wp\/v2\/pages\/2018"}],"collection":[{"href":"https:\/\/blogsaverroes.juntadeandalucia.es\/ceipsanisicio\/wp-json\/wp\/v2\/pages"}],"about":[{"href":"https:\/\/blogsaverroes.juntadeandalucia.es\/ceipsanisicio\/wp-json\/wp\/v2\/types\/page"}],"author":[{"embeddable":true,"href":"https:\/\/blogsaverroes.juntadeandalucia.es\/ceipsanisicio\/wp-json\/wp\/v2\/users\/1"}],"replies":[{"embeddable":true,"href":"https:\/\/blogsaverroes.juntadeandalucia.es\/ceipsanisicio\/wp-json\/wp\/v2\/comments?post=2018"}],"version-history":[{"count":7,"href":"https:\/\/blogsaverroes.juntadeandalucia.es\/ceipsanisicio\/wp-json\/wp\/v2\/pages\/2018\/revisions"}],"predecessor-version":[{"id":2497,"href":"https:\/\/blogsaverroes.juntadeandalucia.es\/ceipsanisicio\/wp-json\/wp\/v2\/pages\/2018\/revisions\/2497"}],"wp:attachment":[{"href":"https:\/\/blogsaverroes.juntadeandalucia.es\/ceipsanisicio\/wp-json\/wp\/v2\/media?parent=2018"}],"curies":[{"name":"wp","href":"https:\/\/api.w.org\/{rel}","templated":true}]}}