{"id":2244,"date":"2020-10-03T17:24:01","date_gmt":"2020-10-03T17:24:01","guid":{"rendered":"https:\/\/blogsaverroes.juntadeandalucia.es\/ceipsanisicio\/?page_id=2244"},"modified":"2020-10-05T14:21:07","modified_gmt":"2020-10-05T14:21:07","slug":"galeria","status":"publish","type":"page","link":"https:\/\/blogsaverroes.juntadeandalucia.es\/ceipsanisicio\/galeria\/","title":{"rendered":"Nuestra Historia"},"content":{"rendered":"<p>En este apartado recordaremos de forma gr\u00e1fica al alumnado y profesorado que han pasado por nuestro centro. Si tienes fotograf\u00edas y quieres enviarlas, hazlo indicado el a\u00f1o de tu generaci\u00f3n y adjuntando el archivo al correo electr\u00f3nico:<\/p>\n<h2 style=\"text-align: center\"><span style=\"color: #003300\">23001408.edu@juntadeandalucia.es<\/span><\/h2>\n<p>&nbsp;<\/p>\n<p>&nbsp;<\/p>\n","protected":false},"excerpt":{"rendered":"<p>En este apartado recordaremos de forma gr\u00e1fica al alumnado y profesorado que han pasado por nuestro centro. Si tienes fotograf\u00edas y quieres enviarlas, hazlo indicado el a\u00f1o de tu generaci\u00f3n y adjuntando el archivo&#46;&#46;&#46;<\/p>\n","protected":false},"author":10807,"featured_media":0,"parent":0,"menu_order":0,"comment_status":"closed","ping_status":"closed","template":"","meta":{"ngg_post_thumbnail":0,"footnotes":"","_mc_calendar":[]},"aioseo_notices":[],"_links":{"self":[{"href":"https:\/\/blogsaverroes.juntadeandalucia.es\/ceipsanisicio\/wp-json\/wp\/v2\/pages\/2244"}],"collection":[{"href":"https:\/\/blogsaverroes.juntadeandalucia.es\/ceipsanisicio\/wp-json\/wp\/v2\/pages"}],"about":[{"href":"https:\/\/blogsaverroes.juntadeandalucia.es\/ceipsanisicio\/wp-json\/wp\/v2\/types\/page"}],"author":[{"embeddable":true,"href":"https:\/\/blogsaverroes.juntadeandalucia.es\/ceipsanisicio\/wp-json\/wp\/v2\/users\/10807"}],"replies":[{"embeddable":true,"href":"https:\/\/blogsaverroes.juntadeandalucia.es\/ceipsanisicio\/wp-json\/wp\/v2\/comments?post=2244"}],"version-history":[{"count":3,"href":"https:\/\/blogsaverroes.juntadeandalucia.es\/ceipsanisicio\/wp-json\/wp\/v2\/pages\/2244\/revisions"}],"predecessor-version":[{"id":2340,"href":"https:\/\/blogsaverroes.juntadeandalucia.es\/ceipsanisicio\/wp-json\/wp\/v2\/pages\/2244\/revisions\/2340"}],"wp:attachment":[{"href":"https:\/\/blogsaverroes.juntadeandalucia.es\/ceipsanisicio\/wp-json\/wp\/v2\/media?parent=2244"}],"curies":[{"name":"wp","href":"https:\/\/api.w.org\/{rel}","templated":true}]}}