{"id":35,"date":"2020-10-02T08:21:43","date_gmt":"2020-10-02T08:21:43","guid":{"rendered":"http:\/\/blogsaverroes.juntadeandalucia.es\/pre\/ceip\/?page_id=35"},"modified":"2021-10-30T18:01:36","modified_gmt":"2021-10-30T18:01:36","slug":"el-centro-2","status":"publish","type":"page","link":"https:\/\/blogsaverroes.juntadeandalucia.es\/ceipsanisicio\/el-centro-2\/","title":{"rendered":"Datos del centro"},"content":{"rendered":"<div class=\"mapouter\">\n<p style=\"text-align: left\"><span style=\"text-decoration: underline\"><strong>Colegio P\u00fablico de Educaci\u00f3n Infantil y Primaria San Isicio.<\/strong><\/span><\/p>\n<p><strong>&#8211; Direcci\u00f3n:<\/strong>&nbsp; Calle Poeta Antonio Machado, n\u00ba 7&nbsp;&nbsp; C.P: 23470 Cazorla, Ja\u00e9n (Espa\u00f1a)<\/p>\n<p><strong>&#8211; Tel\u00e9fono:<\/strong> 953 711 906 <strong>\/ Fax: <\/strong>953 711 905&nbsp;&nbsp;&nbsp;&nbsp;<\/p>\n<p><strong>&#8211; Email:<\/strong> 23001408.edu@juntadeandalucia.es<\/p>\n<h4><strong>&#8211; Horario:<\/strong><\/h4>\n<p>Horario de apertura general del centro: D\u00edas lectivos de 9:00h a 14:00h<\/p>\n<h4><strong>&#8211; Oferta educativa:<\/strong><\/h4>\n<ul>\n<li>Educaci\u00f3n Especial &#8211; Aula de Educaci\u00f3n Espec\u00edfica. Aula de Audici\u00f3n y Lenguaje. Aula de Apoyo a la Integraci\u00f3n.&nbsp;<\/li>\n<li>Educaci\u00f3n Infantil Segundo Ciclo (3-6 a\u00f1os) \u00bb 5 unidades \u00bb Ense\u00f1anza biling\u00fce espa\u00f1ol\/ingl\u00e9s<\/li>\n<li>Educaci\u00f3n Primaria \u00bb 12 unidades \u00bb Ense\u00f1anza biling\u00fce espa\u00f1ol\/ingl\u00e9s<\/li>\n<\/ul>\n<h4>&#8211; <strong>Instalaciones:<\/strong><\/h4>\n<\/div>\n<p>Grandes espacios y naturaleza son nuestras se\u00f1as de identidad.<\/p>\n<p><img loading=\"lazy\" decoding=\"async\" class=\"wp-image-3068 aligncenter\" src=\"https:\/\/blogsaverroes.juntadeandalucia.es\/ceipsanisicio\/files\/2021\/05\/WhatsApp-Image-2021-05-09-at-11.05.401-300x225.jpeg\" alt=\"\" width=\"451\" height=\"338\" srcset=\"https:\/\/blogsaverroes.juntadeandalucia.es\/ceipsanisicio\/files\/2021\/05\/WhatsApp-Image-2021-05-09-at-11.05.401-300x225.jpeg 300w, https:\/\/blogsaverroes.juntadeandalucia.es\/ceipsanisicio\/files\/2021\/05\/WhatsApp-Image-2021-05-09-at-11.05.401-1024x769.jpeg 1024w, https:\/\/blogsaverroes.juntadeandalucia.es\/ceipsanisicio\/files\/2021\/05\/WhatsApp-Image-2021-05-09-at-11.05.401-768x576.jpeg 768w, https:\/\/blogsaverroes.juntadeandalucia.es\/ceipsanisicio\/files\/2021\/05\/WhatsApp-Image-2021-05-09-at-11.05.401-1536x1153.jpeg 1536w, https:\/\/blogsaverroes.juntadeandalucia.es\/ceipsanisicio\/files\/2021\/05\/WhatsApp-Image-2021-05-09-at-11.05.401.jpeg 1600w\" sizes=\"(max-width: 451px) 100vw, 451px\" \/><\/p>\n<p><img loading=\"lazy\" decoding=\"async\" class=\"wp-image-3060 aligncenter\" src=\"https:\/\/blogsaverroes.juntadeandalucia.es\/ceipsanisicio\/files\/2021\/05\/WhatsApp-Image-2021-05-09-at-11.05.381-300x225.jpeg\" alt=\"\" width=\"451\" height=\"338\" srcset=\"https:\/\/blogsaverroes.juntadeandalucia.es\/ceipsanisicio\/files\/2021\/05\/WhatsApp-Image-2021-05-09-at-11.05.381-300x225.jpeg 300w, https:\/\/blogsaverroes.juntadeandalucia.es\/ceipsanisicio\/files\/2021\/05\/WhatsApp-Image-2021-05-09-at-11.05.381-1024x769.jpeg 1024w, https:\/\/blogsaverroes.juntadeandalucia.es\/ceipsanisicio\/files\/2021\/05\/WhatsApp-Image-2021-05-09-at-11.05.381-768x576.jpeg 768w, https:\/\/blogsaverroes.juntadeandalucia.es\/ceipsanisicio\/files\/2021\/05\/WhatsApp-Image-2021-05-09-at-11.05.381-1536x1153.jpeg 1536w, https:\/\/blogsaverroes.juntadeandalucia.es\/ceipsanisicio\/files\/2021\/05\/WhatsApp-Image-2021-05-09-at-11.05.381.jpeg 1600w\" sizes=\"(max-width: 451px) 100vw, 451px\" \/><\/p>\n<p><img loading=\"lazy\" decoding=\"async\" class=\"wp-image-3061 aligncenter\" src=\"https:\/\/blogsaverroes.juntadeandalucia.es\/ceipsanisicio\/files\/2021\/05\/WhatsApp-Image-2021-05-09-at-11.05.38-300x225.jpeg\" alt=\"\" width=\"451\" height=\"338\" srcset=\"https:\/\/blogsaverroes.juntadeandalucia.es\/ceipsanisicio\/files\/2021\/05\/WhatsApp-Image-2021-05-09-at-11.05.38-300x225.jpeg 300w, https:\/\/blogsaverroes.juntadeandalucia.es\/ceipsanisicio\/files\/2021\/05\/WhatsApp-Image-2021-05-09-at-11.05.38-1024x769.jpeg 1024w, https:\/\/blogsaverroes.juntadeandalucia.es\/ceipsanisicio\/files\/2021\/05\/WhatsApp-Image-2021-05-09-at-11.05.38-768x576.jpeg 768w, https:\/\/blogsaverroes.juntadeandalucia.es\/ceipsanisicio\/files\/2021\/05\/WhatsApp-Image-2021-05-09-at-11.05.38-1536x1153.jpeg 1536w, https:\/\/blogsaverroes.juntadeandalucia.es\/ceipsanisicio\/files\/2021\/05\/WhatsApp-Image-2021-05-09-at-11.05.38.jpeg 1600w\" sizes=\"(max-width: 451px) 100vw, 451px\" \/><\/p>\n<p><img loading=\"lazy\" decoding=\"async\" class=\"wp-image-3062 aligncenter\" src=\"https:\/\/blogsaverroes.juntadeandalucia.es\/ceipsanisicio\/files\/2021\/05\/WhatsApp-Image-2021-05-09-at-11.05.391-300x225.jpeg\" alt=\"\" width=\"451\" height=\"338\" srcset=\"https:\/\/blogsaverroes.juntadeandalucia.es\/ceipsanisicio\/files\/2021\/05\/WhatsApp-Image-2021-05-09-at-11.05.391-300x225.jpeg 300w, https:\/\/blogsaverroes.juntadeandalucia.es\/ceipsanisicio\/files\/2021\/05\/WhatsApp-Image-2021-05-09-at-11.05.391-1024x769.jpeg 1024w, https:\/\/blogsaverroes.juntadeandalucia.es\/ceipsanisicio\/files\/2021\/05\/WhatsApp-Image-2021-05-09-at-11.05.391-768x576.jpeg 768w, https:\/\/blogsaverroes.juntadeandalucia.es\/ceipsanisicio\/files\/2021\/05\/WhatsApp-Image-2021-05-09-at-11.05.391-1536x1153.jpeg 1536w, https:\/\/blogsaverroes.juntadeandalucia.es\/ceipsanisicio\/files\/2021\/05\/WhatsApp-Image-2021-05-09-at-11.05.391.jpeg 1600w\" sizes=\"(max-width: 451px) 100vw, 451px\" \/><\/p>\n<p><img loading=\"lazy\" decoding=\"async\" class=\"wp-image-3067 aligncenter\" src=\"https:\/\/blogsaverroes.juntadeandalucia.es\/ceipsanisicio\/files\/2021\/05\/WhatsApp-Image-2021-05-09-at-11.05.39-300x225.jpeg\" alt=\"\" width=\"451\" height=\"338\" srcset=\"https:\/\/blogsaverroes.juntadeandalucia.es\/ceipsanisicio\/files\/2021\/05\/WhatsApp-Image-2021-05-09-at-11.05.39-300x225.jpeg 300w, https:\/\/blogsaverroes.juntadeandalucia.es\/ceipsanisicio\/files\/2021\/05\/WhatsApp-Image-2021-05-09-at-11.05.39-1024x769.jpeg 1024w, https:\/\/blogsaverroes.juntadeandalucia.es\/ceipsanisicio\/files\/2021\/05\/WhatsApp-Image-2021-05-09-at-11.05.39-768x576.jpeg 768w, https:\/\/blogsaverroes.juntadeandalucia.es\/ceipsanisicio\/files\/2021\/05\/WhatsApp-Image-2021-05-09-at-11.05.39-1536x1153.jpeg 1536w, https:\/\/blogsaverroes.juntadeandalucia.es\/ceipsanisicio\/files\/2021\/05\/WhatsApp-Image-2021-05-09-at-11.05.39.jpeg 1600w\" sizes=\"(max-width: 451px) 100vw, 451px\" \/><\/p>\n<p><img loading=\"lazy\" decoding=\"async\" class=\"wp-image-3063 aligncenter\" src=\"https:\/\/blogsaverroes.juntadeandalucia.es\/ceipsanisicio\/files\/2021\/05\/WhatsApp-Image-2021-05-09-at-11.05.392-300x225.jpeg\" alt=\"\" width=\"451\" height=\"338\" srcset=\"https:\/\/blogsaverroes.juntadeandalucia.es\/ceipsanisicio\/files\/2021\/05\/WhatsApp-Image-2021-05-09-at-11.05.392-300x225.jpeg 300w, https:\/\/blogsaverroes.juntadeandalucia.es\/ceipsanisicio\/files\/2021\/05\/WhatsApp-Image-2021-05-09-at-11.05.392-1024x769.jpeg 1024w, https:\/\/blogsaverroes.juntadeandalucia.es\/ceipsanisicio\/files\/2021\/05\/WhatsApp-Image-2021-05-09-at-11.05.392-768x576.jpeg 768w, https:\/\/blogsaverroes.juntadeandalucia.es\/ceipsanisicio\/files\/2021\/05\/WhatsApp-Image-2021-05-09-at-11.05.392-1536x1153.jpeg 1536w, https:\/\/blogsaverroes.juntadeandalucia.es\/ceipsanisicio\/files\/2021\/05\/WhatsApp-Image-2021-05-09-at-11.05.392.jpeg 1600w\" sizes=\"(max-width: 451px) 100vw, 451px\" \/><\/p>\n<p>&nbsp;<img loading=\"lazy\" decoding=\"async\" class=\"wp-image-3064 aligncenter\" src=\"https:\/\/blogsaverroes.juntadeandalucia.es\/ceipsanisicio\/files\/2021\/05\/WhatsApp-Image-2021-05-09-at-11.05.393-300x225.jpeg\" alt=\"\" width=\"451\" height=\"338\" srcset=\"https:\/\/blogsaverroes.juntadeandalucia.es\/ceipsanisicio\/files\/2021\/05\/WhatsApp-Image-2021-05-09-at-11.05.393-300x225.jpeg 300w, https:\/\/blogsaverroes.juntadeandalucia.es\/ceipsanisicio\/files\/2021\/05\/WhatsApp-Image-2021-05-09-at-11.05.393-1024x769.jpeg 1024w, https:\/\/blogsaverroes.juntadeandalucia.es\/ceipsanisicio\/files\/2021\/05\/WhatsApp-Image-2021-05-09-at-11.05.393-768x576.jpeg 768w, https:\/\/blogsaverroes.juntadeandalucia.es\/ceipsanisicio\/files\/2021\/05\/WhatsApp-Image-2021-05-09-at-11.05.393-1536x1153.jpeg 1536w, https:\/\/blogsaverroes.juntadeandalucia.es\/ceipsanisicio\/files\/2021\/05\/WhatsApp-Image-2021-05-09-at-11.05.393.jpeg 1600w\" sizes=\"(max-width: 451px) 100vw, 451px\" \/><\/p>\n<p><img loading=\"lazy\" decoding=\"async\" class=\"wp-image-3065 aligncenter\" src=\"https:\/\/blogsaverroes.juntadeandalucia.es\/ceipsanisicio\/files\/2021\/05\/WhatsApp-Image-2021-05-09-at-11.05.394-300x225.jpeg\" alt=\"\" width=\"451\" height=\"338\" srcset=\"https:\/\/blogsaverroes.juntadeandalucia.es\/ceipsanisicio\/files\/2021\/05\/WhatsApp-Image-2021-05-09-at-11.05.394-300x225.jpeg 300w, https:\/\/blogsaverroes.juntadeandalucia.es\/ceipsanisicio\/files\/2021\/05\/WhatsApp-Image-2021-05-09-at-11.05.394-1024x769.jpeg 1024w, https:\/\/blogsaverroes.juntadeandalucia.es\/ceipsanisicio\/files\/2021\/05\/WhatsApp-Image-2021-05-09-at-11.05.394-768x576.jpeg 768w, https:\/\/blogsaverroes.juntadeandalucia.es\/ceipsanisicio\/files\/2021\/05\/WhatsApp-Image-2021-05-09-at-11.05.394-1536x1153.jpeg 1536w, https:\/\/blogsaverroes.juntadeandalucia.es\/ceipsanisicio\/files\/2021\/05\/WhatsApp-Image-2021-05-09-at-11.05.394.jpeg 1600w\" sizes=\"(max-width: 451px) 100vw, 451px\" \/><\/p>\n<p><img loading=\"lazy\" decoding=\"async\" class=\" wp-image-3066 aligncenter\" src=\"https:\/\/blogsaverroes.juntadeandalucia.es\/ceipsanisicio\/files\/2021\/05\/WhatsApp-Image-2021-05-09-at-11.05.395-300x225.jpeg\" alt=\"\" width=\"451\" height=\"338\" srcset=\"https:\/\/blogsaverroes.juntadeandalucia.es\/ceipsanisicio\/files\/2021\/05\/WhatsApp-Image-2021-05-09-at-11.05.395-300x225.jpeg 300w, https:\/\/blogsaverroes.juntadeandalucia.es\/ceipsanisicio\/files\/2021\/05\/WhatsApp-Image-2021-05-09-at-11.05.395-1024x769.jpeg 1024w, https:\/\/blogsaverroes.juntadeandalucia.es\/ceipsanisicio\/files\/2021\/05\/WhatsApp-Image-2021-05-09-at-11.05.395-768x576.jpeg 768w, https:\/\/blogsaverroes.juntadeandalucia.es\/ceipsanisicio\/files\/2021\/05\/WhatsApp-Image-2021-05-09-at-11.05.395-1536x1153.jpeg 1536w, https:\/\/blogsaverroes.juntadeandalucia.es\/ceipsanisicio\/files\/2021\/05\/WhatsApp-Image-2021-05-09-at-11.05.395.jpeg 1600w\" sizes=\"(max-width: 451px) 100vw, 451px\" \/><\/p>\n<p>&nbsp;&nbsp; <img loading=\"lazy\" decoding=\"async\" class=\"wp-image-3069 aligncenter\" src=\"https:\/\/blogsaverroes.juntadeandalucia.es\/ceipsanisicio\/files\/2021\/05\/WhatsApp-Image-2021-05-09-at-11.05.40-300x225.jpeg\" alt=\"\" width=\"451\" height=\"338\" srcset=\"https:\/\/blogsaverroes.juntadeandalucia.es\/ceipsanisicio\/files\/2021\/05\/WhatsApp-Image-2021-05-09-at-11.05.40-300x225.jpeg 300w, https:\/\/blogsaverroes.juntadeandalucia.es\/ceipsanisicio\/files\/2021\/05\/WhatsApp-Image-2021-05-09-at-11.05.40-1024x769.jpeg 1024w, https:\/\/blogsaverroes.juntadeandalucia.es\/ceipsanisicio\/files\/2021\/05\/WhatsApp-Image-2021-05-09-at-11.05.40-768x576.jpeg 768w, https:\/\/blogsaverroes.juntadeandalucia.es\/ceipsanisicio\/files\/2021\/05\/WhatsApp-Image-2021-05-09-at-11.05.40-1536x1153.jpeg 1536w, https:\/\/blogsaverroes.juntadeandalucia.es\/ceipsanisicio\/files\/2021\/05\/WhatsApp-Image-2021-05-09-at-11.05.40.jpeg 1600w\" sizes=\"(max-width: 451px) 100vw, 451px\" \/><\/p>\n<p><img loading=\"lazy\" decoding=\"async\" class=\"wp-image-3070 aligncenter\" src=\"https:\/\/blogsaverroes.juntadeandalucia.es\/ceipsanisicio\/files\/2021\/05\/WhatsApp-Image-2021-05-09-at-11.10.33-300x225.jpeg\" alt=\"\" width=\"451\" height=\"338\" srcset=\"https:\/\/blogsaverroes.juntadeandalucia.es\/ceipsanisicio\/files\/2021\/05\/WhatsApp-Image-2021-05-09-at-11.10.33-300x225.jpeg 300w, https:\/\/blogsaverroes.juntadeandalucia.es\/ceipsanisicio\/files\/2021\/05\/WhatsApp-Image-2021-05-09-at-11.10.33-1024x769.jpeg 1024w, https:\/\/blogsaverroes.juntadeandalucia.es\/ceipsanisicio\/files\/2021\/05\/WhatsApp-Image-2021-05-09-at-11.10.33-768x576.jpeg 768w, https:\/\/blogsaverroes.juntadeandalucia.es\/ceipsanisicio\/files\/2021\/05\/WhatsApp-Image-2021-05-09-at-11.10.33-1536x1153.jpeg 1536w, https:\/\/blogsaverroes.juntadeandalucia.es\/ceipsanisicio\/files\/2021\/05\/WhatsApp-Image-2021-05-09-at-11.10.33.jpeg 1600w\" sizes=\"(max-width: 451px) 100vw, 451px\" \/><\/p>\n<p>&nbsp;<\/p>\n<p>&nbsp;<\/p>\n<p>&nbsp;<\/p>\n<p><img loading=\"lazy\" decoding=\"async\" class=\" wp-image-2472 aligncenter\" src=\"https:\/\/blogsaverroes.juntadeandalucia.es\/ceipsanisicio\/files\/2021\/01\/Sin-t\u00edtulo-300x260.png\" alt=\"\" width=\"252\" height=\"218\" srcset=\"https:\/\/blogsaverroes.juntadeandalucia.es\/ceipsanisicio\/files\/2021\/01\/Sin-t\u00edtulo-300x260.png 300w, https:\/\/blogsaverroes.juntadeandalucia.es\/ceipsanisicio\/files\/2021\/01\/Sin-t\u00edtulo-24x21.png 24w, https:\/\/blogsaverroes.juntadeandalucia.es\/ceipsanisicio\/files\/2021\/01\/Sin-t\u00edtulo-36x31.png 36w, https:\/\/blogsaverroes.juntadeandalucia.es\/ceipsanisicio\/files\/2021\/01\/Sin-t\u00edtulo-48x42.png 48w, https:\/\/blogsaverroes.juntadeandalucia.es\/ceipsanisicio\/files\/2021\/01\/Sin-t\u00edtulo.png 343w\" sizes=\"(max-width: 252px) 100vw, 252px\" \/><\/p>\n<p>&nbsp;<\/p>\n","protected":false},"excerpt":{"rendered":"<p>Colegio P\u00fablico de Educaci\u00f3n Infantil y Primaria San Isicio. &#8211; Direcci\u00f3n:&nbsp; Calle Poeta Antonio Machado, n\u00ba 7&nbsp;&nbsp; C.P: 23470 Cazorla, Ja\u00e9n (Espa\u00f1a) &#8211; Tel\u00e9fono: 953 711 906 \/ Fax: 953 711 905&nbsp;&nbsp;&nbsp;&nbsp; &#8211; Email:&#46;&#46;&#46;<\/p>\n","protected":false},"author":1,"featured_media":0,"parent":0,"menu_order":0,"comment_status":"closed","ping_status":"open","template":"page-cs.php","meta":{"ngg_post_thumbnail":0,"footnotes":"","_mc_calendar":[]},"aioseo_notices":[],"_links":{"self":[{"href":"https:\/\/blogsaverroes.juntadeandalucia.es\/ceipsanisicio\/wp-json\/wp\/v2\/pages\/35"}],"collection":[{"href":"https:\/\/blogsaverroes.juntadeandalucia.es\/ceipsanisicio\/wp-json\/wp\/v2\/pages"}],"about":[{"href":"https:\/\/blogsaverroes.juntadeandalucia.es\/ceipsanisicio\/wp-json\/wp\/v2\/types\/page"}],"author":[{"embeddable":true,"href":"https:\/\/blogsaverroes.juntadeandalucia.es\/ceipsanisicio\/wp-json\/wp\/v2\/users\/1"}],"replies":[{"embeddable":true,"href":"https:\/\/blogsaverroes.juntadeandalucia.es\/ceipsanisicio\/wp-json\/wp\/v2\/comments?post=35"}],"version-history":[{"count":31,"href":"https:\/\/blogsaverroes.juntadeandalucia.es\/ceipsanisicio\/wp-json\/wp\/v2\/pages\/35\/revisions"}],"predecessor-version":[{"id":3301,"href":"https:\/\/blogsaverroes.juntadeandalucia.es\/ceipsanisicio\/wp-json\/wp\/v2\/pages\/35\/revisions\/3301"}],"wp:attachment":[{"href":"https:\/\/blogsaverroes.juntadeandalucia.es\/ceipsanisicio\/wp-json\/wp\/v2\/media?parent=35"}],"curies":[{"name":"wp","href":"https:\/\/api.w.org\/{rel}","templated":true}]}}