{"id":3896,"date":"2022-06-17T12:37:27","date_gmt":"2022-06-17T12:37:27","guid":{"rendered":"https:\/\/blogsaverroes.juntadeandalucia.es\/ceipsanisicio\/?page_id=3896"},"modified":"2024-05-27T16:22:47","modified_gmt":"2024-05-27T16:22:47","slug":"secretaria-2","status":"publish","type":"page","link":"https:\/\/blogsaverroes.juntadeandalucia.es\/ceipsanisicio\/secretaria-2\/","title":{"rendered":"Secretar\u00eda"},"content":{"rendered":"<p style=\"text-align: center\">Impreso v\u00e1lido para solicitar documentaci\u00f3n al centro<\/p>\n<p style=\"text-align: center\"><a href=\"https:\/\/blogsaverroes.juntadeandalucia.es\/ceipsanisicio\/files\/2024\/05\/Solicitud-de-documentacion.pdf\">Solicitud de documentaci\u00f3n<\/a><\/p>\n<p>&nbsp;<\/p>\n<p style=\"text-align: center\">Autorizaci\u00f3n para que el profesorado pueda suministrar medicamento al alumnado<\/p>\n<p style=\"text-align: center\"><a href=\"https:\/\/blogsaverroes.juntadeandalucia.es\/ceipsanisicio\/files\/2024\/05\/Autorizacion-suministrar-medicamentos-alumnado.pdf\">Autorizaci\u00f3n suministrar medicamentos alumnado<\/a><\/p>\n<p>&nbsp;<\/p>\n<p style=\"text-align: center\">Solicitud de autorizaci\u00f3n para el uso de las instalaciones fuera del horario escolar<\/p>\n<p style=\"text-align: center\"><a href=\"https:\/\/blogsaverroes.juntadeandalucia.es\/ceipsanisicio\/files\/2024\/05\/Autorizacion-instalaciones-fuera-del-hor-escolar.pdf\">Autorizaci\u00f3n instalaciones fuera del horario escolar<\/a><\/p>\n","protected":false},"excerpt":{"rendered":"<p>Impreso v\u00e1lido para solicitar documentaci\u00f3n al centro Solicitud de documentaci\u00f3n &nbsp; Autorizaci\u00f3n para que el profesorado pueda suministrar medicamento al alumnado Autorizaci\u00f3n suministrar medicamentos alumnado &nbsp; Solicitud de autorizaci\u00f3n para el uso de las&#46;&#46;&#46;<\/p>\n","protected":false},"author":10807,"featured_media":0,"parent":0,"menu_order":0,"comment_status":"closed","ping_status":"closed","template":"","meta":{"ngg_post_thumbnail":0,"footnotes":"","_mc_calendar":[]},"aioseo_notices":[],"_links":{"self":[{"href":"https:\/\/blogsaverroes.juntadeandalucia.es\/ceipsanisicio\/wp-json\/wp\/v2\/pages\/3896"}],"collection":[{"href":"https:\/\/blogsaverroes.juntadeandalucia.es\/ceipsanisicio\/wp-json\/wp\/v2\/pages"}],"about":[{"href":"https:\/\/blogsaverroes.juntadeandalucia.es\/ceipsanisicio\/wp-json\/wp\/v2\/types\/page"}],"author":[{"embeddable":true,"href":"https:\/\/blogsaverroes.juntadeandalucia.es\/ceipsanisicio\/wp-json\/wp\/v2\/users\/10807"}],"replies":[{"embeddable":true,"href":"https:\/\/blogsaverroes.juntadeandalucia.es\/ceipsanisicio\/wp-json\/wp\/v2\/comments?post=3896"}],"version-history":[{"count":4,"href":"https:\/\/blogsaverroes.juntadeandalucia.es\/ceipsanisicio\/wp-json\/wp\/v2\/pages\/3896\/revisions"}],"predecessor-version":[{"id":5153,"href":"https:\/\/blogsaverroes.juntadeandalucia.es\/ceipsanisicio\/wp-json\/wp\/v2\/pages\/3896\/revisions\/5153"}],"wp:attachment":[{"href":"https:\/\/blogsaverroes.juntadeandalucia.es\/ceipsanisicio\/wp-json\/wp\/v2\/media?parent=3896"}],"curies":[{"name":"wp","href":"https:\/\/api.w.org\/{rel}","templated":true}]}}