{"id":42,"date":"2015-03-13T08:40:47","date_gmt":"2015-03-13T08:40:47","guid":{"rendered":"http:\/\/blogsaverroes.juntadeandalucia.es\/pre\/ceip\/?page_id=42"},"modified":"2024-03-18T10:20:49","modified_gmt":"2024-03-18T10:20:49","slug":"equipo-directivo","status":"publish","type":"page","link":"https:\/\/blogsaverroes.juntadeandalucia.es\/ceipsanisicio\/equipo-directivo\/","title":{"rendered":"Equipo directivo"},"content":{"rendered":"<h3 style=\"text-align: center\"><span style=\"color: #003300\"><strong>Equipo directivo en el curso 2023\/2024<\/strong><\/span><\/h3>\n<p>&nbsp;<\/p>\n<ul style=\"list-style-type: circle\">\n<li><span style=\"color: #003300\"><strong>Direcci\u00f3n: <\/strong><\/span>Jos\u00e9 Mart\u00ednez Delgado.<strong><br \/>\n<\/strong><\/li>\n<li><strong><span style=\"color: #003300\">Jefatura de estudios:<\/span> <\/strong>Mercedes Nieves Lucena Pe\u00f1a<strong><br \/>\n<\/strong><\/li>\n<li><span style=\"color: #003300\"><strong>Secretar\u00eda: <\/strong><\/span>Mar\u00eda T\u00edscar Leyva Morillas.<strong><br \/>\n<\/strong><\/li>\n<\/ul>\n<p>&nbsp;<\/p>\n<p>&nbsp;<\/p>\n<p><strong><span style=\"color: #003300\">Directores del C.E.I.P. San Isicio de Cazorla.<\/span><\/strong><\/p>\n<ul style=\"list-style-type: circle\">\n<li>D. Jos\u00e9 Mart\u00ednez Delgado.&nbsp; (2009&nbsp; &#8211;&nbsp; Actualidad)<\/li>\n<li>D. Sebasti\u00e1n Manj\u00f3n&nbsp; &nbsp;&nbsp;&nbsp;&nbsp;&nbsp;&nbsp;&nbsp;&nbsp;&nbsp; (2003&nbsp; &#8211;&nbsp; 2009)&nbsp;&nbsp;<\/li>\n<li>D. Nicol\u00e1s Ortega Lorente. (1997&nbsp; &nbsp;&#8211;&nbsp; 2003)<\/li>\n<li>&nbsp;&nbsp;&nbsp;&nbsp;&nbsp;&nbsp;&nbsp;&nbsp;&nbsp;&nbsp;&nbsp;&nbsp;&nbsp;&nbsp;&nbsp;&nbsp;&nbsp;&nbsp;&nbsp;&nbsp;&nbsp;&nbsp;&nbsp;&nbsp;&nbsp;&nbsp;&nbsp;&nbsp;&nbsp;&nbsp;&nbsp;&nbsp;&nbsp;&nbsp;&nbsp;&nbsp;&nbsp;&nbsp;&nbsp;&nbsp;&nbsp;&nbsp;&nbsp;&nbsp;&nbsp;&nbsp;&nbsp;&nbsp;&nbsp; (&nbsp;&nbsp;&nbsp;&nbsp;&nbsp;&nbsp;&nbsp;&nbsp;&nbsp; &#8211; &nbsp;&nbsp;&nbsp;&nbsp;&nbsp;&nbsp;&nbsp;&nbsp; )<\/li>\n<\/ul>\n<p><a href=\"https:\/\/blogsaverroes.juntadeandalucia.es\/ceipsanisicio\/files\/2024\/03\/descarga.png\"><img loading=\"lazy\" decoding=\"async\" class=\"aligncenter wp-image-4869 size-full\" src=\"https:\/\/blogsaverroes.juntadeandalucia.es\/ceipsanisicio\/files\/2024\/03\/descarga.png\" alt=\"\" width=\"204\" height=\"192\"><\/a><\/p>\n","protected":false},"excerpt":{"rendered":"<p>Equipo directivo en el curso 2023\/2024 &nbsp; Direcci\u00f3n: Jos\u00e9 Mart\u00ednez Delgado. Jefatura de estudios: Mercedes Nieves Lucena Pe\u00f1a Secretar\u00eda: Mar\u00eda T\u00edscar Leyva Morillas. &nbsp; &nbsp; Directores del C.E.I.P. San Isicio de Cazorla. D. Jos\u00e9&#46;&#46;&#46;<\/p>\n","protected":false},"author":1,"featured_media":0,"parent":0,"menu_order":0,"comment_status":"closed","ping_status":"open","template":"","meta":{"ngg_post_thumbnail":0,"footnotes":"","_mc_calendar":[]},"aioseo_notices":[],"_links":{"self":[{"href":"https:\/\/blogsaverroes.juntadeandalucia.es\/ceipsanisicio\/wp-json\/wp\/v2\/pages\/42"}],"collection":[{"href":"https:\/\/blogsaverroes.juntadeandalucia.es\/ceipsanisicio\/wp-json\/wp\/v2\/pages"}],"about":[{"href":"https:\/\/blogsaverroes.juntadeandalucia.es\/ceipsanisicio\/wp-json\/wp\/v2\/types\/page"}],"author":[{"embeddable":true,"href":"https:\/\/blogsaverroes.juntadeandalucia.es\/ceipsanisicio\/wp-json\/wp\/v2\/users\/1"}],"replies":[{"embeddable":true,"href":"https:\/\/blogsaverroes.juntadeandalucia.es\/ceipsanisicio\/wp-json\/wp\/v2\/comments?post=42"}],"version-history":[{"count":14,"href":"https:\/\/blogsaverroes.juntadeandalucia.es\/ceipsanisicio\/wp-json\/wp\/v2\/pages\/42\/revisions"}],"predecessor-version":[{"id":4870,"href":"https:\/\/blogsaverroes.juntadeandalucia.es\/ceipsanisicio\/wp-json\/wp\/v2\/pages\/42\/revisions\/4870"}],"wp:attachment":[{"href":"https:\/\/blogsaverroes.juntadeandalucia.es\/ceipsanisicio\/wp-json\/wp\/v2\/media?parent=42"}],"curies":[{"name":"wp","href":"https:\/\/api.w.org\/{rel}","templated":true}]}}