{"id":44,"date":"2015-03-13T08:42:15","date_gmt":"2015-03-13T08:42:15","guid":{"rendered":"http:\/\/blogsaverroes.juntadeandalucia.es\/pre\/ceip\/?page_id=44"},"modified":"2024-03-18T10:31:35","modified_gmt":"2024-03-18T10:31:35","slug":"planes-y-proyectos","status":"publish","type":"page","link":"https:\/\/blogsaverroes.juntadeandalucia.es\/ceipsanisicio\/planes-y-proyectos\/","title":{"rendered":"Planes y Programas"},"content":{"rendered":"<p><img loading=\"lazy\" decoding=\"async\" class=\"size-medium wp-image-2486 alignleft\" src=\"https:\/\/blogsaverroes.juntadeandalucia.es\/ceipsanisicio\/files\/2021\/01\/3f1ff19ae15e44895a59de01f265ae16-300x251.png\" alt=\"\" width=\"300\" height=\"251\" srcset=\"https:\/\/blogsaverroes.juntadeandalucia.es\/ceipsanisicio\/files\/2021\/01\/3f1ff19ae15e44895a59de01f265ae16-300x251.png 300w, https:\/\/blogsaverroes.juntadeandalucia.es\/ceipsanisicio\/files\/2021\/01\/3f1ff19ae15e44895a59de01f265ae16-768x644.png 768w, https:\/\/blogsaverroes.juntadeandalucia.es\/ceipsanisicio\/files\/2021\/01\/3f1ff19ae15e44895a59de01f265ae16-24x20.png 24w, https:\/\/blogsaverroes.juntadeandalucia.es\/ceipsanisicio\/files\/2021\/01\/3f1ff19ae15e44895a59de01f265ae16-36x30.png 36w, https:\/\/blogsaverroes.juntadeandalucia.es\/ceipsanisicio\/files\/2021\/01\/3f1ff19ae15e44895a59de01f265ae16-48x40.png 48w, https:\/\/blogsaverroes.juntadeandalucia.es\/ceipsanisicio\/files\/2021\/01\/3f1ff19ae15e44895a59de01f265ae16.png 940w\" sizes=\"(max-width: 300px) 100vw, 300px\" \/><\/p>\n<p style=\"text-align: justify\">La cada vez m\u00e1s compleja realidad social de nuestro tiempo hace que sea necesario abordar, desde el sistema educativo, todos aquellos aspectos de la misma que puedan ser mejorados a trav\u00e9s de la educaci\u00f3n, para ello se ha dise\u00f1ado y se va completando continuamente un variado programa de actuaciones para desarrollar las distintas tem\u00e1ticas y aspectos que preocupan en nuestra sociedad, tanto en los centros educativos como fuera de ellos.<\/p>\n<p style=\"text-align: justify\">Abarcan desde la salud y la prevenci\u00f3n a la seguridad vial, desde el medio ambiente y el consumo responsable hasta la lectura y las bibliotecas escolares, las conmemoraciones de hechos o personajes relevantes, el flamenco, etc. Todo ello agrupado por tem\u00e1ticas para facilitar su localizaci\u00f3n y desarrollado en portales educativos espec\u00edficos.<\/p>\n<p>En nuestro centro se desarrollan los siguientes planes y programas educativos:<\/p>\n<p>Programa CIMA:<\/p>\n<ul>\n<li><span style=\"color: #008000\">\u00c1mbito Promoci\u00f3n de h\u00e1bitos de vida saludables<\/span>&nbsp;<\/li>\n<li><span style=\"color: #008000\">\u00c1mbito Aldea<\/span>, programa de educaci\u00f3n ambiental para la comunidad educativa.<\/li>\n<\/ul>\n<p>Programa convivencia Escolar<\/p>\n<p>Organizaci\u00f3n y funcionamiento de las bibliotecas escolares<\/p>\n<p>Transformaci\u00f3n Digital Educativa<\/p>\n<p>Plan de Apertura de Centros Docentes<\/p>\n<p>Programa de Centro Biling\u00fce<\/p>\n<p>Plan de Igualdad de g\u00e9nero en educaci\u00f3n<\/p>\n<p>&nbsp;<\/p>\n<p><strong>Normativa:<\/strong><\/p>\n<p><span style=\"color: #008000\"><a style=\"color: #008000\" href=\"https:\/\/www.juntadeandalucia.es\/educacion\/portals\/web\/ced\/planesyprogramas\/programas-innovacion-educativa\">https:\/\/www.juntadeandalucia.es\/educacion\/portals\/web\/ced\/planesyprogramas\/programas-innovacion-educativa<\/a><\/span><\/p>\n<p>&nbsp;<\/p>\n<p><a href=\"https:\/\/blogsaverroes.juntadeandalucia.es\/ceipsanisicio\/files\/2024\/03\/descarga.png\"><img loading=\"lazy\" decoding=\"async\" class=\"aligncenter wp-image-4869 size-full\" src=\"https:\/\/blogsaverroes.juntadeandalucia.es\/ceipsanisicio\/files\/2024\/03\/descarga.png\" alt=\"\" width=\"204\" height=\"192\"><\/a><\/p>\n","protected":false},"excerpt":{"rendered":"<p>La cada vez m\u00e1s compleja realidad social de nuestro tiempo hace que sea necesario abordar, desde el sistema educativo, todos aquellos aspectos de la misma que puedan ser mejorados a trav\u00e9s de la educaci\u00f3n,&#46;&#46;&#46;<\/p>\n","protected":false},"author":1,"featured_media":0,"parent":0,"menu_order":0,"comment_status":"closed","ping_status":"closed","template":"page-cs.php","meta":{"ngg_post_thumbnail":0,"footnotes":"","_mc_calendar":[]},"aioseo_notices":[],"_links":{"self":[{"href":"https:\/\/blogsaverroes.juntadeandalucia.es\/ceipsanisicio\/wp-json\/wp\/v2\/pages\/44"}],"collection":[{"href":"https:\/\/blogsaverroes.juntadeandalucia.es\/ceipsanisicio\/wp-json\/wp\/v2\/pages"}],"about":[{"href":"https:\/\/blogsaverroes.juntadeandalucia.es\/ceipsanisicio\/wp-json\/wp\/v2\/types\/page"}],"author":[{"embeddable":true,"href":"https:\/\/blogsaverroes.juntadeandalucia.es\/ceipsanisicio\/wp-json\/wp\/v2\/users\/1"}],"replies":[{"embeddable":true,"href":"https:\/\/blogsaverroes.juntadeandalucia.es\/ceipsanisicio\/wp-json\/wp\/v2\/comments?post=44"}],"version-history":[{"count":9,"href":"https:\/\/blogsaverroes.juntadeandalucia.es\/ceipsanisicio\/wp-json\/wp\/v2\/pages\/44\/revisions"}],"predecessor-version":[{"id":4871,"href":"https:\/\/blogsaverroes.juntadeandalucia.es\/ceipsanisicio\/wp-json\/wp\/v2\/pages\/44\/revisions\/4871"}],"wp:attachment":[{"href":"https:\/\/blogsaverroes.juntadeandalucia.es\/ceipsanisicio\/wp-json\/wp\/v2\/media?parent=44"}],"curies":[{"name":"wp","href":"https:\/\/api.w.org\/{rel}","templated":true}]}}