{"id":99,"date":"2015-03-16T07:22:54","date_gmt":"2015-03-16T07:22:54","guid":{"rendered":"http:\/\/blogsaverroes.juntadeandalucia.es\/pre\/ceip\/?page_id=99"},"modified":"2021-09-30T11:37:48","modified_gmt":"2021-09-30T11:37:48","slug":"comedor-escolar","status":"publish","type":"page","link":"https:\/\/blogsaverroes.juntadeandalucia.es\/ceipsanisicio\/comedor-escolar\/","title":{"rendered":"Comedor escolar"},"content":{"rendered":"<p><img loading=\"lazy\" decoding=\"async\" class=\"size-medium wp-image-2464 alignleft\" src=\"https:\/\/blogsaverroes.juntadeandalucia.es\/ceipsanisicio\/files\/2021\/01\/imagen_comedor-800x440-1-300x165.png\" alt=\"\" width=\"300\" height=\"165\" srcset=\"https:\/\/blogsaverroes.juntadeandalucia.es\/ceipsanisicio\/files\/2021\/01\/imagen_comedor-800x440-1-300x165.png 300w, https:\/\/blogsaverroes.juntadeandalucia.es\/ceipsanisicio\/files\/2021\/01\/imagen_comedor-800x440-1-768x422.png 768w, https:\/\/blogsaverroes.juntadeandalucia.es\/ceipsanisicio\/files\/2021\/01\/imagen_comedor-800x440-1-24x13.png 24w, https:\/\/blogsaverroes.juntadeandalucia.es\/ceipsanisicio\/files\/2021\/01\/imagen_comedor-800x440-1-36x20.png 36w, https:\/\/blogsaverroes.juntadeandalucia.es\/ceipsanisicio\/files\/2021\/01\/imagen_comedor-800x440-1-48x26.png 48w, https:\/\/blogsaverroes.juntadeandalucia.es\/ceipsanisicio\/files\/2021\/01\/imagen_comedor-800x440-1.png 800w\" sizes=\"(max-width: 300px) 100vw, 300px\" \/><\/p>\n<p style=\"text-align: justify\">Los centros docentes p\u00fablicos prestan el servicio de comedor escolar para el alumnado del segundo ciclo de educaci\u00f3n infantil, de educaci\u00f3n primaria, de educaci\u00f3n secundaria obligatoria y de educaci\u00f3n especial durante un tiempo m\u00e1ximo de dos horas a partir de la finalizaci\u00f3n de la jornada lectiva de ma\u00f1ana, de 14.00 a 16:00 horas. El horario de este servicio proporciona a los padres y a las madres un apoyo que les permite compatibilizar sus obligaciones familiares y profesionales, por tanto, los comedores escolares constituyen un servicio complementario de gran utilidad para conciliar la vida laboral y familiar. Son, adem\u00e1s, una pieza importante en todas las medidas dirigidas a mejorar los h\u00e1bitos alimenticios de los ni\u00f1os y ni\u00f1as y prevenir problemas de salud como la obesidad.<\/p>\n<p style=\"text-align: justify\">En la organizaci\u00f3n del servicio de comedor escolar, los centros docentes consideran la atenci\u00f3n al alumnado usuario, tanto en el tiempo destinado a la comida, como en los per\u00edodos inmediatamente anteriores y posteriores a la misma, todo ello en el marco de la concepci\u00f3n educativa integral que tiene este servicio en los centros. La gesti\u00f3n diaria del servicio se realiza teniendo en cuenta el aforo y el n\u00famero de comensales que hacen uso de dicho servicio.<\/p>\n<p style=\"text-align: justify\">La atenci\u00f3n al alumnado en el comedor escolar se llevar\u00e1 a cabo por personal cualificado cuyas funciones son las siguientes:<\/p>\n<p style=\"text-align: justify\"><span style=\"color: #008000\">a)<\/span> Atender y custodiar al alumnado durante las comidas y en el tiempo anterior y posterior a las mismas, as\u00ed como, en su caso, durante el traslado del alumnado al centro con comedor.<br \/>\n<span style=\"color: #008000\">b)<\/span> Resolver las incidencias que pudieran presentarse durante ese per\u00edodo.<br \/>\n<span style=\"color: #008000\">c)<\/span> Prestar especial atenci\u00f3n a la labor educativa del comedor: adquisici\u00f3n de h\u00e1bitos sociales e higi\u00e9nico-sanitarios y correcta utilizaci\u00f3n del menaje del comedor.<br \/>\n<span style=\"color: #008000\">d)<\/span> Cualquier otra funci\u00f3n que le pueda ser encomendada por la persona que ejerce la direcci\u00f3n del centro, para el adecuado funcionamiento del comedor escolar.<\/p>\n<p style=\"text-align: justify\">Estos profesionales ejercen una labor educativa dirigida a favorecer la adquisici\u00f3n de buenos h\u00e1bitos sociales, higi\u00e9nicos y alimenticios. Por ejemplo, introduciendo pr\u00e1cticas como el lavado previo de las manos o el cepillado de los dientes despu\u00e9s de las comidas. Adem\u00e1s de la labor educativa que se realiza durante las comidas, despu\u00e9s de estas las empresas que atienden el comedor escolar deben ofrecer al alumnado actividades l\u00fadicas, deportivas o educativas que permitan un uso provechoso de este tiempo.<\/p>\n<p style=\"text-align: justify\">El servicio de comedor escolar se solicita en el mes de junio en la matriculaci\u00f3n del alumnado y la solicitud de bonificaciones al precio p\u00fablico de dicho servicio se realiza a principios del mes de septiembre para posibilitar que los ingresos de referencia para el c\u00e1lculo de la bonificaci\u00f3n sea el del a\u00f1o inmediatamente anterior, y adecuarse en lo posible a la capacidad econ\u00f3mica real de las familias.<\/p>\n<p style=\"text-align: justify\">Los men\u00fas que se sirven en los comedores escolares p\u00fablicos siguen las recomendaciones de los organismos responsables en materia de sanidad en cuanto a alimentaci\u00f3n saludable, por lo que se puede afirmar que la situaci\u00f3n de los comedores escolares de Andaluc\u00eda es ejemplar desde el punto de vista nutricional<\/p>\n<p>El servicio de comedor del C.E.I.P San Isicio es de <span style=\"color: #008000\">gesti\u00f3n directa<\/span>. Puede consultar el <span style=\"color: #008000\">men\u00fa elaborado diariamente<\/span> a continuaci\u00f3n:<\/p>\n<h2><strong><span style=\"color: #003300\">Men\u00fa Primer Trimestre 2021\/2022<\/span><\/strong><\/h2>\n<p><a href=\"https:\/\/blogsaverroes.juntadeandalucia.es\/ceipsanisicio\/files\/2021\/09\/Men\u00fa-04-08-octubre-3\u00ba_210930_065100.pdf\">Men\u00fa 04-08 octubre 3\u00ba_210930_065100<\/a><\/p>\n<p>&nbsp;<\/p>\n<h2><strong><span style=\"color: #003300\">Men\u00fa Segundo Trimestre 2021\/2022<\/span><\/strong><\/h2>\n<p>&nbsp;<\/p>\n<p>&nbsp;<\/p>\n<h2><strong><span style=\"color: #003300\">Men\u00fa Tercer Trimestre 2021\/2022<\/span><\/strong><\/h2>\n<p>&nbsp;<\/p>\n<p>&nbsp;<\/p>\n<p><strong>Normativa:<\/strong><\/p>\n<p><a href=\"https:\/\/www.juntadeandalucia.es\/educacion\/portals\/web\/ced\/comedor-escolar\"><span style=\"color: #008000\">https:\/\/www.juntadeandalucia.es\/educacion\/portals\/web\/ced\/comedor-escolar<\/span><\/a><\/p>\n<p>&nbsp;<\/p>\n<p>&nbsp;<\/p>\n<p><img loading=\"lazy\" decoding=\"async\" class=\"size-medium wp-image-2472 aligncenter\" src=\"https:\/\/blogsaverroes.juntadeandalucia.es\/ceipsanisicio\/files\/2021\/01\/Sin-t\u00edtulo-300x260.png\" alt=\"\" width=\"300\" height=\"260\" srcset=\"https:\/\/blogsaverroes.juntadeandalucia.es\/ceipsanisicio\/files\/2021\/01\/Sin-t\u00edtulo-300x260.png 300w, https:\/\/blogsaverroes.juntadeandalucia.es\/ceipsanisicio\/files\/2021\/01\/Sin-t\u00edtulo-24x21.png 24w, https:\/\/blogsaverroes.juntadeandalucia.es\/ceipsanisicio\/files\/2021\/01\/Sin-t\u00edtulo-36x31.png 36w, https:\/\/blogsaverroes.juntadeandalucia.es\/ceipsanisicio\/files\/2021\/01\/Sin-t\u00edtulo-48x42.png 48w, https:\/\/blogsaverroes.juntadeandalucia.es\/ceipsanisicio\/files\/2021\/01\/Sin-t\u00edtulo.png 343w\" sizes=\"(max-width: 300px) 100vw, 300px\" \/><\/p>\n","protected":false},"excerpt":{"rendered":"<p>Los centros docentes p\u00fablicos prestan el servicio de comedor escolar para el alumnado del segundo ciclo de educaci\u00f3n infantil, de educaci\u00f3n primaria, de educaci\u00f3n secundaria obligatoria y de educaci\u00f3n especial durante un tiempo m\u00e1ximo&#46;&#46;&#46;<\/p>\n","protected":false},"author":1,"featured_media":0,"parent":0,"menu_order":0,"comment_status":"closed","ping_status":"open","template":"page-cs.php","meta":{"ngg_post_thumbnail":0,"footnotes":"","_mc_calendar":[]},"aioseo_notices":[],"_links":{"self":[{"href":"https:\/\/blogsaverroes.juntadeandalucia.es\/ceipsanisicio\/wp-json\/wp\/v2\/pages\/99"}],"collection":[{"href":"https:\/\/blogsaverroes.juntadeandalucia.es\/ceipsanisicio\/wp-json\/wp\/v2\/pages"}],"about":[{"href":"https:\/\/blogsaverroes.juntadeandalucia.es\/ceipsanisicio\/wp-json\/wp\/v2\/types\/page"}],"author":[{"embeddable":true,"href":"https:\/\/blogsaverroes.juntadeandalucia.es\/ceipsanisicio\/wp-json\/wp\/v2\/users\/1"}],"replies":[{"embeddable":true,"href":"https:\/\/blogsaverroes.juntadeandalucia.es\/ceipsanisicio\/wp-json\/wp\/v2\/comments?post=99"}],"version-history":[{"count":14,"href":"https:\/\/blogsaverroes.juntadeandalucia.es\/ceipsanisicio\/wp-json\/wp\/v2\/pages\/99\/revisions"}],"predecessor-version":[{"id":3250,"href":"https:\/\/blogsaverroes.juntadeandalucia.es\/ceipsanisicio\/wp-json\/wp\/v2\/pages\/99\/revisions\/3250"}],"wp:attachment":[{"href":"https:\/\/blogsaverroes.juntadeandalucia.es\/ceipsanisicio\/wp-json\/wp\/v2\/media?parent=99"}],"curies":[{"name":"wp","href":"https:\/\/api.w.org\/{rel}","templated":true}]}}