{"id":2378,"date":"2024-08-01T18:25:24","date_gmt":"2024-08-01T17:25:24","guid":{"rendered":"https:\/\/blogsaverroes.juntadeandalucia.es\/ceipsanisidoro\/?page_id=2378"},"modified":"2025-09-24T17:29:54","modified_gmt":"2025-09-24T16:29:54","slug":"instalaciones","status":"publish","type":"page","link":"https:\/\/blogsaverroes.juntadeandalucia.es\/ceipsanisidoro\/instalaciones\/","title":{"rendered":"Instalaciones"},"content":{"rendered":"<p>El CEIP &#8220;San Isidoro&#8221; se ubica en el centro de la localidad, est\u00e1 cercano al parque y zonas de influencia. Cuenta con los siguientes espacios y dependencias:<\/p>\n<table style=\"border-collapse: collapse;width: 100%;height: 600px\">\n<tbody>\n<tr style=\"height: 128px\">\n<td style=\"width: 50%;height: 128px\">\n<ul>\n<li>5 aulas de Ed. Infantil<\/li>\n<\/ul>\n<\/td>\n<td style=\"width: 50%;height: 128px\">\n<ul>\n<li>Zona administrativa: Despacho de Direcci\u00f3n, despacho de&nbsp; Jefatura de Estudios y Secretar\u00eda.<\/li>\n<li>Despacho Monitora Escolar<\/li>\n<\/ul>\n<\/td>\n<\/tr>\n<tr style=\"height: 56px\">\n<td style=\"width: 50%;height: 56px\">\n<ul>\n<li>11 aulas de Ed. Primaria<\/li>\n<\/ul>\n<\/td>\n<td style=\"width: 50%;height: 56px\">\n<ul>\n<li>Servicios para profesorado y alumnado<\/li>\n<\/ul>\n<\/td>\n<\/tr>\n<tr style=\"height: 80px\">\n<td style=\"width: 50%;height: 80px\">\n<ul>\n<li>Aula Pedagog\u00eda Terap\u00e9utica-Audici\u00f3n y Lenguaje<\/li>\n<\/ul>\n<\/td>\n<td style=\"width: 50%;height: 80px\">\n<ul>\n<li>Aula TIC<\/li>\n<\/ul>\n<\/td>\n<\/tr>\n<tr style=\"height: 56px\">\n<td style=\"width: 50%;height: 56px\">\n<ul>\n<li>Aula Espec\u00edfica<\/li>\n<\/ul>\n<\/td>\n<td style=\"width: 50%;height: 56px\">\n<ul>\n<li>Aula de Cine<\/li>\n<\/ul>\n<\/td>\n<\/tr>\n<tr style=\"height: 56px\">\n<td style=\"width: 50%;height: 56px\">\n<ul>\n<li>Aula Psicomotricidad<\/li>\n<\/ul>\n<\/td>\n<td style=\"width: 50%;height: 56px\">\n<ul>\n<li>Zona Servidor y Rack<\/li>\n<\/ul>\n<\/td>\n<\/tr>\n<tr style=\"height: 56px\">\n<td style=\"width: 50%;height: 56px\">\n<ul>\n<li>Aula de M\u00fasica<\/li>\n<\/ul>\n<\/td>\n<td style=\"width: 50%;height: 56px\">\n<ul>\n<li>Almacenes<\/li>\n<\/ul>\n<\/td>\n<\/tr>\n<tr style=\"height: 56px\">\n<td style=\"width: 50%;height: 56px\">\n<ul>\n<li>Gimnasio<\/li>\n<\/ul>\n<\/td>\n<td style=\"width: 50%;height: 56px\">\n<ul>\n<li>3 patios&nbsp;<\/li>\n<\/ul>\n<\/td>\n<\/tr>\n<tr style=\"height: 56px\">\n<td style=\"width: 50%;height: 56px\">\n<ul>\n<li>Comedor, cocina y aula matinal<\/li>\n<\/ul>\n<\/td>\n<td style=\"width: 50%;height: 56px\">\n<ul>\n<li>Despachos orientadora y m\u00e9dico EOE<\/li>\n<\/ul>\n<\/td>\n<\/tr>\n<tr style=\"height: 56px\">\n<td style=\"width: 50%;height: 56px\">\n<ul>\n<li>Biblioteca<\/li>\n<\/ul>\n<\/td>\n<td style=\"width: 50%;height: 56px\">\n<ul>\n<li>Departamento de Ingl\u00e9s y Franc\u00e9s<\/li>\n<\/ul>\n<\/td>\n<\/tr>\n<\/tbody>\n<\/table>\n","protected":false},"excerpt":{"rendered":"<p>El CEIP &#8220;San Isidoro&#8221; se ubica en el centro de la localidad, est\u00e1 cercano al parque y zonas de influencia. Cuenta con los siguientes espacios y dependencias: 5 aulas de Ed. Infantil Zona administrativa:&#46;&#46;&#46;<\/p>\n","protected":false},"author":13345,"featured_media":0,"parent":0,"menu_order":0,"comment_status":"closed","ping_status":"closed","template":"","meta":{"ngg_post_thumbnail":0,"footnotes":""},"aioseo_notices":[],"_links":{"self":[{"href":"https:\/\/blogsaverroes.juntadeandalucia.es\/ceipsanisidoro\/wp-json\/wp\/v2\/pages\/2378"}],"collection":[{"href":"https:\/\/blogsaverroes.juntadeandalucia.es\/ceipsanisidoro\/wp-json\/wp\/v2\/pages"}],"about":[{"href":"https:\/\/blogsaverroes.juntadeandalucia.es\/ceipsanisidoro\/wp-json\/wp\/v2\/types\/page"}],"author":[{"embeddable":true,"href":"https:\/\/blogsaverroes.juntadeandalucia.es\/ceipsanisidoro\/wp-json\/wp\/v2\/users\/13345"}],"replies":[{"embeddable":true,"href":"https:\/\/blogsaverroes.juntadeandalucia.es\/ceipsanisidoro\/wp-json\/wp\/v2\/comments?post=2378"}],"version-history":[{"count":2,"href":"https:\/\/blogsaverroes.juntadeandalucia.es\/ceipsanisidoro\/wp-json\/wp\/v2\/pages\/2378\/revisions"}],"predecessor-version":[{"id":3917,"href":"https:\/\/blogsaverroes.juntadeandalucia.es\/ceipsanisidoro\/wp-json\/wp\/v2\/pages\/2378\/revisions\/3917"}],"wp:attachment":[{"href":"https:\/\/blogsaverroes.juntadeandalucia.es\/ceipsanisidoro\/wp-json\/wp\/v2\/media?parent=2378"}],"curies":[{"name":"wp","href":"https:\/\/api.w.org\/{rel}","templated":true}]}}