{"id":2381,"date":"2024-08-01T18:31:12","date_gmt":"2024-08-01T17:31:12","guid":{"rendered":"https:\/\/blogsaverroes.juntadeandalucia.es\/ceipsanisidoro\/?page_id=2381"},"modified":"2025-10-16T19:41:03","modified_gmt":"2025-10-16T18:41:03","slug":"oferta-educativa","status":"publish","type":"page","link":"https:\/\/blogsaverroes.juntadeandalucia.es\/ceipsanisidoro\/oferta-educativa\/","title":{"rendered":"Oferta Educativa"},"content":{"rendered":"<p>El CEIP San Isidoro tiene 17 l\u00edneas divididas en los siguientes niveles:<\/p>\n<ul>\n<li>Educaci\u00f3n Infantil (Segundo Ciclo): 5 unidades<\/li>\n<li>Educaci\u00f3n Primaria de 1\u00ba a 6\u00ba: 11 unidades<\/li>\n<li>Formaci\u00f3n B\u00e1sica Obligatoria: 1 unidad<\/li>\n<\/ul>\n","protected":false},"excerpt":{"rendered":"<p>El CEIP San Isidoro tiene 17 l\u00edneas divididas en los siguientes niveles: Educaci\u00f3n Infantil (Segundo Ciclo): 5 unidades Educaci\u00f3n Primaria de 1\u00ba a 6\u00ba: 11 unidades Formaci\u00f3n B\u00e1sica Obligatoria: 1 unidad<\/p>\n","protected":false},"author":13345,"featured_media":0,"parent":0,"menu_order":0,"comment_status":"closed","ping_status":"closed","template":"","meta":{"ngg_post_thumbnail":0,"footnotes":""},"aioseo_notices":[],"_links":{"self":[{"href":"https:\/\/blogsaverroes.juntadeandalucia.es\/ceipsanisidoro\/wp-json\/wp\/v2\/pages\/2381"}],"collection":[{"href":"https:\/\/blogsaverroes.juntadeandalucia.es\/ceipsanisidoro\/wp-json\/wp\/v2\/pages"}],"about":[{"href":"https:\/\/blogsaverroes.juntadeandalucia.es\/ceipsanisidoro\/wp-json\/wp\/v2\/types\/page"}],"author":[{"embeddable":true,"href":"https:\/\/blogsaverroes.juntadeandalucia.es\/ceipsanisidoro\/wp-json\/wp\/v2\/users\/13345"}],"replies":[{"embeddable":true,"href":"https:\/\/blogsaverroes.juntadeandalucia.es\/ceipsanisidoro\/wp-json\/wp\/v2\/comments?post=2381"}],"version-history":[{"count":3,"href":"https:\/\/blogsaverroes.juntadeandalucia.es\/ceipsanisidoro\/wp-json\/wp\/v2\/pages\/2381\/revisions"}],"predecessor-version":[{"id":4001,"href":"https:\/\/blogsaverroes.juntadeandalucia.es\/ceipsanisidoro\/wp-json\/wp\/v2\/pages\/2381\/revisions\/4001"}],"wp:attachment":[{"href":"https:\/\/blogsaverroes.juntadeandalucia.es\/ceipsanisidoro\/wp-json\/wp\/v2\/media?parent=2381"}],"curies":[{"name":"wp","href":"https:\/\/api.w.org\/{rel}","templated":true}]}}