{"id":2457,"date":"2024-08-28T09:03:17","date_gmt":"2024-08-28T08:03:17","guid":{"rendered":"https:\/\/blogsaverroes.juntadeandalucia.es\/ceipsanisidoro\/?page_id=2457"},"modified":"2025-11-02T11:02:24","modified_gmt":"2025-11-02T10:02:24","slug":"ponte-en-marcha-digital","status":"publish","type":"page","link":"https:\/\/blogsaverroes.juntadeandalucia.es\/ceipsanisidoro\/ponte-en-marcha-digital\/","title":{"rendered":"\u00a1PONTE EN MARCHA DIGITAL!"},"content":{"rendered":"<p style=\"text-align: justify\"><strong><span style=\"font-size: 24pt\">CORREO EDUCATIVO DEL ALUMNADO xxx@g.educaand.es<\/span><\/strong><\/p>\n<p style=\"text-align: justify\"><span style=\"font-size: 14pt\">A continuaci\u00f3n te ofrecemos <strong>ayuda con el correo educativo<\/strong> de tu hijo\/a en dos pasos:<\/span><\/p>\n<p>&nbsp;<\/p>\n<p style=\"text-align: justify\"><span style=\"font-size: 14pt\"><strong>PASO 1.<\/strong> <strong>Conocer correo educativo y restablecer contrase\u00f1a:<\/strong><\/span><\/p>\n<p style=\"text-align: justify\"><span style=\"font-size: 14pt\">&#8211; <strong>Entrar en la aplicaci\u00f3n iPasen del m\u00f3vil<\/strong> y hacer clic en el icono de los mensajes.<\/span><\/p>\n<p style=\"text-align: justify\"><span style=\"font-size: 14pt\">&#8211; Haz clic en el mensaje fijado \u201cUsuarios y contrase\u00f1a del alumnado\u201d, ah\u00ed encontrar\u00e1 el usuario que usar\u00e1 para el correo seguido de @g.educaand.es<\/span><\/p>\n<p style=\"text-align: justify\"><span style=\"font-size: 14pt\">&#8211; Hacer clic en \u201cRestablecer la contrase\u00f1a\u201d y se le asignar\u00e1 una contrase\u00f1a temporal para que pueda entrar al correo.<\/span><\/p>\n<p style=\"text-align: justify\"><span style=\"color: #0000ff\"><em><a style=\"color: #0000ff\" href=\"https:\/\/drive.google.com\/file\/d\/1dpWYWEt1MMl1_Q9LusyCa_TWPKR_LWVy\/view?usp=drive_link\" target=\"_blank\" rel=\"noopener\"><span style=\"font-size: 14pt\">Tutorial Paso 1<\/span><\/a><\/em><\/span><\/p>\n<p style=\"text-align: justify\">&nbsp;<\/p>\n<p style=\"text-align: justify\"><strong><span style=\"font-size: 14pt\">PASO 2. Cambiar o modificar la contrase\u00f1a del correo:<\/span><\/strong><\/p>\n<p style=\"text-align: justify\"><span style=\"font-size: 14pt\">La contrase\u00f1a que asigna iPasen es temporal y hay que modificarla tras el primer uso.<\/span><\/p>\n<p style=\"text-align: justify\"><span style=\"font-size: 14pt\">&#8211; <strong>Entrar en Pasen desde un ordenador<\/strong> con el usuario y la contrase\u00f1a facilitada en la aplicaci\u00f3n iPasen del m\u00f3vil.<\/span><\/p>\n<p style=\"text-align: justify\"><span style=\"font-size: 14pt\">&#8211; Hacer clic en el nombre del alumno\/a y en \u201cMis datos\u201d. Escribir la contrase\u00f1a facilitada en iPasen y \u201cValidar\u201d.<\/span><\/p>\n<p style=\"text-align: justify\"><span style=\"font-size: 14pt\">&#8211; En la pesta\u00f1a \u201cCambiar contrase\u00f1a\u201d, introducir la contrase\u00f1a nueva teniendo en cuenta las recomendaciones de seguridad, volver a repetirla para confirmar y aceptar en el \u201cTick\u201d.<\/span><\/p>\n<p style=\"text-align: justify\"><span style=\"color: #0000ff\"><em><a style=\"color: #0000ff\" href=\"https:\/\/drive.google.com\/file\/d\/13Xiqo2gaCVMTtw3PeIw2nTicqNF3akr7\/view?usp=sharing\" target=\"_blank\" rel=\"noopener\"><span style=\"font-size: 14pt\">Tutorial Paso 2<\/span><\/a><\/em><\/span><\/p>\n<p dir=\"ltr\">&nbsp;<\/p>\n<p dir=\"ltr\"><span style=\"font-size: 14pt\"><span style=\"text-decoration: underline\"><strong>IMPORTANTE:<\/strong><\/span> Una vez se compruebe desde un ordenador que el correo funciona correctamente, puede a\u00f1adirlo a su m\u00f3vil entrando en la aplicaci\u00f3n de &#8220;Gmail&#8221; y seleccionando &#8220;A\u00f1adir otra cuenta&#8221;.<\/span><\/p>\n<p style=\"text-align: justify\"><span style=\"font-size: 14pt\">Para cualquier otra incidencia relacionada con el correo y\/o la contrase\u00f1a, notificar mediante el formulario de ayuda TIC a las familias:<\/span><\/p>\n<p style=\"text-align: justify\"><span style=\"font-size: 14pt\"><em><a href=\"https:\/\/forms.gle\/stb6GBLpw9Y9fxFC8\" target=\"_blank\" rel=\"noopener\">Enlace Formulario Ayuda TIC Familias<\/a><\/em>&nbsp;<\/span><\/p>\n<p dir=\"ltr\">&nbsp;<\/p>\n<p dir=\"ltr\" style=\"text-align: justify\"><span style=\"color: #ff0000;font-size: 14pt\"><strong>*** <span style=\"text-decoration: underline\"><span style=\"color: #ff0000;text-decoration: underline\">FAMILIAS<\/span><\/span><\/strong><span style=\"text-decoration: underline\"><strong> INFANTIL 3 A\u00d1OS:<\/strong><\/span><\/span><\/p>\n<p dir=\"ltr\" style=\"text-align: justify\"><span style=\"font-size: 14pt\">Se han generado los documentos con el usuario y clave de acceso al <strong data-entity-type=\"MessageEntityBold\">correo educativo del alumnado de Infantil 3 A\u00f1os.<\/strong><\/span><\/p>\n<p><span style=\"font-size: 14pt\">Para acceder al correo, deben utilizar el <strong data-entity-type=\"MessageEntityBold\">\u201cusuario\u201d<\/strong>&nbsp;facilitado en el documento seguido de <strong data-entity-type=\"MessageEntityBold\">\u201c@g.educaand.es<\/strong><strong data-entity-type=\"MessageEntityBold\">\u201d,<\/strong> tal y como se indica en el siguiente ejemplo: <em><strong>usuario@g.educaand.es<\/strong><\/em>&nbsp;La &#8220;<strong data-entity-type=\"MessageEntityBold\">contrase\u00f1a&#8221;<\/strong>&nbsp;del correo educativo es la <strong data-entity-type=\"MessageEntityBold\">\u201cclave\u201d<\/strong>&nbsp;que se facilita en el documento.<\/span><\/p>\n<p><span style=\"font-size: 14pt\">Se recomienda acceder al correo educativo por primera vez desde un ordenador y cambiar la contrase\u00f1a, puesto que la que se facilita en el documento es una contrase\u00f1a temporal. Para cambiar la contrase\u00f1a, deben hacerlo desde un ordenador accediendo a PASEN. <\/span><\/p>\n<p><span style=\"font-size: 14pt\">Tienen toda la informaci\u00f3n m\u00e1s arriba en <strong>&#8220;Correo Educativo del Alumnado&#8221;.<\/strong><\/span><\/p>\n<p dir=\"ltr\">&nbsp;<\/p>\n<p dir=\"ltr\">&nbsp;<\/p>\n<p dir=\"ltr\"><strong><span style=\"font-size: 24pt\">\u00bfHAS ACTIVADO TU iPASEN?<\/span><\/strong><\/p>\n<p><img loading=\"lazy\" decoding=\"async\" class=\"wp-image-2460 alignright\" src=\"https:\/\/blogsaverroes.juntadeandalucia.es\/ceipsanisidoro\/files\/2024\/08\/Activar-IPasen-169x300.png\" alt=\"\" width=\"245\" height=\"435\" srcset=\"https:\/\/blogsaverroes.juntadeandalucia.es\/ceipsanisidoro\/files\/2024\/08\/Activar-IPasen-169x300.png 169w, https:\/\/blogsaverroes.juntadeandalucia.es\/ceipsanisidoro\/files\/2024\/08\/Activar-IPasen-576x1024.png 576w, https:\/\/blogsaverroes.juntadeandalucia.es\/ceipsanisidoro\/files\/2024\/08\/Activar-IPasen-768x1365.png 768w, https:\/\/blogsaverroes.juntadeandalucia.es\/ceipsanisidoro\/files\/2024\/08\/Activar-IPasen-864x1536.png 864w, https:\/\/blogsaverroes.juntadeandalucia.es\/ceipsanisidoro\/files\/2024\/08\/Activar-IPasen.png 1080w\" sizes=\"(max-width: 245px) 100vw, 245px\" \/><\/p>\n<p style=\"text-align: justify\"><span style=\"font-size: 14pt\">Comienza un nuevo curso y es importante tener activo iPasen en tu dispositivo m\u00f3vil para poder recibir informaci\u00f3n y documentos del centro, adem\u00e1s de poder realizar diversas gestiones de manera r\u00e1pida y m\u00e1s accesible.<\/span><\/p>\n<p>&nbsp;<\/p>\n<p><span style=\"color: #333333;font-size: 14pt\">A continuaci\u00f3n te ofrecemos <strong>ayuda para este proceso<\/strong> seg\u00fan se produzcan diferentes casos.<\/span><\/p>\n<p style=\"text-align: justify\"><span style=\"font-size: 14pt\">&#8211; <strong>Si ya tienes instalado iPasen en tu m\u00f3vil y has comprobado que funciona correctamente<\/strong>, perfecto, no tienes que hacer nada m\u00e1s.<\/span><\/p>\n<p>&nbsp;<\/p>\n<p style=\"text-align: justify\"><span style=\"font-size: 14pt\">&#8211; <strong>Si ya tienes instalado iPasen en tu m\u00f3vil y da error o no funciona correctamente<\/strong>, actualiza la aplicaci\u00f3n. Puedes hacerlo desde la \u201cPlay Store\u201d (Android) o \u201cApp Store\u201d (IPhone)<\/span><\/p>\n<p style=\"text-align: justify\"><span style=\"font-size: 14pt\">Si contin\u00faa con errores, debes desinstalar la aplicaci\u00f3n por completo y volverla a instalar.<\/span><\/p>\n<p>&nbsp;<\/p>\n<p style=\"text-align: justify\"><span style=\"font-size: 14pt\">&#8211; <strong>Si nunca te has registrado en iPasen<\/strong>, debes instalar la aplicaci\u00f3n como se ha indicado anteriormente, y realizar el \u201cAutologin\u201d. Para ello, visualiza el siguiente tutorial y sigue los pasos:<\/span><\/p>\n<p style=\"text-align: justify\"><span style=\"font-size: 14pt\"><a href=\"https:\/\/www.youtube.com\/watch?v=toQjQCEWVxQ\" target=\"_blank\" rel=\"noopener\"><em>Ver tutorial<\/em><\/a>&nbsp; &nbsp; (Ver hasta el minuto 1:02)<\/span><\/p>\n<p>&nbsp;<\/p>\n<p style=\"text-align: justify\"><span style=\"font-size: 14pt\">&#8211; <strong>Si se te ha olvidado la contrase\u00f1a<\/strong>, visualiza el siguiente tutorial y sigue los pasos:<\/span><\/p>\n<p style=\"text-align: justify\"><span style=\"font-size: 14pt\"><em><a href=\"https:\/\/www.youtube.com\/watch?v=toQjQCEWVxQ\" target=\"_blank\" rel=\"noopener\">Ver tutorial<\/a><\/em>&nbsp; &nbsp; (Ver a partir del minuto 1:02)<\/span><\/p>\n<p>&nbsp;<\/p>\n<p style=\"text-align: justify\"><span style=\"font-size: 14pt\">&#8211; <strong>Si quieres modificar tu contrase\u00f1a<\/strong>, puedes hacerlo entrando en iPasen. Visualiza el siguiente tutorial y sigue los pasos:<\/span><\/p>\n<p style=\"text-align: justify\"><span style=\"font-size: 14pt\"><em><a href=\"https:\/\/www.youtube.com\/watch?v=toQjQCEWVxQ\" target=\"_blank\" rel=\"noopener\">Ver tutorial<\/a>&nbsp; &nbsp; <\/em>(Ver a partir del minuto 2:06)<\/span><\/p>\n<p style=\"text-align: justify\">&nbsp;<\/p>\n<p style=\"text-align: justify\"><span style=\"font-size: 14pt\"><span style=\"text-decoration: underline\"><strong>IMPORTANTE:<\/strong><\/span> Para cualquier otra incidencia relacionada con iPasen, notificar mediante el formulario de ayuda TIC a las familias:<\/span><\/p>\n<p style=\"text-align: justify\"><span style=\"font-size: 14pt\"><em><a href=\"https:\/\/forms.gle\/stb6GBLpw9Y9fxFC8\" target=\"_blank\" rel=\"noopener\">Enlace Formulario Ayuda TIC Familias<\/a><\/em>&nbsp;<\/span><\/p>\n<p>&nbsp;<\/p>\n<p>&nbsp;<\/p>\n<p dir=\"ltr\"><span style=\"font-size: 24pt\"><strong>FORMULARIO &#8220;AYUDA TIC A LAS FAMILIAS&#8221;<\/strong><\/span><\/p>\n<p dir=\"ltr\" style=\"text-align: justify\"><span style=\"font-size: 14pt\">Existe un formulario para notificar todas las incidencias TIC en cuanto a: correo electr\u00f3nico educativo, Telegram, iPasen, otras.<\/span><\/p>\n<p dir=\"ltr\" style=\"text-align: justify\"><span style=\"font-size: 14pt\">Se recuerda que las incidencias ser\u00e1n atendidas seg\u00fan horario establecido para tal fin y disponibilidad de la coordinadora.<\/span><\/p>\n<p dir=\"ltr\"><img loading=\"lazy\" decoding=\"async\" class=\"aligncenter size-medium wp-image-2458\" src=\"https:\/\/blogsaverroes.juntadeandalucia.es\/ceipsanisidoro\/files\/2024\/08\/formulario-familias-300x154.png\" alt=\"\" width=\"300\" height=\"154\" srcset=\"https:\/\/blogsaverroes.juntadeandalucia.es\/ceipsanisidoro\/files\/2024\/08\/formulario-familias-300x154.png 300w, https:\/\/blogsaverroes.juntadeandalucia.es\/ceipsanisidoro\/files\/2024\/08\/formulario-familias.png 656w\" sizes=\"(max-width: 300px) 100vw, 300px\" \/><\/p>\n<p dir=\"ltr\" style=\"text-align: center\"><strong>Para acceso al Formulario:<\/strong><\/p>\n<p dir=\"ltr\" style=\"text-align: center\"><strong><em><a href=\"https:\/\/forms.gle\/stb6GBLpw9Y9fxFC8\" target=\"_blank\" rel=\"noopener\">Pulsar enlace<\/a><\/em><\/strong><\/p>\n<p>&nbsp;<\/p>\n<p>&nbsp;<\/p>\n<p><span style=\"font-size: 24pt\"><strong>GENIALLY &#8220;AYUDA TIC A LAS FAMILIAS&#8221;<\/strong><\/span><\/p>\n<p dir=\"ltr\" style=\"text-align: justify\"><span style=\"font-size: 14pt\">Existe un Genially de Ayuda TIC a las Familias en el que aparecen tutoriales y, adem\u00e1s, se resuelven dudas e incidencias de uso com\u00fan. A lo largo del presente curso se ir\u00e1n incorporando nuevas ayudas.<\/span><\/p>\n<p dir=\"ltr\" style=\"text-align: justify\"><span style=\"font-size: 14pt\">Se recomienda visualizar detenidamente toda la informaci\u00f3n que aparece en los apartados correspondientes.<\/span><\/p>\n<p dir=\"ltr\"><img loading=\"lazy\" decoding=\"async\" class=\"aligncenter size-medium wp-image-2454\" src=\"https:\/\/blogsaverroes.juntadeandalucia.es\/ceipsanisidoro\/files\/2024\/08\/genially-familias-300x167.png\" alt=\"\" width=\"300\" height=\"167\" srcset=\"https:\/\/blogsaverroes.juntadeandalucia.es\/ceipsanisidoro\/files\/2024\/08\/genially-familias-300x167.png 300w, https:\/\/blogsaverroes.juntadeandalucia.es\/ceipsanisidoro\/files\/2024\/08\/genially-familias.png 687w\" sizes=\"(max-width: 300px) 100vw, 300px\" \/><\/p>\n<p dir=\"ltr\" style=\"text-align: center\"><strong>Para acceso al Genially:&nbsp;<\/strong><\/p>\n<p dir=\"ltr\" style=\"text-align: center\"><strong><em><a href=\"https:\/\/view.genial.ly\/638338e75e5e8800115b8e7a\/presentation-ayuda-tic-familias\" target=\"_blank\" rel=\"noopener\">Pulsar enlace<\/a><\/em><\/strong><\/p>\n<p dir=\"ltr\">&nbsp;<\/p>\n<p dir=\"ltr\">&nbsp;<\/p>\n<p style=\"text-align: justify\"><strong><span style=\"font-size: 24pt\">CONOCER USUARIO Y CONTRASE\u00d1A DEL CORREO EDUCATIVO (ALUMNADO)<\/span><\/strong><\/p>\n<p style=\"text-align: justify\"><span style=\"font-size: 14pt\">Enlace al tutorial para conocer y cambiar la contrase\u00f1a del correo educativo de su hijo\/a. Se recomienda hacerlo desde un ordenador o port\u00e1til, siempre que sea posible. Si realiza esta acci\u00f3n desde el dispositivo m\u00f3vil, recuerde cerrar sesi\u00f3n en iPasen y entrar de nuevo con sus credenciales como tutor legal.<\/span><\/p>\n<p><strong><a href=\"https:\/\/www.youtube.com\/watch?v=zOanzI08qSg\" target=\"_blank\" rel=\"noopener\"><span style=\"text-decoration: underline\"><em>Enlace Tutorial&nbsp;<\/em><\/span><\/a><\/strong><\/p>\n<p>&nbsp;<\/p>\n<p>&nbsp;<\/p>\n<p style=\"text-align: justify\"><strong><span style=\"font-size: 24pt\">AUTOLOGIN, RECORDAR CONTRASE\u00d1A Y CAMBIO DE CONTRASE\u00d1A IPASEN (TUTORES LEGALES)<\/span><\/strong><\/p>\n<p><span style=\"font-size: 14pt\">Enlace al tutorial para realizar en iPasen el <strong>autologin<\/strong> (si va a registrarse por primera vez), <strong>recordar contrase\u00f1a<\/strong> (si la ha olvidado) y <strong>cambio de contrase\u00f1a<\/strong> (si desea modificarla o tras realizar el primer acceso al registrarse por primera vez).<\/span><\/p>\n<p><strong><a href=\"https:\/\/www.youtube.com\/watch?v=toQjQCEWVxQ\" target=\"_blank\" rel=\"noopener\"><span style=\"text-decoration: underline\"><em>Enlace Tutorial<\/em><\/span><\/a><\/strong><\/p>\n<p>&nbsp;<\/p>\n<p>&nbsp;<\/p>\n","protected":false},"excerpt":{"rendered":"<p>CORREO EDUCATIVO DEL ALUMNADO xxx@g.educaand.es A continuaci\u00f3n te ofrecemos ayuda con el correo educativo de tu hijo\/a en dos pasos: &nbsp; PASO 1. Conocer correo educativo y restablecer contrase\u00f1a: &#8211; Entrar en la aplicaci\u00f3n&#46;&#46;&#46;<\/p>\n","protected":false},"author":13345,"featured_media":0,"parent":0,"menu_order":0,"comment_status":"closed","ping_status":"closed","template":"","meta":{"ngg_post_thumbnail":0,"footnotes":""},"aioseo_notices":[],"_links":{"self":[{"href":"https:\/\/blogsaverroes.juntadeandalucia.es\/ceipsanisidoro\/wp-json\/wp\/v2\/pages\/2457"}],"collection":[{"href":"https:\/\/blogsaverroes.juntadeandalucia.es\/ceipsanisidoro\/wp-json\/wp\/v2\/pages"}],"about":[{"href":"https:\/\/blogsaverroes.juntadeandalucia.es\/ceipsanisidoro\/wp-json\/wp\/v2\/types\/page"}],"author":[{"embeddable":true,"href":"https:\/\/blogsaverroes.juntadeandalucia.es\/ceipsanisidoro\/wp-json\/wp\/v2\/users\/13345"}],"replies":[{"embeddable":true,"href":"https:\/\/blogsaverroes.juntadeandalucia.es\/ceipsanisidoro\/wp-json\/wp\/v2\/comments?post=2457"}],"version-history":[{"count":18,"href":"https:\/\/blogsaverroes.juntadeandalucia.es\/ceipsanisidoro\/wp-json\/wp\/v2\/pages\/2457\/revisions"}],"predecessor-version":[{"id":4000,"href":"https:\/\/blogsaverroes.juntadeandalucia.es\/ceipsanisidoro\/wp-json\/wp\/v2\/pages\/2457\/revisions\/4000"}],"wp:attachment":[{"href":"https:\/\/blogsaverroes.juntadeandalucia.es\/ceipsanisidoro\/wp-json\/wp\/v2\/media?parent=2457"}],"curies":[{"name":"wp","href":"https:\/\/api.w.org\/{rel}","templated":true}]}}