{"id":35,"date":"2015-03-13T08:21:43","date_gmt":"2015-03-13T08:21:43","guid":{"rendered":"http:\/\/blogsaverroes.juntadeandalucia.es\/pre\/ceip\/?page_id=35"},"modified":"2020-12-15T09:54:39","modified_gmt":"2020-12-15T09:54:39","slug":"el-centro-2","status":"publish","type":"page","link":"https:\/\/blogsaverroes.juntadeandalucia.es\/ceipsanisidro\/el-centro-2\/","title":{"rendered":"Datos del centro"},"content":{"rendered":"<h4><strong>Datos de contacto<\/strong><\/h4>\n<p>CEIP SAN ISIDRO LABRADOR<\/p>\n<p><strong>Direcci\u00f3n:<\/strong>&nbsp;&nbsp;AVENIDA ALCALDE DON JUAN RODR\u00cdGUEZ NUMERO 4, 11370 LOS BARRIOS, C\u00c1DIZ<\/p>\n<p><strong>Tel\u00e9fono \/ FAX:<\/strong><\/p>\n<p>TEL\u00c9FONO&nbsp;956 670 908<\/p>\n<p>FAX &nbsp;956 670 909<\/p>\n<p><strong>Email OFICIAL\/CORPORATIVO:<\/strong>&nbsp;11000885.edu@juntadeandalucia.es&nbsp;&nbsp;&nbsp;<\/p>\n<p><strong>Email ALTERNATIVO: <\/strong>colegiosanisidrolosbarrios@gmail.com &nbsp;<\/p>\n<p>REDES SOCIALES: FACEBOOK<\/p>\n<p>https:\/\/www.facebook.com\/profile.php?id=100009620000530&nbsp; &nbsp; NOMBRE: Isidro Labrador<\/p>\n<p>&nbsp;<\/p>\n<h4><strong>Horarios<\/strong><\/h4>\n<p>AULA MATINAL DE 7:30 A 9:00 DE LUNES A VIERNES<\/p>\n<p>HORARIO LECTIVO DE 9:00 A 14:00 DE LUNES A VIERNES<\/p>\n<p>COMEDOR DE 14:00 A 16:00 DE LUNES A VIERNES<\/p>\n<p>ACTIVIDADES EXTRAESCOLARES DE 16:00 A 18:00 DE LUNES A JUEVES<\/p>\n<p>SECRETAR\u00cdA: DE 09:15 A 11:45 HORAS<\/p>\n<p>TUTOR\u00cdAS: LUNES DE 16:00 A 17:00 HORAS PREVIA CITA CON LA TUTORA\/TUTOR<\/p>\n<h4><strong>Oferta educativa<\/strong><\/h4>\n<p>ETAPAS EDUCATIVAS IMPARTIDAS:<\/p>\n<p>2\u00baCICLO DE EDUCACI\u00d3N INFANTIL (DE 3 A 6 A\u00d1OS)&nbsp;<\/p>\n<p>&nbsp;EDUCACI\u00d3N PRIMARIA ( DE 6 A 12 A\u00d1OS)<\/p>\n","protected":false},"excerpt":{"rendered":"<p>Datos de contacto CEIP SAN ISIDRO LABRADOR Direcci\u00f3n:&nbsp;&nbsp;AVENIDA ALCALDE DON JUAN RODR\u00cdGUEZ NUMERO 4, 11370 LOS BARRIOS, C\u00c1DIZ Tel\u00e9fono \/ FAX: TEL\u00c9FONO&nbsp;956 670 908 FAX &nbsp;956 670 909 Email OFICIAL\/CORPORATIVO:&nbsp;11000885.edu@juntadeandalucia.es&nbsp;&nbsp;&nbsp; Email ALTERNATIVO: colegiosanisidrolosbarrios@gmail.com &nbsp;&#46;&#46;&#46;<\/p>\n","protected":false},"author":1,"featured_media":0,"parent":0,"menu_order":0,"comment_status":"closed","ping_status":"open","template":"","meta":{"ngg_post_thumbnail":0,"footnotes":"","_mc_calendar":[]},"aioseo_notices":[],"_links":{"self":[{"href":"https:\/\/blogsaverroes.juntadeandalucia.es\/ceipsanisidro\/wp-json\/wp\/v2\/pages\/35"}],"collection":[{"href":"https:\/\/blogsaverroes.juntadeandalucia.es\/ceipsanisidro\/wp-json\/wp\/v2\/pages"}],"about":[{"href":"https:\/\/blogsaverroes.juntadeandalucia.es\/ceipsanisidro\/wp-json\/wp\/v2\/types\/page"}],"author":[{"embeddable":true,"href":"https:\/\/blogsaverroes.juntadeandalucia.es\/ceipsanisidro\/wp-json\/wp\/v2\/users\/1"}],"replies":[{"embeddable":true,"href":"https:\/\/blogsaverroes.juntadeandalucia.es\/ceipsanisidro\/wp-json\/wp\/v2\/comments?post=35"}],"version-history":[{"count":13,"href":"https:\/\/blogsaverroes.juntadeandalucia.es\/ceipsanisidro\/wp-json\/wp\/v2\/pages\/35\/revisions"}],"predecessor-version":[{"id":2263,"href":"https:\/\/blogsaverroes.juntadeandalucia.es\/ceipsanisidro\/wp-json\/wp\/v2\/pages\/35\/revisions\/2263"}],"wp:attachment":[{"href":"https:\/\/blogsaverroes.juntadeandalucia.es\/ceipsanisidro\/wp-json\/wp\/v2\/media?parent=35"}],"curies":[{"name":"wp","href":"https:\/\/api.w.org\/{rel}","templated":true}]}}