{"id":141,"date":"2015-03-17T07:13:24","date_gmt":"2015-03-17T07:13:24","guid":{"rendered":"http:\/\/blogsaverroes.juntadeandalucia.es\/pre\/ceip\/?page_id=141"},"modified":"2026-02-03T09:36:11","modified_gmt":"2026-02-03T08:36:11","slug":"escolarizacion","status":"publish","type":"page","link":"https:\/\/blogsaverroes.juntadeandalucia.es\/ceipsanisidrolabrador\/escolarizacion\/","title":{"rendered":"Admisi\u00f3n alumnado nuevo ingreso curso 2026\/27"},"content":{"rendered":"<p style=\"text-align: justify\">Est\u00e1n a su disposici\u00f3n en la Direcci\u00f3n del centro las solicitudes para la admisi\u00f3n del alumnado de nuevo ingreso para el pr\u00f3ximo curso acad\u00e9mico 2026\/27.<\/p>\n<p style=\"text-align: justify\">Pueden ser recogidas y entregadas de lunes a viernes entre las 09:00 y las 14:00 horas.<\/p>\n<p style=\"text-align: justify\"><a title=\"Portal escolarizaci\u00f3n\" href=\"https:\/\/www.juntadeandalucia.es\/educacion\/portales\/es\/web\/escolarizacion\" target=\"_blank\" rel=\"noopener noreferrer\">Enlace al Portal de Escolarizaci\u00f3n<\/a><\/p>\n<p style=\"text-align: justify\"><a href=\"https:\/\/www.juntadeandalucia.es\/educacion\/portales\/es\/web\/escolarizacion\/infantil-a-bachillerato\/normativa\" target=\"_blank\" rel=\"noopener\">Normativa a aplicar<\/a><\/p>\n<p style=\"text-align: justify\"><a href=\"https:\/\/www.juntadeandalucia.es\/educacion\/portales\/es\/web\/escolarizacion\/infantil-a-bachillerato\/calendario\" target=\"_blank\" rel=\"noopener\">Calendario<\/a><\/p>\n<p style=\"text-align: justify\"><a href=\"https:\/\/www.juntadeandalucia.es\/educacion\/portales\/es\/web\/escolarizacion\/infantil-a-bachillerato\/preguntas-frecuentes\" target=\"_blank\" rel=\"noopener\">Preguntas frecuentes<\/a><\/p>\n<p style=\"text-align: justify\"><a href=\"https:\/\/www.juntadeandalucia.es\/educacion\/educasig\/escolarizacion\/\" target=\"_blank\" rel=\"noopener\">\u00c1reas de influencia<\/a><\/p>\n","protected":false},"excerpt":{"rendered":"<p>Est\u00e1n a su disposici\u00f3n en la Direcci\u00f3n del centro las solicitudes para la admisi\u00f3n del alumnado de nuevo ingreso para el pr\u00f3ximo curso acad\u00e9mico 2026\/27. Pueden ser recogidas y entregadas de lunes a viernes&#46;&#46;&#46;<\/p>\n","protected":false},"author":1,"featured_media":0,"parent":0,"menu_order":0,"comment_status":"closed","ping_status":"open","template":"","meta":{"ngg_post_thumbnail":0,"footnotes":"","_mc_calendar":[]},"aioseo_notices":[],"_links":{"self":[{"href":"https:\/\/blogsaverroes.juntadeandalucia.es\/ceipsanisidrolabrador\/wp-json\/wp\/v2\/pages\/141"}],"collection":[{"href":"https:\/\/blogsaverroes.juntadeandalucia.es\/ceipsanisidrolabrador\/wp-json\/wp\/v2\/pages"}],"about":[{"href":"https:\/\/blogsaverroes.juntadeandalucia.es\/ceipsanisidrolabrador\/wp-json\/wp\/v2\/types\/page"}],"author":[{"embeddable":true,"href":"https:\/\/blogsaverroes.juntadeandalucia.es\/ceipsanisidrolabrador\/wp-json\/wp\/v2\/users\/1"}],"replies":[{"embeddable":true,"href":"https:\/\/blogsaverroes.juntadeandalucia.es\/ceipsanisidrolabrador\/wp-json\/wp\/v2\/comments?post=141"}],"version-history":[{"count":18,"href":"https:\/\/blogsaverroes.juntadeandalucia.es\/ceipsanisidrolabrador\/wp-json\/wp\/v2\/pages\/141\/revisions"}],"predecessor-version":[{"id":9511,"href":"https:\/\/blogsaverroes.juntadeandalucia.es\/ceipsanisidrolabrador\/wp-json\/wp\/v2\/pages\/141\/revisions\/9511"}],"wp:attachment":[{"href":"https:\/\/blogsaverroes.juntadeandalucia.es\/ceipsanisidrolabrador\/wp-json\/wp\/v2\/media?parent=141"}],"curies":[{"name":"wp","href":"https:\/\/api.w.org\/{rel}","templated":true}]}}