{"id":35,"date":"2015-03-13T08:21:43","date_gmt":"2015-03-13T08:21:43","guid":{"rendered":"http:\/\/blogsaverroes.juntadeandalucia.es\/pre\/ceip\/?page_id=35"},"modified":"2026-02-03T09:52:32","modified_gmt":"2026-02-03T08:52:32","slug":"el-centro-2","status":"publish","type":"page","link":"https:\/\/blogsaverroes.juntadeandalucia.es\/ceipsanisidrolabrador\/el-centro-2\/","title":{"rendered":"Datos del centro"},"content":{"rendered":"<h4><strong>Datos de contacto<\/strong><\/h4>\n<h3 style=\"text-align: justify\">CEIP San Isidro Labrador<\/h3>\n<p style=\"text-align: justify\"><strong>Direcci\u00f3n:<\/strong>&nbsp; Plaza Real, 103. CP: 14115 El Villar (C\u00f3rdoba)<\/p>\n<p style=\"text-align: justify\"><strong>Tel\u00e9fonos: <\/strong>957-719-676. 588-676 (Red Corporativa).<\/p>\n<p class=\"spip\" style=\"text-align: justify\"><strong>M\u00f3viles<\/strong>: 697-952-805, 752-805 (Red Corporativa). 671-531-636, 631-636 (Red Corporativa).<\/p>\n<p style=\"text-align: justify\"><strong>Email:<\/strong> 14007222.edu@juntadeandalucia.es<\/p>\n<h4 style=\"text-align: justify\"><strong>Horarios<\/strong><\/h4>\n<p style=\"text-align: justify\">Horario de apertura del centro: de lunes a viernes de 09:00 a 14:00 horas. Lunes, martes, mi\u00e9rcoles, jueves y viernes: 16:00 a 18:00 horas.<\/p>\n<h4 style=\"text-align: justify\"><strong>Oferta educativa<\/strong><\/h4>\n<p style=\"text-align: justify\">Nuestro centro oferta las ense\u00f1anzas de Educaci\u00f3n Infantil, Educaci\u00f3n Primaria, transporte escolar gratuito, aula matinal, comedor escolar,&nbsp; tramitaci\u00f3n de becas para alumno con NEAE y una gran variedad de actividades complementarias y extraescolares.&nbsp;<\/p>\n<h4 style=\"text-align: justify\"><strong>Instalaciones<\/strong><\/h4>\n<p style=\"text-align: justify\">El centro cuenta con unas excelentes instalaciones y material para el alumnado: retroproyector, paneles digitales interactivos, carros de port\u00e1tiles y chromebooks, material deportivo, biblioteca con m\u00e1s de 3000 ejemplares&#8230; No tienes nada m\u00e1s que venir a visitarnos, estaremos encantados de atenderte.<\/p>\n","protected":false},"excerpt":{"rendered":"<p>Datos de contacto CEIP San Isidro Labrador Direcci\u00f3n:&nbsp; Plaza Real, 103. CP: 14115 El Villar (C\u00f3rdoba) Tel\u00e9fonos: 957-719-676. 588-676 (Red Corporativa). M\u00f3viles: 697-952-805, 752-805 (Red Corporativa). 671-531-636, 631-636 (Red Corporativa). Email: 14007222.edu@juntadeandalucia.es Horarios Horario&#46;&#46;&#46;<\/p>\n","protected":false},"author":1,"featured_media":0,"parent":0,"menu_order":0,"comment_status":"closed","ping_status":"open","template":"","meta":{"ngg_post_thumbnail":0,"footnotes":"","_mc_calendar":[]},"aioseo_notices":[],"_links":{"self":[{"href":"https:\/\/blogsaverroes.juntadeandalucia.es\/ceipsanisidrolabrador\/wp-json\/wp\/v2\/pages\/35"}],"collection":[{"href":"https:\/\/blogsaverroes.juntadeandalucia.es\/ceipsanisidrolabrador\/wp-json\/wp\/v2\/pages"}],"about":[{"href":"https:\/\/blogsaverroes.juntadeandalucia.es\/ceipsanisidrolabrador\/wp-json\/wp\/v2\/types\/page"}],"author":[{"embeddable":true,"href":"https:\/\/blogsaverroes.juntadeandalucia.es\/ceipsanisidrolabrador\/wp-json\/wp\/v2\/users\/1"}],"replies":[{"embeddable":true,"href":"https:\/\/blogsaverroes.juntadeandalucia.es\/ceipsanisidrolabrador\/wp-json\/wp\/v2\/comments?post=35"}],"version-history":[{"count":19,"href":"https:\/\/blogsaverroes.juntadeandalucia.es\/ceipsanisidrolabrador\/wp-json\/wp\/v2\/pages\/35\/revisions"}],"predecessor-version":[{"id":9518,"href":"https:\/\/blogsaverroes.juntadeandalucia.es\/ceipsanisidrolabrador\/wp-json\/wp\/v2\/pages\/35\/revisions\/9518"}],"wp:attachment":[{"href":"https:\/\/blogsaverroes.juntadeandalucia.es\/ceipsanisidrolabrador\/wp-json\/wp\/v2\/media?parent=35"}],"curies":[{"name":"wp","href":"https:\/\/api.w.org\/{rel}","templated":true}]}}