{"id":2535,"date":"2025-03-23T13:37:13","date_gmt":"2025-03-23T12:37:13","guid":{"rendered":"https:\/\/blogsaverroes.juntadeandalucia.es\/ceipsanisidroperiana\/?page_id=2535"},"modified":"2025-06-02T16:03:05","modified_gmt":"2025-06-02T15:03:05","slug":"inicio","status":"publish","type":"page","link":"https:\/\/blogsaverroes.juntadeandalucia.es\/ceipsanisidroperiana\/","title":{"rendered":"Inicio"},"content":{"rendered":"\t\t<div data-elementor-type=\"wp-page\" data-elementor-id=\"2535\" class=\"elementor elementor-2535\">\n\t\t\t\t\t\t<section class=\"elementor-section elementor-top-section elementor-element elementor-element-33a4a15 elementor-hidden-desktop elementor-section-boxed elementor-section-height-default elementor-section-height-default\" data-id=\"33a4a15\" data-element_type=\"section\">\n\t\t\t\t\t\t<div class=\"elementor-container elementor-column-gap-default\">\n\t\t\t\t\t<div class=\"elementor-column elementor-col-100 elementor-top-column elementor-element elementor-element-8a14d6f\" data-id=\"8a14d6f\" data-element_type=\"column\">\n\t\t\t<div class=\"elementor-widget-wrap elementor-element-populated\">\n\t\t\t\t\t\t<div class=\"elementor-element elementor-element-bf16ac3 elementor-widget elementor-widget-heading\" data-id=\"bf16ac3\" data-element_type=\"widget\" data-widget_type=\"heading.default\">\n\t\t\t\t<div class=\"elementor-widget-container\">\n\t\t\t\t\t<h3 class=\"elementor-heading-title elementor-size-default\">\u00daltimas noticias<\/h3>\t\t\t\t<\/div>\n\t\t\t\t<\/div>\n\t\t\t\t<div class=\"elementor-element elementor-element-c423672 elementor-widget elementor-widget-wp-widget-tmmyid_recent_post_thumbs\" data-id=\"c423672\" data-element_type=\"widget\" data-widget_type=\"wp-widget-tmmyid_recent_post_thumbs.default\">\n\t\t\t\t<div class=\"elementor-widget-container\">\n\t\t\t\t\t\t\t\t\r\n\t\t\t<div class=\"recentpost_list\">\r\n\t\t\t<div class=\"recent_news\">\r\n\t<div class=\"recent_news_box\">\t\r\n\t\t<div class=\"recent_news_thumb\">\r\n\t\t\t\t<a href=\"https:\/\/blogsaverroes.juntadeandalucia.es\/ceipsanisidroperiana\/dia-mundial-del-agua\/\" title=\"D\u00eda Mundial del Agua\">\r\n\t\t<img fetchpriority=\"high\" decoding=\"async\" width=\"1123\" height=\"1600\" src=\"https:\/\/blogsaverroes.juntadeandalucia.es\/ceipsanisidroperiana\/files\/2025\/04\/IMG_7092.jpg\" class=\"attachment-img68 size-img68 wp-post-image\" alt=\"\" srcset=\"https:\/\/blogsaverroes.juntadeandalucia.es\/ceipsanisidroperiana\/files\/2025\/04\/IMG_7092.jpg 1123w, https:\/\/blogsaverroes.juntadeandalucia.es\/ceipsanisidroperiana\/files\/2025\/04\/IMG_7092-211x300.jpg 211w, https:\/\/blogsaverroes.juntadeandalucia.es\/ceipsanisidroperiana\/files\/2025\/04\/IMG_7092-719x1024.jpg 719w, https:\/\/blogsaverroes.juntadeandalucia.es\/ceipsanisidroperiana\/files\/2025\/04\/IMG_7092-768x1094.jpg 768w, https:\/\/blogsaverroes.juntadeandalucia.es\/ceipsanisidroperiana\/files\/2025\/04\/IMG_7092-1078x1536.jpg 1078w\" sizes=\"(max-width: 1123px) 100vw, 1123px\" \/>\t\t<\/a>\r\n\t\t\t\t<\/div>\r\n\t\t\r\n\t\t<div class=\"recent_news_title\">\r\n\t\t<a href=\"https:\/\/blogsaverroes.juntadeandalucia.es\/ceipsanisidroperiana\/dia-mundial-del-agua\/\" title=\"D\u00eda Mundial del Agua\">\r\n\t\tD\u00eda Mundial del Agua\t\t<\/a>\r\n\t\t<\/div>\r\n\t<\/div>\t\r\n\t<div class=\"recent_news_box\">\t\r\n\t\t<div class=\"recent_news_thumb\">\r\n\t\t\t\t<a href=\"https:\/\/blogsaverroes.juntadeandalucia.es\/ceipsanisidroperiana\/actividad-8m\/\" title=\"Actividad 8M\">\r\n\t\t<img decoding=\"async\" width=\"1280\" height=\"1600\" src=\"https:\/\/blogsaverroes.juntadeandalucia.es\/ceipsanisidroperiana\/files\/2025\/03\/483836307_17958419522913322_7681652015199245082_n.jpg\" class=\"attachment-img68 size-img68 wp-post-image\" alt=\"\" srcset=\"https:\/\/blogsaverroes.juntadeandalucia.es\/ceipsanisidroperiana\/files\/2025\/03\/483836307_17958419522913322_7681652015199245082_n.jpg 1280w, https:\/\/blogsaverroes.juntadeandalucia.es\/ceipsanisidroperiana\/files\/2025\/03\/483836307_17958419522913322_7681652015199245082_n-240x300.jpg 240w, https:\/\/blogsaverroes.juntadeandalucia.es\/ceipsanisidroperiana\/files\/2025\/03\/483836307_17958419522913322_7681652015199245082_n-819x1024.jpg 819w, https:\/\/blogsaverroes.juntadeandalucia.es\/ceipsanisidroperiana\/files\/2025\/03\/483836307_17958419522913322_7681652015199245082_n-768x960.jpg 768w, https:\/\/blogsaverroes.juntadeandalucia.es\/ceipsanisidroperiana\/files\/2025\/03\/483836307_17958419522913322_7681652015199245082_n-1229x1536.jpg 1229w\" sizes=\"(max-width: 1280px) 100vw, 1280px\" \/>\t\t<\/a>\r\n\t\t\t\t<\/div>\r\n\t\t\r\n\t\t<div class=\"recent_news_title\">\r\n\t\t<a href=\"https:\/\/blogsaverroes.juntadeandalucia.es\/ceipsanisidroperiana\/actividad-8m\/\" title=\"Actividad 8M\">\r\n\t\tActividad 8M\t\t<\/a>\r\n\t\t<\/div>\r\n\t<\/div>\t\r\n\t<div class=\"recent_news_box\">\t\r\n\t\t<div class=\"recent_news_thumb\">\r\n\t\t\t\t<a href=\"https:\/\/blogsaverroes.juntadeandalucia.es\/ceipsanisidroperiana\/admisiones-abiertas-curso-25-26\/\" title=\"Admisiones abiertas  Curso 25\/26\">\r\n\t\t<img decoding=\"async\" width=\"1035\" height=\"1294\" src=\"https:\/\/blogsaverroes.juntadeandalucia.es\/ceipsanisidroperiana\/files\/2025\/03\/482698275_17957540609913322_5407080756865488900_n.jpg\" class=\"attachment-img68 size-img68 wp-post-image\" alt=\"\" srcset=\"https:\/\/blogsaverroes.juntadeandalucia.es\/ceipsanisidroperiana\/files\/2025\/03\/482698275_17957540609913322_5407080756865488900_n.jpg 1035w, https:\/\/blogsaverroes.juntadeandalucia.es\/ceipsanisidroperiana\/files\/2025\/03\/482698275_17957540609913322_5407080756865488900_n-240x300.jpg 240w, https:\/\/blogsaverroes.juntadeandalucia.es\/ceipsanisidroperiana\/files\/2025\/03\/482698275_17957540609913322_5407080756865488900_n-819x1024.jpg 819w, https:\/\/blogsaverroes.juntadeandalucia.es\/ceipsanisidroperiana\/files\/2025\/03\/482698275_17957540609913322_5407080756865488900_n-768x960.jpg 768w\" sizes=\"(max-width: 1035px) 100vw, 1035px\" \/>\t\t<\/a>\r\n\t\t\t\t<\/div>\r\n\t\t\r\n\t\t<div class=\"recent_news_title\">\r\n\t\t<a href=\"https:\/\/blogsaverroes.juntadeandalucia.es\/ceipsanisidroperiana\/admisiones-abiertas-curso-25-26\/\" title=\"Admisiones abiertas  Curso 25\/26\">\r\n\t\tAdmisiones abiertas  Curso 25\/26\t\t<\/a>\r\n\t\t<\/div>\r\n\t<\/div>\t\r\n<\/div>\r\n\t\t\t<\/div>\r\n\t\t\t\t\t\t<\/div>\n\t\t\t\t<\/div>\n\t\t\t\t\t<\/div>\n\t\t<\/div>\n\t\t\t\t\t<\/div>\n\t\t<\/section>\n\t\t\t\t<section class=\"elementor-section elementor-top-section elementor-element elementor-element-6849713 elementor-hidden-tablet elementor-hidden-mobile elementor-section-boxed elementor-section-height-default elementor-section-height-default\" data-id=\"6849713\" data-element_type=\"section\">\n\t\t\t\t\t\t<div class=\"elementor-container elementor-column-gap-default\">\n\t\t\t\t\t<div class=\"elementor-column elementor-col-100 elementor-top-column elementor-element elementor-element-88f5078\" data-id=\"88f5078\" data-element_type=\"column\">\n\t\t\t<div class=\"elementor-widget-wrap elementor-element-populated\">\n\t\t\t\t\t\t<div class=\"elementor-element elementor-element-19fbb90 elementor-widget elementor-widget-contentviews_widget_scrollable\" data-id=\"19fbb90\" data-element_type=\"widget\" data-widget_type=\"contentviews_widget_scrollable.default\">\n\t\t\t\t<div class=\"elementor-widget-container\">\n\t\t\t\t\t<div class='pt-cv-wrapper'> <h1 class='pt-cv-heading-container heading1' data-blockid='19fbb90'><span class='pt-cv-heading'> \u00daltimas noticias <\/span><\/h1><div class=\"pt-cv-view pt-cv-scrollable pt-cv-colsys iscvblock iscvelementor scrollable layout1 cveffect-zoomin\" id=\"pt-cv-view-19fbb90\"><div data-id=\"pt-cv-page-1\" class=\"pt-cv-page\" data-cvc=\"3\"><div id=\"fb37a78754\" class=\"pt-cv-carousel pt-cv-slide\" data-ride=\"cvcarousel\" data-interval=false>\n<div class=\"carousel-inner\"><div class=\"item active\"><div class=\"row\"><div class=\"col-md-4 pt-cv-content-item pt-cv-1-col\" ><div class=\"pt-cv-thumb-wrapper  \"><a href=\"https:\/\/blogsaverroes.juntadeandalucia.es\/ceipsanisidroperiana\/dia-mundial-del-agua\/\" class=\"_self pt-cv-href-thumbnail pt-cv-thumb-default\" target=\"_self\" ><img loading=\"lazy\" decoding=\"async\" width=\"719\" height=\"1024\" src=\"https:\/\/blogsaverroes.juntadeandalucia.es\/ceipsanisidroperiana\/files\/2025\/04\/IMG_7092-719x1024.jpg\" class=\"pt-cv-thumbnail\" alt=\"\" \/><\/a><\/div>\n<div class=\"pt-cv-carousel-caption pt-cv-cap-w-img\"><h3 class=\"pt-cv-title\"><a href=\"https:\/\/blogsaverroes.juntadeandalucia.es\/ceipsanisidroperiana\/dia-mundial-del-agua\/\" class=\"_self\" target=\"_self\" >D\u00eda Mundial del Agua<\/a><\/h3>\n<div class=\"pt-cv-meta-fields\"><span class=\"entry-date\"> <time datetime=\"2025-04-04T16:23:30+01:00\">4 abril, 2025<\/time><\/span><\/div><\/div><\/div>\n<div class=\"col-md-4 pt-cv-content-item pt-cv-1-col\" ><div class=\"pt-cv-thumb-wrapper  \"><a href=\"https:\/\/blogsaverroes.juntadeandalucia.es\/ceipsanisidroperiana\/actividad-8m\/\" class=\"_self pt-cv-href-thumbnail pt-cv-thumb-default\" target=\"_self\" ><img loading=\"lazy\" decoding=\"async\" width=\"819\" height=\"1024\" src=\"https:\/\/blogsaverroes.juntadeandalucia.es\/ceipsanisidroperiana\/files\/2025\/03\/483836307_17958419522913322_7681652015199245082_n-819x1024.jpg\" class=\"pt-cv-thumbnail\" alt=\"\" \/><\/a><\/div>\n<div class=\"pt-cv-carousel-caption pt-cv-cap-w-img\"><h3 class=\"pt-cv-title\"><a href=\"https:\/\/blogsaverroes.juntadeandalucia.es\/ceipsanisidroperiana\/actividad-8m\/\" class=\"_self\" target=\"_self\" >Actividad 8M<\/a><\/h3>\n<div class=\"pt-cv-meta-fields\"><span class=\"entry-date\"> <time datetime=\"2025-03-26T16:11:25+01:00\">26 marzo, 2025<\/time><\/span><\/div><\/div><\/div>\n<div class=\"col-md-4 pt-cv-content-item pt-cv-1-col\" ><div class=\"pt-cv-thumb-wrapper  \"><a href=\"https:\/\/blogsaverroes.juntadeandalucia.es\/ceipsanisidroperiana\/admisiones-abiertas-curso-25-26\/\" class=\"_self pt-cv-href-thumbnail pt-cv-thumb-default\" target=\"_self\" ><img loading=\"lazy\" decoding=\"async\" width=\"819\" height=\"1024\" src=\"https:\/\/blogsaverroes.juntadeandalucia.es\/ceipsanisidroperiana\/files\/2025\/03\/482698275_17957540609913322_5407080756865488900_n-819x1024.jpg\" class=\"pt-cv-thumbnail\" alt=\"\" \/><\/a><\/div>\n<div class=\"pt-cv-carousel-caption pt-cv-cap-w-img\"><h3 class=\"pt-cv-title\"><a href=\"https:\/\/blogsaverroes.juntadeandalucia.es\/ceipsanisidroperiana\/admisiones-abiertas-curso-25-26\/\" class=\"_self\" target=\"_self\" >Admisiones abiertas  Curso 25\/26<\/a><\/h3>\n<div class=\"pt-cv-meta-fields\"><span class=\"entry-date\"> <time datetime=\"2025-03-26T16:04:23+01:00\">26 marzo, 2025<\/time><\/span><\/div><\/div><\/div><\/div><\/div><\/div>\n<\/div><\/div><\/div> <\/div> \t\t\t\t<\/div>\n\t\t\t\t<\/div>\n\t\t\t\t\t<\/div>\n\t\t<\/div>\n\t\t\t\t\t<\/div>\n\t\t<\/section>\n\t\t\t\t<section class=\"elementor-section elementor-top-section elementor-element elementor-element-a8357db elementor-section-boxed elementor-section-height-default elementor-section-height-default\" data-id=\"a8357db\" data-element_type=\"section\">\n\t\t\t\t\t\t<div class=\"elementor-container elementor-column-gap-default\">\n\t\t\t\t\t<div class=\"elementor-column elementor-col-100 elementor-top-column elementor-element elementor-element-7b399b1\" data-id=\"7b399b1\" data-element_type=\"column\">\n\t\t\t<div class=\"elementor-widget-wrap elementor-element-populated\">\n\t\t\t\t\t\t<div class=\"elementor-element elementor-element-7ce0f3e elementor-widget elementor-widget-spacer\" data-id=\"7ce0f3e\" data-element_type=\"widget\" data-widget_type=\"spacer.default\">\n\t\t\t\t<div class=\"elementor-widget-container\">\n\t\t\t\t\t\t\t<div class=\"elementor-spacer\">\n\t\t\t<div class=\"elementor-spacer-inner\"><\/div>\n\t\t<\/div>\n\t\t\t\t\t\t<\/div>\n\t\t\t\t<\/div>\n\t\t\t\t\t<\/div>\n\t\t<\/div>\n\t\t\t\t\t<\/div>\n\t\t<\/section>\n\t\t\t\t<section class=\"elementor-section elementor-top-section elementor-element elementor-element-b70d19f elementor-hidden-desktop elementor-hidden-tablet elementor-section-boxed elementor-section-height-default elementor-section-height-default\" data-id=\"b70d19f\" data-element_type=\"section\">\n\t\t\t\t\t\t<div class=\"elementor-container elementor-column-gap-default\">\n\t\t\t\t\t<div class=\"elementor-column elementor-col-33 elementor-top-column elementor-element elementor-element-62cc9ab\" data-id=\"62cc9ab\" data-element_type=\"column\">\n\t\t\t<div class=\"elementor-widget-wrap elementor-element-populated\">\n\t\t\t\t\t\t<div class=\"elementor-element elementor-element-b9eba4f elementor-mobile-position-left elementor-vertical-align-middle elementor-view-default elementor-position-top elementor-widget elementor-widget-icon-box\" data-id=\"b9eba4f\" data-element_type=\"widget\" data-widget_type=\"icon-box.default\">\n\t\t\t\t<div class=\"elementor-widget-container\">\n\t\t\t\t\t\t\t<div class=\"elementor-icon-box-wrapper\">\n\n\t\t\t\t\t\t<div class=\"elementor-icon-box-icon\">\n\t\t\t\t<a href=\"https:\/\/blogsaverroes.juntadeandalucia.es\/ceipsanisidroperiana\/secretaria\/\" class=\"elementor-icon elementor-animation-grow\" tabindex=\"-1\" aria-label=\"Secretar\u00eda\">\n\t\t\t\t<i aria-hidden=\"true\" class=\"fas fa-school\"><\/i>\t\t\t\t<\/a>\n\t\t\t<\/div>\n\t\t\t\n\t\t\t\t\t\t<div class=\"elementor-icon-box-content\">\n\n\t\t\t\t\t\t\t\t\t<h3 class=\"elementor-icon-box-title\">\n\t\t\t\t\t\t<a href=\"https:\/\/blogsaverroes.juntadeandalucia.es\/ceipsanisidroperiana\/secretaria\/\" >\n\t\t\t\t\t\t\tSecretar\u00eda\t\t\t\t\t\t<\/a>\n\t\t\t\t\t<\/h3>\n\t\t\t\t\n\t\t\t\t\t\t\t\t\t<p class=\"elementor-icon-box-description\">\n\t\t\t\t\t\t<a href=\"https:\/\/blogsaverroes.juntadeandalucia.es\/ceipsanisidroperiana\/centro\/\">Centro<\/a><br>\n\n\n<a href=\"https:\/\/blogsaverroes.juntadeandalucia.es\/ceipsanisidroperiana\/recursos\/\">Recursos<\/a><br>\n\n<a href=\"https:\/\/blogsaverroes.juntadeandalucia.es\/ceipsanisidroperiana\/eventos-2\/\">Agenda escolar<\/a><br>\n\n<a href=\"https:\/\/blogsaverroes.juntadeandalucia.es\/ceipsanisidroperiana\/noticias\/\">Noticias<\/a><br>\n\t\t\t\t\t<\/p>\n\t\t\t\t\n\t\t\t<\/div>\n\t\t\t\n\t\t<\/div>\n\t\t\t\t\t\t<\/div>\n\t\t\t\t<\/div>\n\t\t\t\t\t<\/div>\n\t\t<\/div>\n\t\t\t\t<div class=\"elementor-column elementor-col-33 elementor-top-column elementor-element elementor-element-c03cb53\" data-id=\"c03cb53\" data-element_type=\"column\">\n\t\t\t<div class=\"elementor-widget-wrap elementor-element-populated\">\n\t\t\t\t\t\t<div class=\"elementor-element elementor-element-e380aa6 elementor-mobile-position-left elementor-view-default elementor-position-top elementor-widget elementor-widget-icon-box\" data-id=\"e380aa6\" data-element_type=\"widget\" data-widget_type=\"icon-box.default\">\n\t\t\t\t<div class=\"elementor-widget-container\">\n\t\t\t\t\t\t\t<div class=\"elementor-icon-box-wrapper\">\n\n\t\t\t\t\t\t<div class=\"elementor-icon-box-icon\">\n\t\t\t\t<a href=\"https:\/\/blogsaverroes.juntadeandalucia.es\/ceipsanisidroperiana\/ensenanzas\/\" class=\"elementor-icon elementor-animation-grow\" tabindex=\"-1\" aria-label=\"Ense\u00f1anzas\">\n\t\t\t\t<i aria-hidden=\"true\" class=\"fas fa-chalkboard-teacher\"><\/i>\t\t\t\t<\/a>\n\t\t\t<\/div>\n\t\t\t\n\t\t\t\t\t\t<div class=\"elementor-icon-box-content\">\n\n\t\t\t\t\t\t\t\t\t<h3 class=\"elementor-icon-box-title\">\n\t\t\t\t\t\t<a href=\"https:\/\/blogsaverroes.juntadeandalucia.es\/ceipsanisidroperiana\/ensenanzas\/\" >\n\t\t\t\t\t\t\tEnse\u00f1anzas\t\t\t\t\t\t<\/a>\n\t\t\t\t\t<\/h3>\n\t\t\t\t\n\t\t\t\t\t\t\t\t\t<p class=\"elementor-icon-box-description\">\n\t\t\t\t\t\t<a href=\"https:\/\/blogsaverroes.juntadeandalucia.es\/ceipsanisidroperiana\/educacion-infantil\/\">Educaci\u00f3n Infantil<\/a><br>\n\n\n<a href=\"https:\/\/blogsaverroes.juntadeandalucia.es\/ceipsanisidroperiana\/primariaprimerciclo\/\">Ed. Primaria 1\u00ba Ciclo<\/a><br>\n\n<a href=\"https:\/\/blogsaverroes.juntadeandalucia.es\/ceipsanisidroperiana\/primariasegundociclo\/\">Ed. Primaria 2\u00ba Ciclo<\/a><br>\n\n<a href=\"https:\/\/blogsaverroes.juntadeandalucia.es\/ceipsanisidroperiana\/primariatercerciclo\/\">Ed. Primaria 3\u00ba Ciclo<\/a><br>\t\t\t\t\t<\/p>\n\t\t\t\t\n\t\t\t<\/div>\n\t\t\t\n\t\t<\/div>\n\t\t\t\t\t\t<\/div>\n\t\t\t\t<\/div>\n\t\t\t\t\t<\/div>\n\t\t<\/div>\n\t\t\t\t<div class=\"elementor-column elementor-col-33 elementor-top-column elementor-element elementor-element-b8e6d52\" data-id=\"b8e6d52\" data-element_type=\"column\">\n\t\t\t<div class=\"elementor-widget-wrap elementor-element-populated\">\n\t\t\t\t\t\t<div class=\"elementor-element elementor-element-686ae97 elementor-mobile-position-left elementor-view-default elementor-position-top elementor-widget elementor-widget-icon-box\" data-id=\"686ae97\" data-element_type=\"widget\" data-widget_type=\"icon-box.default\">\n\t\t\t\t<div class=\"elementor-widget-container\">\n\t\t\t\t\t\t\t<div class=\"elementor-icon-box-wrapper\">\n\n\t\t\t\t\t\t<div class=\"elementor-icon-box-icon\">\n\t\t\t\t<span  class=\"elementor-icon elementor-animation-grow\">\n\t\t\t\t<i aria-hidden=\"true\" class=\"fas fa-check-square\"><\/i>\t\t\t\t<\/span>\n\t\t\t<\/div>\n\t\t\t\n\t\t\t\t\t\t<div class=\"elementor-icon-box-content\">\n\n\t\t\t\t\t\t\t\t\t<h3 class=\"elementor-icon-box-title\">\n\t\t\t\t\t\t<span  >\n\t\t\t\t\t\t\tServicios\t\t\t\t\t\t<\/span>\n\t\t\t\t\t<\/h3>\n\t\t\t\t\n\t\t\t\t\t\t\t\t\t<p class=\"elementor-icon-box-description\">\n\t\t\t\t\t\t<a href=\"https:\/\/blogsaverroes.juntadeandalucia.es\/ceipsanisidroperiana\/servicios\/\">Servicios escolares<\/a><br>\n\n<a href=\"https:\/\/blogsaverroes.juntadeandalucia.es\/ceipsanisidroperiana\/planes-y-programas\/\">Planes y programas<\/a><br>\n\n<a href=\"https:\/\/blogsaverroes.juntadeandalucia.es\/ceipsanisidroperiana\/centro#ampa\">A.M.P.A<\/a><br>\n\t\t\t\t\t<\/p>\n\t\t\t\t\n\t\t\t<\/div>\n\t\t\t\n\t\t<\/div>\n\t\t\t\t\t\t<\/div>\n\t\t\t\t<\/div>\n\t\t\t\t\t<\/div>\n\t\t<\/div>\n\t\t\t\t\t<\/div>\n\t\t<\/section>\n\t\t\t\t<section class=\"elementor-section elementor-top-section elementor-element elementor-element-b649dce elementor-hidden-mobile elementor-section-boxed elementor-section-height-default elementor-section-height-default\" data-id=\"b649dce\" data-element_type=\"section\">\n\t\t\t\t\t\t<div class=\"elementor-container elementor-column-gap-default\">\n\t\t\t\t\t<div class=\"elementor-column elementor-col-33 elementor-top-column elementor-element elementor-element-62fb7b0\" data-id=\"62fb7b0\" data-element_type=\"column\">\n\t\t\t<div class=\"elementor-widget-wrap elementor-element-populated\">\n\t\t\t\t\t\t<div class=\"elementor-element elementor-element-3f4552f elementor-view-default elementor-position-top elementor-mobile-position-top elementor-widget elementor-widget-icon-box\" data-id=\"3f4552f\" data-element_type=\"widget\" data-widget_type=\"icon-box.default\">\n\t\t\t\t<div class=\"elementor-widget-container\">\n\t\t\t\t\t\t\t<div class=\"elementor-icon-box-wrapper\">\n\n\t\t\t\t\t\t<div class=\"elementor-icon-box-icon\">\n\t\t\t\t<a href=\"https:\/\/blogsaverroes.juntadeandalucia.es\/ceipsanisidroperiana\/secretaria\/\" class=\"elementor-icon elementor-animation-grow\" tabindex=\"-1\" aria-label=\"Secretar\u00eda\">\n\t\t\t\t<i aria-hidden=\"true\" class=\"fas fa-school\"><\/i>\t\t\t\t<\/a>\n\t\t\t<\/div>\n\t\t\t\n\t\t\t\t\t\t<div class=\"elementor-icon-box-content\">\n\n\t\t\t\t\t\t\t\t\t<h3 class=\"elementor-icon-box-title\">\n\t\t\t\t\t\t<a href=\"https:\/\/blogsaverroes.juntadeandalucia.es\/ceipsanisidroperiana\/secretaria\/\" >\n\t\t\t\t\t\t\tSecretar\u00eda\t\t\t\t\t\t<\/a>\n\t\t\t\t\t<\/h3>\n\t\t\t\t\n\t\t\t\t\t\t\t\t\t<p class=\"elementor-icon-box-description\">\n\t\t\t\t\t\t<a href=\"https:\/\/blogsaverroes.juntadeandalucia.es\/ceipsanisidroperiana\/centro\/\">Centro<\/a><br>\n\n\n<a href=\"https:\/\/blogsaverroes.juntadeandalucia.es\/ceipsanisidroperiana\/recursos\/\">Recursos<\/a><br>\n\n<a href=\"https:\/\/blogsaverroes.juntadeandalucia.es\/ceipsanisidroperiana\/agendaescolar\/\">Agenda escolar<\/a><br>\n\n<a href=\"https:\/\/blogsaverroes.juntadeandalucia.es\/ceipsanisidroperiana\/noticias\/\">Noticias<\/a><br>\n\t\t\t\t\t<\/p>\n\t\t\t\t\n\t\t\t<\/div>\n\t\t\t\n\t\t<\/div>\n\t\t\t\t\t\t<\/div>\n\t\t\t\t<\/div>\n\t\t\t\t\t<\/div>\n\t\t<\/div>\n\t\t\t\t<div class=\"elementor-column elementor-col-33 elementor-top-column elementor-element elementor-element-3b703aa\" data-id=\"3b703aa\" data-element_type=\"column\">\n\t\t\t<div class=\"elementor-widget-wrap elementor-element-populated\">\n\t\t\t\t\t\t<div class=\"elementor-element elementor-element-78525d8 elementor-view-default elementor-position-top elementor-mobile-position-top elementor-widget elementor-widget-icon-box\" data-id=\"78525d8\" data-element_type=\"widget\" data-widget_type=\"icon-box.default\">\n\t\t\t\t<div class=\"elementor-widget-container\">\n\t\t\t\t\t\t\t<div class=\"elementor-icon-box-wrapper\">\n\n\t\t\t\t\t\t<div class=\"elementor-icon-box-icon\">\n\t\t\t\t<a href=\"https:\/\/blogsaverroes.juntadeandalucia.es\/ceipsanisidroperiana\/ensenanzas\/\" class=\"elementor-icon elementor-animation-grow\" tabindex=\"-1\" aria-label=\"Ense\u00f1anzas\">\n\t\t\t\t<i aria-hidden=\"true\" class=\"fas fa-chalkboard-teacher\"><\/i>\t\t\t\t<\/a>\n\t\t\t<\/div>\n\t\t\t\n\t\t\t\t\t\t<div class=\"elementor-icon-box-content\">\n\n\t\t\t\t\t\t\t\t\t<h3 class=\"elementor-icon-box-title\">\n\t\t\t\t\t\t<a href=\"https:\/\/blogsaverroes.juntadeandalucia.es\/ceipsanisidroperiana\/ensenanzas\/\" >\n\t\t\t\t\t\t\tEnse\u00f1anzas\t\t\t\t\t\t<\/a>\n\t\t\t\t\t<\/h3>\n\t\t\t\t\n\t\t\t\t\t\t\t\t\t<p class=\"elementor-icon-box-description\">\n\t\t\t\t\t\t<a href=\"https:\/\/blogsaverroes.juntadeandalucia.es\/ceipsanisidroperiana\/educacion-infantil\/\">Educaci\u00f3n Infantil<\/a><br>\n\n\n<a href=\"https:\/\/blogsaverroes.juntadeandalucia.es\/ceipsanisidroperiana\/primariaprimerciclo\/\">Ed. Primaria 1\u00ba Ciclo<\/a><br>\n\n<a href=\"https:\/\/blogsaverroes.juntadeandalucia.es\/ceipsanisidroperiana\/primariasegundociclo\/\">Ed. Primaria 2\u00ba Ciclo<\/a><br>\n\n<a href=\"https:\/\/blogsaverroes.juntadeandalucia.es\/ceipsanisidroperiana\/primariatercerciclo\/\">Ed. Primaria 3\u00ba Ciclo<\/a><br>\t\t\t\t\t<\/p>\n\t\t\t\t\n\t\t\t<\/div>\n\t\t\t\n\t\t<\/div>\n\t\t\t\t\t\t<\/div>\n\t\t\t\t<\/div>\n\t\t\t\t\t<\/div>\n\t\t<\/div>\n\t\t\t\t<div class=\"elementor-column elementor-col-33 elementor-top-column elementor-element elementor-element-3d424f3\" data-id=\"3d424f3\" data-element_type=\"column\">\n\t\t\t<div class=\"elementor-widget-wrap elementor-element-populated\">\n\t\t\t\t\t\t<div class=\"elementor-element elementor-element-52307e7 elementor-view-default elementor-position-top elementor-mobile-position-top elementor-widget elementor-widget-icon-box\" data-id=\"52307e7\" data-element_type=\"widget\" data-widget_type=\"icon-box.default\">\n\t\t\t\t<div class=\"elementor-widget-container\">\n\t\t\t\t\t\t\t<div class=\"elementor-icon-box-wrapper\">\n\n\t\t\t\t\t\t<div class=\"elementor-icon-box-icon\">\n\t\t\t\t<a href=\"https:\/\/blogsaverroes.juntadeandalucia.es\/ceipsanisidroperiana\/servicios\/\" class=\"elementor-icon elementor-animation-grow\" tabindex=\"-1\" aria-label=\"Servicios\">\n\t\t\t\t<i aria-hidden=\"true\" class=\"fas fa-check-square\"><\/i>\t\t\t\t<\/a>\n\t\t\t<\/div>\n\t\t\t\n\t\t\t\t\t\t<div class=\"elementor-icon-box-content\">\n\n\t\t\t\t\t\t\t\t\t<h3 class=\"elementor-icon-box-title\">\n\t\t\t\t\t\t<a href=\"https:\/\/blogsaverroes.juntadeandalucia.es\/ceipsanisidroperiana\/servicios\/\" >\n\t\t\t\t\t\t\tServicios\t\t\t\t\t\t<\/a>\n\t\t\t\t\t<\/h3>\n\t\t\t\t\n\t\t\t\t\t\t\t\t\t<p class=\"elementor-icon-box-description\">\n\t\t\t\t\t\t<a href=\"https:\/\/blogsaverroes.juntadeandalucia.es\/ceipsanisidroperiana\/servicios\/\">Servicios escolares<\/a><br>\n\n<a href=\"https:\/\/blogsaverroes.juntadeandalucia.es\/ceipsanisidroperiana\/planes-y-programas\/\">Planes y programas<\/a><br>\n\n<a href=\"https:\/\/blogsaverroes.juntadeandalucia.es\/ceipsanisidroperiana\/ampa\/\">A.M.P.A<\/a><br>\n\n\t\t\t\t\t<\/p>\n\t\t\t\t\n\t\t\t<\/div>\n\t\t\t\n\t\t<\/div>\n\t\t\t\t\t\t<\/div>\n\t\t\t\t<\/div>\n\t\t\t\t\t<\/div>\n\t\t<\/div>\n\t\t\t\t\t<\/div>\n\t\t<\/section>\n\t\t\t\t<section class=\"elementor-section elementor-top-section elementor-element elementor-element-d872513 elementor-section-boxed elementor-section-height-default elementor-section-height-default\" data-id=\"d872513\" data-element_type=\"section\">\n\t\t\t\t\t\t<div class=\"elementor-container elementor-column-gap-default\">\n\t\t\t\t\t<div class=\"elementor-column elementor-col-100 elementor-top-column elementor-element elementor-element-254d6fb\" data-id=\"254d6fb\" data-element_type=\"column\">\n\t\t\t<div class=\"elementor-widget-wrap elementor-element-populated\">\n\t\t\t\t\t\t<div class=\"elementor-element elementor-element-b01d1c8 elementor-widget elementor-widget-html\" data-id=\"b01d1c8\" data-element_type=\"widget\" data-widget_type=\"html.default\">\n\t\t\t\t<div class=\"elementor-widget-container\">\n\t\t\t\t\t<iframe src=\"https:\/\/www.uco.es\/catedrasyaulas\/atdfiware\/cep\/sanisidro\/index.html\" width=\"100%\" height=\"440px\" frameborder=\"0\" scrolling=\"yes\"><\/iframe>\t\t\t\t<\/div>\n\t\t\t\t<\/div>\n\t\t\t\t\t<\/div>\n\t\t<\/div>\n\t\t\t\t\t<\/div>\n\t\t<\/section>\n\t\t\t\t<\/div>\n\t\t","protected":false},"excerpt":{"rendered":"<p>\u00daltimas noticias \u00daltimas noticias D\u00eda Mundial del Agua 4 abril, 2025 Actividad 8M 26 marzo, 2025 Admisiones abiertas Curso 25\/26 26 marzo, 2025 Secretar\u00eda Centro&hellip;<\/p>\n","protected":false},"author":10501,"featured_media":2399,"parent":0,"menu_order":0,"comment_status":"closed","ping_status":"closed","template":"","meta":{"ngg_post_thumbnail":0,"footnotes":"","_mc_calendar":[]},"aioseo_notices":[],"_links":{"self":[{"href":"https:\/\/blogsaverroes.juntadeandalucia.es\/ceipsanisidroperiana\/wp-json\/wp\/v2\/pages\/2535"}],"collection":[{"href":"https:\/\/blogsaverroes.juntadeandalucia.es\/ceipsanisidroperiana\/wp-json\/wp\/v2\/pages"}],"about":[{"href":"https:\/\/blogsaverroes.juntadeandalucia.es\/ceipsanisidroperiana\/wp-json\/wp\/v2\/types\/page"}],"author":[{"embeddable":true,"href":"https:\/\/blogsaverroes.juntadeandalucia.es\/ceipsanisidroperiana\/wp-json\/wp\/v2\/users\/10501"}],"replies":[{"embeddable":true,"href":"https:\/\/blogsaverroes.juntadeandalucia.es\/ceipsanisidroperiana\/wp-json\/wp\/v2\/comments?post=2535"}],"version-history":[{"count":215,"href":"https:\/\/blogsaverroes.juntadeandalucia.es\/ceipsanisidroperiana\/wp-json\/wp\/v2\/pages\/2535\/revisions"}],"predecessor-version":[{"id":4129,"href":"https:\/\/blogsaverroes.juntadeandalucia.es\/ceipsanisidroperiana\/wp-json\/wp\/v2\/pages\/2535\/revisions\/4129"}],"wp:featuredmedia":[{"embeddable":true,"href":"https:\/\/blogsaverroes.juntadeandalucia.es\/ceipsanisidroperiana\/wp-json\/wp\/v2\/media\/2399"}],"wp:attachment":[{"href":"https:\/\/blogsaverroes.juntadeandalucia.es\/ceipsanisidroperiana\/wp-json\/wp\/v2\/media?parent=2535"}],"curies":[{"name":"wp","href":"https:\/\/api.w.org\/{rel}","templated":true}]}}