{"id":113,"date":"2015-03-16T08:06:00","date_gmt":"2015-03-16T08:06:00","guid":{"rendered":"http:\/\/blogsaverroes.juntadeandalucia.es\/pre\/ceip\/?page_id=113"},"modified":"2021-11-23T13:18:55","modified_gmt":"2021-11-23T12:18:55","slug":"biblioteca","status":"publish","type":"page","link":"https:\/\/blogsaverroes.juntadeandalucia.es\/ceipsanjose\/biblioteca\/","title":{"rendered":"Biblioteca"},"content":{"rendered":"<p>En esta secci\u00f3n de la p\u00e1gina web informaremos de las diferentes actividades que se realizar\u00e1n desde la biblioteca escolar del centro.&nbsp;<\/p>\n<p>Igualmente, a trav\u00e9s de<a href=\"https:\/\/padlet.com\/angelamarchan\/sej9ha4lgh0fdepw\"> LAS AVENTURAS DE NUESTRA BIBLIOTECA<\/a>,&nbsp; podemos acceder a actividades que realicemos, eventos, pr\u00e9stamo de libros, etc.&nbsp;<\/p>\n<div class=\"padlet-embed\" style=\"border-radius: 2px;overflow: hidden;width: 1480px;height: 1352px;max-width: 100%\">&nbsp;<\/div>\n","protected":false},"excerpt":{"rendered":"<p>En esta secci\u00f3n de la p\u00e1gina web informaremos de las diferentes actividades que se realizar\u00e1n desde la biblioteca escolar del centro.&nbsp; Igualmente, a trav\u00e9s de LAS AVENTURAS DE NUESTRA BIBLIOTECA,&nbsp; podemos acceder a actividades que realicemos, eventos, pr\u00e9stamo de libros, etc.&nbsp; &nbsp;<\/p>\n","protected":false},"author":1,"featured_media":0,"parent":0,"menu_order":0,"comment_status":"closed","ping_status":"open","template":"","meta":{"ngg_post_thumbnail":0,"footnotes":"","_mc_calendar":[]},"aioseo_notices":[],"_links":{"self":[{"href":"https:\/\/blogsaverroes.juntadeandalucia.es\/ceipsanjose\/wp-json\/wp\/v2\/pages\/113"}],"collection":[{"href":"https:\/\/blogsaverroes.juntadeandalucia.es\/ceipsanjose\/wp-json\/wp\/v2\/pages"}],"about":[{"href":"https:\/\/blogsaverroes.juntadeandalucia.es\/ceipsanjose\/wp-json\/wp\/v2\/types\/page"}],"author":[{"embeddable":true,"href":"https:\/\/blogsaverroes.juntadeandalucia.es\/ceipsanjose\/wp-json\/wp\/v2\/users\/1"}],"replies":[{"embeddable":true,"href":"https:\/\/blogsaverroes.juntadeandalucia.es\/ceipsanjose\/wp-json\/wp\/v2\/comments?post=113"}],"version-history":[{"count":10,"href":"https:\/\/blogsaverroes.juntadeandalucia.es\/ceipsanjose\/wp-json\/wp\/v2\/pages\/113\/revisions"}],"predecessor-version":[{"id":2400,"href":"https:\/\/blogsaverroes.juntadeandalucia.es\/ceipsanjose\/wp-json\/wp\/v2\/pages\/113\/revisions\/2400"}],"wp:attachment":[{"href":"https:\/\/blogsaverroes.juntadeandalucia.es\/ceipsanjose\/wp-json\/wp\/v2\/media?parent=113"}],"curies":[{"name":"wp","href":"https:\/\/api.w.org\/{rel}","templated":true}]}}