{"id":144,"date":"2015-03-17T07:46:28","date_gmt":"2015-03-17T07:46:28","guid":{"rendered":"http:\/\/blogsaverroes.juntadeandalucia.es\/pre\/ceip\/?page_id=144"},"modified":"2024-09-08T10:37:42","modified_gmt":"2024-09-08T08:37:42","slug":"orientacion","status":"publish","type":"page","link":"https:\/\/blogsaverroes.juntadeandalucia.es\/ceipsanjose\/orientacion\/","title":{"rendered":"E.O.E"},"content":{"rendered":"<p style=\"text-align: justify\">En el presente curso escolar, el Equipo de Orientaci\u00f3n Educativa del centro est\u00e1 compuesto por:<\/p>\n<ul>\n<li style=\"text-align: justify\">2 especialistas de Pedagog\u00eda Terap\u00e9utica, de las cuales una, comparte puesto de trabajo con otro centro.&nbsp;<\/li>\n<li style=\"text-align: justify\">1 especialista de Audici\u00f3n y Lenguaje.<\/li>\n<li style=\"text-align: justify\">1 especialista de Audici\u00f3n y Lenguaje &#8211; Lengua de signos, igualmente, compartida con otro centro.&nbsp;<\/li>\n<li>1 PTIS (Personal t\u00e9cnico de integraci\u00f3n social).&nbsp;<\/li>\n<\/ul>\n","protected":false},"excerpt":{"rendered":"<p>En el presente curso escolar, el Equipo de Orientaci\u00f3n Educativa del centro est\u00e1 compuesto por: 2 especialistas de Pedagog\u00eda Terap\u00e9utica, de las cuales una, comparte puesto de trabajo con otro centro.&nbsp; 1 especialista de Audici\u00f3n y Lenguaje. 1 especialista de Audici\u00f3n y Lenguaje &#8211; Lengua de signos, igualmente, compartida con otro centro.&nbsp; 1 PTIS (Personal &hellip; <a href=\"https:\/\/blogsaverroes.juntadeandalucia.es\/ceipsanjose\/orientacion\/\" class=\"more-link\">Seguir leyendo <span class=\"screen-reader-text\">E.O.E<\/span> <span class=\"meta-nav\">&rarr;<\/span><\/a><\/p>\n","protected":false},"author":1,"featured_media":0,"parent":0,"menu_order":0,"comment_status":"closed","ping_status":"open","template":"","meta":{"ngg_post_thumbnail":0,"footnotes":"","_mc_calendar":[]},"aioseo_notices":[],"_links":{"self":[{"href":"https:\/\/blogsaverroes.juntadeandalucia.es\/ceipsanjose\/wp-json\/wp\/v2\/pages\/144"}],"collection":[{"href":"https:\/\/blogsaverroes.juntadeandalucia.es\/ceipsanjose\/wp-json\/wp\/v2\/pages"}],"about":[{"href":"https:\/\/blogsaverroes.juntadeandalucia.es\/ceipsanjose\/wp-json\/wp\/v2\/types\/page"}],"author":[{"embeddable":true,"href":"https:\/\/blogsaverroes.juntadeandalucia.es\/ceipsanjose\/wp-json\/wp\/v2\/users\/1"}],"replies":[{"embeddable":true,"href":"https:\/\/blogsaverroes.juntadeandalucia.es\/ceipsanjose\/wp-json\/wp\/v2\/comments?post=144"}],"version-history":[{"count":4,"href":"https:\/\/blogsaverroes.juntadeandalucia.es\/ceipsanjose\/wp-json\/wp\/v2\/pages\/144\/revisions"}],"predecessor-version":[{"id":3013,"href":"https:\/\/blogsaverroes.juntadeandalucia.es\/ceipsanjose\/wp-json\/wp\/v2\/pages\/144\/revisions\/3013"}],"wp:attachment":[{"href":"https:\/\/blogsaverroes.juntadeandalucia.es\/ceipsanjose\/wp-json\/wp\/v2\/media?parent=144"}],"curies":[{"name":"wp","href":"https:\/\/api.w.org\/{rel}","templated":true}]}}