{"id":2156,"date":"2020-09-20T07:28:00","date_gmt":"2020-09-20T07:28:00","guid":{"rendered":"https:\/\/blogsaverroes.juntadeandalucia.es\/ceipsanjose\/contact-us\/"},"modified":"2024-09-08T10:36:50","modified_gmt":"2024-09-08T08:36:50","slug":"contact-us","status":"publish","type":"page","link":"https:\/\/blogsaverroes.juntadeandalucia.es\/ceipsanjose\/contact-us\/","title":{"rendered":"Contacta"},"content":{"rendered":"<h2><span style=\"color: #008000\"><strong>CEIP San Jos\u00e9 <\/strong><\/span><\/h2>\n<p><span style=\"color: #000000\">C\/Alameda, 3 &#8211; 14914 &#8211; Palenciana (C\u00f3rdoba)<\/span><\/p>\n<h3><span style=\"color: #000080\"><em><strong>TEL\u00c9FONOS:<\/strong><\/em><\/span><\/h3>\n<ul>\n<li>Secretar\u00eda: 957596724<\/li>\n<li>Jefatura de Estudios: 699912870<\/li>\n<li>Direcci\u00f3n: 680655466<\/li>\n<li><span style=\"text-decoration: underline\"><em>Docentes: para contactar, como familia, con cualquier docente, se ruega usar la aplicaci\u00f3n Pasen y enviar un mensaje. Para temas urgentes, llamar a secretar\u00eda.&nbsp;<\/em><\/span><\/li>\n<\/ul>\n<h3><span style=\"color: #000080\"><em>REDES SOCIALES:<\/em><\/span><\/h3>\n<ul>\n<li><a href=\"https:\/\/www.facebook.com\/colegiopalenciana\/\"><span style=\"color: #00ccff\">Facebook<\/span><\/a>: @colegiopalenciana&nbsp;<\/li>\n<li><span style=\"color: #0000ff\"><a style=\"color: #0000ff\" href=\"https:\/\/twitter.com\/ceipsanjose\">Twitter<\/a>:<\/span> @ceipsanjose<\/li>\n<li><a href=\"https:\/\/www.instagram.com\/sanjoseceip\/\"><span style=\"color: #993366\">Instagram<\/span><\/a>: @ceipsanjose<\/li>\n<\/ul>\n<p>&nbsp;<\/p>\n","protected":false},"excerpt":{"rendered":"<p>CEIP San Jos\u00e9 C\/Alameda, 3 &#8211; 14914 &#8211; Palenciana (C\u00f3rdoba) TEL\u00c9FONOS: Secretar\u00eda: 957596724 Jefatura de Estudios: 699912870 Direcci\u00f3n: 680655466 Docentes: para contactar, como familia, con cualquier docente, se ruega usar la aplicaci\u00f3n Pasen y enviar un mensaje. Para temas urgentes, llamar a secretar\u00eda.&nbsp; REDES SOCIALES: Facebook: @colegiopalenciana&nbsp; Twitter: @ceipsanjose Instagram: @ceipsanjose &nbsp;<\/p>\n","protected":false},"author":1,"featured_media":0,"parent":0,"menu_order":0,"comment_status":"closed","ping_status":"closed","template":"","meta":{"ngg_post_thumbnail":0,"footnotes":"","_mc_calendar":[]},"aioseo_notices":[],"_links":{"self":[{"href":"https:\/\/blogsaverroes.juntadeandalucia.es\/ceipsanjose\/wp-json\/wp\/v2\/pages\/2156"}],"collection":[{"href":"https:\/\/blogsaverroes.juntadeandalucia.es\/ceipsanjose\/wp-json\/wp\/v2\/pages"}],"about":[{"href":"https:\/\/blogsaverroes.juntadeandalucia.es\/ceipsanjose\/wp-json\/wp\/v2\/types\/page"}],"author":[{"embeddable":true,"href":"https:\/\/blogsaverroes.juntadeandalucia.es\/ceipsanjose\/wp-json\/wp\/v2\/users\/1"}],"replies":[{"embeddable":true,"href":"https:\/\/blogsaverroes.juntadeandalucia.es\/ceipsanjose\/wp-json\/wp\/v2\/comments?post=2156"}],"version-history":[{"count":5,"href":"https:\/\/blogsaverroes.juntadeandalucia.es\/ceipsanjose\/wp-json\/wp\/v2\/pages\/2156\/revisions"}],"predecessor-version":[{"id":3012,"href":"https:\/\/blogsaverroes.juntadeandalucia.es\/ceipsanjose\/wp-json\/wp\/v2\/pages\/2156\/revisions\/3012"}],"wp:attachment":[{"href":"https:\/\/blogsaverroes.juntadeandalucia.es\/ceipsanjose\/wp-json\/wp\/v2\/media?parent=2156"}],"curies":[{"name":"wp","href":"https:\/\/api.w.org\/{rel}","templated":true}]}}