{"id":2228,"date":"2021-08-23T23:58:57","date_gmt":"2021-08-23T21:58:57","guid":{"rendered":"https:\/\/blogsaverroes.juntadeandalucia.es\/ceipsanjose\/?page_id=2228"},"modified":"2026-04-18T17:25:37","modified_gmt":"2026-04-18T15:25:37","slug":"claustro-de-profesorado","status":"publish","type":"page","link":"https:\/\/blogsaverroes.juntadeandalucia.es\/ceipsanjose\/claustro-de-profesorado\/","title":{"rendered":"Claustro de Profesorado"},"content":{"rendered":"<p>&nbsp;<\/p>\n<p style=\"text-align: center\"><strong>CLAUSTRO DE PROFESORADO<\/strong><\/p>\n<p style=\"text-align: justify\">Mostramos a continuaci\u00f3n la composici\u00f3n del claustro de profesorado para el curso 25\/26. En la columna de la derecha aparece el correo electr\u00f3nico corporativo de cada docente. <strong><em><span style=\"color: #000080\">No obstante, la v\u00eda de comunicaci\u00f3n oficial con las familias ha de ser a trav\u00e9s de Pasen<\/span><\/em>, siendo este correo el usado para comunicaci\u00f3n con el alumnado en lo referente al trabajo escolar.&nbsp;<\/strong><\/p>\n<table style=\"width: 128.056%\" border=\"0\" cellspacing=\"0\">\n<colgroup width=\"185\"><\/colgroup>\n<colgroup width=\"232\"><\/colgroup>\n<colgroup width=\"165\"><\/colgroup>\n<tbody>\n<tr>\n<td style=\"width: 29.409%;border-color: #000000\" align=\"left\" bgcolor=\"#CCCCCC\" height=\"15\" data-sheets-value=\"{ &quot;1&quot;: 2, &quot;2&quot;: &quot;Empleado\\\/a&quot;}\"><b>Empleado\/a<\/b><\/td>\n<td style=\"width: 39.3886%;border-color: #000000\" align=\"left\" bgcolor=\"#CCCCCC\" data-sheets-value=\"{ &quot;1&quot;: 2, &quot;2&quot;: &quot;Puesto&quot;}\"><b>Puesto<\/b><\/td>\n<td style=\"width: 58.8396%;border-color: #000000\" align=\"left\" bgcolor=\"#CCCCCC\" data-sheets-value=\"{ &quot;1&quot;: 2, &quot;2&quot;: &quot;Cuenta Google\\\/Microsoft&quot;}\"><b>Cuenta Google\/Microsoft<\/b><\/td>\n<\/tr>\n<tr>\n<td style=\"width: 29.409%;border-color: #000000\" align=\"left\" height=\"15\" data-sheets-value=\"{ &quot;1&quot;: 2, &quot;2&quot;: &quot;Castro L\u00f3pez, Helena&quot;}\">Castro L\u00f3pez, Helena<\/td>\n<td style=\"width: 39.3886%;border-color: #000000\" align=\"left\" data-sheets-value=\"{ &quot;1&quot;: 2, &quot;2&quot;: &quot;Matem\u00e1ticas&quot;}\">Matem\u00e1ticas ESO<\/td>\n<td style=\"width: 58.8396%;border-color: #000000\" align=\"left\" data-sheets-value=\"{ &quot;1&quot;: 2, &quot;2&quot;: &quot;hcaslop502@g.educaand.es&quot;}\">hcaslop502@g.educaand.es<\/td>\n<\/tr>\n<tr>\n<td style=\"width: 29.409%;border-color: #000000\" align=\"left\" height=\"15\" data-sheets-value=\"{ &quot;1&quot;: 2, &quot;2&quot;: &quot;Castro M\u00e1rquez, Antonio Miguel&quot;}\">Castro M\u00e1rquez, Antonio Miguel<\/td>\n<td style=\"width: 39.3886%;border-color: #000000\" align=\"left\" data-sheets-value=\"{ &quot;1&quot;: 2, &quot;2&quot;: &quot;Idioma Extranjero-Ingl\u00e9s (Secundaria)&quot;}\">Idioma Extranjero-Ingl\u00e9s (Secundaria)<\/td>\n<td style=\"width: 58.8396%;border-color: #000000\" align=\"left\" data-sheets-value=\"{ &quot;1&quot;: 2, &quot;2&quot;: &quot;acasmar310@g.educaand.es&quot;}\">acasmar310@g.educaand.es<\/td>\n<\/tr>\n<tr>\n<td style=\"width: 29.409%;border-color: #000000\" align=\"left\" height=\"15\" data-sheets-value=\"{ &quot;1&quot;: 2, &quot;2&quot;: &quot;Gin\u00e9s G\u00e1miz, Mar\u00eda Inmaculada&quot;}\">Gin\u00e9s G\u00e1miz, Mar\u00eda Inmaculada<\/td>\n<td style=\"width: 39.3886%;border-color: #000000\" align=\"left\" data-sheets-value=\"{ &quot;1&quot;: 2, &quot;2&quot;: &quot;Educaci\u00f3n Infantil&quot;}\">Educaci\u00f3n Infantil<\/td>\n<td style=\"width: 58.8396%;border-color: #000000\" align=\"left\" data-sheets-value=\"{ &quot;1&quot;: 2, &quot;2&quot;: &quot;mgingam818@g.educaand.es&quot;}\">mgingam818@g.educaand.es<\/td>\n<\/tr>\n<tr>\n<td style=\"width: 29.409%;border-color: #000000\" align=\"left\" height=\"15\" data-sheets-value=\"{ &quot;1&quot;: 2, &quot;2&quot;: &quot;G\u00f3mez Ige\u00f1o, Lidia&quot;}\">G\u00f3mez Ige\u00f1o, Lidia<\/td>\n<td style=\"width: 39.3886%;border-color: #000000\" align=\"left\" data-sheets-value=\"{ &quot;1&quot;: 2, &quot;2&quot;: &quot;PROFESOR ESPECIALISTA&quot;}\">PROFESOR ESPECIALISTA<\/td>\n<td style=\"width: 58.8396%;border-color: #000000\" align=\"left\" data-sheets-value=\"{ &quot;1&quot;: 2, &quot;2&quot;: &quot;lgomige755@g.educaand.es&quot;}\">lgomige755@g.educaand.es<\/td>\n<\/tr>\n<tr>\n<td style=\"width: 29.409%;border-color: #000000\" align=\"left\" height=\"15\" data-sheets-value=\"{ &quot;1&quot;: 2, &quot;2&quot;: &quot;Henares Montilla, Sergio&quot;}\">Henares Montilla, Sergio<\/td>\n<td style=\"width: 39.3886%;border-color: #000000\" align=\"left\" data-sheets-value=\"{ &quot;1&quot;: 2, &quot;2&quot;: &quot;Audici\u00f3n y Lenguaje Eso&quot;}\">Audici\u00f3n y Lenguaje Eso<\/td>\n<td style=\"width: 58.8396%;border-color: #000000\" align=\"left\" data-sheets-value=\"{ &quot;1&quot;: 2, &quot;2&quot;: &quot;shenmon609@g.educaand.es&quot;}\">shenmon609@g.educaand.es<\/td>\n<\/tr>\n<tr>\n<td style=\"width: 29.409%;border-color: #000000\" align=\"left\" height=\"15\" data-sheets-value=\"{ &quot;1&quot;: 2, &quot;2&quot;: &quot;Leiva Cabello, Mar\u00eda del Carmen&quot;}\">Leiva Cabello, Mar\u00eda del Carmen<\/td>\n<td style=\"width: 39.3886%;border-color: #000000\" align=\"left\" data-sheets-value=\"{ &quot;1&quot;: 2, &quot;2&quot;: &quot;Pedagog\u00eda Terapeutica&quot;}\">Pedagog\u00eda Terapeutica<\/td>\n<td style=\"width: 58.8396%;border-color: #000000\" align=\"left\" data-sheets-value=\"{ &quot;1&quot;: 2, &quot;2&quot;: &quot;mleicab011@g.educaand.es&quot;}\">mleicab011@g.educaand.es<\/td>\n<\/tr>\n<tr>\n<td style=\"width: 29.409%;border-color: #000000\" align=\"left\" height=\"15\" data-sheets-value=\"{ &quot;1&quot;: 2, &quot;2&quot;: &quot;Leiva Rivas, Mar\u00eda del Mar&quot;}\">Leiva Rivas, Mar\u00eda del Mar<\/td>\n<td style=\"width: 39.3886%;border-color: #000000\" align=\"left\" data-sheets-value=\"{ &quot;1&quot;: 2, &quot;2&quot;: &quot;Educaci\u00f3n Infantil&quot;}\">Educaci\u00f3n Infantil<\/td>\n<td style=\"width: 58.8396%;border-color: #000000\" align=\"left\" data-sheets-value=\"{ &quot;1&quot;: 2, &quot;2&quot;: &quot;mleiriv785@g.educaand.es&quot;}\">mleiriv785@g.educaand.es<\/td>\n<\/tr>\n<tr>\n<td style=\"width: 29.409%;border-color: #000000\" align=\"left\" height=\"15\" data-sheets-value=\"{ &quot;1&quot;: 2, &quot;2&quot;: &quot;Llamas Jim\u00e9nez, Sonia&quot;}\">Llamas Jim\u00e9nez, Sonia<\/td>\n<td style=\"width: 39.3886%;border-color: #000000\" align=\"left\" data-sheets-value=\"{ &quot;1&quot;: 2, &quot;2&quot;: &quot;Pedagog\u00eda Terapeutica Eso&quot;}\">Pedagog\u00eda Terapeutica Eso<\/td>\n<td style=\"width: 58.8396%;border-color: #000000\" align=\"left\" data-sheets-value=\"{ &quot;1&quot;: 2, &quot;2&quot;: &quot;sllajim522@g.educaand.es&quot;}\">sllajim522@g.educaand.es<\/td>\n<\/tr>\n<tr>\n<td style=\"width: 29.409%;border-color: #000000\" align=\"left\" height=\"15\" data-sheets-value=\"{ &quot;1&quot;: 2, &quot;2&quot;: &quot;L\u00f3pez G\u00e1mez, Ignacio&quot;}\">L\u00f3pez G\u00e1mez, Ignacio<\/td>\n<td style=\"width: 39.3886%;border-color: #000000\" align=\"left\" data-sheets-value=\"{ &quot;1&quot;: 2, &quot;2&quot;: &quot;Educaci\u00f3n F\u00edsica&quot;}\">Educaci\u00f3n F\u00edsica<\/td>\n<td style=\"width: 58.8396%;border-color: #000000\" align=\"left\" data-sheets-value=\"{ &quot;1&quot;: 2, &quot;2&quot;: &quot;ilopgam803@g.educaand.es&quot;}\">ilopgam803@g.educaand.es<\/td>\n<\/tr>\n<tr>\n<td style=\"width: 29.409%;border-color: #000000\" align=\"left\" height=\"15\" data-sheets-value=\"{ &quot;1&quot;: 2, &quot;2&quot;: &quot;L\u00f3pez Pedrosa, Rosario&quot;}\">L\u00f3pez Pedrosa, Rosario<\/td>\n<td style=\"width: 39.3886%;border-color: #000000\" align=\"left\" data-sheets-value=\"{ &quot;1&quot;: 2, &quot;2&quot;: &quot;Laboral Religi\u00f3n (Sec-Ere) Jor.Completa&quot;}\">Laboral Religi\u00f3n (Sec-Ere) Jor.Completa<\/td>\n<td style=\"width: 58.8396%;border-color: #000000\" align=\"left\" data-sheets-value=\"{ &quot;1&quot;: 2, &quot;2&quot;: &quot;rlopped319@g.educaand.es&quot;}\">rlopped319@g.educaand.es<\/td>\n<\/tr>\n<tr>\n<td style=\"width: 29.409%;border-color: #000000\" align=\"left\" height=\"15\" data-sheets-value=\"{ &quot;1&quot;: 2, &quot;2&quot;: &quot;March\u00e1n Luna, \u00c1ngela&quot;}\">March\u00e1n Luna, \u00c1ngela<\/td>\n<td style=\"width: 39.3886%;border-color: #000000\" align=\"left\" data-sheets-value=\"{ &quot;1&quot;: 2, &quot;2&quot;: &quot;Educaci\u00f3n Primaria&quot;}\">Educaci\u00f3n Primaria<\/td>\n<td style=\"width: 58.8396%;border-color: #000000\" align=\"left\" data-sheets-value=\"{ &quot;1&quot;: 2, &quot;2&quot;: &quot;amarlun653@g.educaand.es&quot;}\">amarlun653@g.educaand.es<\/td>\n<\/tr>\n<tr>\n<td style=\"width: 29.409%;border-color: #000000\" align=\"left\" height=\"15\" data-sheets-value=\"{ &quot;1&quot;: 2, &quot;2&quot;: &quot;Menj\u00edbar Guerrero, Jos\u00e9 Luis&quot;}\">Menj\u00edbar Guerrero, Jos\u00e9 Luis<\/td>\n<td style=\"width: 39.3886%;border-color: #000000\" align=\"left\" data-sheets-value=\"{ &quot;1&quot;: 2, &quot;2&quot;: &quot;Educaci\u00f3n Primaria&quot;}\">Educaci\u00f3n Primaria<\/td>\n<td style=\"width: 58.8396%;border-color: #000000\" align=\"left\" data-sheets-value=\"{ &quot;1&quot;: 2, &quot;2&quot;: &quot;jmengue030@g.educaand.es&quot;}\">jmengue030@g.educaand.es<\/td>\n<\/tr>\n<tr>\n<td style=\"width: 29.409%;border-color: #000000\" align=\"left\" height=\"15\" data-sheets-value=\"{ &quot;1&quot;: 2, &quot;2&quot;: &quot;Morales Mu\u00f1oz, Jos\u00e9 Antonio&quot;}\">Morales Mu\u00f1oz, Jos\u00e9 Antonio<\/td>\n<td style=\"width: 39.3886%;border-color: #000000\" align=\"left\" data-sheets-value=\"{ &quot;1&quot;: 2, &quot;2&quot;: &quot;M\u00fasica (Secundaria)&quot;}\">M\u00fasica (Secundaria)<\/td>\n<td style=\"width: 58.8396%;border-color: #000000\" align=\"left\" data-sheets-value=\"{ &quot;1&quot;: 2, &quot;2&quot;: &quot;jmormun193@g.educaand.es&quot;}\">jmormun193@g.educaand.es<\/td>\n<\/tr>\n<tr>\n<td style=\"width: 29.409%;border-color: #000000\" align=\"left\" height=\"15\" data-sheets-value=\"{ &quot;1&quot;: 2, &quot;2&quot;: &quot;Mu\u00f1oz Mall\u00e9n, Mar\u00eda Jos\u00e9&quot;}\">Mu\u00f1oz Mall\u00e9n, Mar\u00eda Jos\u00e9<\/td>\n<td style=\"width: 39.3886%;border-color: #000000\" align=\"left\" data-sheets-value=\"{ &quot;1&quot;: 2, &quot;2&quot;: &quot;PROFESOR DE RELIGI\u00d3N DE PRIMARIA&quot;}\">PROFESOR DE RELIGI\u00d3N DE PRIMARIA<\/td>\n<td style=\"width: 58.8396%;border-color: #000000\" align=\"left\" data-sheets-value=\"{ &quot;1&quot;: 2, &quot;2&quot;: &quot;mmunmal119@g.educaand.es&quot;}\">mmunmal119@g.educaand.es<\/td>\n<\/tr>\n<tr>\n<td style=\"width: 29.409%;border-color: #000000\" align=\"left\" height=\"15\" data-sheets-value=\"{ &quot;1&quot;: 2, &quot;2&quot;: &quot;Palomo Pend\u00f3n, David&quot;}\">Palomo Pend\u00f3n, David<\/td>\n<td style=\"width: 39.3886%;border-color: #000000\" align=\"left\" data-sheets-value=\"{ &quot;1&quot;: 2, &quot;2&quot;: &quot;Matem\u00e1ticas&quot;}\">Matem\u00e1ticas<\/td>\n<td style=\"width: 58.8396%;border-color: #000000\" align=\"left\" data-sheets-value=\"{ &quot;1&quot;: 2, &quot;2&quot;: &quot;dpalpen607@g.educaand.es&quot;}\">dpalpen607@g.educaand.es<\/td>\n<\/tr>\n<tr>\n<td style=\"width: 29.409%;border-color: #000000\" align=\"left\" height=\"15\" data-sheets-value=\"{ &quot;1&quot;: 2, &quot;2&quot;: &quot;Pineda Claver\u00edas, David&quot;}\">Pineda Claver\u00edas, David<\/td>\n<td style=\"width: 39.3886%;border-color: #000000\" align=\"left\" data-sheets-value=\"{ &quot;1&quot;: 2, &quot;2&quot;: &quot;Educaci\u00f3n Primaria&quot;}\">Educaci\u00f3n Primaria<\/td>\n<td style=\"width: 58.8396%;border-color: #000000\" align=\"left\" data-sheets-value=\"{ &quot;1&quot;: 2, &quot;2&quot;: &quot;dpincla412@g.educaand.es&quot;}\">dpincla412@g.educaand.es<\/td>\n<\/tr>\n<tr>\n<td style=\"width: 29.409%;border-color: #000000\" align=\"left\" height=\"15\" data-sheets-value=\"{ &quot;1&quot;: 2, &quot;2&quot;: &quot;Pineda Claver\u00edas, Rosario&quot;}\">Pineda Claver\u00edas, Rosario<\/td>\n<td style=\"width: 39.3886%;border-color: #000000\" align=\"left\" data-sheets-value=\"{ &quot;1&quot;: 2, &quot;2&quot;: &quot;Educaci\u00f3n Infantil&quot;}\">Educaci\u00f3n Infantil<\/td>\n<td style=\"width: 58.8396%;border-color: #000000\" align=\"left\" data-sheets-value=\"{ &quot;1&quot;: 2, &quot;2&quot;: &quot;rpincla922@g.educaand.es&quot;}\">rpincla922@g.educaand.es<\/td>\n<\/tr>\n<tr>\n<td style=\"width: 29.409%;border-color: #000000\" align=\"left\" height=\"15\" data-sheets-value=\"{ &quot;1&quot;: 2, &quot;2&quot;: &quot;Pinto Ram\u00edrez, Jos\u00e9 Manuel&quot;}\">Pinto Ram\u00edrez, Jos\u00e9 Manuel<\/td>\n<td style=\"width: 39.3886%;border-color: #000000\" align=\"left\" data-sheets-value=\"{ &quot;1&quot;: 2, &quot;2&quot;: &quot;Educaci\u00f3n Primaria&quot;}\">Educaci\u00f3n Primaria<\/td>\n<td style=\"width: 58.8396%;border-color: #000000\" align=\"left\" data-sheets-value=\"{ &quot;1&quot;: 2, &quot;2&quot;: &quot;jpinram951@g.educaand.es&quot;}\">jpinram951@g.educaand.es<\/td>\n<\/tr>\n<tr>\n<td style=\"width: 29.409%;border-color: #000000\" align=\"left\" height=\"15\" data-sheets-value=\"{ &quot;1&quot;: 2, &quot;2&quot;: &quot;Reyes de la Cruz, Mar\u00eda Dolores&quot;}\">Reyes de la Cruz, Mar\u00eda Dolores<\/td>\n<td style=\"width: 39.3886%;border-color: #000000\" align=\"left\" data-sheets-value=\"{ &quot;1&quot;: 2, &quot;2&quot;: &quot;Lengua Extranjera-Frances&quot;}\">Lengua Extranjera-Frances<\/td>\n<td style=\"width: 58.8396%;border-color: #000000\" align=\"left\" data-sheets-value=\"{ &quot;1&quot;: 2, &quot;2&quot;: &quot;mreycru789@g.educaand.es&quot;}\">mreycru789@g.educaand.es<\/td>\n<\/tr>\n<tr>\n<td style=\"width: 29.409%;border-color: #000000\" align=\"left\" height=\"15\" data-sheets-value=\"{ &quot;1&quot;: 2, &quot;2&quot;: &quot;Romero G\u00f3mez, Antonia&quot;}\">Romero G\u00f3mez, Antonia<\/td>\n<td style=\"width: 39.3886%;border-color: #000000\" align=\"left\" data-sheets-value=\"{ &quot;1&quot;: 2, &quot;2&quot;: &quot;Ciencias Sociales-Geograf\u00eda e Historia&quot;}\">Ciencias Sociales-Geograf\u00eda e Historia<\/td>\n<td style=\"width: 58.8396%;border-color: #000000\" align=\"left\" data-sheets-value=\"{ &quot;1&quot;: 2, &quot;2&quot;: &quot;aromgom791@g.educaand.es&quot;}\">aromgom791@g.educaand.es<\/td>\n<\/tr>\n<tr>\n<td style=\"width: 29.409%;border-color: #000000\" align=\"left\" height=\"15\" data-sheets-value=\"{ &quot;1&quot;: 2, &quot;2&quot;: &quot;S\u00e1nchez Garc\u00eda, Elena&quot;}\">S\u00e1nchez Garc\u00eda, Elena<\/td>\n<td style=\"width: 39.3886%;border-color: #000000\" align=\"left\" data-sheets-value=\"{ &quot;1&quot;: 2, &quot;2&quot;: &quot;Educaci\u00f3n Primaria&quot;}\">Educaci\u00f3n Primaria<\/td>\n<td style=\"width: 58.8396%;border-color: #000000\" align=\"left\" data-sheets-value=\"{ &quot;1&quot;: 2, &quot;2&quot;: &quot;esangar510@g.educaand.es&quot;}\">esangar510@g.educaand.es<\/td>\n<\/tr>\n<tr>\n<td style=\"width: 29.409%;border-color: #000000\" align=\"left\" height=\"15\" data-sheets-value=\"{ &quot;1&quot;: 2, &quot;2&quot;: &quot;S\u00e1nchez Mu\u00f1oz, Ver\u00f3nica&quot;}\">S\u00e1nchez Mu\u00f1oz, Ver\u00f3nica<\/td>\n<td style=\"width: 39.3886%;border-color: #000000\" align=\"left\" data-sheets-value=\"{ &quot;1&quot;: 2, &quot;2&quot;: &quot;Educaci\u00f3n Primaria&quot;}\">Educaci\u00f3n Primaria<\/td>\n<td style=\"width: 58.8396%;border-color: #000000\" align=\"left\" data-sheets-value=\"{ &quot;1&quot;: 2, &quot;2&quot;: &quot;vsanmun573@g.educaand.es&quot;}\">vsanmun573@g.educaand.es<\/td>\n<\/tr>\n<tr>\n<td style=\"width: 29.409%;border-color: #000000\" align=\"left\" height=\"15\" data-sheets-value=\"{ &quot;1&quot;: 2, &quot;2&quot;: &quot;Santos Pe\u00f1alver, Antonio&quot;}\">Santos Pe\u00f1alver, Antonio<\/td>\n<td style=\"width: 39.3886%;border-color: #000000\" align=\"left\" data-sheets-value=\"{ &quot;1&quot;: 2, &quot;2&quot;: &quot;Educaci\u00f3n Primaria&quot;}\">Educaci\u00f3n Primaria<\/td>\n<td style=\"width: 58.8396%;border-color: #000000\" align=\"left\" data-sheets-value=\"{ &quot;1&quot;: 2, &quot;2&quot;: &quot;asanpen911@g.educaand.es&quot;}\">asanpen911@g.educaand.es<\/td>\n<\/tr>\n<tr>\n<td style=\"width: 29.409%;border-color: #000000\" align=\"left\" height=\"15\" data-sheets-value=\"{ &quot;1&quot;: 2, &quot;2&quot;: &quot;Torres Cervantes, Mar\u00eda del Pilar&quot;}\">Torres Cervantes, Mar\u00eda del Pilar<\/td>\n<td style=\"width: 39.3886%;border-color: #000000\" align=\"left\" data-sheets-value=\"{ &quot;1&quot;: 2, &quot;2&quot;: &quot;Audici\u00f3n y Lenguaje-Leng.Signos&quot;}\">Audici\u00f3n y Lenguaje-Leng.Signos<\/td>\n<td style=\"width: 58.8396%;border-color: #000000\" align=\"left\" data-sheets-value=\"{ &quot;1&quot;: 2, &quot;2&quot;: &quot;ptorcer540@g.educaand.es&quot;}\">ptorcer540@g.educaand.es<\/td>\n<\/tr>\n<tr>\n<td style=\"width: 29.409%;border-color: #000000\" align=\"left\" height=\"15\" data-sheets-value=\"{ &quot;1&quot;: 2, &quot;2&quot;: &quot;Torres Pino, Clara Eugenia&quot;}\">Torres Pino, Clara Eugenia<\/td>\n<td style=\"width: 39.3886%;border-color: #000000\" align=\"left\" data-sheets-value=\"{ &quot;1&quot;: 2, &quot;2&quot;: &quot;Lengua Extranjera-Ingl\u00e9s&quot;}\">Lengua Extranjera-Ingl\u00e9s<\/td>\n<td style=\"width: 58.8396%;border-color: #000000\" align=\"left\" data-sheets-value=\"{ &quot;1&quot;: 2, &quot;2&quot;: &quot;ctorpin894@g.educaand.es&quot;}\">ctorpin894@g.educaand.es<\/td>\n<\/tr>\n<tr>\n<td style=\"width: 29.409%;border-color: #000000\" align=\"left\" height=\"15\" data-sheets-value=\"{ &quot;1&quot;: 2, &quot;2&quot;: &quot;Torres Soria, Cristina&quot;}\">Torres Soria, Cristina<\/td>\n<td style=\"width: 39.3886%;border-color: #000000\" align=\"left\" data-sheets-value=\"{ &quot;1&quot;: 2, &quot;2&quot;: &quot;Ciencias Sociales-Geograf\u00eda e Historia&quot;}\">Ciencias Sociales-Geograf\u00eda e Historia<\/td>\n<td style=\"width: 58.8396%;border-color: #000000\" align=\"left\" data-sheets-value=\"{ &quot;1&quot;: 2, &quot;2&quot;: &quot;ctorsor988@g.educaand.es&quot;}\">ctorsor988@g.educaand.es<\/td>\n<\/tr>\n<tr>\n<td style=\"width: 29.409%;border-color: #000000\" align=\"left\" height=\"15\" data-sheets-value=\"{ &quot;1&quot;: 2, &quot;2&quot;: &quot;Vegas Haro, Gustavo&quot;}\">Vegas Haro, Gustavo<\/td>\n<td style=\"width: 39.3886%;border-color: #000000\" align=\"left\" data-sheets-value=\"{ &quot;1&quot;: 2, &quot;2&quot;: &quot;Educaci\u00f3n F\u00edsica (Secundaria)&quot;}\">Educaci\u00f3n F\u00edsica (Secundaria)<\/td>\n<td style=\"width: 58.8396%;border-color: #000000\" align=\"left\" data-sheets-value=\"{ &quot;1&quot;: 2, &quot;2&quot;: &quot;gveghar586@g.educaand.es&quot;}\">gveghar586@g.educaand.es<\/td>\n<\/tr>\n<\/tbody>\n<\/table>\n","protected":false},"excerpt":{"rendered":"<p>&nbsp; CLAUSTRO DE PROFESORADO Mostramos a continuaci\u00f3n la composici\u00f3n del claustro de profesorado para el curso 25\/26. En la columna de la derecha aparece el correo electr\u00f3nico corporativo de cada docente. No obstante, la v\u00eda de comunicaci\u00f3n oficial con las familias ha de ser a trav\u00e9s de Pasen, siendo este correo el usado para comunicaci\u00f3n &hellip; <a href=\"https:\/\/blogsaverroes.juntadeandalucia.es\/ceipsanjose\/claustro-de-profesorado\/\" class=\"more-link\">Seguir leyendo <span class=\"screen-reader-text\">Claustro de Profesorado<\/span> <span class=\"meta-nav\">&rarr;<\/span><\/a><\/p>\n","protected":false},"author":2266,"featured_media":0,"parent":0,"menu_order":0,"comment_status":"closed","ping_status":"closed","template":"","meta":{"ngg_post_thumbnail":0,"footnotes":"","_mc_calendar":[]},"aioseo_notices":[],"_links":{"self":[{"href":"https:\/\/blogsaverroes.juntadeandalucia.es\/ceipsanjose\/wp-json\/wp\/v2\/pages\/2228"}],"collection":[{"href":"https:\/\/blogsaverroes.juntadeandalucia.es\/ceipsanjose\/wp-json\/wp\/v2\/pages"}],"about":[{"href":"https:\/\/blogsaverroes.juntadeandalucia.es\/ceipsanjose\/wp-json\/wp\/v2\/types\/page"}],"author":[{"embeddable":true,"href":"https:\/\/blogsaverroes.juntadeandalucia.es\/ceipsanjose\/wp-json\/wp\/v2\/users\/2266"}],"replies":[{"embeddable":true,"href":"https:\/\/blogsaverroes.juntadeandalucia.es\/ceipsanjose\/wp-json\/wp\/v2\/comments?post=2228"}],"version-history":[{"count":11,"href":"https:\/\/blogsaverroes.juntadeandalucia.es\/ceipsanjose\/wp-json\/wp\/v2\/pages\/2228\/revisions"}],"predecessor-version":[{"id":3238,"href":"https:\/\/blogsaverroes.juntadeandalucia.es\/ceipsanjose\/wp-json\/wp\/v2\/pages\/2228\/revisions\/3238"}],"wp:attachment":[{"href":"https:\/\/blogsaverroes.juntadeandalucia.es\/ceipsanjose\/wp-json\/wp\/v2\/media?parent=2228"}],"curies":[{"name":"wp","href":"https:\/\/api.w.org\/{rel}","templated":true}]}}